{"id":1517,"date":"2024-10-21T03:12:54","date_gmt":"2024-10-21T03:12:54","guid":{"rendered":"https:\/\/tramnghien.com\/?post_type=product&#038;p=1517"},"modified":"2025-01-21T10:42:36","modified_gmt":"2025-01-21T10:42:36","slug":"vo-tu-dien","status":"publish","type":"product","link":"https:\/\/tramnghien.com\/lo\/vo-tu-dien\/","title":{"rendered":"\u0e81\u0eb2\u0e99\u0e9b\u0ebb\u0e81\u0eab\u0eb8\u0ec9\u0ea1\u0e82\u0ead\u0e87\u0e95\u0eb9\u0ec9\u0ec4\u0e9f\u0e9f\u0ec9\u0eb2"},"content":{"rendered":"<h4><strong>\u0ea7\u0eb1\u0e94\u0eaa\u0eb0\u0e94\u0eb8\u0ec1\u0ea5\u0eb0\u0e81\u0eb2\u0e99\u0ead\u0ead\u0e81\u0ec1\u0e9a\u0e9a<\/strong><\/h4>\n<p>\u0e95\u0eb9\u0ec9\u0ec4\u0e9f\u0e9f\u0ec9\u0eb2\u0ec1\u0ea1\u0ec8\u0e99\u0e9c\u0eb0\u0ea5\u0eb4\u0e94\u0e88\u0eb2\u0e81\u0ea7\u0eb1\u0e94\u0eaa\u0eb0\u0e94\u0eb8\u0e97\u0eb5\u0ec8\u0ea1\u0eb5\u0e84\u0eb8\u0e99\u0e99\u0eb0\u0e9e\u0eb2\u0e9a\u0eaa\u0eb9\u0e87\u0ec0\u0e8a\u0eb1\u0ec8\u0e99: \u0eaa\u0eb0\u0ec1\u0e95\u0e99\u0ec0\u0ea5\u0e94\u0eab\u0ebc\u0eb7\u0ec2\u0ea5\u0eab\u0eb0\u0e9b\u0eb0\u0eaa\u0ebb\u0ea1\u0ead\u0eb2\u0ea5\u0eb9\u0ea1\u0eb4\u0e99\u0ebd\u0ea1. \u0e81\u0eb2\u0e99\u200b\u0ead\u0ead\u0e81\u200b\u0ec1\u0e9a\u0e9a\u200b\u0ec3\u0e99\u200b\u0eab\u0ebc\u0eb2\u0e8d\u200b\u0e82\u0eb0\u200b\u0eab\u0e99\u0eb2\u0e94\u200b\u0ec1\u0ea5\u0eb0\u200b\u0eae\u0eb9\u0e9a\u200b\u0ec1\u0e9a\u0e9a\u200b\u0e97\u0eb5\u0ec8\u200b\u0ec0\u0eab\u0ea1\u0eb2\u0eb0\u200b\u0eaa\u0ebb\u0ea1\u200b\u0e81\u0eb1\u0e9a\u200b\u0e81\u0eb2\u0e99\u200b\u0e99\u0ecd\u0eb2\u200b\u0ec3\u0e8a\u0ec9\u200b\u0e97\u0eb5\u0ec8\u200b\u0ec1\u0e95\u0e81\u200b\u0e95\u0ec8\u0eb2\u0e87\u200b\u0e81\u0eb1\u0e99\u200b\u0eab\u0ebc\u0eb2\u0e8d\u200b. \u0e88\u0eb2\u0e81\u200b\u0ead\u0eb8\u0e94\u200b\u0eaa\u0eb2\u200b\u0eab\u0eb0\u200b\u0e81\u0ecd\u0eb2\u200b\u0eab\u0e99\u0eb1\u0e81\u200b\u0e81\u0eb1\u0e9a\u200b\u0e9e\u0ebb\u0e99\u200b\u0ea5\u0eb0\u200b\u0ec0\u0eae\u0eb7\u0ead\u0e99\u200b. \u0e99\u0ead\u0e81\u0e88\u0eb2\u0e81\u0e99\u0eb1\u0ec9\u0e99, \u0ea1\u0eb1\u0e99\u0e97\u0ebb\u0e99\u0e97\u0eb2\u0e99\u0e95\u0ecd\u0ec8\u0e99\u0ec9\u0ecd\u0eb2, \u0e82\u0eb5\u0ec9\u0e9d\u0eb8\u0ec8\u0e99\u0ec1\u0ea5\u0eb0\u0e97\u0ebb\u0e99\u0e97\u0eb2\u0e99\u0e95\u0ecd\u0ec8\u0e9c\u0ebb\u0e99\u0e81\u0eb0\u0e97\u0ebb\u0e9a\u0e81\u0ebb\u0e99\u0e88\u0eb1\u0e81. \u0e8a\u0ec8\u0ea7\u0e8d\u0ec0\u0eab\u0ebc\u0eb7\u0ead <a href=\"https:\/\/tramnghien.com\/lo\/xu-ly-bun-thai-trong-san-xuat-cat-nhan-tao\/\"  data-wpil-monitor-id=\"76\">\u0e9c\u0eb0\u0ea5\u0eb4\u0e94\u0e95\u0eb0\u0e9e\u0eb1\u0e99\u0ec0\u0eae\u0eb1\u0e94\u0ea7\u0ebd\u0e81\u0ea2\u0ec8\u0eb2\u0e87\u0eab\u0ea1\u0eb1\u0ec9\u0e99\u0e84\u0ebb\u0e87\u0ec3\u0e99<\/a> \u0ec0\u0e87\u0eb7\u0ec8\u0ead\u0e99\u0ec4\u0e82\u0e97\u0eb1\u0e87\u0eab\u0ea1\u0ebb\u0e94<\/p>\n<h4><strong>\u0e9c\u0ebb\u0e99\u0e9b\u0eb0\u0ec2\u0eab\u0e8d\u0e94<\/strong><\/h4>\n<ol>\n<li><strong>\u0e81\u0eb2\u0e99\u0e9b\u0ebb\u0e81\u0e9b\u0ec9\u0ead\u0e87\u0ead\u0ebb\u0e87\u0e9b\u0eb0\u0e81\u0ead\u0e9a<\/strong>: \u0e8a\u0ec8\u0ea7\u0e8d\u0e9b\u0ebb\u0e81\u0e9b\u0ec9\u0ead\u0e87\u0ead\u0ebb\u0e87\u0e9b\u0eb0\u0e81\u0ead\u0e9a\u0ec0\u0ead\u0ec0\u0ea5\u0eb1\u0e81\u0ec2\u0e95\u0ea3\u0e99\u0eb4\u0e81\u0e88\u0eb2\u0e81\u0e84\u0ea7\u0eb2\u0ea1\u0e8a\u0eb8\u0ec8\u0ea1\u0e8a\u0eb7\u0ec8\u0e99, \u0e9d\u0eb8\u0ec8\u0e99\u0ec1\u0ea5\u0eb0\u0e9c\u0ebb\u0e99\u0e81\u0eb0\u0e97\u0ebb\u0e9a.<\/li>\n<li><strong>\u0e87\u0ec8\u0eb2\u0e8d\u0e97\u0eb5\u0ec8\u0e88\u0eb0\u0e95\u0eb4\u0e94\u0e95\u0eb1\u0ec9\u0e87<\/strong>: \u0e94\u0ec9\u0ea7\u0e8d\u0e81\u0eb2\u0e99\u0ead\u0ead\u0e81\u0ec1\u0e9a\u0e9a\u0e97\u0eb5\u0ec8\u0eaa\u0eb0\u0eab\u0ebc\u0eb2\u0e94. \u0e87\u0ec8\u0eb2\u0e8d\u0e95\u0ecd\u0ec8\u0e81\u0eb2\u0e99\u0e95\u0eb4\u0e94\u0e95\u0eb1\u0ec9\u0e87\u0ec1\u0ea5\u0eb0\u0eae\u0eb1\u0e81\u0eaa\u0eb2, \u0e9b\u0eb0\u0eab\u0e8d\u0eb1\u0e94\u0ec0\u0ea7\u0ea5\u0eb2\u0eaa\u0ecd\u0eb2\u0ea5\u0eb1\u0e9a\u0e9c\u0eb9\u0ec9\u0ec3\u0e8a\u0ec9.<\/li>\n<li><strong>\u0ec0\u0e9e\u0eb5\u0ec8\u0ea1\u0e84\u0ea7\u0eb2\u0ea1\u0e97\u0ebb\u0e99\u0e97\u0eb2\u0e99<\/strong>: \u0ea7\u0eb1\u0e94\u0eaa\u0eb0\u0e94\u0eb8\u0e97\u0eb5\u0ec8\u0ea1\u0eb5\u0e84\u0eb8\u0e99\u0e99\u0eb0\u0e9e\u0eb2\u0e9a\u0eaa\u0eb9\u0e87\u0e8a\u0ec8\u0ea7\u0e8d\u0ec0\u0e9e\u0eb5\u0ec8\u0ea1\u0ead\u0eb2\u0e8d\u0eb8\u0e8d\u0eb7\u0e99. \u0eab\u0ebc\u0eb8\u0e94\u0e9c\u0ec8\u0ead\u0e99\u0e84\u0ec8\u0eb2\u0ec3\u0e8a\u0ec9\u0e88\u0ec8\u0eb2\u0e8d\u0ec3\u0e99\u0e81\u0eb2\u0e99\u0e97\u0ebb\u0e94\u0ec1\u0e97\u0e99\u0ec1\u0ea5\u0eb0\u0e81\u0eb2\u0e99\u0e9a\u0ecd\u0eb2\u0ea5\u0eb8\u0e87\u0eae\u0eb1\u0e81\u0eaa\u0eb2.<\/li>\n<li><strong>\u0e84\u0ea7\u0eb2\u0ea1\u0e87\u0eb2\u0ea1\u0eaa\u0eb9\u0e87<\/strong>: \u0e9a\u0ecd\u0ec8\u0e9e\u0ebd\u0e87\u0ec1\u0e95\u0ec8\u0ec0\u0e99\u0eb1\u0ec9\u0e99\u0ec3\u0eaa\u0ec8\u0eab\u0e99\u0ec9\u0eb2\u0e97\u0eb5\u0ec8, \u0ec1\u0e95\u0ec8\u0e8d\u0eb1\u0e87\u0e84\u0ea7\u0eb2\u0ea1\u0e87\u0eb2\u0ea1. \u0ec0\u0eab\u0ea1\u0eb2\u0eb0\u0eaa\u0ecd\u0eb2\u0ea5\u0eb1\u0e9a\u0e9e\u0eb7\u0ec9\u0e99\u0e97\u0eb5\u0ec8\u0e81\u0eb2\u0e99\u0e95\u0eb4\u0e94\u0e95\u0eb1\u0ec9\u0e87\u0eab\u0ebc\u0eb2\u0e8d.<\/li>\n<\/ol>\n<h4><strong>\u0e84\u0ecd\u0eb2\u0eae\u0ec9\u0ead\u0e87\u0eaa\u0eb0\u0eab\u0ea1\u0eb1\u0e81\u0e9e\u0eb2\u0e81\u0e9b\u0eb0\u0e95\u0eb4\u0e9a\u0eb1\u0e94<\/strong><\/h4>\n<p>\u0e95\u0eb9\u0ec9\u0ec4\u0e9f\u0e9f\u0ec9\u0eb2\u0e96\u0eb7\u0e81\u0e99\u0ecd\u0eb2\u0ec3\u0e8a\u0ec9\u0ea2\u0ec8\u0eb2\u0e87\u0e81\u0ea7\u0ec9\u0eb2\u0e87\u0e82\u0ea7\u0eb2\u0e87\u0ec3\u0e99\u0e82\u0ebb\u0e87\u0ec0\u0e82\u0e94\u0ec0\u0e8a\u0eb1\u0ec8\u0e99:<\/p>\n<ul>\n<li><strong><a href=\"https:\/\/tramnghien.com\/lo\/uu-nhuoc-diem-cua-cac-cong-nghe-xu-ly-nuoc-bun-thai\/\"  data-wpil-monitor-id=\"40\">\u0ead\u0eb8\u0e94\u0eaa\u0eb2\u0eab\u0eb0\u0e81\u0ecd\u0eb2\u0e81\u0eb2\u0e99\u0e9c\u0eb0\u0ea5\u0eb4\u0e94<\/a><\/strong>: \u0e9b\u0ebb\u0e81\u0e9b\u0ec9\u0ead\u0e87\u0ea5\u0eb0\u0e9a\u0ebb\u0e9a\u0ec4\u0e9f\u0e9f\u0ec9\u0eb2\u0ec3\u0e99\u0ec2\u0eae\u0e87\u0e87\u0eb2\u0e99 \u0ec1\u0ea5\u0eb0 \u0ea7\u0eb4\u0eaa\u0eb2\u0eab\u0eb0\u0e81\u0eb4\u0e94.<\/li>\n<li><strong>\u0e81\u0ecd\u0ec8\u0eaa\u0ec9\u0eb2\u0e87<\/strong>: \u0ec3\u0e8a\u0ec9\u0ec3\u0e99\u0ea7\u0ebd\u0e81\u0e87\u0eb2\u0e99\u0e81\u0ecd\u0ec8\u0eaa\u0ec9\u0eb2\u0e87\u0ec0\u0e9e\u0eb7\u0ec8\u0ead\u0e9b\u0ec9\u0ead\u0e87\u0e81\u0eb1\u0e99\u0ead\u0eb8\u0e9b\u0eb0\u0e81\u0ead\u0e99\u0ec4\u0e9f\u0e9f\u0ec9\u0eb2.<\/li>\n<li><strong>\u0e81\u0eb2\u0e99\u0e82\u0ebb\u0e99\u0eaa\u0ebb\u0ec8\u0e87<\/strong>: \u0e9b\u0ebb\u0e81\u0e9b\u0ec9\u0ead\u0e87\u0ea5\u0eb0\u0e9a\u0ebb\u0e9a\u0e84\u0ea7\u0e9a\u0e84\u0eb8\u0ea1\u0e81\u0eb2\u0e99\u0e88\u0eb0\u0ea5\u0eb2\u0e88\u0ead\u0e99.<\/li>\n<\/ul>\n<h4><strong>\u0eaa\u0eb0\u0eab\u0ebc\u0eb8\u0e9a<\/strong><\/h4>\n<p>\u0ea1\u0eb5\u0e9a\u0ebb\u0e94\u0e9a\u0eb2\u0e94\u0eaa\u0ecd\u0eb2\u0e84\u0eb1\u0e99\u0ec3\u0e99\u0ea5\u0eb0\u0e9a\u0ebb\u0e9a\u0ec4\u0e9f\u0e9f\u0ec9\u0eb2. \u0e95\u0eb9\u0ec9\u0ec4\u0e9f\u0e9f\u0ec9\u0eb2\u0ec1\u0ea1\u0ec8\u0e99\u0e9c\u0eb0\u0ea5\u0eb4\u0e94\u0e95\u0eb0\u0e9e\u0eb1\u0e99\u0e97\u0eb5\u0ec8\u0e82\u0eb2\u0e94\u0e9a\u0ecd\u0ec8\u0ec4\u0e94\u0ec9\u0eaa\u0ecd\u0eb2\u0ea5\u0eb1\u0e9a\u0e97\u0eb8\u0e81\u0ec6\u0ec2\u0e84\u0e87\u0e81\u0eb2\u0e99\u0ec1\u0ea5\u0eb0\u0ec2\u0eae\u0e87\u0e87\u0eb2\u0e99. \u0ec0\u0ea5\u0eb7\u0ead\u0e81\u0e95\u0eb9\u0ec9\u0ec4\u0e9f\u0e9f\u0ec9\u0eb2\u0e97\u0eb5\u0ec8\u0ea1\u0eb5\u0e84\u0eb8\u0e99\u0e99\u0eb0\u0e9e\u0eb2\u0e9a\u0ec0\u0e9e\u0eb7\u0ec8\u0ead\u0eae\u0eb1\u0e9a\u0e9b\u0eb0\u0e81\u0eb1\u0e99\u0e84\u0ea7\u0eb2\u0ea1\u0e9b\u0ead\u0e94\u0ec4\u0e9e\u0ec1\u0ea5\u0eb0\u0e9b\u0eb0\u0eaa\u0eb4\u0e94\u0e97\u0eb4\u0e9e\u0eb2\u0e9a. \u0eaa\u0ecd\u0eb2\u0ea5\u0eb1\u0e9a\u0e82\u0ecd\u0ec9\u0ea1\u0eb9\u0e99\u0ec0\u0e9e\u0eb5\u0ec8\u0ea1\u0ec0\u0e95\u0eb5\u0ea1\u0ec1\u0ea5\u0eb0\u0e81\u0eb2\u0e99\u0e9b\u0eb6\u0e81\u0eaa\u0eb2\u0eab\u0eb2\u0ea5\u0eb7\u0e9f\u0ea3\u0eb5. \u0e95\u0eb4\u0e94\u0e95\u0ecd\u0ec8\u0e9e\u0ea7\u0e81\u0ec0\u0eae\u0ebb\u0eb2\u0ec3\u0e99\u0ea1\u0eb7\u0ec9\u0e99\u0eb5\u0ec9!<\/p>","protected":false},"excerpt":{"rendered":"<p style=\"text-align: justify;\">\u0e95\u0eb9\u0ec9\u0ec4\u0e9f\u0e9f\u0ec9\u0eb2\u0ec1\u0ea1\u0ec8\u0e99\u0ead\u0eb8\u0e9b\u0eb0\u0e81\u0ead\u0e99\u0e97\u0eb5\u0ec8\u0eaa\u0ecd\u0eb2\u0e84\u0eb1\u0e99\u0ec3\u0e99\u0ea5\u0eb0\u0e9a\u0ebb\u0e9a\u0ec4\u0e9f\u0e9f\u0ec9\u0eb2. \u0e8a\u0ec8\u0ea7\u0e8d\u0e9b\u0ebb\u0e81\u0e9b\u0ec9\u0ead\u0e87\u0ead\u0ebb\u0e87\u0e9b\u0eb0\u0e81\u0ead\u0e9a\u0e9e\u0eb2\u0e8d\u0ec3\u0e99\u0e88\u0eb2\u0e81\u0e9c\u0ebb\u0e99\u0e81\u0eb0\u0e97\u0ebb\u0e9a\u0e95\u0ecd\u0ec8\u0eaa\u0eb4\u0ec8\u0e87\u0ec1\u0ea7\u0e94\u0ea5\u0ec9\u0ead\u0ea1\u0e9e\u0eb2\u0e8d\u0e99\u0ead\u0e81.<\/p>\n<p style=\"text-align: justify;\">\u0e94\u0ec9\u0ea7\u0e8d\u0e81\u0eb2\u0e99\u0ead\u0ead\u0e81\u0ec1\u0e9a\u0e9a\u0e97\u0eb5\u0ec8\u0ec1\u0e82\u0e87\u0ec1\u0eae\u0e87 \u0ec1\u0ea5\u0eb0\u0ea5\u0eb1\u0e81\u0eaa\u0eb0\u0e99\u0eb0\u0e97\u0eb5\u0ec8\u0ec2\u0e94\u0e94\u0ec0\u0e94\u0eb1\u0ec8\u0e99\u0eab\u0ebc\u0eb2\u0e8d\u0ead\u0eb1\u0e99. \u0e95\u0eb9\u0ec9\u0ec4\u0e9f\u0e9f\u0ec9\u0eb2\u0e9a\u0ecd\u0ec8\u0e9e\u0ebd\u0e87\u0ec1\u0e95\u0ec8\u0eae\u0eb1\u0e9a\u0e9b\u0eb0\u0e81\u0eb1\u0e99\u0e84\u0ea7\u0eb2\u0ea1\u0e9b\u0ead\u0e94\u0ec4\u0e9e, \u0ec1\u0e95\u0ec8\u0e8d\u0eb1\u0e87\u0e9b\u0eb1\u0e9a\u0e9b\u0eb8\u0e87\u0e9b\u0eb0\u0eaa\u0eb4\u0e94\u0e97\u0eb4\u0e9e\u0eb2\u0e9a\u0e82\u0ead\u0e87\u0ea5\u0eb0\u0e9a\u0ebb\u0e9a\u0ec4\u0e9f\u0e9f\u0ec9\u0eb2.<\/p>","protected":false},"featured_media":1518,"template":"","meta":[],"product_brand":[],"product_cat":[76,75],"product_tag":[],"class_list":{"0":"post-1517","1":"product","2":"type-product","3":"status-publish","4":"has-post-thumbnail","6":"product_cat-gia-cong-kim-loai-tam","7":"product_cat-san-pham-gia-cong-co-khi","9":"first","10":"instock","11":"shipping-taxable","12":"product-type-grouped"},"yoast_head":"<!-- This site is optimized with the Yoast SEO Premium plugin v24.6 (Yoast SEO v27.4) - https:\/\/yoast.com\/product\/yoast-seo-premium-wordpress\/ -->\n<title>V\u1ecf t\u1ee7 \u0111i\u1ec7n - Nguy\u1ec5n Vinh - M\u00e1y nghi\u1ec1n \u0111\u00e1 &amp; C\u00e1t nh\u00e2n t\u1ea1o<\/title>\n<meta name=\"description\" content=\"V\u1ecf t\u1ee7 \u0111i\u1ec7n \u0111\u01b0\u1ee3c s\u1ea3n xu\u1ea5t t\u1eeb c\u00e1c v\u1eadt li\u1ec7u ch\u1ea5t l\u01b0\u1ee3ng cao nh\u01b0 th\u00e9p kh\u00f4ng g\u1ec9, ho\u1eb7c h\u1ee3p kim nh\u00f4m. Thi\u1ebft k\u1ebf \u0111a d\u1ea1ng k\u00edch th\u01b0\u1edbc v\u00e0 ki\u1ec3u d\u00e1ng ph\u00f9 h\u1ee3p v\u1edbi nhu c\u1ea7u.\" \/>\n<meta name=\"robots\" content=\"index, follow, max-snippet:-1, max-image-preview:large, max-video-preview:-1\" \/>\n<link rel=\"canonical\" href=\"https:\/\/tramnghien.com\/lo\/vo-tu-dien\/\" \/>\n<meta property=\"og:locale\" content=\"en_US\" \/>\n<meta property=\"og:type\" content=\"article\" \/>\n<meta property=\"og:title\" content=\"V\u1ecf t\u1ee7 \u0111i\u1ec7n\" \/>\n<meta property=\"og:description\" content=\"V\u1ecf t\u1ee7 \u0111i\u1ec7n \u0111\u01b0\u1ee3c s\u1ea3n xu\u1ea5t t\u1eeb c\u00e1c v\u1eadt li\u1ec7u ch\u1ea5t l\u01b0\u1ee3ng cao nh\u01b0 th\u00e9p kh\u00f4ng g\u1ec9, ho\u1eb7c h\u1ee3p kim nh\u00f4m. Thi\u1ebft k\u1ebf \u0111a d\u1ea1ng k\u00edch th\u01b0\u1edbc v\u00e0 ki\u1ec3u d\u00e1ng ph\u00f9 h\u1ee3p v\u1edbi nhu c\u1ea7u.\" \/>\n<meta property=\"og:url\" content=\"https:\/\/tramnghien.com\/lo\/vo-tu-dien\/\" \/>\n<meta property=\"og:site_name\" content=\"Nguy\u1ec5n Vinh - M\u00e1y nghi\u1ec1n \u0111\u00e1 &amp; C\u00e1t nh\u00e2n t\u1ea1o\" \/>\n<meta property=\"article:modified_time\" content=\"2025-01-21T10:42:36+00:00\" \/>\n<meta property=\"og:image\" content=\"https:\/\/tramnghien.com\/wp-content\/uploads\/2024\/10\/2fc9c58a-ae03-45fd-97f3-295142b080b0.webp\" \/>\n\t<meta property=\"og:image:width\" content=\"1280\" \/>\n\t<meta property=\"og:image:height\" content=\"960\" \/>\n\t<meta property=\"og:image:type\" content=\"image\/webp\" \/>\n<meta name=\"twitter:card\" content=\"summary_large_image\" \/>\n<meta name=\"twitter:label1\" content=\"Availability\" \/>\n\t<meta name=\"twitter:data1\" content=\"In stock\" \/>\n<script type=\"application\/ld+json\" class=\"yoast-schema-graph\">{\"@context\":\"https:\\\/\\\/schema.org\",\"@graph\":[{\"@type\":\"WebPage\",\"@id\":\"https:\\\/\\\/tramnghien.com\\\/vo-tu-dien\\\/\",\"url\":\"https:\\\/\\\/tramnghien.com\\\/vo-tu-dien\\\/\",\"name\":\"V\u1ecf t\u1ee7 \u0111i\u1ec7n - Nguy\u1ec5n Vinh - M\u00e1y nghi\u1ec1n \u0111\u00e1 &amp; C\u00e1t nh\u00e2n t\u1ea1o\",\"isPartOf\":{\"@id\":\"https:\\\/\\\/tramnghien.com\\\/#website\"},\"primaryImageOfPage\":{\"@id\":\"https:\\\/\\\/tramnghien.com\\\/vo-tu-dien\\\/#primaryimage\"},\"image\":{\"@id\":\"https:\\\/\\\/tramnghien.com\\\/vo-tu-dien\\\/#primaryimage\"},\"thumbnailUrl\":\"https:\\\/\\\/tramnghien.com\\\/wp-content\\\/uploads\\\/2024\\\/10\\\/2fc9c58a-ae03-45fd-97f3-295142b080b0.webp\",\"datePublished\":\"2024-10-21T03:12:54+00:00\",\"dateModified\":\"2025-01-21T10:42:36+00:00\",\"description\":\"V\u1ecf t\u1ee7 \u0111i\u1ec7n \u0111\u01b0\u1ee3c s\u1ea3n xu\u1ea5t t\u1eeb c\u00e1c v\u1eadt li\u1ec7u ch\u1ea5t l\u01b0\u1ee3ng cao nh\u01b0 th\u00e9p kh\u00f4ng g\u1ec9, ho\u1eb7c h\u1ee3p kim nh\u00f4m. Thi\u1ebft k\u1ebf \u0111a d\u1ea1ng k\u00edch th\u01b0\u1edbc v\u00e0 ki\u1ec3u d\u00e1ng ph\u00f9 h\u1ee3p v\u1edbi nhu c\u1ea7u.\",\"breadcrumb\":{\"@id\":\"https:\\\/\\\/tramnghien.com\\\/vo-tu-dien\\\/#breadcrumb\"},\"inLanguage\":\"lo\",\"potentialAction\":[{\"@type\":\"ReadAction\",\"target\":[\"https:\\\/\\\/tramnghien.com\\\/vo-tu-dien\\\/\"]}]},{\"@type\":\"ImageObject\",\"inLanguage\":\"lo\",\"@id\":\"https:\\\/\\\/tramnghien.com\\\/vo-tu-dien\\\/#primaryimage\",\"url\":\"https:\\\/\\\/tramnghien.com\\\/wp-content\\\/uploads\\\/2024\\\/10\\\/2fc9c58a-ae03-45fd-97f3-295142b080b0.webp\",\"contentUrl\":\"https:\\\/\\\/tramnghien.com\\\/wp-content\\\/uploads\\\/2024\\\/10\\\/2fc9c58a-ae03-45fd-97f3-295142b080b0.webp\",\"width\":1280,\"height\":960,\"caption\":\"V\u1ecf t\u1ee7 \u0111i\u1ec7n\"},{\"@type\":\"BreadcrumbList\",\"@id\":\"https:\\\/\\\/tramnghien.com\\\/vo-tu-dien\\\/#breadcrumb\",\"itemListElement\":[{\"@type\":\"ListItem\",\"position\":1,\"name\":\"Home\",\"item\":\"https:\\\/\\\/tramnghien.com\\\/\"},{\"@type\":\"ListItem\",\"position\":2,\"name\":\"S\u1ea3n ph\u1ea9m\",\"item\":\"https:\\\/\\\/tramnghien.com\\\/san-pham\\\/\"},{\"@type\":\"ListItem\",\"position\":3,\"name\":\"V\u1ecf t\u1ee7 \u0111i\u1ec7n\"}]},{\"@type\":\"WebSite\",\"@id\":\"https:\\\/\\\/tramnghien.com\\\/#website\",\"url\":\"https:\\\/\\\/tramnghien.com\\\/\",\"name\":\"Nguy\u1ec5n Vinh - M\u00e1y nghi\u1ec1n \u0111\u00e1 &amp; C\u00e1t nh\u00e2n t\u1ea1o\",\"description\":\"D\u1eabn \u0111\u1ea7u c\u00f4ng ngh\u1ec7 m\u00e1y nghi\u1ec1n t\u1ea1i Vi\u1ec7t Nam\",\"potentialAction\":[{\"@type\":\"SearchAction\",\"target\":{\"@type\":\"EntryPoint\",\"urlTemplate\":\"https:\\\/\\\/tramnghien.com\\\/?s={search_term_string}\"},\"query-input\":{\"@type\":\"PropertyValueSpecification\",\"valueRequired\":true,\"valueName\":\"search_term_string\"}}],\"inLanguage\":\"lo\"}]}<\/script>\n<meta property=\"og:availability\" content=\"instock\" \/>\n<meta property=\"product:availability\" content=\"instock\" \/>\n<meta property=\"product:condition\" content=\"new\" \/>\n<!-- \/ Yoast SEO Premium plugin. -->","yoast_head_json":{"title":"\u0e95\u0eb9\u0ec9\u0ec4\u0e9f\u0e9f\u0ec9\u0eb2 - \u0eab\u0e87\u0ea7\u0ebd\u0e99\u0eab\u0ea7\u0eb5\u0e87 - \u0ec0\u0e84\u0eb7\u0ec8\u0ead\u0e87\u0e9b\u0eb1\u0ec9\u0e99\u0eab\u0eb5\u0e99 &amp; \u0e8a\u0eb2\u0e8d\u0e97\u0ebd\u0ea1","description":"\u0e95\u0eb9\u0ec9\u0ec4\u0e9f\u0e9f\u0ec9\u0eb2\u0ec1\u0ea1\u0ec8\u0e99\u0e9c\u0eb0\u0ea5\u0eb4\u0e94\u0e88\u0eb2\u0e81\u0ea7\u0eb1\u0e94\u0eaa\u0eb0\u0e94\u0eb8\u0e97\u0eb5\u0ec8\u0ea1\u0eb5\u0e84\u0eb8\u0e99\u0e99\u0eb0\u0e9e\u0eb2\u0e9a\u0eaa\u0eb9\u0e87\u0ec0\u0e8a\u0eb1\u0ec8\u0e99: \u0eaa\u0eb0\u0ec1\u0e95\u0e99\u0ec0\u0ea5\u0e94\u0eab\u0ebc\u0eb7\u0ec2\u0ea5\u0eab\u0eb0\u0e9b\u0eb0\u0eaa\u0ebb\u0ea1\u0ead\u0eb2\u0ea5\u0eb9\u0ea1\u0eb4\u0e99\u0ebd\u0ea1. \u0ead\u0ead\u0e81\u200b\u0ec1\u0e9a\u0e9a\u200b\u0e82\u0eb0\u200b\u0eab\u0e99\u0eb2\u0e94\u200b\u0ec1\u0ea5\u0eb0\u200b\u0eae\u0eb9\u0e9a\u200b\u0ec1\u0e9a\u0e9a\u200b\u0e97\u0eb5\u0ec8\u200b\u0eab\u0ebc\u0eb2\u0e81\u200b\u0eab\u0ebc\u0eb2\u0e8d\u200b\u0ec3\u0eab\u0ec9\u200b\u0ec0\u0eab\u0ea1\u0eb2\u0eb0\u200b\u0eaa\u0ebb\u0ea1\u200b\u0e81\u0eb1\u0e9a\u200b\u0e84\u0ea7\u0eb2\u0ea1\u200b\u0e95\u0ec9\u0ead\u0e87\u200b\u0e81\u0eb2\u0e99\u200b\u0e82\u0ead\u0e87\u200b\u0e97\u0ec8\u0eb2\u0e99\u200b.","robots":{"index":"index","follow":"follow","max-snippet":"max-snippet:-1","max-image-preview":"max-image-preview:large","max-video-preview":"max-video-preview:-1"},"canonical":"https:\/\/tramnghien.com\/lo\/vo-tu-dien\/","og_locale":"en_US","og_type":"article","og_title":"V\u1ecf t\u1ee7 \u0111i\u1ec7n","og_description":"V\u1ecf t\u1ee7 \u0111i\u1ec7n \u0111\u01b0\u1ee3c s\u1ea3n xu\u1ea5t t\u1eeb c\u00e1c v\u1eadt li\u1ec7u ch\u1ea5t l\u01b0\u1ee3ng cao nh\u01b0 th\u00e9p kh\u00f4ng g\u1ec9, ho\u1eb7c h\u1ee3p kim nh\u00f4m. Thi\u1ebft k\u1ebf \u0111a d\u1ea1ng k\u00edch th\u01b0\u1edbc v\u00e0 ki\u1ec3u d\u00e1ng ph\u00f9 h\u1ee3p v\u1edbi nhu c\u1ea7u.","og_url":"https:\/\/tramnghien.com\/lo\/vo-tu-dien\/","og_site_name":"Nguy\u1ec5n Vinh - M\u00e1y nghi\u1ec1n \u0111\u00e1 &amp; C\u00e1t nh\u00e2n t\u1ea1o","article_modified_time":"2025-01-21T10:42:36+00:00","og_image":[{"width":1280,"height":960,"url":"https:\/\/tramnghien.com\/wp-content\/uploads\/2024\/10\/2fc9c58a-ae03-45fd-97f3-295142b080b0.webp","type":"image\/webp"}],"twitter_card":"summary_large_image","twitter_misc":{"Availability":"In stock"},"schema":{"@context":"https:\/\/schema.org","@graph":[{"@type":"WebPage","@id":"https:\/\/tramnghien.com\/vo-tu-dien\/","url":"https:\/\/tramnghien.com\/vo-tu-dien\/","name":"\u0e95\u0eb9\u0ec9\u0ec4\u0e9f\u0e9f\u0ec9\u0eb2 - \u0eab\u0e87\u0ea7\u0ebd\u0e99\u0eab\u0ea7\u0eb5\u0e87 - \u0ec0\u0e84\u0eb7\u0ec8\u0ead\u0e87\u0e9b\u0eb1\u0ec9\u0e99\u0eab\u0eb5\u0e99 &amp; \u0e8a\u0eb2\u0e8d\u0e97\u0ebd\u0ea1","isPartOf":{"@id":"https:\/\/tramnghien.com\/#website"},"primaryImageOfPage":{"@id":"https:\/\/tramnghien.com\/vo-tu-dien\/#primaryimage"},"image":{"@id":"https:\/\/tramnghien.com\/vo-tu-dien\/#primaryimage"},"thumbnailUrl":"https:\/\/tramnghien.com\/wp-content\/uploads\/2024\/10\/2fc9c58a-ae03-45fd-97f3-295142b080b0.webp","datePublished":"2024-10-21T03:12:54+00:00","dateModified":"2025-01-21T10:42:36+00:00","description":"\u0e95\u0eb9\u0ec9\u0ec4\u0e9f\u0e9f\u0ec9\u0eb2\u0ec1\u0ea1\u0ec8\u0e99\u0e9c\u0eb0\u0ea5\u0eb4\u0e94\u0e88\u0eb2\u0e81\u0ea7\u0eb1\u0e94\u0eaa\u0eb0\u0e94\u0eb8\u0e97\u0eb5\u0ec8\u0ea1\u0eb5\u0e84\u0eb8\u0e99\u0e99\u0eb0\u0e9e\u0eb2\u0e9a\u0eaa\u0eb9\u0e87\u0ec0\u0e8a\u0eb1\u0ec8\u0e99: \u0eaa\u0eb0\u0ec1\u0e95\u0e99\u0ec0\u0ea5\u0e94\u0eab\u0ebc\u0eb7\u0ec2\u0ea5\u0eab\u0eb0\u0e9b\u0eb0\u0eaa\u0ebb\u0ea1\u0ead\u0eb2\u0ea5\u0eb9\u0ea1\u0eb4\u0e99\u0ebd\u0ea1. \u0ead\u0ead\u0e81\u200b\u0ec1\u0e9a\u0e9a\u200b\u0e82\u0eb0\u200b\u0eab\u0e99\u0eb2\u0e94\u200b\u0ec1\u0ea5\u0eb0\u200b\u0eae\u0eb9\u0e9a\u200b\u0ec1\u0e9a\u0e9a\u200b\u0e97\u0eb5\u0ec8\u200b\u0eab\u0ebc\u0eb2\u0e81\u200b\u0eab\u0ebc\u0eb2\u0e8d\u200b\u0ec3\u0eab\u0ec9\u200b\u0ec0\u0eab\u0ea1\u0eb2\u0eb0\u200b\u0eaa\u0ebb\u0ea1\u200b\u0e81\u0eb1\u0e9a\u200b\u0e84\u0ea7\u0eb2\u0ea1\u200b\u0e95\u0ec9\u0ead\u0e87\u200b\u0e81\u0eb2\u0e99\u200b\u0e82\u0ead\u0e87\u200b\u0e97\u0ec8\u0eb2\u0e99\u200b.","breadcrumb":{"@id":"https:\/\/tramnghien.com\/vo-tu-dien\/#breadcrumb"},"inLanguage":"lo","potentialAction":[{"@type":"ReadAction","target":["https:\/\/tramnghien.com\/vo-tu-dien\/"]}]},{"@type":"ImageObject","inLanguage":"lo","@id":"https:\/\/tramnghien.com\/vo-tu-dien\/#primaryimage","url":"https:\/\/tramnghien.com\/wp-content\/uploads\/2024\/10\/2fc9c58a-ae03-45fd-97f3-295142b080b0.webp","contentUrl":"https:\/\/tramnghien.com\/wp-content\/uploads\/2024\/10\/2fc9c58a-ae03-45fd-97f3-295142b080b0.webp","width":1280,"height":960,"caption":"V\u1ecf t\u1ee7 \u0111i\u1ec7n"},{"@type":"BreadcrumbList","@id":"https:\/\/tramnghien.com\/vo-tu-dien\/#breadcrumb","itemListElement":[{"@type":"ListItem","position":1,"name":"Home","item":"https:\/\/tramnghien.com\/"},{"@type":"ListItem","position":2,"name":"S\u1ea3n ph\u1ea9m","item":"https:\/\/tramnghien.com\/san-pham\/"},{"@type":"ListItem","position":3,"name":"V\u1ecf t\u1ee7 \u0111i\u1ec7n"}]},{"@type":"WebSite","@id":"https:\/\/tramnghien.com\/#website","url":"https:\/\/tramnghien.com\/","name":"Nguyen Vinh - \u0ec0\u0e84\u0eb7\u0ec8\u0ead\u0e87\u0e9b\u0eb1\u0ec9\u0e99\u0eab\u0eb5\u0e99 &amp; \u0e8a\u0eb2\u0e8d\u0e97\u0ebd\u0ea1","description":"\u0ec0\u0e95\u0eb1\u0e81\u200b\u0ec2\u0e99\u200b\u0ec2\u0ea5\u200b\u0e8a\u0eb5 crusher \u0e8a\u0eb1\u0ec9\u0e99\u200b\u0e99\u0ecd\u0eb2\u200b\u0e82\u0ead\u0e87\u200b\u0eab\u0ea7\u0ebd\u0e94\u200b\u0e99\u0eb2\u0ea1","potentialAction":[{"@type":"SearchAction","target":{"@type":"EntryPoint","urlTemplate":"https:\/\/tramnghien.com\/?s={search_term_string}"},"query-input":{"@type":"PropertyValueSpecification","valueRequired":true,"valueName":"search_term_string"}}],"inLanguage":"lo"}]},"og_availability":"instock","product_availability":"instock","product_condition":"new"},"_links":{"self":[{"href":"https:\/\/tramnghien.com\/lo\/wp-json\/wp\/v2\/product\/1517","targetHints":{"allow":["GET"]}}],"collection":[{"href":"https:\/\/tramnghien.com\/lo\/wp-json\/wp\/v2\/product"}],"about":[{"href":"https:\/\/tramnghien.com\/lo\/wp-json\/wp\/v2\/types\/product"}],"wp:featuredmedia":[{"embeddable":true,"href":"https:\/\/tramnghien.com\/lo\/wp-json\/wp\/v2\/media\/1518"}],"wp:attachment":[{"href":"https:\/\/tramnghien.com\/lo\/wp-json\/wp\/v2\/media?parent=1517"}],"wp:term":[{"taxonomy":"product_brand","embeddable":true,"href":"https:\/\/tramnghien.com\/lo\/wp-json\/wp\/v2\/product_brand?post=1517"},{"taxonomy":"product_cat","embeddable":true,"href":"https:\/\/tramnghien.com\/lo\/wp-json\/wp\/v2\/product_cat?post=1517"},{"taxonomy":"product_tag","embeddable":true,"href":"https:\/\/tramnghien.com\/lo\/wp-json\/wp\/v2\/product_tag?post=1517"}],"curies":[{"name":"wp","href":"https:\/\/api.w.org\/{rel}","templated":true}]}}