{"id":1387,"date":"2024-10-17T04:09:25","date_gmt":"2024-10-17T04:09:25","guid":{"rendered":"https:\/\/tramnghien.com\/?post_type=product&#038;p=1387"},"modified":"2025-04-04T09:47:40","modified_gmt":"2025-04-04T02:47:40","slug":"may-rua-cat-nhan-tao-fm-hydro","status":"publish","type":"product","link":"https:\/\/tramnghien.com\/lo\/may-rua-cat-nhan-tao-fm-hydro\/","title":{"rendered":"\u0ec0\u0e84\u0eb7\u0ec8\u0ead\u0e87\u0e8a\u0eb1\u0e81\u0e9c\u0ec9\u0eb2\u0e8a\u0eb2\u0e8d\u0e97\u0ebd\u0ea1 FM HYDRO"},"content":{"rendered":"<p style=\"text-align: justify;\">\u0ec0\u0e84\u0eb7\u0ec8\u0ead\u0e87\u0e8a\u0eb1\u0e81\u0e8a\u0eb2\u0e8d\u0e97\u0ebd\u0ea1 FM 60 Hydro\u2122 ( FM HYDRO ) \u0ec0\u0e9b\u0eb1\u0e99\u0ec2\u0eae\u0e87\u0e87\u0eb2\u0e99\u0e88\u0eb1\u0e94\u0e9b\u0eb0\u0ec0\u0e9e\u0e94\u0e94\u0eb4\u0e99\u0e8a\u0eb2\u0e8d\u0e97\u0eb5\u0ec8\u0eaa\u0ebb\u0ea1\u0e9a\u0eb9\u0e99. \u0e9b\u0eb0\u0eaa\u0ebb\u0ea1\u0e9b\u0eb0\u0eaa\u0eb2\u0e99\u0e81\u0eb2\u0e99\u0ea5\u0ec9\u0eb2\u0e87\u0e94\u0eb4\u0e99\u0e8a\u0eb2\u0e8d\u0ec1\u0ea5\u0eb0\u0e81\u0eb2\u0e99\u0e88\u0eb1\u0e94\u0e9b\u0eb0\u0ec0\u0e9e\u0e94\u0e82\u0ead\u0e87\u0ec2\u0e84\u0e87\u0eaa\u0ec9\u0eb2\u0e87\u0e97\u0eb5\u0ec8\u0eab\u0e99\u0eb2\u0ec1\u0eab\u0e99\u0ec9\u0e99. \u0e81\u0ec9\u0ebd\u0ea7\u0ea7\u0ebd\u0e99\u0ec4\u0eae\u0ec2\u0e94\u0ebc\u0ea5\u0eb4\u0e81\u0ea5\u0ea7\u0ea1\u0e81\u0eb1\u0e9a\u0ec0\u0e84\u0eb7\u0ec8\u0ead\u0e87\u0e88\u0eb1\u0e94\u0e9b\u0eb0\u0ec0\u0e9e\u0e94\u0ea5\u0eb8\u0ec8\u0ea1\u0eae\u0eb2\u0e9a\u0e9e\u0ebd\u0e87. \u0ec3\u0e9a\u0ead\u0eb0\u0e99\u0eb8\u0e8d\u0eb2\u0e94\u0ec2\u0eae\u0e87\u0e87\u0eb2\u0e99 <a href=\"https:\/\/tramnghien.com\/lo\/uu-nhuoc-diem-cua-cac-cong-nghe-xu-ly-nuoc-bun-thai\/\" data-wpil-monitor-id=\"6\">\u0e9c\u0eb0\u0ea5\u0eb4\u0e94\u0e94\u0eb4\u0e99\u0e8a\u0eb2\u0e8d 2 \u0e8a\u0eb0\u0e99\u0eb4\u0e94<\/a> \u0ead\u0eb5\u0e87\u0e95\u0eb2\u0ea1\u0ea1\u0eb2\u0e94\u0e95\u0eb0\u0e96\u0eb2\u0e99\u0ec1\u0eab\u0ebc\u0ec8\u0e87\u0e94\u0ebd\u0ea7.<\/p>\n<p style=\"text-align: justify;\"><strong>\u0e88\u0eb8\u0e94\u0ec0\u0e94\u0eb1\u0ec8\u0e99 &amp; \u0e9c\u0ebb\u0e99\u0e9b\u0eb0\u0ec2\u0eab\u0e8d\u0e94\u0e82\u0ead\u0e87\u0ec0\u0e84\u0eb7\u0ec8\u0ead\u0e87\u0e8a\u0eb1\u0e81\u0e9c\u0ec9\u0eb2 <a class=\"wpil_keyword_link\" title=\"\u0e94\u0eb4\u0e99\u0e8a\u0eb2\u0e8d\u0e9b\u0ead\u0ea1\" href=\"https:\/\/tramnghien.com\/lo\/cat-nhan-tao-la-gi\/\" data-wpil-keyword-link=\"linked\" data-wpil-monitor-id=\"45\">\u0e94\u0eb4\u0e99\u0e8a\u0eb2\u0e8d\u0e9b\u0ead\u0ea1<\/a> :<\/strong><\/p>\n<ul class=\"wp-block-list\">\n<li style=\"text-align: justify;\">\u0ea5\u0eb0\u0e9a\u0ebb\u0e9a\u0ec0\u0e84\u0eb7\u0ec8\u0ead\u0e87\u0e88\u0eb1\u0e94\u0e9b\u0eb0\u0ec0\u0e9e\u0e94\u0ec4\u0eae\u0ec2\u0e94\u0ebc\u0ea5\u0eb4\u0e81\u0e97\u0eb5\u0ec8\u0e84\u0ea7\u0e9a\u0e84\u0eb8\u0ea1\u0e94\u0ec9\u0ea7\u0e8d\u0ea5\u0eb0\u0e9a\u0ebb\u0e9a\u0ec0\u0ead\u0ec0\u0ea5\u0eb1\u0e81\u0ec2\u0e95\u0ebc\u0e99\u0eb4\u0e81\u0eaa\u0eb2\u0ea1\u0eb2\u0e94\u0e81\u0eb3\u0e88\u0eb1\u0e94\u0ec1\u0eaa\u0e87 \u0eab\u0ebc\u0eb7 \u0ead\u0eb0\u0e99\u0eb8\u0e9e\u0eb2\u0e81\u0e82\u0eb0\u0edc\u0eb2\u0e94\u0e99\u0ec9\u0ead\u0e8d\u0ead\u0ead\u0e81\u0e88\u0eb2\u0e81\u0e81\u0eb0\u0ec1\u0eaa\u0e99\u0ecd\u0ec9\u0eb2\u0ec4\u0e94\u0ec9\u0ea2\u0ec8\u0eb2\u0e87\u0ea1\u0eb5\u0e9b\u0eb0\u0eaa\u0eb4\u0e94\u0e97\u0eb4\u0e9e\u0eb2\u0e9a. \u0e99\u0ead\u0e81\u0e88\u0eb2\u0e81\u0e99\u0eb5\u0ec9\u0e8d\u0eb1\u0e87\u0ec0\u0e84\u0eb7\u0ec8\u0ead\u0e99\u0e8d\u0ec9\u0eb2\u0e8d\u0ead\u0eb0\u0e99\u0eb8\u0e9e\u0eb2\u0e81\u0e97\u0eb5\u0ec8\u0edc\u0eb1\u0e81 \u0eab\u0ebc\u0eb7\u0eab\u0e8d\u0eb2\u0e9a\u0ea2\u0ec8\u0eb2\u0e87\u0edc\u0ec9\u0ead\u0e8d\u0e82\u0eb6\u0ec9\u0e99\u0ec0\u0e97\u0eb4\u0e87\u0e9d\u0eb2.<\/li>\n<li style=\"text-align: justify;\">\u0eab\u0e99\u0ec9\u0eb2\u0e88\u0ecd dewatering \u0e84\u0ea7\u0eb2\u0ea1\u0e96\u0eb5\u0ec8\u0eaa\u0eb9\u0e87\u0eae\u0eb1\u0e9a\u0e9b\u0eb0\u0e81\u0eb1\u0e99\u0e84\u0ea7\u0eb2\u0ea1\u0ec1\u0eab\u0ec9\u0e87\u0e82\u0ead\u0e87\u0e9c\u0eb0\u0ea5\u0eb4\u0e94\u0e95\u0eb0\u0e9e\u0eb1\u0e99. \u0eaa\u0eb2\u0ea1\u0eb2\u0e94\u0e8d\u0ec9\u0eb2\u0e8d\u0ec0\u0e82\u0ebb\u0ec9\u0eb2\u0ec4\u0e94\u0ec9\u0e97\u0eb1\u0e99\u0e97\u0eb5\u0ec0\u0e9e\u0eb7\u0ec8\u0ead\u0e9b\u0ec9\u0ead\u0ea1.<\/li>\n<li style=\"text-align: justify;\">\u0ea5\u0eb0\u0e9a\u0ebb\u0e9a\u0e81\u0eb2\u0e99\u0e84\u0ea7\u0e9a\u0e84\u0eb8\u0ea1\u0ec4\u0e9f\u0e9f\u0ec9\u0eb2\u0ead\u0eb0\u0e99\u0eb8\u0e8d\u0eb2\u0e94\u0ec3\u0eab\u0ec9\u0ec0\u0e81\u0eb1\u0e9a\u0eae\u0eb1\u0e81\u0eaa\u0eb2\u0ec0\u0e96\u0eb4\u0e87 5 \u0e81\u0eb2\u0e99\u0e95\u0eb1\u0ec9\u0e87\u0e84\u0ec8\u0eb2\u0e97\u0eb5\u0ec8\u0ec1\u0e95\u0e81\u0e95\u0ec8\u0eb2\u0e87\u0e81\u0eb1\u0e99. \u0e8a\u0ec8\u0ea7\u0e8d\u0e9b\u0ec8\u0ebd\u0e99\u0e95\u0ebb\u0ea7\u0e81\u0ecd\u0eb2\u0e99\u0ebb\u0e94\u0e81\u0eb2\u0e99\u0e9c\u0eb0\u0ea5\u0eb4\u0e94\u0e95\u0eb0\u0e9e\u0eb1\u0e99\u0ea2\u0ec8\u0eb2\u0e87\u0ec4\u0ea7\u0ea7\u0eb2.<\/li>\n<\/ul>","protected":false},"excerpt":{"rendered":"<table class=\"has-fixed-layout\">\n<tbody>\n<tr>\n<td>\u0edc\u0ec9\u0eb2\u0e88\u0ecd<\/td>\n<td>8\u2032 x 4\u2032 \/ 2.4m x 1.2m<\/td>\n<\/tr>\n<\/tbody>\n<\/table>","protected":false},"featured_media":1388,"template":"","meta":[],"product_brand":[],"product_cat":[73],"product_tag":[80],"class_list":{"0":"post-1387","1":"product","2":"type-product","3":"status-publish","4":"has-post-thumbnail","6":"product_cat-may-rua-khoang-san-terex","7":"product_tag-may-rua-cat-nhan-tao","9":"first","10":"instock","11":"shipping-taxable","12":"product-type-grouped"},"yoast_head":"<!-- This site is optimized with the Yoast SEO Premium plugin v24.6 (Yoast SEO v27.4) - https:\/\/yoast.com\/product\/yoast-seo-premium-wordpress\/ -->\n<title>M\u00e1y r\u1eeda c\u00e1t nh\u00e2n t\u1ea1o FM HYDRO - Nguy\u1ec5n Vinh - M\u00e1y nghi\u1ec1n \u0111\u00e1 &amp; C\u00e1t nh\u00e2n t\u1ea1o<\/title>\n<meta name=\"description\" content=\"M\u00e1y r\u1eeda c\u00e1t nh\u00e2n t\u1ea1o FM 60 Hydro\u2122 t\u00edch h\u1ee3p gi\u1eb7t v\u00e0 ph\u00e2n lo\u1ea1i c\u00e1t trong m\u1ed9t thi\u1ebft k\u1ebf nh\u1ecf g\u1ecdn, gi\u00fap s\u1ea3n xu\u1ea5t 2 lo\u1ea1i c\u00e1t \u0111\u1ea1t chu\u1ea9n t\u1eeb m\u1ed9t ngu\u1ed3n c\u1ea5p li\u1ec7u,...\" \/>\n<meta name=\"robots\" content=\"index, follow, max-snippet:-1, max-image-preview:large, max-video-preview:-1\" \/>\n<link rel=\"canonical\" href=\"https:\/\/tramnghien.com\/lo\/may-rua-cat-nhan-tao-fm-hydro\/\" \/>\n<meta property=\"og:locale\" content=\"en_US\" \/>\n<meta property=\"og:type\" content=\"article\" \/>\n<meta property=\"og:title\" content=\"M\u00e1y r\u1eeda c\u00e1t nh\u00e2n t\u1ea1o FM HYDRO\" \/>\n<meta property=\"og:description\" content=\"M\u00e1y r\u1eeda c\u00e1t nh\u00e2n t\u1ea1o FM 60 Hydro\u2122 t\u00edch h\u1ee3p gi\u1eb7t v\u00e0 ph\u00e2n lo\u1ea1i c\u00e1t trong m\u1ed9t thi\u1ebft k\u1ebf nh\u1ecf g\u1ecdn, gi\u00fap s\u1ea3n xu\u1ea5t 2 lo\u1ea1i c\u00e1t \u0111\u1ea1t chu\u1ea9n t\u1eeb m\u1ed9t ngu\u1ed3n c\u1ea5p li\u1ec7u,...\" \/>\n<meta property=\"og:url\" content=\"https:\/\/tramnghien.com\/lo\/may-rua-cat-nhan-tao-fm-hydro\/\" \/>\n<meta property=\"og:site_name\" content=\"Nguy\u1ec5n Vinh - M\u00e1y nghi\u1ec1n \u0111\u00e1 &amp; C\u00e1t nh\u00e2n t\u1ea1o\" \/>\n<meta property=\"article:modified_time\" content=\"2025-04-04T02:47:40+00:00\" \/>\n<meta property=\"og:image\" content=\"https:\/\/tramnghien.com\/wp-content\/uploads\/2024\/10\/fm-hydro-applicationsf3a9a83908974b29b79f4a68f655f851.webp\" \/>\n\t<meta property=\"og:image:width\" content=\"770\" \/>\n\t<meta property=\"og:image:height\" content=\"384\" \/>\n\t<meta property=\"og:image:type\" content=\"image\/webp\" \/>\n<meta name=\"twitter:card\" content=\"summary_large_image\" \/>\n<meta name=\"twitter:label1\" content=\"Availability\" \/>\n\t<meta name=\"twitter:data1\" content=\"In stock\" \/>\n<script type=\"application\/ld+json\" class=\"yoast-schema-graph\">{\"@context\":\"https:\\\/\\\/schema.org\",\"@graph\":[{\"@type\":\"WebPage\",\"@id\":\"https:\\\/\\\/tramnghien.com\\\/may-rua-cat-nhan-tao-fm-hydro\\\/\",\"url\":\"https:\\\/\\\/tramnghien.com\\\/may-rua-cat-nhan-tao-fm-hydro\\\/\",\"name\":\"M\u00e1y r\u1eeda c\u00e1t nh\u00e2n t\u1ea1o FM HYDRO - Nguy\u1ec5n Vinh - M\u00e1y nghi\u1ec1n \u0111\u00e1 &amp; C\u00e1t nh\u00e2n t\u1ea1o\",\"isPartOf\":{\"@id\":\"https:\\\/\\\/tramnghien.com\\\/#website\"},\"primaryImageOfPage\":{\"@id\":\"https:\\\/\\\/tramnghien.com\\\/may-rua-cat-nhan-tao-fm-hydro\\\/#primaryimage\"},\"image\":{\"@id\":\"https:\\\/\\\/tramnghien.com\\\/may-rua-cat-nhan-tao-fm-hydro\\\/#primaryimage\"},\"thumbnailUrl\":\"https:\\\/\\\/tramnghien.com\\\/wp-content\\\/uploads\\\/2024\\\/10\\\/fm-hydro-applicationsf3a9a83908974b29b79f4a68f655f851.webp\",\"datePublished\":\"2024-10-17T04:09:25+00:00\",\"dateModified\":\"2025-04-04T02:47:40+00:00\",\"description\":\"M\u00e1y r\u1eeda c\u00e1t nh\u00e2n t\u1ea1o FM 60 Hydro\u2122 t\u00edch h\u1ee3p gi\u1eb7t v\u00e0 ph\u00e2n lo\u1ea1i c\u00e1t trong m\u1ed9t thi\u1ebft k\u1ebf nh\u1ecf g\u1ecdn, gi\u00fap s\u1ea3n xu\u1ea5t 2 lo\u1ea1i c\u00e1t \u0111\u1ea1t chu\u1ea9n t\u1eeb m\u1ed9t ngu\u1ed3n c\u1ea5p li\u1ec7u,...\",\"breadcrumb\":{\"@id\":\"https:\\\/\\\/tramnghien.com\\\/may-rua-cat-nhan-tao-fm-hydro\\\/#breadcrumb\"},\"inLanguage\":\"lo\",\"potentialAction\":[{\"@type\":\"ReadAction\",\"target\":[\"https:\\\/\\\/tramnghien.com\\\/may-rua-cat-nhan-tao-fm-hydro\\\/\"]}]},{\"@type\":\"ImageObject\",\"inLanguage\":\"lo\",\"@id\":\"https:\\\/\\\/tramnghien.com\\\/may-rua-cat-nhan-tao-fm-hydro\\\/#primaryimage\",\"url\":\"https:\\\/\\\/tramnghien.com\\\/wp-content\\\/uploads\\\/2024\\\/10\\\/fm-hydro-applicationsf3a9a83908974b29b79f4a68f655f851.webp\",\"contentUrl\":\"https:\\\/\\\/tramnghien.com\\\/wp-content\\\/uploads\\\/2024\\\/10\\\/fm-hydro-applicationsf3a9a83908974b29b79f4a68f655f851.webp\",\"width\":770,\"height\":384,\"caption\":\"m\u00e1y r\u1eeda c\u00e1t nh\u00e2n t\u1ea1o\"},{\"@type\":\"BreadcrumbList\",\"@id\":\"https:\\\/\\\/tramnghien.com\\\/may-rua-cat-nhan-tao-fm-hydro\\\/#breadcrumb\",\"itemListElement\":[{\"@type\":\"ListItem\",\"position\":1,\"name\":\"Home\",\"item\":\"https:\\\/\\\/tramnghien.com\\\/\"},{\"@type\":\"ListItem\",\"position\":2,\"name\":\"S\u1ea3n ph\u1ea9m\",\"item\":\"https:\\\/\\\/tramnghien.com\\\/san-pham\\\/\"},{\"@type\":\"ListItem\",\"position\":3,\"name\":\"M\u00e1y r\u1eeda c\u00e1t nh\u00e2n t\u1ea1o FM HYDRO\"}]},{\"@type\":\"WebSite\",\"@id\":\"https:\\\/\\\/tramnghien.com\\\/#website\",\"url\":\"https:\\\/\\\/tramnghien.com\\\/\",\"name\":\"Nguy\u1ec5n Vinh - M\u00e1y nghi\u1ec1n \u0111\u00e1 &amp; C\u00e1t nh\u00e2n t\u1ea1o\",\"description\":\"D\u1eabn \u0111\u1ea7u c\u00f4ng ngh\u1ec7 m\u00e1y nghi\u1ec1n t\u1ea1i Vi\u1ec7t Nam\",\"potentialAction\":[{\"@type\":\"SearchAction\",\"target\":{\"@type\":\"EntryPoint\",\"urlTemplate\":\"https:\\\/\\\/tramnghien.com\\\/?s={search_term_string}\"},\"query-input\":{\"@type\":\"PropertyValueSpecification\",\"valueRequired\":true,\"valueName\":\"search_term_string\"}}],\"inLanguage\":\"lo\"}]}<\/script>\n<meta property=\"og:availability\" content=\"instock\" \/>\n<meta property=\"product:availability\" content=\"instock\" \/>\n<meta property=\"product:condition\" content=\"new\" \/>\n<!-- \/ Yoast SEO Premium plugin. -->","yoast_head_json":{"title":"FM HYDRO \u0ec0\u0e84\u0eb7\u0ec8\u0ead\u0e87\u0e8a\u0eb1\u0e81\u0e9c\u0ec9\u0eb2\u0e8a\u0eb2\u0e8d\u0e97\u0ebd\u0ea1 - \u0eab\u0e87\u0ea7\u0ebd\u0e99\u0ea7\u0eb4\u0e87 - \u0ec0\u0e84\u0eb7\u0ec8\u0ead\u0e87\u0e9b\u0eb1\u0ec9\u0e99\u0eab\u0eb5\u0e99 \u0ec1\u0ea5\u0eb0\u0e8a\u0eb2\u0e8d\u0e97\u0ebd\u0ea1","description":"\u0ec0\u0e84\u0eb7\u0ec8\u0ead\u0e87\u0ea5\u0ec9\u0eb2\u0e87\u0e8a\u0eb2\u0e8d FM 60 Hydro\u2122 \u0e9b\u0eb0\u0eaa\u0ebb\u0ea1\u0e9b\u0eb0\u0eaa\u0eb2\u0e99\u0e81\u0eb2\u0e99\u0ea5\u0ec9\u0eb2\u0e87\u0e94\u0eb4\u0e99\u0e8a\u0eb2\u0e8d \u0ec1\u0ea5\u0eb0\u0e81\u0eb2\u0e99\u0e88\u0eb1\u0e94\u0e9b\u0eb0\u0ec0\u0e9e\u0e94\u0ec3\u0e99\u0e81\u0eb2\u0e99\u0ead\u0ead\u0e81\u0ec1\u0e9a\u0e9a\u0e97\u0eb5\u0ec8\u0e81\u0eb0\u0e97\u0eb1\u0e94\u0eae\u0eb1\u0e94, \u0e9c\u0eb0\u0ea5\u0eb4\u0e94\u0eaa\u0ead\u0e87\u0e8a\u0eb1\u0ec9\u0e99\u0e8a\u0eb2\u0e8d\u0ea1\u0eb2\u0e94\u0e95\u0eb0\u0e96\u0eb2\u0e99\u0e88\u0eb2\u0e81\u0ead\u0eb2\u0eab\u0eb2\u0e99\u0ead\u0eb1\u0e99\u0e94\u0ebd\u0ea7,...","robots":{"index":"index","follow":"follow","max-snippet":"max-snippet:-1","max-image-preview":"max-image-preview:large","max-video-preview":"max-video-preview:-1"},"canonical":"https:\/\/tramnghien.com\/lo\/may-rua-cat-nhan-tao-fm-hydro\/","og_locale":"en_US","og_type":"article","og_title":"M\u00e1y r\u1eeda c\u00e1t nh\u00e2n t\u1ea1o FM HYDRO","og_description":"M\u00e1y r\u1eeda c\u00e1t nh\u00e2n t\u1ea1o FM 60 Hydro\u2122 t\u00edch h\u1ee3p gi\u1eb7t v\u00e0 ph\u00e2n lo\u1ea1i c\u00e1t trong m\u1ed9t thi\u1ebft k\u1ebf nh\u1ecf g\u1ecdn, gi\u00fap s\u1ea3n xu\u1ea5t 2 lo\u1ea1i c\u00e1t \u0111\u1ea1t chu\u1ea9n t\u1eeb m\u1ed9t ngu\u1ed3n c\u1ea5p li\u1ec7u,...","og_url":"https:\/\/tramnghien.com\/lo\/may-rua-cat-nhan-tao-fm-hydro\/","og_site_name":"Nguy\u1ec5n Vinh - M\u00e1y nghi\u1ec1n \u0111\u00e1 &amp; C\u00e1t nh\u00e2n t\u1ea1o","article_modified_time":"2025-04-04T02:47:40+00:00","og_image":[{"width":770,"height":384,"url":"https:\/\/tramnghien.com\/wp-content\/uploads\/2024\/10\/fm-hydro-applicationsf3a9a83908974b29b79f4a68f655f851.webp","type":"image\/webp"}],"twitter_card":"summary_large_image","twitter_misc":{"Availability":"In stock"},"schema":{"@context":"https:\/\/schema.org","@graph":[{"@type":"WebPage","@id":"https:\/\/tramnghien.com\/may-rua-cat-nhan-tao-fm-hydro\/","url":"https:\/\/tramnghien.com\/may-rua-cat-nhan-tao-fm-hydro\/","name":"FM HYDRO \u0ec0\u0e84\u0eb7\u0ec8\u0ead\u0e87\u0e8a\u0eb1\u0e81\u0e9c\u0ec9\u0eb2\u0e8a\u0eb2\u0e8d\u0e97\u0ebd\u0ea1 - \u0eab\u0e87\u0ea7\u0ebd\u0e99\u0ea7\u0eb4\u0e87 - \u0ec0\u0e84\u0eb7\u0ec8\u0ead\u0e87\u0e9b\u0eb1\u0ec9\u0e99\u0eab\u0eb5\u0e99 \u0ec1\u0ea5\u0eb0\u0e8a\u0eb2\u0e8d\u0e97\u0ebd\u0ea1","isPartOf":{"@id":"https:\/\/tramnghien.com\/#website"},"primaryImageOfPage":{"@id":"https:\/\/tramnghien.com\/may-rua-cat-nhan-tao-fm-hydro\/#primaryimage"},"image":{"@id":"https:\/\/tramnghien.com\/may-rua-cat-nhan-tao-fm-hydro\/#primaryimage"},"thumbnailUrl":"https:\/\/tramnghien.com\/wp-content\/uploads\/2024\/10\/fm-hydro-applicationsf3a9a83908974b29b79f4a68f655f851.webp","datePublished":"2024-10-17T04:09:25+00:00","dateModified":"2025-04-04T02:47:40+00:00","description":"\u0ec0\u0e84\u0eb7\u0ec8\u0ead\u0e87\u0ea5\u0ec9\u0eb2\u0e87\u0e8a\u0eb2\u0e8d FM 60 Hydro\u2122 \u0e9b\u0eb0\u0eaa\u0ebb\u0ea1\u0e9b\u0eb0\u0eaa\u0eb2\u0e99\u0e81\u0eb2\u0e99\u0ea5\u0ec9\u0eb2\u0e87\u0e94\u0eb4\u0e99\u0e8a\u0eb2\u0e8d \u0ec1\u0ea5\u0eb0\u0e81\u0eb2\u0e99\u0e88\u0eb1\u0e94\u0e9b\u0eb0\u0ec0\u0e9e\u0e94\u0ec3\u0e99\u0e81\u0eb2\u0e99\u0ead\u0ead\u0e81\u0ec1\u0e9a\u0e9a\u0e97\u0eb5\u0ec8\u0e81\u0eb0\u0e97\u0eb1\u0e94\u0eae\u0eb1\u0e94, \u0e9c\u0eb0\u0ea5\u0eb4\u0e94\u0eaa\u0ead\u0e87\u0e8a\u0eb1\u0ec9\u0e99\u0e8a\u0eb2\u0e8d\u0ea1\u0eb2\u0e94\u0e95\u0eb0\u0e96\u0eb2\u0e99\u0e88\u0eb2\u0e81\u0ead\u0eb2\u0eab\u0eb2\u0e99\u0ead\u0eb1\u0e99\u0e94\u0ebd\u0ea7,...","breadcrumb":{"@id":"https:\/\/tramnghien.com\/may-rua-cat-nhan-tao-fm-hydro\/#breadcrumb"},"inLanguage":"lo","potentialAction":[{"@type":"ReadAction","target":["https:\/\/tramnghien.com\/may-rua-cat-nhan-tao-fm-hydro\/"]}]},{"@type":"ImageObject","inLanguage":"lo","@id":"https:\/\/tramnghien.com\/may-rua-cat-nhan-tao-fm-hydro\/#primaryimage","url":"https:\/\/tramnghien.com\/wp-content\/uploads\/2024\/10\/fm-hydro-applicationsf3a9a83908974b29b79f4a68f655f851.webp","contentUrl":"https:\/\/tramnghien.com\/wp-content\/uploads\/2024\/10\/fm-hydro-applicationsf3a9a83908974b29b79f4a68f655f851.webp","width":770,"height":384,"caption":"m\u00e1y r\u1eeda c\u00e1t nh\u00e2n t\u1ea1o"},{"@type":"BreadcrumbList","@id":"https:\/\/tramnghien.com\/may-rua-cat-nhan-tao-fm-hydro\/#breadcrumb","itemListElement":[{"@type":"ListItem","position":1,"name":"Home","item":"https:\/\/tramnghien.com\/"},{"@type":"ListItem","position":2,"name":"S\u1ea3n ph\u1ea9m","item":"https:\/\/tramnghien.com\/san-pham\/"},{"@type":"ListItem","position":3,"name":"M\u00e1y r\u1eeda c\u00e1t nh\u00e2n t\u1ea1o FM HYDRO"}]},{"@type":"WebSite","@id":"https:\/\/tramnghien.com\/#website","url":"https:\/\/tramnghien.com\/","name":"Nguyen Vinh - \u0ec0\u0e84\u0eb7\u0ec8\u0ead\u0e87\u0e9b\u0eb1\u0ec9\u0e99\u0eab\u0eb5\u0e99 &amp; \u0e8a\u0eb2\u0e8d\u0e97\u0ebd\u0ea1","description":"\u0ec0\u0e95\u0eb1\u0e81\u200b\u0ec2\u0e99\u200b\u0ec2\u0ea5\u200b\u0e8a\u0eb5 crusher \u0e8a\u0eb1\u0ec9\u0e99\u200b\u0e99\u0ecd\u0eb2\u200b\u0e82\u0ead\u0e87\u200b\u0eab\u0ea7\u0ebd\u0e94\u200b\u0e99\u0eb2\u0ea1","potentialAction":[{"@type":"SearchAction","target":{"@type":"EntryPoint","urlTemplate":"https:\/\/tramnghien.com\/?s={search_term_string}"},"query-input":{"@type":"PropertyValueSpecification","valueRequired":true,"valueName":"search_term_string"}}],"inLanguage":"lo"}]},"og_availability":"instock","product_availability":"instock","product_condition":"new"},"_links":{"self":[{"href":"https:\/\/tramnghien.com\/lo\/wp-json\/wp\/v2\/product\/1387","targetHints":{"allow":["GET"]}}],"collection":[{"href":"https:\/\/tramnghien.com\/lo\/wp-json\/wp\/v2\/product"}],"about":[{"href":"https:\/\/tramnghien.com\/lo\/wp-json\/wp\/v2\/types\/product"}],"wp:featuredmedia":[{"embeddable":true,"href":"https:\/\/tramnghien.com\/lo\/wp-json\/wp\/v2\/media\/1388"}],"wp:attachment":[{"href":"https:\/\/tramnghien.com\/lo\/wp-json\/wp\/v2\/media?parent=1387"}],"wp:term":[{"taxonomy":"product_brand","embeddable":true,"href":"https:\/\/tramnghien.com\/lo\/wp-json\/wp\/v2\/product_brand?post=1387"},{"taxonomy":"product_cat","embeddable":true,"href":"https:\/\/tramnghien.com\/lo\/wp-json\/wp\/v2\/product_cat?post=1387"},{"taxonomy":"product_tag","embeddable":true,"href":"https:\/\/tramnghien.com\/lo\/wp-json\/wp\/v2\/product_tag?post=1387"}],"curies":[{"name":"wp","href":"https:\/\/api.w.org\/{rel}","templated":true}]}}