{"id":1373,"date":"2024-10-17T03:55:34","date_gmt":"2024-10-17T03:55:34","guid":{"rendered":"https:\/\/tramnghien.com\/?post_type=product&#038;p=1373"},"modified":"2025-01-21T10:42:28","modified_gmt":"2025-01-21T10:42:28","slug":"may-sang-ngang-tsv-series","status":"publish","type":"product","link":"https:\/\/tramnghien.com\/lo\/may-sang-ngang-tsv-series\/","title":{"rendered":"TSV Series \u0ec0\u0e84\u0eb7\u0ec8\u0ead\u0e87\u0e81\u0ea7\u0e94\u0e81\u0eb2\u0ec1\u0e99\u0ea7\u0e99\u0ead\u0e99"},"content":{"rendered":"<h3><strong>\u0eaa\u0eb2\u0e8d\u0e9c\u0eb0\u0ea5\u0eb4\u0e94\u0e95\u0eb0\u0e9e\u0eb1\u0e99 TSV: \u0ec0\u0e84\u0eb7\u0ec8\u0ead\u0e87\u0e81\u0ea7\u0e94\u0e88\u0eb1\u0e9a\u0ec1\u0e99\u0ea7\u0e99\u0ead\u0e99\u0e9b\u0eb0\u0e95\u0eb4\u0ea7\u0eb1\u0e94\u00a0<\/strong><\/h3>\n<p>\u0e88\u0ecd\u0eaa\u0eb0\u0ec1\u0e94\u0e87\u0e9c\u0ebb\u0e99\u0ec1\u0e99\u0ea7\u0e99\u0ead\u0e99 TSV Series \u0e99\u0ecd\u0eb2\u0ec0\u0ead\u0ebb\u0eb2\u0e81\u0eb2\u0e99\u0e9b\u0eb0\u0e95\u0eb4\u0ea7\u0eb1\u0e94\u0e82\u0ead\u0e87\u0ec0\u0e97\u0eb1\u0e81\u0ec2\u0e99\u0ec2\u0ea5\u0e8d\u0eb5\u0e81\u0eb2\u0e99\u0e81\u0ea7\u0e94\u0e81\u0eb2. \u0e8a\u0ec8\u0ea7\u0e8d\u0e9b\u0eb1\u0e9a\u0e9b\u0eb8\u0e87\u0e81\u0eb2\u0e99\u0e9c\u0eb0\u0ea5\u0eb4\u0e94 \u0ec1\u0ea5\u0eb0\u0e88\u0eb1\u0e94\u0e81\u0eb2\u0e99\u0ec1\u0ead\u0eb1\u0e9a\u0e9e\u0ea5\u0eb4\u0ec0\u0e84\u0e8a\u0eb1\u0e99\u0e97\u0eb5\u0ec8\u0ec0\u0e84\u0eb7\u0ec8\u0ead\u0e87\u0e81\u0ea7\u0e94\u0ec1\u0e9a\u0e9a\u0ec1\u0e99\u0ea7\u0e99\u0ead\u0e99\u0ec1\u0e9a\u0e9a\u0e94\u0eb1\u0ec9\u0e87\u0ec0\u0e94\u0eb5\u0ea1\u0e9a\u0ecd\u0ec8\u0eaa\u0eb2\u0ea1\u0eb2\u0e94\u0e88\u0eb1\u0e94\u0e81\u0eb2\u0e99\u0ec4\u0e94\u0ec9. \u0e94\u0ec9\u0ea7\u0e8d\u0e81\u0eb2\u0e99\u0e9b\u0eb0\u0eaa\u0ebb\u0ea1\u0e9b\u0eb0\u0eaa\u0eb2\u0e99\u0e82\u0ead\u0e87\u0e81\u0eb2\u0e99\u0ec0\u0e84\u0eb7\u0ec8\u0ead\u0e99\u0ec4\u0eab\u0ea7 elliptical \u0e97\u0eb5\u0ec8\u0ea1\u0eb5\u0e9b\u0eb0\u0eaa\u0eb4\u0e94\u0e97\u0eb4\u0e9e\u0eb2\u0e9a\u0ec1\u0ea5\u0eb0 incline \u0e97\u0eb5\u0ec8\u0eaa\u0eb2\u0ea1\u0eb2\u0e94\u0e9b\u0eb1\u0e9a\u0ec4\u0e94\u0ec9. TSV \u0eaa\u0eb2\u0ea1\u0eb2\u0e94\u0eae\u0eb1\u0e9a\u0ea1\u0eb7\u0e81\u0eb1\u0e9a\u0e81\u0eb2\u0e99\u0ec2\u0eab\u0ebc\u0e94\u0e97\u0eb5\u0ec8\u0ec3\u0eab\u0e8d\u0ec8\u0e81\u0ea7\u0ec8\u0eb2\u0ea2\u0eb9\u0ec8\u0e94\u0ec9\u0eb2\u0e99\u0edc\u0ec9\u0eb2\u0e88\u0ecd. \u0e94\u0eb5\u0e81\u0ea7\u0ec8\u0eb2\u0e95\u0ead\u0e9a\u0eaa\u0eb0\u0eab\u0e99\u0ead\u0e87\u0e84\u0ea7\u0eb2\u0ea1\u0e95\u0ec9\u0ead\u0e87\u0e81\u0eb2\u0e99\u0e97\u0eb5\u0ec8\u0ec0\u0e82\u0eb1\u0ec9\u0ea1\u0e87\u0ea7\u0e94\u0ec3\u0e99\u0ead\u0eb8\u0e94\u0eaa\u0eb2\u0eab\u0eb0\u0e81\u0ecd\u0eb2\u0e81\u0eb2\u0e99\u0e81\u0ecd\u0ec8\u0eaa\u0ec9\u0eb2\u0e87\u0ec1\u0ea5\u0eb0\u0e81\u0eb2\u0e99\u0e82\u0eb8\u0e94\u0e84\u0ebb\u0ec9\u0e99\u0e9a\u0ecd\u0ec8\u0ec1\u0eae\u0ec8.<\/p>\n<h4><strong>\u0e84\u0eb8\u0e99\u200b\u0e99\u0eb0\u200b\u0eaa\u0ebb\u0ea1\u200b\u0e9a\u0eb1\u0e94\u200b\u0e97\u0eb5\u0ec8\u200b\u0e9e\u0ebb\u0ec9\u0e99\u200b\u0ec0\u0e94\u0eb1\u0ec8\u0e99\u200b\u0e82\u0ead\u0e87 TSV Series \u0ec0\u0e84\u0eb7\u0ec8\u0ead\u0e87\u200b\u0e81\u0ea7\u0e94\u200b\u0e95\u0eb2\u0ea1\u200b\u0ea5\u0ea7\u0e87\u200b\u0e99\u0ead\u0e99\u200b:<\/strong><\/h4>\n<ul>\n<li><strong>\u0e9b\u0eb0\u0eaa\u0eb4\u0e94\u0e97\u0eb4\u0e9e\u0eb2\u0e9a\u0e81\u0eb2\u0e99\u0ec0\u0e84\u0eb7\u0ec8\u0ead\u0e99\u0ec4\u0eab\u0ea7 El-Jay\u2122<\/strong>: \u0ec0\u0e95\u0eb1\u0e81\u0ec2\u0e99\u0ec2\u0ea5\u0e8a\u0eb5\u0e81\u0eb2\u0e99\u0ec0\u0e84\u0eb7\u0ec8\u0ead\u0e99\u0ec4\u0eab\u0ea7\u0ec0\u0eaa\u0eb1\u0ec9\u0e99\u0ec0\u0ea5\u0eb7\u0ead\u0e94\u0e95\u0eb1\u0e99\u0ec3\u0e99\u0eae\u0eb9\u0e9a\u0ec4\u0e82\u0ec8\u0e97\u0eb5\u0ec8\u0ea1\u0eb5 g-force \u0eaa\u0eb9\u0e87. \u0ec0\u0e9e\u0eb5\u0ec8\u0ea1\u0e9b\u0eb0\u0eaa\u0eb4\u0e94\u0e97\u0eb4\u0e9e\u0eb2\u0e9a\u0e82\u0eb0\u0e9a\u0ea7\u0e99\u0e81\u0eb2\u0e99\u0e81\u0ea7\u0e94\u0eaa\u0ead\u0e9a\u0ec1\u0e95\u0ec8\u0e8d\u0eb1\u0e87\u0e8a\u0ec8\u0ea7\u0e8d <a href=\"https:\/\/tramnghien.com\/lo\/xu-ly-bun-thai-trong-san-xuat-cat-nhan-tao\/\"  data-wpil-monitor-id=\"73\">\u0e81\u0eb2\u0e99\u0e9c\u0eb0\u0ea5\u0eb4\u0e94<\/a> \u0e9c\u0eb0\u0ea5\u0eb4\u0e94\u0e9c\u0eb0\u0ea5\u0eb4\u0e94\u0e95\u0eb0\u0e9e\u0eb1\u0e99\u0e97\u0eb5\u0ec8\u0ea1\u0eb5\u0e84\u0eb8\u0e99\u0e99\u0eb0\u0e9e\u0eb2\u0e9a\u0eaa\u0eb9\u0e87\u0e81\u0ea7\u0ec8\u0eb2. \u0e94\u0eb1\u0ec8\u0e87\u0e99\u0eb1\u0ec9\u0e99\u0e81\u0eb2\u0e99\u0e9b\u0eb1\u0e9a\u0e9b\u0eb8\u0e87\u0e81\u0eb2\u0e99\u0e9b\u0eb0\u0e95\u0eb4\u0e9a\u0eb1\u0e94\u0e82\u0ead\u0e87\u0eaa\u0eb2\u0e8d\u0e81\u0eb2\u0e99\u0e9c\u0eb0\u0ea5\u0eb4\u0e94\u0e97\u0eb1\u0e87\u0eab\u0ea1\u0ebb\u0e94.<\/li>\n<li><strong>\u0e81\u0eb2\u0e99\u0e9b\u0eb1\u0e9a\u0e95\u0ebb\u0ea7\u0ead\u0ebd\u0e87\u0ec1\u0e9a\u0e9a\u0e8d\u0eb7\u0e94\u0eab\u0e8d\u0eb8\u0ec8\u0e99<\/strong>: \u0ec0\u0e84\u0eb7\u0ec8\u0ead\u0e87\u0ea1\u0eb5\u0e84\u0ea7\u0eb2\u0ea1\u0eaa\u0eb2\u0ea1\u0eb2\u0e94\u0ec3\u0e99\u0e81\u0eb2\u0e99\u0e9b\u0eb1\u0e9a\u0e95\u0ebb\u0ea7\u0ead\u0ebd\u0e87\u0ec4\u0e94\u0ec9\u0ec0\u0e96\u0eb4\u0e87 10\u00b0 \u0e94\u0ec9\u0ea7\u0e8d\u0e82\u0eb1\u0ec9\u0e99\u0e95\u0ead\u0e99\u0e81\u0eb2\u0e99\u0e9b\u0eb1\u0e9a 2.5\u00b0. \u0ead\u0eb0\u0e99\u0eb8\u0e8d\u0eb2\u0e94\u0ec3\u0eab\u0ec9\u0e9c\u0eb9\u0ec9\u0ec3\u0e8a\u0ec9\u0eaa\u0eb2\u0ea1\u0eb2\u0e94\u0e9b\u0eb1\u0e9a\u0ec1\u0e95\u0ec8\u0e87\u0ead\u0eb8\u0e9b\u0eb0\u0e81\u0ead\u0e99\u0eaa\u0ecd\u0eb2\u0ea5\u0eb1\u0e9a\u0ec1\u0e95\u0ec8\u0ea5\u0eb0\u0ec1\u0ead\u0eb1\u0e9a\u0e9e\u0ea5\u0eb4\u0ec0\u0e84\u0e8a\u0eb1\u0e99\u0eaa\u0eb0\u0ec0\u0e9e\u0eb2\u0eb0. \u0e99\u0eb5\u0ec9\u0e8a\u0ec8\u0ea7\u0e8d\u0ec0\u0e9e\u0eb5\u0ec8\u0ea1\u0e9b\u0eb0\u0eaa\u0eb4\u0e94\u0e97\u0eb4\u0e9e\u0eb2\u0e9a\u0e81\u0eb2\u0e99\u0e81\u0ea7\u0e94\u0e81\u0eb2\u0ec1\u0ea5\u0eb0\u0e9b\u0eb1\u0e9a\u0e9b\u0eb8\u0e87\u0e84\u0eb8\u0e99\u0e99\u0eb0\u0e9e\u0eb2\u0e9a\u0e82\u0ead\u0e87\u0e9c\u0eb0\u0ea5\u0eb4\u0e94\u0e95\u0eb0\u0e9e\u0eb1\u0e99\u0e9c\u0ebb\u0e99\u0e9c\u0eb0\u0ea5\u0eb4\u0e94.<\/li>\n<li><strong>\u0e84\u0ea7\u0eb2\u0ea1\u0e97\u0ebb\u0e99\u0e97\u0eb2\u0e99\u0eaa\u0eb9\u0e87<\/strong>: \u0e94\u0ec9\u0ea7\u0e8d\u0e81\u0eb2\u0e99\u0ead\u0ead\u0e81\u0ec1\u0e9a\u0e9a\u0ec0\u0eaa\u0eb5\u0ea1\u0ec0\u0eab\u0ebc\u0eb1\u0e81\u0ec3\u0e99\u0ec0\u0e82\u0e94 \u201c\u0ec0\u0e82\u0e94\u0eab\u0eb5\u0e99\u201d. \u0ec0\u0e84\u0eb7\u0ec8\u0ead\u0e87\u0e81\u0ea7\u0e94\u0e81\u0eb2 TSV \u0eae\u0eb1\u0e9a\u0e9b\u0eb0\u0e81\u0eb1\u0e99\u0e84\u0ea7\u0eb2\u0ea1\u0e97\u0ebb\u0e99\u0e97\u0eb2\u0e99\u0e8a\u0eb1\u0ec9\u0e99\u0e99\u0ecd\u0eb2\u0e82\u0ead\u0e87\u0ead\u0eb8\u0e94\u0eaa\u0eb2\u0eab\u0eb0\u0e81\u0ecd\u0eb2. \u0e84\u0ea7\u0eb2\u0ea1\u0eaa\u0eb2\u0ea1\u0eb2\u0e94\u0ec3\u0e99\u0e81\u0eb2\u0e99\u0ec2\u0eab\u0ebc\u0e94\u0eaa\u0eb9\u0e87\u0ec0\u0eae\u0eb1\u0e94\u0ec3\u0eab\u0ec9\u0ead\u0eb8\u0e9b\u0eb0\u0e81\u0ead\u0e99\u0eaa\u0eb2\u0ea1\u0eb2\u0e94\u0ec0\u0eae\u0eb1\u0e94\u0ea7\u0ebd\u0e81\u0ec4\u0e94\u0ec9\u0ea2\u0ec8\u0eb2\u0e87\u0eab\u0ea1\u0eb1\u0ec9\u0e99\u0e84\u0ebb\u0e87\u0e9e\u0eb2\u0e8d\u0ec3\u0e95\u0ec9\u0ec0\u0e87\u0eb7\u0ec8\u0ead\u0e99\u0ec4\u0e82\u0e81\u0eb2\u0e99\u0ec0\u0eae\u0eb1\u0e94\u0ea7\u0ebd\u0e81\u0e97\u0eb5\u0ec8\u0eae\u0eb8\u0e99\u0ec1\u0eae\u0e87.<\/li>\n<li><strong>\u0e9a\u0ecd\u0eb2\u0ea5\u0eb8\u0e87\u0eae\u0eb1\u0e81\u0eaa\u0eb2\u0e87\u0ec8\u0eb2\u0e8d<\/strong>: \u0e81\u0eb2\u0e99\u0ead\u0ead\u0e81\u0ec1\u0e9a\u0e9a\u0ead\u0eb1\u0e94\u0eaa\u0eb0\u0ea5\u0eb4\u0e8d\u0eb0\u0e82\u0ead\u0e87 TSV \u0ec0\u0eae\u0eb1\u0e94\u0ec3\u0eab\u0ec9\u0e81\u0eb2\u0e99\u0e9a\u0eb3\u0ea5\u0eb8\u0e87\u0eae\u0eb1\u0e81\u0eaa\u0eb2 \u0ec1\u0ea5\u0eb0 \u0e81\u0eb2\u0e99\u0e97\u0ebb\u0e94\u0ec1\u0e97\u0e99\u0ead\u0ebb\u0e87\u0e9b\u0eb0\u0e81\u0ead\u0e9a\u0e87\u0ec8\u0eb2\u0e8d\u0e81\u0ea7\u0ec8\u0eb2. \u0eab\u0ebc\u0eb8\u0e94\u0e9c\u0ec8\u0ead\u0e99\u0ec0\u0ea7\u0ea5\u0eb2\u0ea2\u0eb8\u0e94\u0e81\u0eb2\u0e99\u0e9c\u0eb0\u0ea5\u0eb4\u0e94 \u0ec1\u0ea5\u0eb0\u0e9b\u0eb0\u0eab\u0e8d\u0eb1\u0e94\u0e95\u0ebb\u0ec9\u0e99\u0e97\u0eb6\u0e99\u0eaa\u0ecd\u0eb2\u0ea5\u0eb1\u0e9a\u0e97\u0eb8\u0ea5\u0eb0\u0e81\u0eb4\u0e94.<\/li>\n<li><strong>\u0e84\u0ea7\u0eb2\u0ea1\u0eab\u0ea5\u0eb2\u0e81\u0eab\u0ea5\u0eb2\u0e8d\u0e82\u0ead\u0e87\u0e82\u0eb0\u0eab\u0e99\u0eb2\u0e94\u0eab\u0e99\u0ec9\u0eb2\u0e88\u0ecd\u0ec1\u0ea5\u0eb0\u0e9b\u0eb0\u0ec0\u0e9e\u0e94<\/strong>: sieves TSV \u0ec1\u0ea1\u0ec8\u0e99\u0ea1\u0eb5\u0ea2\u0eb9\u0ec8\u0ec3\u0e99\u0e84\u0ea7\u0eb2\u0ea1\u0eab\u0ea5\u0eb2\u0e81\u0eab\u0ea5\u0eb2\u0e8d\u0e82\u0ead\u0e87\u0e82\u0eb0\u0eab\u0e99\u0eb2\u0e94\u0ec1\u0ea5\u0eb0\u0e81\u0eb2\u0e99\u0ead\u0ead\u0e81\u0ec1\u0e9a\u0e9a\u0e82\u0ead\u0e87\u0eab\u0e99\u0ec9\u0eb2\u0e88\u0ecd. \u0e88\u0eb2\u0e81 5&#039; x 16&#039; \u0ec0\u0e96\u0eb4\u0e87 8&#039; x 20&#039;, \u0ea5\u0ea7\u0ea1\u0e97\u0eb1\u0e87\u0eaa\u0ead\u0e87\u0ec1\u0ea5\u0eb0\u0eaa\u0eb2\u0ea1\u0e82\u0eb1\u0ec9\u0e99\u0e95\u0ead\u0e99. \u0e8a\u0ec8\u0ea7\u0e8d\u0ec3\u0eab\u0ec9\u0ec0\u0eab\u0ea1\u0eb2\u0eb0\u0eaa\u0ebb\u0ea1\u0e81\u0eb1\u0e9a\u0e84\u0ecd\u0eb2\u0eae\u0ec9\u0ead\u0e87\u0eaa\u0eb0\u0eab\u0ea1\u0eb1\u0e81\u0ead\u0eb8\u0e94\u0eaa\u0eb2\u0eab\u0eb0\u0e81\u0ecd\u0eb2\u0eaa\u0ec8\u0ea7\u0e99\u0ec3\u0eab\u0e8d\u0ec8.<\/li>\n<\/ul>\n<h4><strong>\u0eaa\u0eb0\u0eab\u0ebc\u0eb8\u0e9a<\/strong><\/h4>\n<p>\u0e88\u0ecd\u0eaa\u0eb0\u0ec1\u0e94\u0e87\u0e9c\u0ebb\u0e99\u0ec1\u0e99\u0ea7\u0e99\u0ead\u0e99 TSV Series \u0e9a\u0ecd\u0ec8\u0e9e\u0ebd\u0e87\u0ec1\u0e95\u0ec8\u0ec0\u0e9b\u0eb1\u0e99\u0e81\u0eb2\u0e99\u0ec1\u0e81\u0ec9\u0ec4\u0e82\u0e97\u0eb5\u0ec8\u0ea1\u0eb5\u0e9b\u0eb0\u0eaa\u0eb4\u0e94\u0e97\u0eb4\u0e9e\u0eb2\u0e9a\u0ec3\u0e99\u0e81\u0eb2\u0e99\u0e81\u0ea7\u0e94\u0eaa\u0ead\u0e9a\u0ec0\u0e97\u0ebb\u0ec8\u0eb2\u0e99\u0eb1\u0ec9\u0e99. \u0ec1\u0e95\u0ec8\u0e8d\u0eb1\u0e87\u0ec0\u0e9b\u0eb1\u0e99\u0eaa\u0eb1\u0e99\u0e8d\u0eb2\u0ea5\u0eb1\u0e81 <a href=\"https:\/\/tramnghien.com\/lo\/uu-nhuoc-diem-cua-cac-cong-nghe-xu-ly-nuoc-bun-thai\/\"  data-wpil-monitor-id=\"32\">\u0e99\u0eb0\u0ea7\u0eb1\u0e94\u0e95\u0eb0\u0e81\u0ecd\u0eb2 \u0ec1\u0ea5\u0eb0 \u0e84\u0ea7\u0eb2\u0ea1\u0e81\u0ec9\u0eb2\u0ea7\u0edc\u0ec9\u0eb2\u0e97\u0eb2\u0e87\u0e94\u0ec9\u0eb2\u0e99\u0ec0\u0e95\u0eb1\u0e81\u0ec2\u0e99\u0ec2\u0ea5\u0e8a\u0eb5<\/a> \u0ead\u0eb8\u200b\u0e9b\u0eb0\u200b\u0e81\u0ead\u0e99\u200b\u0e81\u0eb2\u0e99\u200b\u0e81\u0ecd\u0ec8\u200b\u0eaa\u0ec9\u0eb2\u0e87\u200b \u0e94\u0ec9\u0ea7\u0e8d\u0e84\u0eb8\u0e99\u0eaa\u0ebb\u0ea1\u0e9a\u0eb1\u0e94\u0e97\u0eb5\u0ec8\u0ec2\u0e94\u0e94\u0ec0\u0e94\u0eb1\u0ec8\u0e99\u0ec3\u0e99\u0e81\u0eb2\u0e99\u0e9c\u0eb0\u0ea5\u0eb4\u0e94, \u0e84\u0ea7\u0eb2\u0ea1\u0e97\u0ebb\u0e99\u0e97\u0eb2\u0e99, \u0ec1\u0ea5\u0eb0\u0e81\u0eb2\u0e99\u0e9b\u0eb1\u0e9a\u0e95\u0ebb\u0ea7\u0ec1\u0e9a\u0e9a\u0e8d\u0eb7\u0e94\u0eab\u0e8d\u0eb8\u0ec8\u0e99. TSV \u0ea2\u0eb7\u0e99\u0ea2\u0eb1\u0e99\u0e95\u0ecd\u0eb2\u0ec1\u0eab\u0e99\u0ec8\u0e87\u0e82\u0ead\u0e87\u0e95\u0ebb\u0e99\u0ec0\u0e9b\u0eb1\u0e99\u0e97\u0eb2\u0e87\u0ec0\u0ea5\u0eb7\u0ead\u0e81\u0eaa\u0eb9\u0e87\u0eaa\u0eb8\u0e94\u0eaa\u0ecd\u0eb2\u0ea5\u0eb1\u0e9a\u0e97\u0eb8\u0ea5\u0eb0\u0e81\u0eb4\u0e94\u0ec3\u0e99\u0ead\u0eb8\u0e94\u0eaa\u0eb2\u0eab\u0eb0\u0e81\u0ecd\u0eb2. \u0e81\u0eb2\u0e99\u0ea5\u0ebb\u0e87\u0e97\u0eb6\u0e99\u0ec3\u0e99\u0ec0\u0e84\u0eb7\u0ec8\u0ead\u0e87\u0e81\u0ea7\u0e94\u0e88\u0eb1\u0e9a TSV \u0ec1\u0ea1\u0ec8\u0e99\u0e81\u0eb2\u0e99\u0ea5\u0ebb\u0e87\u0e97\u0eb6\u0e99\u0ec3\u0e99\u0e81\u0eb2\u0e99\u0e9e\u0eb1\u0e94\u0e97\u0eb0\u0e99\u0eb2\u0ec1\u0e9a\u0e9a\u0e8d\u0eb7\u0e99\u0e8d\u0ebb\u0e87\u0ec1\u0ea5\u0eb0\u0e84\u0ea7\u0eb2\u0ea1\u0eaa\u0ecd\u0eb2\u0ec0\u0ea5\u0eb1\u0e94\u0ec3\u0e99\u0ec4\u0ea5\u0e8d\u0eb0\u0e8d\u0eb2\u0ea7\u0ec3\u0e99\u0e95\u0eb0\u0eab\u0ebc\u0eb2\u0e94\u0e97\u0eb5\u0ec8\u0ea1\u0eb5\u0e81\u0eb2\u0e99\u0ec1\u0e82\u0ec8\u0e87\u0e82\u0eb1\u0e99\u0ea2\u0ec8\u0eb2\u0e87\u0eae\u0eb8\u0e99\u0ec1\u0eae\u0e87.<\/p>","protected":false},"excerpt":{"rendered":"<p style=\"text-align: justify;\"><a href=\"https:\/\/tramnghien.com\/lo\/terex-mps\/\">Terex MPS<\/a>\u00a0\u0ea1\u0eb5\u0ec2\u0eae\u0e87\u0e87\u0eb2\u0e99\u0ec1\u0ea5\u0eb0\u0eab\u0e99\u0ec9\u0eb2\u0e88\u0ecd\u0e88\u0ecd\u0eb2\u0e99\u0ea7\u0e99\u0eab\u0ebc\u0eb2\u0e8d\u0ec0\u0e9e\u0eb7\u0ec8\u0ead\u0ec3\u0eab\u0ec9\u0ec0\u0eab\u0ea1\u0eb2\u0eb0\u0eaa\u0ebb\u0ea1\u0e81\u0eb1\u0e9a\u0ec0\u0e81\u0eb7\u0ead\u0e9a\u0e97\u0eb8\u0e81\u0e84\u0ea7\u0eb2\u0ea1\u0e95\u0ec9\u0ead\u0e87\u0e81\u0eb2\u0e99, \u0e88\u0eb2\u0e81\u0e81\u0eb2\u0e99\u0e84\u0eb1\u0e94\u0ec0\u0ea5\u0eb7\u0ead\u0e81\u0eab\u0e8d\u0eb2\u0e9a\u0ec0\u0e9e\u0eb7\u0ec8\u0ead\u0ec1\u0eab\u0ec9\u0e87\u0eab\u0ebc\u0eb7\u0e8a\u0eb8\u0ec8\u0ea1.<\/p>\n<p style=\"text-align: justify;\">\u0e9e\u0ea7\u0e81\u0ec0\u0eae\u0ebb\u0eb2\u0eaa\u0eb0\u0eab\u0e99\u0ead\u0e87\u0ec1\u0e99\u0ea7\u0e9e\u0eb1\u0e99\u0e82\u0ead\u0e87\u0e9c\u0eb0\u0ea5\u0eb4\u0e94\u0e95\u0eb0\u0e9e\u0eb1\u0e99\u0eaa\u0ecd\u0eb2\u0ea5\u0eb1\u0e9a\u0e97\u0ec8\u0eb2\u0e99\u0e97\u0eb5\u0ec8\u0e88\u0eb0\u0ec0\u0ea5\u0eb7\u0ead\u0e81\u0ec0\u0ead\u0ebb\u0eb2\u0e88\u0eb2\u0e81. \u0e97\u0eb1\u0e87\u0eab\u0ea1\u0ebb\u0e94\u0ec1\u0ea1\u0ec8\u0e99\u0ea1\u0eb5\u0e8a\u0eb7\u0ec8\u0eaa\u0ebd\u0e87\u0eaa\u0ecd\u0eb2\u0ea5\u0eb1\u0e9a\u0e81\u0eb2\u0e99\u0e81\u0ecd\u0ec8\u0eaa\u0ec9\u0eb2\u0e87\u0e97\u0ebb\u0e99\u0e97\u0eb2\u0e99\u0e82\u0ead\u0e87\u0e9e\u0ea7\u0e81\u0ec0\u0e82\u0ebb\u0eb2, \u0ec1\u0e99\u0ec3\u0eaa\u0ec8\u0e9c\u0eb9\u0ec9\u0e9c\u0eb0\u0ea5\u0eb4\u0e94\u0ea5\u0ea7\u0ea1\u0ea1\u0eb7\u0ead\u0eb2\u0e8a\u0eb5\u0e9a.<\/p>\n<table class=\"has-fixed-layout\">\n<tbody>\n<tr>\n<td>\u0e82\u0eb0\u0eab\u0e99\u0eb2\u0e94\u0e81\u0eb2\u0e99\u0ec0\u0eae\u0eb1\u0e94\u0ea7\u0ebd\u0e81<\/td>\n<td>5\u00d716\u2032 \u0eab\u0eb2 8\u00d720\u2032 2 \u0eab\u0ebc\u0eb7 3 deck \/ 1524\u00d74880 mm \u0eab\u0eb2 2438\u00d76096 mm 2 \u0eab\u0ebc\u0eb7 3 deck<\/td>\n<\/tr>\n<\/tbody>\n<\/table>\n<p style=\"text-align: justify;\">","protected":false},"featured_media":1374,"template":"","meta":[],"product_brand":[],"product_cat":[72,71],"product_tag":[81],"class_list":{"0":"post-1373","1":"product","2":"type-product","3":"status-publish","4":"has-post-thumbnail","6":"product_cat-may-nghien-sang-terex","7":"product_cat-may-sang-ngang","8":"product_tag-may-sang-ngang","10":"first","11":"instock","12":"shipping-taxable","13":"product-type-grouped"},"yoast_head":"<!-- This site is optimized with the Yoast SEO Premium plugin v24.6 (Yoast SEO v27.4) - https:\/\/yoast.com\/product\/yoast-seo-premium-wordpress\/ -->\n<title>M\u00e1y s\u00e0ng ngang TSV Series - Nguy\u1ec5n Vinh - M\u00e1y nghi\u1ec1n \u0111\u00e1 &amp; C\u00e1t nh\u00e2n t\u1ea1o<\/title>\n<meta name=\"description\" content=\"D\u00f2ng m\u00e1y s\u00e0ng ngang TSV Series k\u1ebft h\u1ee3p gi\u1eefa chuy\u1ec3n \u0111\u1ed9ng elip hi\u1ec7u qu\u1ea3 v\u00e0 \u0111\u1ed9 nghi\u00eang \u0111i\u1ec1u ch\u1ec9nh, \u0111\u00e1p \u1ee9ng c\u00e1c y\u00eau c\u1ea7u kh\u1eaft khe trong x\u00e2y d\u1ef1ng v\u00e0 khai th\u00e1c.\" \/>\n<meta name=\"robots\" content=\"index, follow, max-snippet:-1, max-image-preview:large, max-video-preview:-1\" \/>\n<link rel=\"canonical\" href=\"https:\/\/tramnghien.com\/lo\/may-sang-ngang-tsv-series\/\" \/>\n<meta property=\"og:locale\" content=\"en_US\" \/>\n<meta property=\"og:type\" content=\"article\" \/>\n<meta property=\"og:title\" content=\"M\u00e1y s\u00e0ng ngang TSV Series\" \/>\n<meta property=\"og:description\" content=\"D\u00f2ng m\u00e1y s\u00e0ng ngang TSV Series k\u1ebft h\u1ee3p gi\u1eefa chuy\u1ec3n \u0111\u1ed9ng elip hi\u1ec7u qu\u1ea3 v\u00e0 \u0111\u1ed9 nghi\u00eang \u0111i\u1ec1u ch\u1ec9nh, \u0111\u00e1p \u1ee9ng c\u00e1c y\u00eau c\u1ea7u kh\u1eaft khe trong x\u00e2y d\u1ef1ng v\u00e0 khai th\u00e1c.\" \/>\n<meta property=\"og:url\" content=\"https:\/\/tramnghien.com\/lo\/may-sang-ngang-tsv-series\/\" \/>\n<meta property=\"og:site_name\" content=\"Nguy\u1ec5n Vinh - M\u00e1y nghi\u1ec1n \u0111\u00e1 &amp; C\u00e1t nh\u00e2n t\u1ea1o\" \/>\n<meta property=\"article:modified_time\" content=\"2025-01-21T10:42:28+00:00\" \/>\n<meta property=\"og:image\" content=\"https:\/\/tramnghien.com\/wp-content\/uploads\/2024\/10\/lj-tsv6203_1-1.webp\" \/>\n\t<meta property=\"og:image:width\" content=\"800\" \/>\n\t<meta property=\"og:image:height\" content=\"450\" \/>\n\t<meta property=\"og:image:type\" content=\"image\/webp\" \/>\n<meta name=\"twitter:card\" content=\"summary_large_image\" \/>\n<meta name=\"twitter:label1\" content=\"Availability\" \/>\n\t<meta name=\"twitter:data1\" content=\"In stock\" \/>\n<script type=\"application\/ld+json\" class=\"yoast-schema-graph\">{\"@context\":\"https:\\\/\\\/schema.org\",\"@graph\":[{\"@type\":\"WebPage\",\"@id\":\"https:\\\/\\\/tramnghien.com\\\/may-sang-ngang-tsv-series\\\/\",\"url\":\"https:\\\/\\\/tramnghien.com\\\/may-sang-ngang-tsv-series\\\/\",\"name\":\"M\u00e1y s\u00e0ng ngang TSV Series - Nguy\u1ec5n Vinh - M\u00e1y nghi\u1ec1n \u0111\u00e1 &amp; C\u00e1t nh\u00e2n t\u1ea1o\",\"isPartOf\":{\"@id\":\"https:\\\/\\\/tramnghien.com\\\/#website\"},\"primaryImageOfPage\":{\"@id\":\"https:\\\/\\\/tramnghien.com\\\/may-sang-ngang-tsv-series\\\/#primaryimage\"},\"image\":{\"@id\":\"https:\\\/\\\/tramnghien.com\\\/may-sang-ngang-tsv-series\\\/#primaryimage\"},\"thumbnailUrl\":\"https:\\\/\\\/tramnghien.com\\\/wp-content\\\/uploads\\\/2024\\\/10\\\/lj-tsv6203_1-1.webp\",\"datePublished\":\"2024-10-17T03:55:34+00:00\",\"dateModified\":\"2025-01-21T10:42:28+00:00\",\"description\":\"D\u00f2ng m\u00e1y s\u00e0ng ngang TSV Series k\u1ebft h\u1ee3p gi\u1eefa chuy\u1ec3n \u0111\u1ed9ng elip hi\u1ec7u qu\u1ea3 v\u00e0 \u0111\u1ed9 nghi\u00eang \u0111i\u1ec1u ch\u1ec9nh, \u0111\u00e1p \u1ee9ng c\u00e1c y\u00eau c\u1ea7u kh\u1eaft khe trong x\u00e2y d\u1ef1ng v\u00e0 khai th\u00e1c.\",\"breadcrumb\":{\"@id\":\"https:\\\/\\\/tramnghien.com\\\/may-sang-ngang-tsv-series\\\/#breadcrumb\"},\"inLanguage\":\"lo\",\"potentialAction\":[{\"@type\":\"ReadAction\",\"target\":[\"https:\\\/\\\/tramnghien.com\\\/may-sang-ngang-tsv-series\\\/\"]}]},{\"@type\":\"ImageObject\",\"inLanguage\":\"lo\",\"@id\":\"https:\\\/\\\/tramnghien.com\\\/may-sang-ngang-tsv-series\\\/#primaryimage\",\"url\":\"https:\\\/\\\/tramnghien.com\\\/wp-content\\\/uploads\\\/2024\\\/10\\\/lj-tsv6203_1-1.webp\",\"contentUrl\":\"https:\\\/\\\/tramnghien.com\\\/wp-content\\\/uploads\\\/2024\\\/10\\\/lj-tsv6203_1-1.webp\",\"width\":800,\"height\":450,\"caption\":\"M\u00e1y s\u00e0ng ngang TSV Series\"},{\"@type\":\"BreadcrumbList\",\"@id\":\"https:\\\/\\\/tramnghien.com\\\/may-sang-ngang-tsv-series\\\/#breadcrumb\",\"itemListElement\":[{\"@type\":\"ListItem\",\"position\":1,\"name\":\"Home\",\"item\":\"https:\\\/\\\/tramnghien.com\\\/\"},{\"@type\":\"ListItem\",\"position\":2,\"name\":\"S\u1ea3n ph\u1ea9m\",\"item\":\"https:\\\/\\\/tramnghien.com\\\/san-pham\\\/\"},{\"@type\":\"ListItem\",\"position\":3,\"name\":\"M\u00e1y s\u00e0ng ngang TSV Series\"}]},{\"@type\":\"WebSite\",\"@id\":\"https:\\\/\\\/tramnghien.com\\\/#website\",\"url\":\"https:\\\/\\\/tramnghien.com\\\/\",\"name\":\"Nguy\u1ec5n Vinh - M\u00e1y nghi\u1ec1n \u0111\u00e1 &amp; C\u00e1t nh\u00e2n t\u1ea1o\",\"description\":\"D\u1eabn \u0111\u1ea7u c\u00f4ng ngh\u1ec7 m\u00e1y nghi\u1ec1n t\u1ea1i Vi\u1ec7t Nam\",\"potentialAction\":[{\"@type\":\"SearchAction\",\"target\":{\"@type\":\"EntryPoint\",\"urlTemplate\":\"https:\\\/\\\/tramnghien.com\\\/?s={search_term_string}\"},\"query-input\":{\"@type\":\"PropertyValueSpecification\",\"valueRequired\":true,\"valueName\":\"search_term_string\"}}],\"inLanguage\":\"lo\"}]}<\/script>\n<meta property=\"og:availability\" content=\"instock\" \/>\n<meta property=\"product:availability\" content=\"instock\" \/>\n<meta property=\"product:condition\" content=\"new\" \/>\n<!-- \/ Yoast SEO Premium plugin. -->","yoast_head_json":{"title":"TSV Series Horizontal Screen - Nguyen Vinh - Stone Crusher &amp; Artificial Sand","description":"\u0eab\u0e99\u0ec9\u0eb2\u0e88\u0ecd\u0ec1\u0e99\u0ea7\u0e99\u0ead\u0e99 TSV Series \u0e9b\u0eb0\u0eaa\u0ebb\u0ea1\u0e9b\u0eb0\u0eaa\u0eb2\u0e99\u0e81\u0eb2\u0e99\u0ec0\u0e84\u0eb7\u0ec8\u0ead\u0e99\u0ec4\u0eab\u0ea7 elliptical \u0e97\u0eb5\u0ec8\u0ea1\u0eb5\u0e9b\u0eb0\u0eaa\u0eb4\u0e94\u0e97\u0eb4\u0e9e\u0eb2\u0e9a\u0ec1\u0ea5\u0eb0\u0e81\u0eb2\u0e99\u0ead\u0ebd\u0e87\u0e97\u0eb5\u0ec8\u0eaa\u0eb2\u0ea1\u0eb2\u0e94\u0e9b\u0eb1\u0e9a\u0ec4\u0e94\u0ec9, \u0e95\u0ead\u0e9a\u0eaa\u0eb0\u0eab\u0e99\u0ead\u0e87\u0e84\u0ea7\u0eb2\u0ea1\u0e95\u0ec9\u0ead\u0e87\u0e81\u0eb2\u0e99\u0e82\u0ead\u0e87\u0e81\u0eb2\u0e99\u0e81\u0ecd\u0ec8\u0eaa\u0ec9\u0eb2\u0e87\u0ec1\u0ea5\u0eb0\u0e81\u0eb2\u0e99\u0e82\u0eb8\u0e94\u0e84\u0ebb\u0ec9\u0e99\u0e9a\u0ecd\u0ec8\u0ec1\u0eae\u0ec8.","robots":{"index":"index","follow":"follow","max-snippet":"max-snippet:-1","max-image-preview":"max-image-preview:large","max-video-preview":"max-video-preview:-1"},"canonical":"https:\/\/tramnghien.com\/lo\/may-sang-ngang-tsv-series\/","og_locale":"en_US","og_type":"article","og_title":"M\u00e1y s\u00e0ng ngang TSV Series","og_description":"D\u00f2ng m\u00e1y s\u00e0ng ngang TSV Series k\u1ebft h\u1ee3p gi\u1eefa chuy\u1ec3n \u0111\u1ed9ng elip hi\u1ec7u qu\u1ea3 v\u00e0 \u0111\u1ed9 nghi\u00eang \u0111i\u1ec1u ch\u1ec9nh, \u0111\u00e1p \u1ee9ng c\u00e1c y\u00eau c\u1ea7u kh\u1eaft khe trong x\u00e2y d\u1ef1ng v\u00e0 khai th\u00e1c.","og_url":"https:\/\/tramnghien.com\/lo\/may-sang-ngang-tsv-series\/","og_site_name":"Nguy\u1ec5n Vinh - M\u00e1y nghi\u1ec1n \u0111\u00e1 &amp; C\u00e1t nh\u00e2n t\u1ea1o","article_modified_time":"2025-01-21T10:42:28+00:00","og_image":[{"width":800,"height":450,"url":"https:\/\/tramnghien.com\/wp-content\/uploads\/2024\/10\/lj-tsv6203_1-1.webp","type":"image\/webp"}],"twitter_card":"summary_large_image","twitter_misc":{"Availability":"In stock"},"schema":{"@context":"https:\/\/schema.org","@graph":[{"@type":"WebPage","@id":"https:\/\/tramnghien.com\/may-sang-ngang-tsv-series\/","url":"https:\/\/tramnghien.com\/may-sang-ngang-tsv-series\/","name":"TSV Series Horizontal Screen - Nguyen Vinh - Stone Crusher &amp; Artificial Sand","isPartOf":{"@id":"https:\/\/tramnghien.com\/#website"},"primaryImageOfPage":{"@id":"https:\/\/tramnghien.com\/may-sang-ngang-tsv-series\/#primaryimage"},"image":{"@id":"https:\/\/tramnghien.com\/may-sang-ngang-tsv-series\/#primaryimage"},"thumbnailUrl":"https:\/\/tramnghien.com\/wp-content\/uploads\/2024\/10\/lj-tsv6203_1-1.webp","datePublished":"2024-10-17T03:55:34+00:00","dateModified":"2025-01-21T10:42:28+00:00","description":"\u0eab\u0e99\u0ec9\u0eb2\u0e88\u0ecd\u0ec1\u0e99\u0ea7\u0e99\u0ead\u0e99 TSV Series \u0e9b\u0eb0\u0eaa\u0ebb\u0ea1\u0e9b\u0eb0\u0eaa\u0eb2\u0e99\u0e81\u0eb2\u0e99\u0ec0\u0e84\u0eb7\u0ec8\u0ead\u0e99\u0ec4\u0eab\u0ea7 elliptical \u0e97\u0eb5\u0ec8\u0ea1\u0eb5\u0e9b\u0eb0\u0eaa\u0eb4\u0e94\u0e97\u0eb4\u0e9e\u0eb2\u0e9a\u0ec1\u0ea5\u0eb0\u0e81\u0eb2\u0e99\u0ead\u0ebd\u0e87\u0e97\u0eb5\u0ec8\u0eaa\u0eb2\u0ea1\u0eb2\u0e94\u0e9b\u0eb1\u0e9a\u0ec4\u0e94\u0ec9, \u0e95\u0ead\u0e9a\u0eaa\u0eb0\u0eab\u0e99\u0ead\u0e87\u0e84\u0ea7\u0eb2\u0ea1\u0e95\u0ec9\u0ead\u0e87\u0e81\u0eb2\u0e99\u0e82\u0ead\u0e87\u0e81\u0eb2\u0e99\u0e81\u0ecd\u0ec8\u0eaa\u0ec9\u0eb2\u0e87\u0ec1\u0ea5\u0eb0\u0e81\u0eb2\u0e99\u0e82\u0eb8\u0e94\u0e84\u0ebb\u0ec9\u0e99\u0e9a\u0ecd\u0ec8\u0ec1\u0eae\u0ec8.","breadcrumb":{"@id":"https:\/\/tramnghien.com\/may-sang-ngang-tsv-series\/#breadcrumb"},"inLanguage":"lo","potentialAction":[{"@type":"ReadAction","target":["https:\/\/tramnghien.com\/may-sang-ngang-tsv-series\/"]}]},{"@type":"ImageObject","inLanguage":"lo","@id":"https:\/\/tramnghien.com\/may-sang-ngang-tsv-series\/#primaryimage","url":"https:\/\/tramnghien.com\/wp-content\/uploads\/2024\/10\/lj-tsv6203_1-1.webp","contentUrl":"https:\/\/tramnghien.com\/wp-content\/uploads\/2024\/10\/lj-tsv6203_1-1.webp","width":800,"height":450,"caption":"M\u00e1y s\u00e0ng ngang TSV Series"},{"@type":"BreadcrumbList","@id":"https:\/\/tramnghien.com\/may-sang-ngang-tsv-series\/#breadcrumb","itemListElement":[{"@type":"ListItem","position":1,"name":"Home","item":"https:\/\/tramnghien.com\/"},{"@type":"ListItem","position":2,"name":"S\u1ea3n ph\u1ea9m","item":"https:\/\/tramnghien.com\/san-pham\/"},{"@type":"ListItem","position":3,"name":"M\u00e1y s\u00e0ng ngang TSV Series"}]},{"@type":"WebSite","@id":"https:\/\/tramnghien.com\/#website","url":"https:\/\/tramnghien.com\/","name":"Nguyen Vinh - \u0ec0\u0e84\u0eb7\u0ec8\u0ead\u0e87\u0e9b\u0eb1\u0ec9\u0e99\u0eab\u0eb5\u0e99 &amp; \u0e8a\u0eb2\u0e8d\u0e97\u0ebd\u0ea1","description":"\u0ec0\u0e95\u0eb1\u0e81\u200b\u0ec2\u0e99\u200b\u0ec2\u0ea5\u200b\u0e8a\u0eb5 crusher \u0e8a\u0eb1\u0ec9\u0e99\u200b\u0e99\u0ecd\u0eb2\u200b\u0e82\u0ead\u0e87\u200b\u0eab\u0ea7\u0ebd\u0e94\u200b\u0e99\u0eb2\u0ea1","potentialAction":[{"@type":"SearchAction","target":{"@type":"EntryPoint","urlTemplate":"https:\/\/tramnghien.com\/?s={search_term_string}"},"query-input":{"@type":"PropertyValueSpecification","valueRequired":true,"valueName":"search_term_string"}}],"inLanguage":"lo"}]},"og_availability":"instock","product_availability":"instock","product_condition":"new"},"_links":{"self":[{"href":"https:\/\/tramnghien.com\/lo\/wp-json\/wp\/v2\/product\/1373","targetHints":{"allow":["GET"]}}],"collection":[{"href":"https:\/\/tramnghien.com\/lo\/wp-json\/wp\/v2\/product"}],"about":[{"href":"https:\/\/tramnghien.com\/lo\/wp-json\/wp\/v2\/types\/product"}],"wp:featuredmedia":[{"embeddable":true,"href":"https:\/\/tramnghien.com\/lo\/wp-json\/wp\/v2\/media\/1374"}],"wp:attachment":[{"href":"https:\/\/tramnghien.com\/lo\/wp-json\/wp\/v2\/media?parent=1373"}],"wp:term":[{"taxonomy":"product_brand","embeddable":true,"href":"https:\/\/tramnghien.com\/lo\/wp-json\/wp\/v2\/product_brand?post=1373"},{"taxonomy":"product_cat","embeddable":true,"href":"https:\/\/tramnghien.com\/lo\/wp-json\/wp\/v2\/product_cat?post=1373"},{"taxonomy":"product_tag","embeddable":true,"href":"https:\/\/tramnghien.com\/lo\/wp-json\/wp\/v2\/product_tag?post=1373"}],"curies":[{"name":"wp","href":"https:\/\/api.w.org\/{rel}","templated":true}]}}