{"id":1360,"date":"2024-10-17T03:35:20","date_gmt":"2024-10-17T03:35:20","guid":{"rendered":"https:\/\/tramnghien.com\/?post_type=product&#038;p=1360"},"modified":"2025-01-21T10:42:07","modified_gmt":"2025-01-21T10:42:07","slug":"may-sang-ngang-si-series","status":"publish","type":"product","link":"https:\/\/tramnghien.com\/lo\/may-sang-ngang-si-series\/","title":{"rendered":"SI Series \u0ec0\u0e84\u0eb7\u0ec8\u0ead\u0e87\u0e81\u0ea7\u0e94\u0e81\u0eb2\u0ec1\u0e99\u0ea7\u0e99\u0ead\u0e99"},"content":{"rendered":"<h3><strong>ES Series: Intelligent Crusher \u0ec1\u0ea5\u0eb0 Screener<\/strong><\/h3>\n<p>ES Series crusher \u0ec1\u0ea5\u0eb0 screener \u0ec4\u0e94\u0ec9\u0e96\u0eb7\u0e81\u0ead\u0ead\u0e81\u0ec1\u0e9a\u0e9a\u0ead\u0eb1\u0e94\u0eaa\u0eb0\u0ea5\u0eb4\u0e8d\u0eb0. \u0eaa\u0eb0\u0eab\u0e99\u0ead\u0e87\u0e81\u0eb2\u0e99\u0e9b\u0eb0\u0e95\u0eb4\u0e9a\u0eb1\u0e94\u0e97\u0eb5\u0ec8\u0e94\u0eb5\u0e97\u0eb5\u0ec8\u0eaa\u0eb8\u0e94\u0eaa\u0ecd\u0eb2\u0ea5\u0eb1\u0e9a\u0e82\u0eb0\u0e9a\u0ea7\u0e99\u0e81\u0eb2\u0e99\u0e9c\u0eb0\u0ea5\u0eb4\u0e94. \u0ea1\u0eb5\u0e9e\u0eb7\u0ec9\u0e99\u0e97\u0eb5\u0ec8\u0e97\u0eb1\u0e87\u0eab\u0ea1\u0ebb\u0e94\u0e82\u0eb0\u0eab\u0e99\u0eb2\u0e94\u0ec3\u0eab\u0e8d\u0ec8\u0ec1\u0ea5\u0eb0\u0ec4\u0ea5\u0e8d\u0eb0\u0eab\u0ec8\u0eb2\u0e87\u0e81\u0ea7\u0ec9\u0eb2\u0e87\u0ea5\u0eb0\u0eab\u0ea7\u0ec8\u0eb2\u0e87\u0e8a\u0eb1\u0ec9\u0e99. \u0ead\u0eb8\u0e9b\u0eb0\u0e81\u0ead\u0e99\u0e99\u0eb5\u0ec9\u0eae\u0ead\u0e87\u0eae\u0eb1\u0e9a\u0e81\u0eb2\u0e99\u0e9a\u0ecd\u0eb2\u0ea5\u0eb8\u0e87\u0eae\u0eb1\u0e81\u0eaa\u0eb2\u0e87\u0ec8\u0eb2\u0e8d \u0ec1\u0ea5\u0eb0\u0e81\u0eb2\u0e99\u0e9b\u0ec8\u0ebd\u0e99\u0ec1\u0e9b\u0e87\u0eaa\u0eb7\u0ec8\u0ec4\u0ea7.<\/p>\n<h4><strong>\u0e84\u0eb8\u0e99\u200b\u0e99\u0eb0\u200b\u0eaa\u0ebb\u0ea1\u200b\u0e9a\u0eb1\u0e94\u200b\u0e97\u0eb5\u0ec8\u200b\u0e9e\u0ebb\u0ec9\u0e99\u200b\u0ec0\u0e94\u0eb1\u0ec8\u0e99\u200b\u0e82\u0ead\u0e87 ES Series crusher \u0ec1\u0ea5\u0eb0 screener\u200b:<\/strong><\/h4>\n<ul>\n<li><strong>\u0e81\u0ebb\u0e99\u0ec4\u0e81\u0e81\u0eb2\u0e99\u0e82\u0eb1\u0e9a\u0ec0\u0e84\u0eb7\u0ec8\u0ead\u0e99\u0e97\u0eb5\u0ec8\u0ea1\u0eb5\u0e9b\u0eb0\u0eaa\u0eb4\u0e94\u0e97\u0eb4\u0e9e\u0eb2\u0e9a<\/strong>: \u0ead\u0eb8\u0e9b\u0eb0\u0e81\u0ead\u0e99\u0e96\u0eb7\u0e81\u0eaa\u0ec9\u0eb2\u0e87\u0e82\u0eb6\u0ec9\u0e99\u0e94\u0ec9\u0ea7\u0e8d\u0e81\u0ebb\u0e99\u0ec4\u0e81\u0e81\u0eb2\u0e99\u0e82\u0eb1\u0e9a\u0ea5\u0ebb\u0e94\u0e97\u0eb5\u0ec8\u0ea1\u0eb5\u0e9b\u0eb0\u0eaa\u0eb4\u0e94\u0e97\u0eb4\u0e9e\u0eb2\u0e9a\u0eaa\u0eb9\u0e87. \u0e9b\u0eb0\u0eaa\u0ebb\u0ea1\u0e9b\u0eb0\u0eaa\u0eb2\u0e99\u0e81\u0eb1\u0e9a\u0ea5\u0eb9\u0e81\u0e9b\u0eb7\u0e99\u0e82\u0eb0\u0eab\u0e99\u0eb2\u0e94\u0ec3\u0eab\u0e8d\u0ec8. \u0e99\u0eb5\u0ec9\u0ec0\u0eae\u0eb1\u0e94\u0ec3\u0eab\u0ec9\u0ec0\u0e84\u0eb7\u0ec8\u0ead\u0e87\u0eaa\u0eb2\u0ea1\u0eb2\u0e94\u0e88\u0eb1\u0e94\u0e81\u0eb2\u0e99\u0e81\u0eb1\u0e9a\u0ea7\u0eb1\u0e94\u0eaa\u0eb0\u0e94\u0eb8\u0e82\u0eb0\u0eab\u0e99\u0eb2\u0e94\u0ec3\u0eab\u0e8d\u0ec8\u0ec1\u0ea5\u0eb0\u0ec0\u0eae\u0eb1\u0e94\u0ea7\u0ebd\u0e81\u0ea2\u0ec8\u0eb2\u0e87\u0eab\u0ea1\u0eb1\u0ec9\u0e99\u0e84\u0ebb\u0e87\u0e9e\u0eb2\u0e8d\u0ec3\u0e95\u0ec9\u0ec0\u0e87\u0eb7\u0ec8\u0ead\u0e99\u0ec4\u0e82\u0e97\u0eb5\u0ec8\u0e81\u0ea7\u0ec9\u0eb2\u0e87\u0e82\u0ea7\u0eb2\u0e87.<\/li>\n<li><strong>\u0e84\u0ecd\u0eb2\u0eae\u0ec9\u0ead\u0e87\u0eaa\u0eb0\u0eab\u0ea1\u0eb1\u0e81\u0e97\u0eb5\u0ec8\u0eab\u0ebc\u0eb2\u0e81\u0eab\u0ebc\u0eb2\u0e8d<\/strong>: ES Series \u0ea1\u0eb5\u0e84\u0ea7\u0eb2\u0ea1\u0eaa\u0eb2\u0ea1\u0eb2\u0e94\u0e81\u0ea7\u0e94\u0e97\u0eb1\u0e87\u0e9b\u0ebd\u0e81 \u0ec1\u0ea5\u0eb0 \u0ec1\u0eab\u0ec9\u0e87. \u0ec0\u0eab\u0ea1\u0eb2\u0eb0\u0eaa\u0ecd\u0eb2\u0ea5\u0eb1\u0e9a\u0ea5\u0eb0\u0e94\u0eb1\u0e9a\u0e84\u0ea7\u0eb2\u0ea1\u0e81\u0ec9\u0ea7\u0eb2\u0e87\u0e82\u0ead\u0e87\u0e84\u0ecd\u0eb2\u0eae\u0ec9\u0ead\u0e87\u0eaa\u0eb0\u0eab\u0ea1\u0eb1\u0e81\u0ead\u0eb8\u0e94\u0eaa\u0eb2\u0eab\u0eb0\u0e81\u0ecd\u0eb2. \u0e97\u0ec8\u0eb2\u0e99\u200b\u0eaa\u0eb2\u200b\u0ea1\u0eb2\u0e94\u200b\u0e9b\u0ec8\u0ebd\u0e99\u200b\u0ec1\u0e9b\u0e87\u200b\u0e81\u0eb2\u0e99\u200b\u0e99\u0ecd\u0eb2\u200b\u0ec3\u0e8a\u0ec9\u200b\u0ec0\u0e84\u0eb7\u0ec8\u0ead\u0e87\u200b\u0eaa\u0ecd\u0eb2\u200b\u0ea5\u0eb1\u0e9a\u200b\u0e81\u0eb2\u0e99\u200b <a href=\"https:\/\/tramnghien.com\/lo\/uu-nhuoc-diem-cua-cac-cong-nghe-xu-ly-nuoc-bun-thai\/\"  data-wpil-monitor-id=\"27\">\u0e84\u0ea7\u0eb2\u0ea1\u0e95\u0ec9\u0ead\u0e87\u0e81\u0eb2\u0e99\u0e81\u0eb2\u0e99\u0e9c\u0eb0\u0ea5\u0eb4\u0e94<\/a> \u0ec1\u0e95\u0e81\u0e95\u0ec8\u0eb2\u0e87\u0e81\u0eb1\u0e99.<\/li>\n<li><strong>\u0e81\u0eb2\u0e99\u0e9b\u0eb1\u0e9a\u0e95\u0ebb\u0ea7\u0ec1\u0e9a\u0e9a\u0e8d\u0eb7\u0e94\u0eab\u0e8d\u0eb8\u0ec8\u0e99<\/strong>: \u0ead\u0eb8\u0e9b\u0eb0\u0e81\u0ead\u0e99\u0ec0\u0eab\u0ebc\u0ebb\u0ec8\u0eb2\u0e99\u0eb5\u0ec9\u0ea1\u0eb5\u0e84\u0ea7\u0eb2\u0ea1\u0eaa\u0eb2\u0ea1\u0eb2\u0e94\u0ec3\u0e99\u0e81\u0eb2\u0e99\u0e9b\u0eb1\u0e9a\u0e81\u0eb2\u0e99\u0ec0\u0e94\u0eb5\u0e99\u0e97\u0eb2\u0e87\u0ec1\u0ea5\u0eb0\u0e84\u0ea7\u0eb2\u0ea1\u0ec4\u0ea7. \u0e99\u0eb5\u0ec9\u0e8a\u0ec8\u0ea7\u0e8d\u0ec3\u0eab\u0ec9\u0e97\u0ec8\u0eb2\u0e99\u0eaa\u0eb2\u0ea1\u0eb2\u0e94\u0e9b\u0eb1\u0e9a\u0ec1\u0e95\u0ec8\u0e87\u0ec0\u0e84\u0eb7\u0ec8\u0ead\u0e87\u0ec4\u0e94\u0ec9\u0e95\u0eb2\u0ea1\u0e84\u0ea7\u0eb2\u0ea1\u0e95\u0ec9\u0ead\u0e87\u0e81\u0eb2\u0e99\u0eaa\u0eb0\u0ec0\u0e9e\u0eb2\u0eb0\u0e82\u0ead\u0e87\u0ec1\u0e95\u0ec8\u0ea5\u0eb0\u0ec1\u0ead\u0eb1\u0e9a\u0e9e\u0ea5\u0eb4\u0ec0\u0e84\u0e8a\u0eb1\u0e99. \u0e9b\u0eb1\u0e9a\u0e9b\u0eb8\u0e87\u0e9b\u0eb0\u0eaa\u0eb4\u0e94\u0e97\u0eb4\u0e9e\u0eb2\u0e9a\u0e81\u0eb2\u0e99\u0ec0\u0eae\u0eb1\u0e94\u0ea7\u0ebd\u0e81.<\/li>\n<\/ul>\n<h4><strong>\u0eaa\u0eb0\u0eab\u0ebc\u0eb8\u0e9a<\/strong><\/h4>\n<p>ES Series crusher \u0ec1\u0ea5\u0eb0 screener \u0ec0\u0e9b\u0eb1\u0e99\u0e97\u0eb2\u0e87\u0ec0\u0ea5\u0eb7\u0ead\u0e81\u0e97\u0eb5\u0ec8\u0ec0\u0eab\u0ea1\u0eb2\u0eb0\u0eaa\u0ebb\u0ea1\u0eaa\u0ecd\u0eb2\u0ea5\u0eb1\u0e9a\u0e97\u0eb8\u0ea5\u0eb0\u0e81\u0eb4\u0e94. \u0ec2\u0e94\u0e8d\u0eaa\u0eb0\u0ec0\u0e9e\u0eb2\u0eb0\u0ec3\u0e99\u0ec0\u0ea7\u0ea5\u0eb2\u0e97\u0eb5\u0ec8\u0ead\u0eb8\u0e9b\u0eb0\u0e81\u0ead\u0e99\u0e97\u0eb5\u0ec8\u0ea1\u0eb5\u0e9b\u0eb0\u0eaa\u0eb4\u0e94\u0e97\u0eb4\u0e9e\u0eb2\u0e9a\u0ec1\u0ea5\u0eb0\u0ea1\u0eb5\u0e84\u0ea7\u0eb2\u0ea1\u0e8d\u0eb7\u0e94\u0eab\u0e8d\u0eb8\u0ec8\u0e99\u0ec1\u0ea1\u0ec8\u0e99\u0e88\u0ecd\u0eb2\u0ec0\u0e9b\u0eb1\u0e99. \u0e94\u0ec9\u0ea7\u0e8d\u0e81\u0eb2\u0e99\u0ead\u0ead\u0e81\u0ec1\u0e9a\u0e9a\u0e97\u0eb5\u0ec8\u0eaa\u0eb0\u0eab\u0ebc\u0eb2\u0e94 \u0ec1\u0ea5\u0eb0\u0e84\u0eb8\u0e99\u0eaa\u0ebb\u0ea1\u0e9a\u0eb1\u0e94\u0e81\u0eb2\u0e99\u0e9b\u0eb1\u0e9a\u0e95\u0ebb\u0ea7\u0e97\u0eb5\u0ec8\u0eab\u0ebc\u0eb2\u0e81\u0eab\u0ebc\u0eb2\u0e8d. ES Series \u0e8a\u0ec8\u0ea7\u0e8d\u0ec0\u0e9e\u0eb5\u0ec8\u0ea1\u0e9b\u0eb0\u0eaa\u0eb4\u0e94\u0e97\u0eb4\u0e9e\u0eb2\u0e9a\u0e82\u0eb0\u0e9a\u0ea7\u0e99\u0e81\u0eb2\u0e99 <a href=\"https:\/\/tramnghien.com\/lo\/xu-ly-bun-thai-trong-san-xuat-cat-nhan-tao\/\"  data-wpil-monitor-id=\"62\">\u0e81\u0eb2\u0e99\u0e9c\u0eb0\u0ea5\u0eb4\u0e94\u0ec1\u0ea5\u0eb0\u0e95\u0ead\u0e9a\u0eaa\u0eb0\u0eab\u0e99\u0ead\u0e87\u0e84\u0ea7\u0eb2\u0ea1\u0e95\u0ec9\u0ead\u0e87\u0e81\u0eb2\u0e99\u0e97\u0eb5\u0ec8\u0ec0\u0e84\u0eb1\u0ec8\u0e87\u0e84\u0eb1\u0e94\u0ec3\u0e99<\/a> \u0ead\u0eb8\u0e94\u0eaa\u0eb2\u0eab\u0eb0\u0e81\u0ecd\u0eb2 \u0e81\u0eb2\u0e99\u0ea5\u0ebb\u0e87\u0e97\u0eb6\u0e99\u0ec3\u0e99\u0eaa\u0eb2\u0e8d\u0e9c\u0eb0\u0ea5\u0eb4\u0e94\u0e95\u0eb0\u0e9e\u0eb1\u0e99\u0e99\u0eb5\u0ec9\u0e88\u0eb0\u0e99\u0ecd\u0eb2\u0ea1\u0eb2\u0ec3\u0eab\u0ec9\u0e97\u0ec8\u0eb2\u0e99\u0e9c\u0ebb\u0e99\u0e9b\u0eb0\u0ec2\u0eab\u0e8d\u0e94\u0ec3\u0e99\u0ec4\u0ea5\u0e8d\u0eb0\u0e8d\u0eb2\u0ea7.<\/p>","protected":false},"excerpt":{"rendered":"<p style=\"text-align: justify;\"><a href=\"https:\/\/tramnghien.com\/lo\/terex-mps\/\">Terex MPS<\/a>\u00a0\u0ea1\u0eb5\u0ec2\u0eae\u0e87\u0e87\u0eb2\u0e99\u0ec1\u0ea5\u0eb0\u0eab\u0e99\u0ec9\u0eb2\u0e88\u0ecd\u0e88\u0ecd\u0eb2\u0e99\u0ea7\u0e99\u0eab\u0ebc\u0eb2\u0e8d\u0ec0\u0e9e\u0eb7\u0ec8\u0ead\u0ec3\u0eab\u0ec9\u0ec0\u0eab\u0ea1\u0eb2\u0eb0\u0eaa\u0ebb\u0ea1\u0e81\u0eb1\u0e9a\u0ec0\u0e81\u0eb7\u0ead\u0e9a\u0e97\u0eb8\u0e81\u0e84\u0ea7\u0eb2\u0ea1\u0e95\u0ec9\u0ead\u0e87\u0e81\u0eb2\u0e99, \u0e88\u0eb2\u0e81\u0e81\u0eb2\u0e99\u0e84\u0eb1\u0e94\u0ec0\u0ea5\u0eb7\u0ead\u0e81\u0eab\u0e8d\u0eb2\u0e9a\u0ec0\u0e9e\u0eb7\u0ec8\u0ead\u0ec1\u0eab\u0ec9\u0e87\u0eab\u0ebc\u0eb7\u0e8a\u0eb8\u0ec8\u0ea1.<\/p>\n<p style=\"text-align: justify;\">\u0e9e\u0ea7\u0e81\u0ec0\u0eae\u0ebb\u0eb2\u0eaa\u0eb0\u0eab\u0e99\u0ead\u0e87\u0ec1\u0e99\u0ea7\u0e9e\u0eb1\u0e99\u0e82\u0ead\u0e87\u0e9c\u0eb0\u0ea5\u0eb4\u0e94\u0e95\u0eb0\u0e9e\u0eb1\u0e99\u0eaa\u0ecd\u0eb2\u0ea5\u0eb1\u0e9a\u0e97\u0ec8\u0eb2\u0e99\u0e97\u0eb5\u0ec8\u0e88\u0eb0\u0ec0\u0ea5\u0eb7\u0ead\u0e81\u0ec0\u0ead\u0ebb\u0eb2\u0e88\u0eb2\u0e81. \u0e97\u0eb1\u0e87\u0eab\u0ea1\u0ebb\u0e94\u0ec1\u0ea1\u0ec8\u0e99\u0ea1\u0eb5\u0e8a\u0eb7\u0ec8\u0eaa\u0ebd\u0e87\u0eaa\u0ecd\u0eb2\u0ea5\u0eb1\u0e9a\u0e81\u0eb2\u0e99\u0e81\u0ecd\u0ec8\u0eaa\u0ec9\u0eb2\u0e87\u0e97\u0ebb\u0e99\u0e97\u0eb2\u0e99\u0e82\u0ead\u0e87\u0e9e\u0ea7\u0e81\u0ec0\u0e82\u0ebb\u0eb2, \u0ec1\u0e99\u0ec3\u0eaa\u0ec8\u0e9c\u0eb9\u0ec9\u0e9c\u0eb0\u0ea5\u0eb4\u0e94\u0ea5\u0ea7\u0ea1\u0ea1\u0eb7\u0ead\u0eb2\u0e8a\u0eb5\u0e9a.<\/p>\n<table class=\"has-fixed-layout\">\n<tbody>\n<tr>\n<td>\u0e82\u0eb0\u0eab\u0e99\u0eb2\u0e94\u0e81\u0eb2\u0e99\u0ec0\u0eae\u0eb1\u0e94\u0ea7\u0ebd\u0e81<\/td>\n<td>6&#039;x20\u2032 2 \u0eab\u0ebc\u0eb7 3 deck \/ 8&#039;x20\u2032 2 \u0eab\u0ebc\u0eb7 3 deck \/ 1829\u00d76096 mm 2 \u0eab\u0ebc\u0eb7 3 deck \/ 2438\u00d76096 mm 2 \u0eab\u0ebc\u0eb7 3 deck<\/td>\n<\/tr>\n<\/tbody>\n<\/table>","protected":false},"featured_media":1361,"template":"","meta":[],"product_brand":[],"product_cat":[72,71],"product_tag":[81],"class_list":{"0":"post-1360","1":"product","2":"type-product","3":"status-publish","4":"has-post-thumbnail","6":"product_cat-may-nghien-sang-terex","7":"product_cat-may-sang-ngang","8":"product_tag-may-sang-ngang","10":"first","11":"instock","12":"shipping-taxable","13":"product-type-grouped"},"yoast_head":"<!-- This site is optimized with the Yoast SEO Premium plugin v24.6 (Yoast SEO v27.5) - https:\/\/yoast.com\/product\/yoast-seo-premium-wordpress\/ -->\n<title>M\u00e1y s\u00e0ng ngang SI Series - Nguy\u1ec5n Vinh - M\u00e1y nghi\u1ec1n \u0111\u00e1 &amp; C\u00e1t nh\u00e2n t\u1ea1o<\/title>\n<meta name=\"description\" content=\"M\u00e1y nghi\u1ec1n s\u00e0ng ES Series \u0111\u01b0\u1ee3c thi\u1ebft k\u1ebf th\u00f4ng minh, mang l\u1ea1i hi\u1ec7u su\u1ea5t t\u1ed1i \u01b0u , h\u1ed7 tr\u1ee3 b\u1ea3o tr\u00ec d\u1ec5 d\u00e0ng v\u00e0 nhanh ch\u00f3ng thay \u0111\u1ed5i ph\u01b0\u01a1ng ti\u1ec7n.\" \/>\n<meta name=\"robots\" content=\"index, follow, max-snippet:-1, max-image-preview:large, max-video-preview:-1\" \/>\n<link rel=\"canonical\" href=\"https:\/\/tramnghien.com\/lo\/may-sang-ngang-si-series\/\" \/>\n<meta property=\"og:locale\" content=\"en_US\" \/>\n<meta property=\"og:type\" content=\"article\" \/>\n<meta property=\"og:title\" content=\"M\u00e1y s\u00e0ng ngang SI Series\" \/>\n<meta property=\"og:description\" content=\"M\u00e1y nghi\u1ec1n s\u00e0ng ES Series \u0111\u01b0\u1ee3c thi\u1ebft k\u1ebf th\u00f4ng minh, mang l\u1ea1i hi\u1ec7u su\u1ea5t t\u1ed1i \u01b0u , h\u1ed7 tr\u1ee3 b\u1ea3o tr\u00ec d\u1ec5 d\u00e0ng v\u00e0 nhanh ch\u00f3ng thay \u0111\u1ed5i ph\u01b0\u01a1ng ti\u1ec7n.\" \/>\n<meta property=\"og:url\" content=\"https:\/\/tramnghien.com\/lo\/may-sang-ngang-si-series\/\" \/>\n<meta property=\"og:site_name\" content=\"Nguy\u1ec5n Vinh - M\u00e1y nghi\u1ec1n \u0111\u00e1 &amp; C\u00e1t nh\u00e2n t\u1ea1o\" \/>\n<meta property=\"article:modified_time\" content=\"2025-01-21T10:42:07+00:00\" \/>\n<meta property=\"og:image\" content=\"https:\/\/tramnghien.com\/wp-content\/uploads\/2024\/10\/si-series.webp\" \/>\n\t<meta property=\"og:image:width\" content=\"800\" \/>\n\t<meta property=\"og:image:height\" content=\"450\" \/>\n\t<meta property=\"og:image:type\" content=\"image\/webp\" \/>\n<meta name=\"twitter:card\" content=\"summary_large_image\" \/>\n<meta name=\"twitter:label1\" content=\"Availability\" \/>\n\t<meta name=\"twitter:data1\" content=\"In stock\" \/>\n<script type=\"application\/ld+json\" class=\"yoast-schema-graph\">{\"@context\":\"https:\\\/\\\/schema.org\",\"@graph\":[{\"@type\":\"WebPage\",\"@id\":\"https:\\\/\\\/tramnghien.com\\\/may-sang-ngang-si-series\\\/\",\"url\":\"https:\\\/\\\/tramnghien.com\\\/may-sang-ngang-si-series\\\/\",\"name\":\"M\u00e1y s\u00e0ng ngang SI Series - Nguy\u1ec5n Vinh - M\u00e1y nghi\u1ec1n \u0111\u00e1 &amp; C\u00e1t nh\u00e2n t\u1ea1o\",\"isPartOf\":{\"@id\":\"https:\\\/\\\/tramnghien.com\\\/#website\"},\"primaryImageOfPage\":{\"@id\":\"https:\\\/\\\/tramnghien.com\\\/may-sang-ngang-si-series\\\/#primaryimage\"},\"image\":{\"@id\":\"https:\\\/\\\/tramnghien.com\\\/may-sang-ngang-si-series\\\/#primaryimage\"},\"thumbnailUrl\":\"https:\\\/\\\/tramnghien.com\\\/wp-content\\\/uploads\\\/2024\\\/10\\\/si-series.webp\",\"datePublished\":\"2024-10-17T03:35:20+00:00\",\"dateModified\":\"2025-01-21T10:42:07+00:00\",\"description\":\"M\u00e1y nghi\u1ec1n s\u00e0ng ES Series \u0111\u01b0\u1ee3c thi\u1ebft k\u1ebf th\u00f4ng minh, mang l\u1ea1i hi\u1ec7u su\u1ea5t t\u1ed1i \u01b0u , h\u1ed7 tr\u1ee3 b\u1ea3o tr\u00ec d\u1ec5 d\u00e0ng v\u00e0 nhanh ch\u00f3ng thay \u0111\u1ed5i ph\u01b0\u01a1ng ti\u1ec7n.\",\"breadcrumb\":{\"@id\":\"https:\\\/\\\/tramnghien.com\\\/may-sang-ngang-si-series\\\/#breadcrumb\"},\"inLanguage\":\"lo\",\"potentialAction\":[{\"@type\":\"ReadAction\",\"target\":[\"https:\\\/\\\/tramnghien.com\\\/may-sang-ngang-si-series\\\/\"]}]},{\"@type\":\"ImageObject\",\"inLanguage\":\"lo\",\"@id\":\"https:\\\/\\\/tramnghien.com\\\/may-sang-ngang-si-series\\\/#primaryimage\",\"url\":\"https:\\\/\\\/tramnghien.com\\\/wp-content\\\/uploads\\\/2024\\\/10\\\/si-series.webp\",\"contentUrl\":\"https:\\\/\\\/tramnghien.com\\\/wp-content\\\/uploads\\\/2024\\\/10\\\/si-series.webp\",\"width\":800,\"height\":450,\"caption\":\"M\u00e1y s\u00e0ng ngang SI Series\"},{\"@type\":\"BreadcrumbList\",\"@id\":\"https:\\\/\\\/tramnghien.com\\\/may-sang-ngang-si-series\\\/#breadcrumb\",\"itemListElement\":[{\"@type\":\"ListItem\",\"position\":1,\"name\":\"Home\",\"item\":\"https:\\\/\\\/tramnghien.com\\\/\"},{\"@type\":\"ListItem\",\"position\":2,\"name\":\"S\u1ea3n ph\u1ea9m\",\"item\":\"https:\\\/\\\/tramnghien.com\\\/san-pham\\\/\"},{\"@type\":\"ListItem\",\"position\":3,\"name\":\"M\u00e1y s\u00e0ng ngang SI Series\"}]},{\"@type\":\"WebSite\",\"@id\":\"https:\\\/\\\/tramnghien.com\\\/#website\",\"url\":\"https:\\\/\\\/tramnghien.com\\\/\",\"name\":\"Nguy\u1ec5n Vinh - M\u00e1y nghi\u1ec1n \u0111\u00e1 &amp; C\u00e1t nh\u00e2n t\u1ea1o\",\"description\":\"D\u1eabn \u0111\u1ea7u c\u00f4ng ngh\u1ec7 m\u00e1y nghi\u1ec1n t\u1ea1i Vi\u1ec7t Nam\",\"potentialAction\":[{\"@type\":\"SearchAction\",\"target\":{\"@type\":\"EntryPoint\",\"urlTemplate\":\"https:\\\/\\\/tramnghien.com\\\/?s={search_term_string}\"},\"query-input\":{\"@type\":\"PropertyValueSpecification\",\"valueRequired\":true,\"valueName\":\"search_term_string\"}}],\"inLanguage\":\"lo\"}]}<\/script>\n<meta property=\"og:availability\" content=\"instock\" \/>\n<meta property=\"product:availability\" content=\"instock\" \/>\n<meta property=\"product:condition\" content=\"new\" \/>\n<!-- \/ Yoast SEO Premium plugin. -->","yoast_head_json":{"title":"SI Series Horizontal Screen - Nguyen Vinh - Stone Crusher &amp; Artificial Sand","description":"\u0ec0\u0e84\u0eb7\u0ec8\u0ead\u0e87 crusher \u0ec1\u0ea5\u0eb0 screener ES Series \u0ec4\u0e94\u0ec9\u0e96\u0eb7\u0e81\u0ead\u0ead\u0e81\u0ec1\u0e9a\u0e9a\u0ead\u0eb1\u0e94\u0eaa\u0eb0\u0ea5\u0eb4\u0e8d\u0eb0\u0ec0\u0e9e\u0eb7\u0ec8\u0ead\u0eaa\u0eb0\u0eab\u0e99\u0ead\u0e87\u0e9b\u0eb0\u0eaa\u0eb4\u0e94\u0e97\u0eb4\u0e9e\u0eb2\u0e9a\u0e97\u0eb5\u0ec8\u0e94\u0eb5\u0e97\u0eb5\u0ec8\u0eaa\u0eb8\u0e94, \u0eaa\u0eb0\u0eab\u0e99\u0eb1\u0e9a\u0eaa\u0eb0\u0eab\u0e99\u0eb9\u0e99\u0e81\u0eb2\u0e99\u0e9a\u0ecd\u0eb2\u0ea5\u0eb8\u0e87\u0eae\u0eb1\u0e81\u0eaa\u0eb2\u0e87\u0ec8\u0eb2\u0e8d\u0ec1\u0ea5\u0eb0\u0e81\u0eb2\u0e99\u0e9b\u0ec8\u0ebd\u0e99\u0ec1\u0e9b\u0e87\u0eaa\u0eb7\u0ec8\u0ea1\u0ea7\u0e99\u0e8a\u0ebb\u0e99\u0ec4\u0ea7.","robots":{"index":"index","follow":"follow","max-snippet":"max-snippet:-1","max-image-preview":"max-image-preview:large","max-video-preview":"max-video-preview:-1"},"canonical":"https:\/\/tramnghien.com\/lo\/may-sang-ngang-si-series\/","og_locale":"en_US","og_type":"article","og_title":"M\u00e1y s\u00e0ng ngang SI Series","og_description":"M\u00e1y nghi\u1ec1n s\u00e0ng ES Series \u0111\u01b0\u1ee3c thi\u1ebft k\u1ebf th\u00f4ng minh, mang l\u1ea1i hi\u1ec7u su\u1ea5t t\u1ed1i \u01b0u , h\u1ed7 tr\u1ee3 b\u1ea3o tr\u00ec d\u1ec5 d\u00e0ng v\u00e0 nhanh ch\u00f3ng thay \u0111\u1ed5i ph\u01b0\u01a1ng ti\u1ec7n.","og_url":"https:\/\/tramnghien.com\/lo\/may-sang-ngang-si-series\/","og_site_name":"Nguy\u1ec5n Vinh - M\u00e1y nghi\u1ec1n \u0111\u00e1 &amp; C\u00e1t nh\u00e2n t\u1ea1o","article_modified_time":"2025-01-21T10:42:07+00:00","og_image":[{"width":800,"height":450,"url":"https:\/\/tramnghien.com\/wp-content\/uploads\/2024\/10\/si-series.webp","type":"image\/webp"}],"twitter_card":"summary_large_image","twitter_misc":{"Availability":"In stock"},"schema":{"@context":"https:\/\/schema.org","@graph":[{"@type":"WebPage","@id":"https:\/\/tramnghien.com\/may-sang-ngang-si-series\/","url":"https:\/\/tramnghien.com\/may-sang-ngang-si-series\/","name":"SI Series Horizontal Screen - Nguyen Vinh - Stone Crusher &amp; Artificial Sand","isPartOf":{"@id":"https:\/\/tramnghien.com\/#website"},"primaryImageOfPage":{"@id":"https:\/\/tramnghien.com\/may-sang-ngang-si-series\/#primaryimage"},"image":{"@id":"https:\/\/tramnghien.com\/may-sang-ngang-si-series\/#primaryimage"},"thumbnailUrl":"https:\/\/tramnghien.com\/wp-content\/uploads\/2024\/10\/si-series.webp","datePublished":"2024-10-17T03:35:20+00:00","dateModified":"2025-01-21T10:42:07+00:00","description":"\u0ec0\u0e84\u0eb7\u0ec8\u0ead\u0e87 crusher \u0ec1\u0ea5\u0eb0 screener ES Series \u0ec4\u0e94\u0ec9\u0e96\u0eb7\u0e81\u0ead\u0ead\u0e81\u0ec1\u0e9a\u0e9a\u0ead\u0eb1\u0e94\u0eaa\u0eb0\u0ea5\u0eb4\u0e8d\u0eb0\u0ec0\u0e9e\u0eb7\u0ec8\u0ead\u0eaa\u0eb0\u0eab\u0e99\u0ead\u0e87\u0e9b\u0eb0\u0eaa\u0eb4\u0e94\u0e97\u0eb4\u0e9e\u0eb2\u0e9a\u0e97\u0eb5\u0ec8\u0e94\u0eb5\u0e97\u0eb5\u0ec8\u0eaa\u0eb8\u0e94, \u0eaa\u0eb0\u0eab\u0e99\u0eb1\u0e9a\u0eaa\u0eb0\u0eab\u0e99\u0eb9\u0e99\u0e81\u0eb2\u0e99\u0e9a\u0ecd\u0eb2\u0ea5\u0eb8\u0e87\u0eae\u0eb1\u0e81\u0eaa\u0eb2\u0e87\u0ec8\u0eb2\u0e8d\u0ec1\u0ea5\u0eb0\u0e81\u0eb2\u0e99\u0e9b\u0ec8\u0ebd\u0e99\u0ec1\u0e9b\u0e87\u0eaa\u0eb7\u0ec8\u0ea1\u0ea7\u0e99\u0e8a\u0ebb\u0e99\u0ec4\u0ea7.","breadcrumb":{"@id":"https:\/\/tramnghien.com\/may-sang-ngang-si-series\/#breadcrumb"},"inLanguage":"lo","potentialAction":[{"@type":"ReadAction","target":["https:\/\/tramnghien.com\/may-sang-ngang-si-series\/"]}]},{"@type":"ImageObject","inLanguage":"lo","@id":"https:\/\/tramnghien.com\/may-sang-ngang-si-series\/#primaryimage","url":"https:\/\/tramnghien.com\/wp-content\/uploads\/2024\/10\/si-series.webp","contentUrl":"https:\/\/tramnghien.com\/wp-content\/uploads\/2024\/10\/si-series.webp","width":800,"height":450,"caption":"M\u00e1y s\u00e0ng ngang SI Series"},{"@type":"BreadcrumbList","@id":"https:\/\/tramnghien.com\/may-sang-ngang-si-series\/#breadcrumb","itemListElement":[{"@type":"ListItem","position":1,"name":"Home","item":"https:\/\/tramnghien.com\/"},{"@type":"ListItem","position":2,"name":"S\u1ea3n ph\u1ea9m","item":"https:\/\/tramnghien.com\/san-pham\/"},{"@type":"ListItem","position":3,"name":"M\u00e1y s\u00e0ng ngang SI Series"}]},{"@type":"WebSite","@id":"https:\/\/tramnghien.com\/#website","url":"https:\/\/tramnghien.com\/","name":"Nguyen Vinh - \u0ec0\u0e84\u0eb7\u0ec8\u0ead\u0e87\u0e9b\u0eb1\u0ec9\u0e99\u0eab\u0eb5\u0e99 &amp; \u0e8a\u0eb2\u0e8d\u0e97\u0ebd\u0ea1","description":"\u0ec0\u0e95\u0eb1\u0e81\u200b\u0ec2\u0e99\u200b\u0ec2\u0ea5\u200b\u0e8a\u0eb5 crusher \u0e8a\u0eb1\u0ec9\u0e99\u200b\u0e99\u0ecd\u0eb2\u200b\u0e82\u0ead\u0e87\u200b\u0eab\u0ea7\u0ebd\u0e94\u200b\u0e99\u0eb2\u0ea1","potentialAction":[{"@type":"SearchAction","target":{"@type":"EntryPoint","urlTemplate":"https:\/\/tramnghien.com\/?s={search_term_string}"},"query-input":{"@type":"PropertyValueSpecification","valueRequired":true,"valueName":"search_term_string"}}],"inLanguage":"lo"}]},"og_availability":"instock","product_availability":"instock","product_condition":"new"},"_links":{"self":[{"href":"https:\/\/tramnghien.com\/lo\/wp-json\/wp\/v2\/product\/1360","targetHints":{"allow":["GET"]}}],"collection":[{"href":"https:\/\/tramnghien.com\/lo\/wp-json\/wp\/v2\/product"}],"about":[{"href":"https:\/\/tramnghien.com\/lo\/wp-json\/wp\/v2\/types\/product"}],"wp:featuredmedia":[{"embeddable":true,"href":"https:\/\/tramnghien.com\/lo\/wp-json\/wp\/v2\/media\/1361"}],"wp:attachment":[{"href":"https:\/\/tramnghien.com\/lo\/wp-json\/wp\/v2\/media?parent=1360"}],"wp:term":[{"taxonomy":"product_brand","embeddable":true,"href":"https:\/\/tramnghien.com\/lo\/wp-json\/wp\/v2\/product_brand?post=1360"},{"taxonomy":"product_cat","embeddable":true,"href":"https:\/\/tramnghien.com\/lo\/wp-json\/wp\/v2\/product_cat?post=1360"},{"taxonomy":"product_tag","embeddable":true,"href":"https:\/\/tramnghien.com\/lo\/wp-json\/wp\/v2\/product_tag?post=1360"}],"curies":[{"name":"wp","href":"https:\/\/api.w.org\/{rel}","templated":true}]}}