{"id":1355,"date":"2024-10-17T03:25:18","date_gmt":"2024-10-17T03:25:18","guid":{"rendered":"https:\/\/tramnghien.com\/?post_type=product&#038;p=1355"},"modified":"2025-01-22T08:46:19","modified_gmt":"2025-01-22T08:46:19","slug":"may-nghien-con-j65","status":"publish","type":"product","link":"https:\/\/tramnghien.com\/lo\/may-nghien-con-j65\/","title":{"rendered":"J65 \u0ec2\u0e81\u0e99 crusher"},"content":{"rendered":"<div class=\"flex max-w-full flex-col flex-grow\">\n<div class=\"min-h-8 text-message flex w-full flex-col items-end gap-2 whitespace-normal break-words [.text-message+&amp;]:mt-5\" dir=\"auto\" data-message-author-role=\"assistant\" data-message-id=\"ada5db95-a176-4edd-abf7-14692dbc0fe4\" data-message-model-slug=\"gpt-4o-mini\">\n<div class=\"flex w-full flex-col gap-1 empty:hidden first:pt-[3px]\">\n<div class=\"markdown prose w-full break-words dark:prose-invert dark\">\n<h3 style=\"text-align: justify;\"><span style=\"color: #282828;\"><strong>Terex\u00ae Jaques Gyracone: M\u00e1y nghi\u1ec1n c\u00f4n m\u1ea1nh m\u1ebd<\/strong><\/span><\/h3>\n<p style=\"text-align: justify;\"><span style=\"color: #282828;\">D\u00f2ng m\u00e1y nghi\u1ec1n c\u00f4n J65 Terex\u00ae Jaques Gyracone l\u00e0 m\u1ed9t gi\u1ea3i ph\u00e1p l\u00fd t\u01b0\u1edfng cho c\u00e1c \u1ee9ng d\u1ee5ng nghi\u1ec1n ph\u1ee5. \u0110\u1eb7c bi\u1ec7t l\u00e0 nghi\u1ec1n giai \u0111o\u1ea1n 3, 4 ho\u1eb7c nghi\u1ec1n scats. Thi\u1ebft b\u1ecb n\u00e0y \u0111\u01b0\u1ee3c thi\u1ebft k\u1ebf \u0111\u1ec3 mang l\u1ea1i hi\u1ec7u su\u1ea5t cao v\u00e0 \u0111\u1ed9 tin c\u1eady trong su\u1ed1t qu\u00e1 tr\u00ecnh v\u1eadn h\u00e0nh.<\/span><\/p>\n<h4 style=\"text-align: justify;\"><span style=\"color: #282828;\"><strong>\u0110\u1eb7c \u0111i\u1ec3m n\u1ed5i b\u1eadt c\u1ee7a m\u00e1y nghi\u1ec1n c\u00f4n Gyracone:<\/strong><\/span><\/h4>\n<ul style=\"text-align: justify;\">\n<li><span style=\"color: #282828;\"><strong>Nguy\u00ean l\u00fd nghi\u1ec1n c\u00f4n ti\u00ean ti\u1ebfn<\/strong>: Gyracone k\u1ebft h\u1ee3p nguy\u00ean l\u00fd nghi\u1ec1n c\u00f4n v\u1edbi v\u00f2ng bi l\u0103n ch\u1ed1ng ma s\u00e1t t\u1ed1c \u0111\u1ed9 cao. Thi\u1ebft k\u1ebf n\u00e0y gi\u00fap n\u00e2ng cao hi\u1ec7u su\u1ea5t nghi\u1ec1n. Gi\u1ea3m thi\u1ec3u t\u1ed5n th\u1ea5t n\u0103ng l\u01b0\u1ee3ng trong qu\u00e1 tr\u00ecnh ho\u1ea1t \u0111\u1ed9ng.<\/span><\/li>\n<li><span style=\"color: #282828;\"><strong>Tu\u1ed5i th\u1ecd v\u00e0 \u0111\u1ed9 tin c\u1eady cao<\/strong>: T\u1ea3i tr\u1ecdng l\u00e0m vi\u1ec7c t\u1ed1i \u0111a lu\u00f4n \u0111\u01b0\u1ee3c gi\u1eef \u1edf m\u1ee9c th\u1ea5p h\u01a1n n\u0103ng l\u1ef1c thi\u1ebft k\u1ebf c\u1ee7a v\u00f2ng bi. \u0110i\u1ec1u n\u00e0y gi\u00fap k\u00e9o d\u00e0i tu\u1ed5i th\u1ecd c\u1ee7a thi\u1ebft b\u1ecb v\u00e0 gi\u1ea3m thi\u1ec3u s\u1ef1 c\u1ed1 trong qu\u00e1 tr\u00ecnh s\u1eed d\u1ee5ng.<\/span><\/li>\n<li><span style=\"color: #282828;\"><strong>Chi ph\u00ed v\u1eadn h\u00e0nh th\u1ea5p<\/strong>: Thi\u1ebft b\u1ecb mang l\u1ea1i s\u1ef1 s\u1eed d\u1ee5ng n\u0103ng l\u01b0\u1ee3ng hi\u1ec7u qu\u1ea3. Gi\u00fap gi\u1ea3m chi ph\u00ed v\u1eadn h\u00e0nh cho c\u00e1c nh\u00e0 \u0111i\u1ec1u h\u00e0nh. \u0110\u00e2y l\u00e0 l\u1ee3i \u00edch l\u1edbn cho nh\u1eefng doanh nghi\u1ec7p c\u1ea7n t\u1ed1i \u01b0u h\u00f3a ng\u00e2n s\u00e1ch.<\/span><\/li>\n<li><span style=\"color: #282828;\"><strong>T\u00ednh n\u0103ng \u0111i\u1ec1u ch\u1ec9nh v\u00e0 b\u1ea3o tr\u00ec d\u1ec5 d\u00e0ng<\/strong>: T\u1ea5t c\u1ea3 c\u00e1c m\u00f4 h\u00ecnh Gyracone \u0111\u1ec1u t\u00edch h\u1ee3p t\u00ednh n\u0103ng \u0111i\u1ec1u ch\u1ec9nh th\u1ee7y l\u1ef1c b\u1eb1ng n\u00fat nh\u1ea5n. H\u1ec7 th\u1ed1ng b\u00f4i tr\u01a1n\/hydraulic \u0111\u01b0\u1ee3c l\u00e0m m\u00e1t b\u1eb1ng kh\u00f4ng kh\u00ed. H\u1ed9p \u0111i\u1ec7n hydraulic v\u1edbi b\u00ecnh ch\u1ee9a \u0111\u01a1n v\u00e0 h\u1ec7 th\u1ed1ng ch\u1ec9 b\u00e1o CSS. Gi\u00fap qu\u00e1 tr\u00ecnh b\u1ea3o tr\u00ec tr\u1edf n\u00ean thu\u1eadn ti\u1ec7n h\u01a1n.<\/span><\/li>\n<\/ul>\n<h4 style=\"text-align: justify;\"><span style=\"color: #282828;\"><strong>K\u1ebft lu\u1eadn<\/strong><\/span><\/h4>\n<p style=\"text-align: justify;\"><span style=\"color: #282828;\">M\u00e1y <a href=\"https:\/\/tramnghien.com\/phan-biet-cac-loai-may-nghien-con\/\"  data-wpil-monitor-id=\"88\">nghi\u1ec1n c\u00f4n<\/a> J65 Terex\u00ae Jaques Gyracone l\u00e0 m\u1ed9t thi\u1ebft b\u1ecb kh\u00f4ng th\u1ec3 thi\u1ebfu cho c\u00e1c doanh nghi\u1ec7p. \u0110\u1eb7c bi\u1ec7t l\u00e0 ho\u1ea1t \u0111\u1ed9ng <a href=\"https:\/\/tramnghien.com\/uu-nhuoc-diem-cua-cac-cong-nghe-xu-ly-nuoc-bun-thai\/\"  data-wpil-monitor-id=\"26\">trong ng\u00e0nh c\u00f4ng nghi\u1ec7p khai th\u00e1c v\u00e0 ch\u1ebf bi\u1ebfn kho\u00e1ng s\u1ea3n<\/a>. V\u1edbi thi\u1ebft k\u1ebf m\u1ea1nh m\u1ebd, hi\u1ec7u su\u1ea5t cao v\u00e0 chi ph\u00ed v\u1eadn h\u00e0nh th\u1ea5p. Gyracone gi\u00fap qu\u00fd kh\u00e1ch t\u1ed1i \u01b0u h\u00f3a quy tr\u00ecnh <a href=\"https:\/\/tramnghien.com\/xu-ly-bun-thai-trong-san-xuat-cat-nhan-tao\/\"  data-wpil-monitor-id=\"70\">s\u1ea3n xu\u1ea5t<\/a> v\u00e0 n\u00e2ng cao hi\u1ec7u qu\u1ea3 kinh doanh. \u0110\u1ea7u t\u01b0 v\u00e0o d\u00f2ng s\u1ea3n ph\u1ea9m n\u00e0y s\u1ebd mang l\u1ea1i gi\u00e1 tr\u1ecb l\u00e2u d\u00e0i cho doanh nghi\u1ec7p c\u1ee7a qu\u00fd kh\u00e1ch.<\/span><\/p>\n<\/div>\n<\/div>\n<\/div>\n<\/div>\n","protected":false},"excerpt":{"rendered":"<table class=\"has-fixed-layout\">\n<tbody>\n<tr>\n<td>\u0e99\u0ec9\u0eb3\u0edc\u0eb1\u0e81<\/td>\n<td>105,820 lbs \/ 48,000 \u0e81\u0eb4\u200b\u0ec2\u0ea5<\/td>\n<\/tr>\n<tr>\n<td>\u0e84\u0ea7\u0eb2\u0ea1\u0ead\u0eb2\u0e94\u0eaa\u0eb2\u0ea1\u0eb2\u0e94<\/td>\n<td>305-760 tph \/ 280-690 mtph<\/td>\n<\/tr>\n<\/tbody>\n<\/table>","protected":false},"featured_media":1359,"template":"","meta":[],"product_brand":[],"product_cat":[69,72],"product_tag":[82],"class_list":{"0":"post-1355","1":"product","2":"type-product","3":"status-publish","4":"has-post-thumbnail","6":"product_cat-may-nghien-con","7":"product_cat-may-nghien-sang-terex","8":"product_tag-may-nghien-con","10":"first","11":"instock","12":"shipping-taxable","13":"product-type-grouped"},"yoast_head":"<!-- This site is optimized with the Yoast SEO Premium plugin v24.6 (Yoast SEO v27.5) - https:\/\/yoast.com\/product\/yoast-seo-premium-wordpress\/ -->\n<title>M\u00e1y nghi\u1ec1n c\u00f4n J65 - Nguy\u1ec5n Vinh - M\u00e1y nghi\u1ec1n \u0111\u00e1 &amp; C\u00e1t nh\u00e2n t\u1ea1o<\/title>\n<meta name=\"description\" content=\"D\u00f2ng m\u00e1y nghi\u1ec1n c\u00f4n J65 Terex\u00ae Jaques Gyracone l\u00e0 m\u1ed9t gi\u1ea3i ph\u00e1p l\u00fd t\u01b0\u1edfng cho c\u00e1c \u1ee9ng d\u1ee5ng nghi\u1ec1n ph\u1ee5, c\u0169ng nh\u01b0 nghi\u1ec1n giai \u0111o\u1ea1n 3, 4 ho\u1eb7c nghi\u1ec1n scats.\" \/>\n<meta name=\"robots\" content=\"index, follow, max-snippet:-1, max-image-preview:large, max-video-preview:-1\" \/>\n<link rel=\"canonical\" href=\"https:\/\/tramnghien.com\/lo\/may-nghien-con-j65\/\" \/>\n<meta property=\"og:locale\" content=\"en_US\" \/>\n<meta property=\"og:type\" content=\"article\" \/>\n<meta property=\"og:title\" content=\"M\u00e1y nghi\u1ec1n c\u00f4n J65\" \/>\n<meta property=\"og:description\" content=\"D\u00f2ng m\u00e1y nghi\u1ec1n c\u00f4n J65 Terex\u00ae Jaques Gyracone l\u00e0 m\u1ed9t gi\u1ea3i ph\u00e1p l\u00fd t\u01b0\u1edfng cho c\u00e1c \u1ee9ng d\u1ee5ng nghi\u1ec1n ph\u1ee5, c\u0169ng nh\u01b0 nghi\u1ec1n giai \u0111o\u1ea1n 3, 4 ho\u1eb7c nghi\u1ec1n scats.\" \/>\n<meta property=\"og:url\" content=\"https:\/\/tramnghien.com\/lo\/may-nghien-con-j65\/\" \/>\n<meta property=\"og:site_name\" content=\"Nguy\u1ec5n Vinh - M\u00e1y nghi\u1ec1n \u0111\u00e1 &amp; C\u00e1t nh\u00e2n t\u1ea1o\" \/>\n<meta property=\"article:modified_time\" content=\"2025-01-22T08:46:19+00:00\" \/>\n<meta property=\"og:image\" content=\"https:\/\/tramnghien.com\/wp-content\/uploads\/2024\/10\/xj50.webp\" \/>\n\t<meta property=\"og:image:width\" content=\"800\" \/>\n\t<meta property=\"og:image:height\" content=\"450\" \/>\n\t<meta property=\"og:image:type\" content=\"image\/webp\" \/>\n<meta name=\"twitter:card\" content=\"summary_large_image\" \/>\n<meta name=\"twitter:label1\" content=\"Availability\" \/>\n\t<meta name=\"twitter:data1\" content=\"In stock\" \/>\n<script type=\"application\/ld+json\" class=\"yoast-schema-graph\">{\"@context\":\"https:\\\/\\\/schema.org\",\"@graph\":[{\"@type\":\"WebPage\",\"@id\":\"https:\\\/\\\/tramnghien.com\\\/may-nghien-con-j65\\\/\",\"url\":\"https:\\\/\\\/tramnghien.com\\\/may-nghien-con-j65\\\/\",\"name\":\"M\u00e1y nghi\u1ec1n c\u00f4n J65 - Nguy\u1ec5n Vinh - M\u00e1y nghi\u1ec1n \u0111\u00e1 &amp; C\u00e1t nh\u00e2n t\u1ea1o\",\"isPartOf\":{\"@id\":\"https:\\\/\\\/tramnghien.com\\\/#website\"},\"primaryImageOfPage\":{\"@id\":\"https:\\\/\\\/tramnghien.com\\\/may-nghien-con-j65\\\/#primaryimage\"},\"image\":{\"@id\":\"https:\\\/\\\/tramnghien.com\\\/may-nghien-con-j65\\\/#primaryimage\"},\"thumbnailUrl\":\"https:\\\/\\\/tramnghien.com\\\/wp-content\\\/uploads\\\/2024\\\/10\\\/xj50.webp\",\"datePublished\":\"2024-10-17T03:25:18+00:00\",\"dateModified\":\"2025-01-22T08:46:19+00:00\",\"description\":\"D\u00f2ng m\u00e1y nghi\u1ec1n c\u00f4n J65 Terex\u00ae Jaques Gyracone l\u00e0 m\u1ed9t gi\u1ea3i ph\u00e1p l\u00fd t\u01b0\u1edfng cho c\u00e1c \u1ee9ng d\u1ee5ng nghi\u1ec1n ph\u1ee5, c\u0169ng nh\u01b0 nghi\u1ec1n giai \u0111o\u1ea1n 3, 4 ho\u1eb7c nghi\u1ec1n scats.\",\"breadcrumb\":{\"@id\":\"https:\\\/\\\/tramnghien.com\\\/may-nghien-con-j65\\\/#breadcrumb\"},\"inLanguage\":\"lo\",\"potentialAction\":[{\"@type\":\"ReadAction\",\"target\":[\"https:\\\/\\\/tramnghien.com\\\/may-nghien-con-j65\\\/\"]}]},{\"@type\":\"ImageObject\",\"inLanguage\":\"lo\",\"@id\":\"https:\\\/\\\/tramnghien.com\\\/may-nghien-con-j65\\\/#primaryimage\",\"url\":\"https:\\\/\\\/tramnghien.com\\\/wp-content\\\/uploads\\\/2024\\\/10\\\/xj50.webp\",\"contentUrl\":\"https:\\\/\\\/tramnghien.com\\\/wp-content\\\/uploads\\\/2024\\\/10\\\/xj50.webp\",\"width\":800,\"height\":450,\"caption\":\"M\u00e1y nghi\u1ec1n c\u00f4n J65\"},{\"@type\":\"BreadcrumbList\",\"@id\":\"https:\\\/\\\/tramnghien.com\\\/may-nghien-con-j65\\\/#breadcrumb\",\"itemListElement\":[{\"@type\":\"ListItem\",\"position\":1,\"name\":\"Home\",\"item\":\"https:\\\/\\\/tramnghien.com\\\/\"},{\"@type\":\"ListItem\",\"position\":2,\"name\":\"S\u1ea3n ph\u1ea9m\",\"item\":\"https:\\\/\\\/tramnghien.com\\\/san-pham\\\/\"},{\"@type\":\"ListItem\",\"position\":3,\"name\":\"M\u00e1y nghi\u1ec1n c\u00f4n J65\"}]},{\"@type\":\"WebSite\",\"@id\":\"https:\\\/\\\/tramnghien.com\\\/#website\",\"url\":\"https:\\\/\\\/tramnghien.com\\\/\",\"name\":\"Nguy\u1ec5n Vinh - M\u00e1y nghi\u1ec1n \u0111\u00e1 &amp; C\u00e1t nh\u00e2n t\u1ea1o\",\"description\":\"D\u1eabn \u0111\u1ea7u c\u00f4ng ngh\u1ec7 m\u00e1y nghi\u1ec1n t\u1ea1i Vi\u1ec7t Nam\",\"potentialAction\":[{\"@type\":\"SearchAction\",\"target\":{\"@type\":\"EntryPoint\",\"urlTemplate\":\"https:\\\/\\\/tramnghien.com\\\/?s={search_term_string}\"},\"query-input\":{\"@type\":\"PropertyValueSpecification\",\"valueRequired\":true,\"valueName\":\"search_term_string\"}}],\"inLanguage\":\"lo\"}]}<\/script>\n<meta property=\"og:availability\" content=\"instock\" \/>\n<meta property=\"product:availability\" content=\"instock\" \/>\n<meta property=\"product:condition\" content=\"new\" \/>\n<!-- \/ Yoast SEO Premium plugin. -->","yoast_head_json":{"title":"J65 Cone Crusher - Nguyen Vinh - Crusher \u0ec1\u0e81\u0e99 &amp; \u0e8a\u0eb2\u0e8d\u0e97\u0ebd\u0ea1","description":"Terex\u00ae Jaques Gyracone J65 cone crusher series \u0ec0\u0e9b\u0eb1\u0e99\u0e81\u0eb2\u0e99\u0ec1\u0e81\u0ec9\u0ec4\u0e82\u0e97\u0eb5\u0ec8\u0ec0\u0eab\u0ea1\u0eb2\u0eb0\u0eaa\u0ebb\u0ea1\u0eaa\u0ecd\u0eb2\u0ea5\u0eb1\u0e9a\u0e84\u0ecd\u0eb2\u0eae\u0ec9\u0ead\u0e87\u0eaa\u0eb0\u0eab\u0ea1\u0eb1\u0e81 crushing \u0e97\u0eb5\u0eaa\u0ead\u0e87, \u0ec0\u0e8a\u0eb1\u0ec8\u0e99\u0e94\u0ebd\u0ea7\u0e81\u0eb1\u0e99\u0e81\u0eb1\u0e9a\u0e81\u0eb2\u0e99 crushing \u0e82\u0eb1\u0ec9\u0e99\u0e95\u0ead\u0e99\u0e97\u0eb5 3, 4 \u0eab\u0ebc\u0eb7 scats crushing.","robots":{"index":"index","follow":"follow","max-snippet":"max-snippet:-1","max-image-preview":"max-image-preview:large","max-video-preview":"max-video-preview:-1"},"canonical":"https:\/\/tramnghien.com\/lo\/may-nghien-con-j65\/","og_locale":"en_US","og_type":"article","og_title":"M\u00e1y nghi\u1ec1n c\u00f4n J65","og_description":"D\u00f2ng m\u00e1y nghi\u1ec1n c\u00f4n J65 Terex\u00ae Jaques Gyracone l\u00e0 m\u1ed9t gi\u1ea3i ph\u00e1p l\u00fd t\u01b0\u1edfng cho c\u00e1c \u1ee9ng d\u1ee5ng nghi\u1ec1n ph\u1ee5, c\u0169ng nh\u01b0 nghi\u1ec1n giai \u0111o\u1ea1n 3, 4 ho\u1eb7c nghi\u1ec1n scats.","og_url":"https:\/\/tramnghien.com\/lo\/may-nghien-con-j65\/","og_site_name":"Nguy\u1ec5n Vinh - M\u00e1y nghi\u1ec1n \u0111\u00e1 &amp; C\u00e1t nh\u00e2n t\u1ea1o","article_modified_time":"2025-01-22T08:46:19+00:00","og_image":[{"width":800,"height":450,"url":"https:\/\/tramnghien.com\/wp-content\/uploads\/2024\/10\/xj50.webp","type":"image\/webp"}],"twitter_card":"summary_large_image","twitter_misc":{"Availability":"In stock"},"schema":{"@context":"https:\/\/schema.org","@graph":[{"@type":"WebPage","@id":"https:\/\/tramnghien.com\/may-nghien-con-j65\/","url":"https:\/\/tramnghien.com\/may-nghien-con-j65\/","name":"J65 Cone Crusher - Nguyen Vinh - Crusher \u0ec1\u0e81\u0e99 &amp; \u0e8a\u0eb2\u0e8d\u0e97\u0ebd\u0ea1","isPartOf":{"@id":"https:\/\/tramnghien.com\/#website"},"primaryImageOfPage":{"@id":"https:\/\/tramnghien.com\/may-nghien-con-j65\/#primaryimage"},"image":{"@id":"https:\/\/tramnghien.com\/may-nghien-con-j65\/#primaryimage"},"thumbnailUrl":"https:\/\/tramnghien.com\/wp-content\/uploads\/2024\/10\/xj50.webp","datePublished":"2024-10-17T03:25:18+00:00","dateModified":"2025-01-22T08:46:19+00:00","description":"Terex\u00ae Jaques Gyracone J65 cone crusher series \u0ec0\u0e9b\u0eb1\u0e99\u0e81\u0eb2\u0e99\u0ec1\u0e81\u0ec9\u0ec4\u0e82\u0e97\u0eb5\u0ec8\u0ec0\u0eab\u0ea1\u0eb2\u0eb0\u0eaa\u0ebb\u0ea1\u0eaa\u0ecd\u0eb2\u0ea5\u0eb1\u0e9a\u0e84\u0ecd\u0eb2\u0eae\u0ec9\u0ead\u0e87\u0eaa\u0eb0\u0eab\u0ea1\u0eb1\u0e81 crushing \u0e97\u0eb5\u0eaa\u0ead\u0e87, \u0ec0\u0e8a\u0eb1\u0ec8\u0e99\u0e94\u0ebd\u0ea7\u0e81\u0eb1\u0e99\u0e81\u0eb1\u0e9a\u0e81\u0eb2\u0e99 crushing \u0e82\u0eb1\u0ec9\u0e99\u0e95\u0ead\u0e99\u0e97\u0eb5 3, 4 \u0eab\u0ebc\u0eb7 scats crushing.","breadcrumb":{"@id":"https:\/\/tramnghien.com\/may-nghien-con-j65\/#breadcrumb"},"inLanguage":"lo","potentialAction":[{"@type":"ReadAction","target":["https:\/\/tramnghien.com\/may-nghien-con-j65\/"]}]},{"@type":"ImageObject","inLanguage":"lo","@id":"https:\/\/tramnghien.com\/may-nghien-con-j65\/#primaryimage","url":"https:\/\/tramnghien.com\/wp-content\/uploads\/2024\/10\/xj50.webp","contentUrl":"https:\/\/tramnghien.com\/wp-content\/uploads\/2024\/10\/xj50.webp","width":800,"height":450,"caption":"M\u00e1y nghi\u1ec1n c\u00f4n J65"},{"@type":"BreadcrumbList","@id":"https:\/\/tramnghien.com\/may-nghien-con-j65\/#breadcrumb","itemListElement":[{"@type":"ListItem","position":1,"name":"Home","item":"https:\/\/tramnghien.com\/"},{"@type":"ListItem","position":2,"name":"S\u1ea3n ph\u1ea9m","item":"https:\/\/tramnghien.com\/san-pham\/"},{"@type":"ListItem","position":3,"name":"M\u00e1y nghi\u1ec1n c\u00f4n J65"}]},{"@type":"WebSite","@id":"https:\/\/tramnghien.com\/#website","url":"https:\/\/tramnghien.com\/","name":"Nguyen Vinh - \u0ec0\u0e84\u0eb7\u0ec8\u0ead\u0e87\u0e9b\u0eb1\u0ec9\u0e99\u0eab\u0eb5\u0e99 &amp; \u0e8a\u0eb2\u0e8d\u0e97\u0ebd\u0ea1","description":"\u0ec0\u0e95\u0eb1\u0e81\u200b\u0ec2\u0e99\u200b\u0ec2\u0ea5\u200b\u0e8a\u0eb5 crusher \u0e8a\u0eb1\u0ec9\u0e99\u200b\u0e99\u0ecd\u0eb2\u200b\u0e82\u0ead\u0e87\u200b\u0eab\u0ea7\u0ebd\u0e94\u200b\u0e99\u0eb2\u0ea1","potentialAction":[{"@type":"SearchAction","target":{"@type":"EntryPoint","urlTemplate":"https:\/\/tramnghien.com\/?s={search_term_string}"},"query-input":{"@type":"PropertyValueSpecification","valueRequired":true,"valueName":"search_term_string"}}],"inLanguage":"lo"}]},"og_availability":"instock","product_availability":"instock","product_condition":"new"},"_links":{"self":[{"href":"https:\/\/tramnghien.com\/lo\/wp-json\/wp\/v2\/product\/1355","targetHints":{"allow":["GET"]}}],"collection":[{"href":"https:\/\/tramnghien.com\/lo\/wp-json\/wp\/v2\/product"}],"about":[{"href":"https:\/\/tramnghien.com\/lo\/wp-json\/wp\/v2\/types\/product"}],"wp:featuredmedia":[{"embeddable":true,"href":"https:\/\/tramnghien.com\/lo\/wp-json\/wp\/v2\/media\/1359"}],"wp:attachment":[{"href":"https:\/\/tramnghien.com\/lo\/wp-json\/wp\/v2\/media?parent=1355"}],"wp:term":[{"taxonomy":"product_brand","embeddable":true,"href":"https:\/\/tramnghien.com\/lo\/wp-json\/wp\/v2\/product_brand?post=1355"},{"taxonomy":"product_cat","embeddable":true,"href":"https:\/\/tramnghien.com\/lo\/wp-json\/wp\/v2\/product_cat?post=1355"},{"taxonomy":"product_tag","embeddable":true,"href":"https:\/\/tramnghien.com\/lo\/wp-json\/wp\/v2\/product_tag?post=1355"}],"curies":[{"name":"wp","href":"https:\/\/api.w.org\/{rel}","templated":true}]}}