{"id":1351,"date":"2024-10-17T03:23:20","date_gmt":"2024-10-17T03:23:20","guid":{"rendered":"https:\/\/tramnghien.com\/?post_type=product&#038;p=1351"},"modified":"2025-02-03T07:03:21","modified_gmt":"2025-02-03T07:03:21","slug":"may-nghien-con-tgs420","status":"publish","type":"product","link":"https:\/\/tramnghien.com\/lo\/may-nghien-con-tgs420\/","title":{"rendered":"\u0ec0\u0e84\u0eb7\u0ec8\u0ead\u0e87 crusher \u0ec2\u0e81\u0e99 TGS420"},"content":{"rendered":"<h3><strong>TGS Cone Crusher: \u0e81\u0eb2\u0e99\u0ec1\u0e81\u0ec9\u0ec4\u0e82\u0e97\u0eb5\u0ec8\u0ec0\u0eab\u0ea1\u0eb2\u0eb0\u0eaa\u0ebb\u0ea1\u0eaa\u0ecd\u0eb2\u0ea5\u0eb1\u0e9a\u0e81\u0eb2\u0e99\u0e9b\u0ea7\u0e94\u0eae\u0ead\u0e87<\/strong><\/h3>\n<p>\u0ec0\u0e84\u0eb7\u0ec8\u0ead\u0e87 crusher \u0ec2\u0e81\u0e99 TGS \u0e96\u0eb7\u0e81\u0ead\u0ead\u0e81\u0ec1\u0e9a\u0e9a\u0ea1\u0eb2\u0ec0\u0e9b\u0eb1\u0e99\u0e9e\u0eb4\u0ec0\u0eaa\u0e94\u0ec0\u0e9e\u0eb7\u0ec8\u0ead\u0e88\u0eb1\u0e94\u0e81\u0eb2\u0e99\u0ea7\u0eb1\u0e94\u0eaa\u0eb0\u0e94\u0eb8\u0e9b\u0ec9\u0ead\u0e99\u0e82\u0eb0\u0eab\u0e99\u0eb2\u0e94\u0ec3\u0eab\u0e8d\u0ec8\u0ec3\u0e99\u0e82\u0eb1\u0ec9\u0e99\u0e95\u0ead\u0e99\u0e81\u0eb2\u0e99\u0e9a\u0eb5\u0e9a\u0e82\u0eb1\u0ec9\u0e99\u0eaa\u0ead\u0e87. \u0ea1\u0eb5\u0e96\u0eb2\u0e99\u0e8d\u0eb6\u0e94\u0e94\u0ebd\u0ea7\u0e81\u0eb1\u0e99, \u0ea5\u0eb0\u0e9a\u0ebb\u0e9a\u0e82\u0eb1\u0e9a\u0ec1\u0ea5\u0eb0\u0e84\u0ea7\u0eb2\u0ea1\u0ead\u0eb2\u0e94\u0eaa\u0eb2\u0ea1\u0eb2\u0e94\u0ec0\u0e9b\u0eb1\u0e99 crusher \u0ec2\u0e81\u0e99 TG. TGS \u0e81\u0eb2\u0e8d\u0ec0\u0e9b\u0eb1\u0e99\u0e97\u0eb2\u0e87\u0ec0\u0ea5\u0eb7\u0ead\u0e81\u0e97\u0eb5\u0ec8\u0ec0\u0eab\u0ea1\u0eb2\u0eb0\u0eaa\u0ebb\u0ea1\u0eaa\u0ecd\u0eb2\u0ea5\u0eb1\u0e9a\u0e84\u0ecd\u0eb2\u0eae\u0ec9\u0ead\u0e87\u0eaa\u0eb0\u0eab\u0ea1\u0eb1\u0e81\u0e97\u0eb5\u0ec8\u0e95\u0ec9\u0ead\u0e87\u0e81\u0eb2\u0e99\u0e81\u0eb2\u0e99\u0e9b\u0eb8\u0e87\u0ec1\u0e95\u0ec8\u0e87\u0e9b\u0eb0\u0ea5\u0eb4\u0ea1\u0eb2\u0e99\u0eaa\u0eb9\u0e87. \u0ead\u0eb8\u200b\u0e9b\u0eb0\u200b\u0e81\u0ead\u0e99\u200b\u0e99\u0eb5\u0ec9\u200b\u0e8d\u0eb1\u0e87\u200b\u0eaa\u0eb2\u200b\u0ea1\u0eb2\u0e94\u200b\u0e96\u0eb7\u0e81\u200b\u0e99\u0ecd\u0eb2\u200b\u0ec3\u0e8a\u0ec9\u200b\u0eaa\u0ecd\u0eb2\u200b\u0ea5\u0eb1\u0e9a\u200b\u0e81\u0eb2\u0e99\u200b\u0e99\u0ecd\u0eb2\u200b\u0ec3\u0e8a\u0ec9 crushing \u0e95\u0ebb\u0ec9\u0e99\u200b\u0e95\u0ecd\u200b, \u0e81\u0eb2\u0e99\u200b\u0e84\u0ea7\u0e9a\u200b\u0e84\u0eb8\u0ea1\u200b\u0e81\u0eb2\u0e99\u200b\u0e9b\u0ec9\u0ead\u0e99\u200b\u0e82\u0ecd\u0ec9\u200b\u0ea1\u0eb9\u0e99\u200b\u0e88\u0eb2\u0e81\u200b\u0e94\u0eb4\u0e99\u200b\u0e8a\u0eb2\u0e8d\u200b\u0ec1\u0ea5\u0eb0 gravel\u200b.<\/p>\n<h4><strong>\u0e84\u0eb8\u0e99\u200b\u0e99\u0eb0\u200b\u0eaa\u0ebb\u0ea1\u200b\u0e9a\u0eb1\u0e94\u200b\u0e97\u0eb5\u0ec8\u200b\u0e9e\u0ebb\u0ec9\u0e99\u200b\u0ec0\u0e94\u0eb1\u0ec8\u0e99\u200b\u0e82\u0ead\u0e87 TGS cone crusher\u200b:<\/strong><\/h4>\n<ul>\n<li><strong>\u0e84\u0ea7\u0eb2\u0ea1\u0eaa\u0eb2\u0ea1\u0eb2\u0e94\u0ec3\u0e99\u0e81\u0eb2\u0e99\u0e8d\u0ead\u0ea1\u0eae\u0eb1\u0e9a\u0ea7\u0eb1\u0e94\u0eaa\u0eb0\u0e94\u0eb8\u0e82\u0eb0\u0eab\u0e99\u0eb2\u0e94\u0ec3\u0eab\u0e8d\u0ec8<\/strong>: \u0eaa\u0eb2\u0ea1\u0eb2\u0e94\u0e88\u0eb1\u0e94\u0e81\u0eb2\u0e99\u0ea7\u0eb1\u0e94\u0eaa\u0eb0\u0e94\u0eb8\u0e9b\u0ec9\u0ead\u0e99\u0e82\u0eb0\u0eab\u0e99\u0eb2\u0e94\u0ec3\u0eab\u0e8d\u0ec8. 65-80% \u0eab\u0ebc\u0eb2\u0e8d\u0e81\u0ec8\u0ea7\u0eb2\u0ec0\u0e84\u0eb7\u0ec8\u0ead\u0e87\u0e88\u0eb1\u0e81\u0ead\u0eb7\u0ec8\u0e99\u0ec6 <a href=\"https:\/\/tramnghien.com\/lo\/phan-biet-cac-loai-may-nghien-con\/\"  data-wpil-monitor-id=\"89\">crusher \u0ec2\u0e81\u0e99<\/a> \u0ec1\u0e95\u0e81\u0e95\u0ec8\u0eb2\u0e87\u0e81\u0eb1\u0e99\u0ec3\u0e99\u0e84\u0ea7\u0eb2\u0ea1\u0eaa\u0eb2\u0ea1\u0eb2\u0e94\u0e94\u0ebd\u0ea7\u0e81\u0eb1\u0e99. \u0e99\u0eb5\u0ec9\u0e8a\u0ec8\u0ea7\u0e8d\u0ec0\u0e9e\u0eb5\u0ec8\u0ea1\u0e9b\u0eb0\u0eaa\u0eb4\u0e94\u0e97\u0eb4\u0e9e\u0eb2\u0e9a. <a href=\"https:\/\/tramnghien.com\/lo\/xu-ly-bun-thai-trong-san-xuat-cat-nhan-tao\/\"  data-wpil-monitor-id=\"69\">\u0e81\u0eb2\u0e99\u0e9c\u0eb0\u0ea5\u0eb4\u0e94<\/a> \u0ec1\u0ea5\u0eb0\u0eab\u0ebc\u0eb8\u0e94\u0e9c\u0ec8\u0ead\u0e99\u0ec0\u0ea7\u0ea5\u0eb2\u0ea2\u0eb8\u0e94\u0ec0\u0eae\u0eb1\u0e94\u0ea7\u0ebd\u0e81.<\/li>\n<li><strong>\u0e81\u0eb2\u0e99\u0ead\u0ead\u0e81\u0ec1\u0e9a\u0e9a\u0eab\u0ebb\u0ea7\u0ead\u0ebd\u0e87<\/strong>: \u0e81\u0eb2\u0e99\u0ead\u0ead\u0e81\u0ec1\u0e9a\u0e9a\u0e99\u0eb5\u0ec9\u0ec0\u0e9e\u0eb5\u0ec8\u0ea1\u0e84\u0ea7\u0eb2\u0ea1\u0eaa\u0eb2\u0ea1\u0eb2\u0e94\u0ec3\u0e99\u0e81\u0eb2\u0e99\u0e88\u0eb1\u0e94\u0e81\u0eb2\u0e99. \u0eae\u0eb1\u0e81\u0eaa\u0eb2\u0e81\u0eb2\u0e99\u0e9b\u0ec9\u0ead\u0e99\u0e82\u0ecd\u0ec9\u0ea1\u0eb9\u0e99\u0ea2\u0ec8\u0eb2\u0e87\u0e95\u0ecd\u0ec8\u0ec0\u0e99\u0eb7\u0ec8\u0ead\u0e87 \u0eab\u0ebc\u0eb7\u0ec0\u0e9b\u0eb1\u0e99\u0ec4\u0ea5\u0e8d\u0eb0\u0ec6. \u0e99\u0eb5\u0ec9\u0eaa\u0eb0\u0eab\u0e99\u0ead\u0e87\u0e84\u0ea7\u0eb2\u0ea1\u0eab\u0ea1\u0eb1\u0ec9\u0e99\u0e84\u0ebb\u0e87\u0e81\u0eb1\u0e9a inlet \u0e95\u0eb0\u0eab\u0ebc\u0ead\u0e94\u0e8a\u0eb5\u0ea7\u0eb4\u0e94\u0e82\u0ead\u0e87 liner \u0ec4\u0e94\u0ec9. \u0ea2\u0ec8\u0eb2\u0eab\u0ebc\u0eb8\u0e94\u0e82\u0eb0\u0edc\u0eb2\u0e94\u0e81\u0eb2\u0e99\u0e9b\u0ec9\u0ead\u0e99\u0e82\u0ecd\u0ec9\u0ea1\u0eb9\u0e99\u0eaa\u0eb9\u0e87\u0eaa\u0eb8\u0e94.<\/li>\n<li><strong>\u0eab\u0ebc\u0eb8\u0e94\u0e9c\u0ec8\u0ead\u0e99\u0e81\u0eb2\u0e99\u0eaa\u0eb1\u0ec8\u0e99\u0eaa\u0eb0\u0ec0\u0e97\u0eb7\u0ead\u0e99<\/strong>: \u0e88\u0ecd\u0eb2\u0e81\u0eb1\u0e94\u0e81\u0eb2\u0e99\u0ec0\u0eab\u0e99\u0eb1\u0e87\u0e95\u0eb5\u0e87\u0e82\u0ead\u0e87\u0e81\u0eb2\u0e99\u0e88\u0eb1\u0e94\u0e9b\u0eb0\u0ec0\u0e9e\u0e94\u0e9c\u0eb0\u0ea5\u0eb4\u0e94\u0e95\u0eb0\u0e9e\u0eb1\u0e99\u0e9c\u0ebb\u0e99\u0e9c\u0eb0\u0ea5\u0eb4\u0e94. \u0eae\u0eb1\u0e9a\u0e9b\u0eb0\u0e81\u0eb1\u0e99\u0e84\u0eb8\u0e99\u0e99\u0eb0\u0e9e\u0eb2\u0e9a\u0e82\u0ead\u0e87\u0e9c\u0eb0\u0ea5\u0eb4\u0e94\u0e95\u0eb0\u0e9e\u0eb1\u0e99\u0eaa\u0eb8\u0e94\u0e97\u0ec9\u0eb2\u0e8d.<\/li>\n<li><strong>\u0ea5\u0eb0\u0e9a\u0ebb\u0e9a\u0e81\u0eb2\u0e99\u0e84\u0ea7\u0e9a\u0e84\u0eb8\u0ea1\u0ead\u0eb1\u0e94\u0e95\u0eb0\u0ec2\u0e99\u0ea1\u0eb1\u0e94\u0ec1\u0e9a\u0e9a\u0e9e\u0eb4\u0ec0\u0eaa\u0e94<\/strong>: \u0e9e\u0ec9\u0ead\u0ea1\u0e94\u0ec9\u0ea7\u0e8d\u0ea5\u0eb0\u0e9a\u0ebb\u0e9a\u0e84\u0ea7\u0e9a\u0e84\u0eb8\u0ea1\u0ead\u0eb1\u0e94\u0e95\u0eb0\u0ec2\u0e99\u0ea1\u0eb1\u0e94 \u0e8a\u0ec8\u0ea7\u0e8d\u0ec3\u0eab\u0ec9\u0e9c\u0eb9\u0ec9\u0ec3\u0e8a\u0ec9\u0eaa\u0eb2\u0ea1\u0eb2\u0e94\u0e9b\u0eb1\u0e9a\u0e95\u0ebb\u0ea7 \u0ec1\u0ea5\u0eb0 \u0e9b\u0eb1\u0e9a\u0ec1\u0e95\u0ec8\u0e87\u0e82\u0eb0\u0e9a\u0ea7\u0e99\u0e81\u0eb2\u0e99\u0e82\u0eb1\u0e94\u0ec4\u0e94\u0ec9\u0e87\u0ec8\u0eb2\u0e8d. \u0ec0\u0e84\u0eb7\u0ec8\u0ead\u0e87\u0ea1\u0eb5\u0e84\u0ea7\u0eb2\u0ea1\u0eab\u0ea5\u0eb2\u0e81\u0eab\u0ea5\u0eb2\u0e8d\u0e82\u0ead\u0e87\u0eaa\u0eb0\u0e9e\u0eb2\u0e81\u0eb2\u0e99 grinding \u0ec1\u0ea5\u0eb0\u0e97\u0eb2\u0e87\u0ec0\u0ea5\u0eb7\u0ead\u0e81 eccentricity. \u0eaa\u0eb2\u0ea1\u0eb2\u0e94\u0e9b\u0eb1\u0e9a\u0e95\u0ebb\u0ea7\u0ec4\u0e94\u0ec9\u0ea2\u0ec8\u0eb2\u0e87\u0e87\u0ec8\u0eb2\u0e8d\u0e94\u0eb2\u0e8d\u0e81\u0eb1\u0e9a\u0e84\u0ea7\u0eb2\u0ea1\u0e95\u0ec9\u0ead\u0e87\u0e81\u0eb2\u0e99\u0e84\u0ecd\u0eb2\u0eae\u0ec9\u0ead\u0e87\u0eaa\u0eb0\u0eab\u0ea1\u0eb1\u0e81\u0ec3\u0e94\u0ec6.<\/li>\n<li><strong>\u0e84\u0ec8\u0eb2\u0ec3\u0e8a\u0ec9\u0e88\u0ec8\u0eb2\u0e8d\u0e9b\u0eb0\u0eaa\u0eb4\u0e94\u0e97\u0eb4\u0e9e\u0eb2\u0e9a\u0e9b\u0eb0\u0eaa\u0eb4\u0e94\u0e97\u0eb4\u0e9e\u0eb2\u0e9a<\/strong>: \u0e9c\u0ebb\u0e99\u0e9c\u0eb0\u0ea5\u0eb4\u0e94\u0e97\u0eb5\u0ec8\u0ec2\u0e94\u0e94\u0ec0\u0e94\u0eb1\u0ec8\u0e99. \u0eaa\u0ebb\u0ec8\u0e87\u0e84\u0ec8\u0eb2\u0ec3\u0e8a\u0ec9\u0e88\u0ec8\u0eb2\u0e8d\u0eaa\u0eb0\u0ec0\u0ea5\u0ec8\u0e8d\u0e95\u0ec8\u0ecd\u0eb2\u0e95\u0ecd\u0ec8\u0ec2\u0e95\u0e99\u0e82\u0ead\u0e87\u0e9c\u0eb0\u0ea5\u0eb4\u0e94\u0e95\u0eb0\u0e9e\u0eb1\u0e99. \u0e99\u0eb5\u0ec9\u0e8a\u0ec8\u0ea7\u0e8d\u0ec0\u0e9e\u0eb5\u0ec8\u0ea1\u0e9b\u0eb0\u0eaa\u0eb4\u0e94\u0e97\u0eb4\u0e9e\u0eb2\u0e9a\u0e87\u0ebb\u0e9a\u0e9b\u0eb0\u0ea1\u0eb2\u0e99\u0eaa\u0ecd\u0eb2\u0ea5\u0eb1\u0e9a\u0e97\u0eb8\u0ea5\u0eb0\u0e81\u0eb4\u0e94.<\/li>\n<\/ul>\n<h4><strong>\u0eaa\u0eb0\u0eab\u0ebc\u0eb8\u0e9a<\/strong><\/h4>\n<p>\u0ec0\u0e84\u0eb7\u0ec8\u0ead\u0e87 <a href=\"https:\/\/tramnghien.com\/lo\/%e0%ba%81%e0%ba%b2%e0%ba%99%e0%ba%9c%e0%ba%b0%e0%ba%a5%e0%ba%b4%e0%ba%94%e0%ba%94%e0%ba%b4%e0%ba%99%e0%ba%8a%e0%ba%b2%e0%ba%8d%e0%ba%97%e0%ba%bd%e0%ba%a1%e0%bb%81%e0%ba%a1%e0%bb%88%e0%ba%99%e0%bb%81\/\"  data-wpil-monitor-id=\"134\">crusher \u0ec2\u0e81\u0e99<\/a> TGS \u0ec0\u0e9b\u0eb1\u0e99\u0e97\u0eb2\u0e87\u0ec0\u0ea5\u0eb7\u0ead\u0e81\u0e97\u0eb5\u0ec8\u0eaa\u0ebb\u0ea1\u0e9a\u0eb9\u0e99\u0ec1\u0e9a\u0e9a\u0eaa\u0ecd\u0eb2\u0ea5\u0eb1\u0e9a\u0e97\u0ec8\u0eb2\u0e99. \u0ec2\u0e94\u0e8d\u0eaa\u0eb0\u0ec0\u0e9e\u0eb2\u0eb0\u0ec1\u0ea1\u0ec8\u0e99\u0eaa\u0ecd\u0eb2\u0ea5\u0eb1\u0e9a\u0e97\u0eb8\u0ea5\u0eb0\u0e81\u0eb4\u0e94\u0e97\u0eb5\u0ec8\u0e95\u0ec9\u0ead\u0e87\u0e81\u0eb2\u0e99\u0ead\u0eb8\u0e9b\u0eb0\u0e81\u0ead\u0e99\u0e97\u0eb5\u0ec8\u0ea1\u0eb5\u0e84\u0ea7\u0eb2\u0ea1\u0eaa\u0eb2\u0ea1\u0eb2\u0e94\u0ec3\u0e99\u0e81\u0eb2\u0e99\u0e88\u0eb1\u0e94\u0e81\u0eb2\u0e99\u0ea7\u0eb1\u0e94\u0e96\u0eb8\u0e94\u0eb4\u0e9a\u0e82\u0eb0\u0eab\u0e99\u0eb2\u0e94\u0ec3\u0eab\u0e8d\u0ec8\u0e97\u0eb5\u0ec8\u0ea1\u0eb5\u0e9b\u0eb0\u0eaa\u0eb4\u0e94\u0e97\u0eb4\u0e9e\u0eb2\u0e9a\u0eaa\u0eb9\u0e87. \u0e94\u0ec9\u0ea7\u0e8d\u0e81\u0eb2\u0e99\u0ead\u0ead\u0e81\u0ec1\u0e9a\u0e9a\u0ead\u0eb1\u0e94\u0eaa\u0eb0\u0ea5\u0eb4\u0e8d\u0eb0 \u0ec1\u0ea5\u0eb0\u0e84\u0eb8\u0e99\u0eaa\u0ebb\u0ea1\u0e9a\u0eb1\u0e94\u0ead\u0eb1\u0e94\u0e95\u0eb0\u0ec2\u0e99\u0ea1\u0eb1\u0e94. TGS \u0e95\u0ead\u0e9a\u0eaa\u0eb0\u0eab\u0e99\u0ead\u0e87\u0e84\u0ea7\u0eb2\u0ea1\u0e95\u0ec9\u0ead\u0e87\u0e81\u0eb2\u0e99\u0e97\u0eb5\u0ec8\u0ec0\u0e82\u0eb1\u0ec9\u0ea1\u0e87\u0ea7\u0e94\u0e82\u0ead\u0e87\u0ead\u0eb8\u0e94\u0eaa\u0eb2\u0eab\u0eb0\u0e81\u0ecd\u0eb2\u0e8a\u0ec8\u0ea7\u0e8d\u0eab\u0ebc\u0eb8\u0e94\u0e9c\u0ec8\u0ead\u0e99\u0e84\u0ec8\u0eb2\u0ec3\u0e8a\u0ec9\u0e88\u0ec8\u0eb2\u0e8d\u0ec3\u0e99\u0e81\u0eb2\u0e99\u0e94\u0ecd\u0eb2\u0ec0\u0e99\u0eb5\u0e99\u0e87\u0eb2\u0e99. \u0ea5\u0ebb\u0e87\u0e97\u0eb6\u0e99\u0ec3\u0e99\u0ec0\u0e84\u0eb7\u0ec8\u0ead\u0e87\u0e88\u0eb1\u0e81 <a href=\"https:\/\/tramnghien.com\/lo\/bao-duong-may-nghien-con-dung-cach-tang-tuoi-tho-thiet-bi\/\"  data-wpil-monitor-id=\"110\">crusher \u0ec2\u0e81\u0e99<\/a> TGS \u0e88\u0eb0\u0e99\u0ecd\u0eb2\u0ec0\u0ead\u0ebb\u0eb2\u0e9c\u0ebb\u0e99\u0e9b\u0eb0\u0ec2\u0eab\u0e8d\u0e94\u0ec4\u0ea5\u0e8d\u0eb0\u0e8d\u0eb2\u0ea7. \u0e9b\u0eb1\u0e9a\u0e9b\u0eb8\u0e87\u0e9b\u0eb0\u0eaa\u0eb4\u0e94\u0e97\u0eb4\u0e9e\u0eb2\u0e9a <a href=\"https:\/\/tramnghien.com\/lo\/uu-nhuoc-diem-cua-cac-cong-nghe-xu-ly-nuoc-bun-thai\/\"  data-wpil-monitor-id=\"25\">\u0e81\u0eb2\u0e99\u0e9c\u0eb0\u0ea5\u0eb4\u0e94\u0eaa\u0ecd\u0eb2\u0ea5\u0eb1\u0e9a\u0e97\u0eb8\u0ea5\u0eb0\u0e81\u0eb4\u0e94<\/a> \u0ea5\u0eb9\u0e81\u0e84\u0ec9\u0eb2\u0e97\u0eb5\u0ec8\u0eae\u0eb1\u0e81\u0ec1\u0e9e\u0e87.<\/p>","protected":false},"excerpt":{"rendered":"<table>\n<tbody>\n<tr>\n<td>\u0e84\u0ea7\u0eb2\u0ea1\u0ead\u0eb2\u0e94\u0eaa\u0eb2\u0ea1\u0eb2\u0e94\u0eaa\u0eb9\u0e87\u0eaa\u0eb8\u0e94<\/td>\n<td>1102-1157 tph \/ 1000-1050 mtph<\/td>\n<\/tr>\n<tr>\n<td>\u0e82\u0eb0\u0edc\u0eb2\u0e94\u0ea1\u0ecd\u0ec0\u0e95\u0eb5<\/td>\n<td>422 \u0ec1\u0eae\u0e87\u0ea1\u0ec9\u0eb2 \/ 315 kW<\/td>\n<\/tr>\n<tr>\n<td>\u0e82\u0eb0\u0edc\u0eb2\u0e94\u0ead\u0eb2\u0eab\u0eb2\u0e99\u0eaa\u0eb9\u0e87\u0eaa\u0eb8\u0e94<\/td>\n<td>1&#039;3 3\/16 \u0e99\u0eb4\u0ec9\u0ea7 \/ 385 \u0ea1\u0ea1<\/td>\n<\/tr>\n<tr>\n<td>\u0e99\u0ec9\u0eb3\u0edc\u0eb1\u0e81<\/td>\n<td>80,469 lbs \/ 36,500 \u0e81\u0eb4\u200b\u0ec2\u0ea5<\/td>\n<\/tr>\n<tr>\n<td>\u0e8a\u0ec8\u0ea7\u0e87 CSS<\/td>\n<td>1 1\/2\u2033-2 3\/4\u2033 \/ 38-70 \u0ea1\u0ea1<\/td>\n<\/tr>\n<\/tbody>\n<\/table>","protected":false},"featured_media":1352,"template":"","meta":[],"product_brand":[],"product_cat":[69,72],"product_tag":[82],"class_list":{"0":"post-1351","1":"product","2":"type-product","3":"status-publish","4":"has-post-thumbnail","6":"product_cat-may-nghien-con","7":"product_cat-may-nghien-sang-terex","8":"product_tag-may-nghien-con","10":"first","11":"instock","12":"shipping-taxable","13":"product-type-grouped"},"yoast_head":"<!-- This site is optimized with the Yoast SEO Premium plugin v24.6 (Yoast SEO v27.4) - https:\/\/yoast.com\/product\/yoast-seo-premium-wordpress\/ -->\n<title>M\u00e1y nghi\u1ec1n c\u00f4n TGS420 - Nguy\u1ec5n Vinh - M\u00e1y nghi\u1ec1n \u0111\u00e1 &amp; C\u00e1t nh\u00e2n t\u1ea1o<\/title>\n<meta name=\"description\" content=\"M\u00e1y nghi\u1ec1n c\u00f4n TGS \u0111\u01b0\u1ee3c thi\u1ebft k\u1ebf \u0111\u1eb7c bi\u1ec7t \u0111\u1ec3 x\u1eed l\u00fd nguy\u00ean li\u1ec7u \u0111\u1ea7u v\u00e0o l\u1edbn trong giai \u0111o\u1ea1n nghi\u1ec1n th\u1ee9 c\u1ea5p, l\u00e0 l\u1ef1a ch\u1ecdn l\u00fd t\u01b0\u1edfng cho qu\u00fd kh\u00e1ch.\" \/>\n<meta name=\"robots\" content=\"index, follow, max-snippet:-1, max-image-preview:large, max-video-preview:-1\" \/>\n<link rel=\"canonical\" href=\"https:\/\/tramnghien.com\/lo\/may-nghien-con-tgs420\/\" \/>\n<meta property=\"og:locale\" content=\"en_US\" \/>\n<meta property=\"og:type\" content=\"article\" \/>\n<meta property=\"og:title\" content=\"M\u00e1y nghi\u1ec1n c\u00f4n TGS420\" \/>\n<meta property=\"og:description\" content=\"M\u00e1y nghi\u1ec1n c\u00f4n TGS \u0111\u01b0\u1ee3c thi\u1ebft k\u1ebf \u0111\u1eb7c bi\u1ec7t \u0111\u1ec3 x\u1eed l\u00fd nguy\u00ean li\u1ec7u \u0111\u1ea7u v\u00e0o l\u1edbn trong giai \u0111o\u1ea1n nghi\u1ec1n th\u1ee9 c\u1ea5p, l\u00e0 l\u1ef1a ch\u1ecdn l\u00fd t\u01b0\u1edfng cho qu\u00fd kh\u00e1ch.\" \/>\n<meta property=\"og:url\" content=\"https:\/\/tramnghien.com\/lo\/may-nghien-con-tgs420\/\" \/>\n<meta property=\"og:site_name\" content=\"Nguy\u1ec5n Vinh - M\u00e1y nghi\u1ec1n \u0111\u00e1 &amp; C\u00e1t nh\u00e2n t\u1ea1o\" \/>\n<meta property=\"article:modified_time\" content=\"2025-02-03T07:03:21+00:00\" \/>\n<meta property=\"og:image\" content=\"https:\/\/tramnghien.com\/wp-content\/uploads\/2024\/10\/tgs420_side-1.webp\" \/>\n\t<meta property=\"og:image:width\" content=\"800\" \/>\n\t<meta property=\"og:image:height\" content=\"450\" \/>\n\t<meta property=\"og:image:type\" content=\"image\/webp\" \/>\n<meta name=\"twitter:card\" content=\"summary_large_image\" \/>\n<meta name=\"twitter:label1\" content=\"Availability\" \/>\n\t<meta name=\"twitter:data1\" content=\"In stock\" \/>\n<script type=\"application\/ld+json\" class=\"yoast-schema-graph\">{\"@context\":\"https:\\\/\\\/schema.org\",\"@graph\":[{\"@type\":\"WebPage\",\"@id\":\"https:\\\/\\\/tramnghien.com\\\/may-nghien-con-tgs420\\\/\",\"url\":\"https:\\\/\\\/tramnghien.com\\\/may-nghien-con-tgs420\\\/\",\"name\":\"M\u00e1y nghi\u1ec1n c\u00f4n TGS420 - Nguy\u1ec5n Vinh - M\u00e1y nghi\u1ec1n \u0111\u00e1 &amp; C\u00e1t nh\u00e2n t\u1ea1o\",\"isPartOf\":{\"@id\":\"https:\\\/\\\/tramnghien.com\\\/#website\"},\"primaryImageOfPage\":{\"@id\":\"https:\\\/\\\/tramnghien.com\\\/may-nghien-con-tgs420\\\/#primaryimage\"},\"image\":{\"@id\":\"https:\\\/\\\/tramnghien.com\\\/may-nghien-con-tgs420\\\/#primaryimage\"},\"thumbnailUrl\":\"https:\\\/\\\/tramnghien.com\\\/wp-content\\\/uploads\\\/2024\\\/10\\\/tgs420_side-1.webp\",\"datePublished\":\"2024-10-17T03:23:20+00:00\",\"dateModified\":\"2025-02-03T07:03:21+00:00\",\"description\":\"M\u00e1y nghi\u1ec1n c\u00f4n TGS \u0111\u01b0\u1ee3c thi\u1ebft k\u1ebf \u0111\u1eb7c bi\u1ec7t \u0111\u1ec3 x\u1eed l\u00fd nguy\u00ean li\u1ec7u \u0111\u1ea7u v\u00e0o l\u1edbn trong giai \u0111o\u1ea1n nghi\u1ec1n th\u1ee9 c\u1ea5p, l\u00e0 l\u1ef1a ch\u1ecdn l\u00fd t\u01b0\u1edfng cho qu\u00fd kh\u00e1ch.\",\"breadcrumb\":{\"@id\":\"https:\\\/\\\/tramnghien.com\\\/may-nghien-con-tgs420\\\/#breadcrumb\"},\"inLanguage\":\"lo\",\"potentialAction\":[{\"@type\":\"ReadAction\",\"target\":[\"https:\\\/\\\/tramnghien.com\\\/may-nghien-con-tgs420\\\/\"]}]},{\"@type\":\"ImageObject\",\"inLanguage\":\"lo\",\"@id\":\"https:\\\/\\\/tramnghien.com\\\/may-nghien-con-tgs420\\\/#primaryimage\",\"url\":\"https:\\\/\\\/tramnghien.com\\\/wp-content\\\/uploads\\\/2024\\\/10\\\/tgs420_side-1.webp\",\"contentUrl\":\"https:\\\/\\\/tramnghien.com\\\/wp-content\\\/uploads\\\/2024\\\/10\\\/tgs420_side-1.webp\",\"width\":800,\"height\":450,\"caption\":\"M\u00e1y nghi\u1ec1n c\u00f4n TGS\"},{\"@type\":\"BreadcrumbList\",\"@id\":\"https:\\\/\\\/tramnghien.com\\\/may-nghien-con-tgs420\\\/#breadcrumb\",\"itemListElement\":[{\"@type\":\"ListItem\",\"position\":1,\"name\":\"Home\",\"item\":\"https:\\\/\\\/tramnghien.com\\\/\"},{\"@type\":\"ListItem\",\"position\":2,\"name\":\"S\u1ea3n ph\u1ea9m\",\"item\":\"https:\\\/\\\/tramnghien.com\\\/san-pham\\\/\"},{\"@type\":\"ListItem\",\"position\":3,\"name\":\"M\u00e1y nghi\u1ec1n c\u00f4n TGS420\"}]},{\"@type\":\"WebSite\",\"@id\":\"https:\\\/\\\/tramnghien.com\\\/#website\",\"url\":\"https:\\\/\\\/tramnghien.com\\\/\",\"name\":\"Nguy\u1ec5n Vinh - M\u00e1y nghi\u1ec1n \u0111\u00e1 &amp; C\u00e1t nh\u00e2n t\u1ea1o\",\"description\":\"D\u1eabn \u0111\u1ea7u c\u00f4ng ngh\u1ec7 m\u00e1y nghi\u1ec1n t\u1ea1i Vi\u1ec7t Nam\",\"potentialAction\":[{\"@type\":\"SearchAction\",\"target\":{\"@type\":\"EntryPoint\",\"urlTemplate\":\"https:\\\/\\\/tramnghien.com\\\/?s={search_term_string}\"},\"query-input\":{\"@type\":\"PropertyValueSpecification\",\"valueRequired\":true,\"valueName\":\"search_term_string\"}}],\"inLanguage\":\"lo\"}]}<\/script>\n<meta property=\"og:availability\" content=\"instock\" \/>\n<meta property=\"product:availability\" content=\"instock\" \/>\n<meta property=\"product:condition\" content=\"new\" \/>\n<!-- \/ Yoast SEO Premium plugin. -->","yoast_head_json":{"title":"TGS420 Cone Crusher - Nguyen Vinh - \u0ec1\u0e81\u0e99 Crusher &amp; \u0e8a\u0eb2\u0e8d\u0e97\u0ebd\u0ea1","description":"\u0ec0\u0e84\u0eb7\u0ec8\u0ead\u0e87 crusher \u0ec2\u0e81\u0e99 TGS \u0e96\u0eb7\u0e81\u0ead\u0ead\u0e81\u0ec1\u0e9a\u0e9a\u0ea1\u0eb2\u0ec0\u0e9b\u0eb1\u0e99\u0e9e\u0eb4\u0ec0\u0eaa\u0e94\u0ec0\u0e9e\u0eb7\u0ec8\u0ead\u0e88\u0eb1\u0e94\u0e81\u0eb2\u0e99\u0ea7\u0eb1\u0e94\u0eaa\u0eb0\u0e94\u0eb8\u0e9b\u0ec9\u0ead\u0e99\u0e82\u0eb0\u0eab\u0e99\u0eb2\u0e94\u0ec3\u0eab\u0e8d\u0ec8\u0ec3\u0e99\u0e82\u0eb1\u0ec9\u0e99\u0e95\u0ead\u0e99\u0e81\u0eb2\u0e99\u0e9a\u0eb5\u0e9a\u0e82\u0eb1\u0ec9\u0e99\u0eaa\u0ead\u0e87, \u0ec0\u0e8a\u0eb4\u0ec8\u0e87\u0ec0\u0e9b\u0eb1\u0e99\u0e97\u0eb2\u0e87\u0ec0\u0ea5\u0eb7\u0ead\u0e81\u0e97\u0eb5\u0ec8\u0ec0\u0eab\u0ea1\u0eb2\u0eb0\u0eaa\u0ebb\u0ea1\u0eaa\u0ecd\u0eb2\u0ea5\u0eb1\u0e9a\u0e97\u0ec8\u0eb2\u0e99.","robots":{"index":"index","follow":"follow","max-snippet":"max-snippet:-1","max-image-preview":"max-image-preview:large","max-video-preview":"max-video-preview:-1"},"canonical":"https:\/\/tramnghien.com\/lo\/may-nghien-con-tgs420\/","og_locale":"en_US","og_type":"article","og_title":"M\u00e1y nghi\u1ec1n c\u00f4n TGS420","og_description":"M\u00e1y nghi\u1ec1n c\u00f4n TGS \u0111\u01b0\u1ee3c thi\u1ebft k\u1ebf \u0111\u1eb7c bi\u1ec7t \u0111\u1ec3 x\u1eed l\u00fd nguy\u00ean li\u1ec7u \u0111\u1ea7u v\u00e0o l\u1edbn trong giai \u0111o\u1ea1n nghi\u1ec1n th\u1ee9 c\u1ea5p, l\u00e0 l\u1ef1a ch\u1ecdn l\u00fd t\u01b0\u1edfng cho qu\u00fd kh\u00e1ch.","og_url":"https:\/\/tramnghien.com\/lo\/may-nghien-con-tgs420\/","og_site_name":"Nguy\u1ec5n Vinh - M\u00e1y nghi\u1ec1n \u0111\u00e1 &amp; C\u00e1t nh\u00e2n t\u1ea1o","article_modified_time":"2025-02-03T07:03:21+00:00","og_image":[{"width":800,"height":450,"url":"https:\/\/tramnghien.com\/wp-content\/uploads\/2024\/10\/tgs420_side-1.webp","type":"image\/webp"}],"twitter_card":"summary_large_image","twitter_misc":{"Availability":"In stock"},"schema":{"@context":"https:\/\/schema.org","@graph":[{"@type":"WebPage","@id":"https:\/\/tramnghien.com\/may-nghien-con-tgs420\/","url":"https:\/\/tramnghien.com\/may-nghien-con-tgs420\/","name":"TGS420 Cone Crusher - Nguyen Vinh - \u0ec1\u0e81\u0e99 Crusher &amp; \u0e8a\u0eb2\u0e8d\u0e97\u0ebd\u0ea1","isPartOf":{"@id":"https:\/\/tramnghien.com\/#website"},"primaryImageOfPage":{"@id":"https:\/\/tramnghien.com\/may-nghien-con-tgs420\/#primaryimage"},"image":{"@id":"https:\/\/tramnghien.com\/may-nghien-con-tgs420\/#primaryimage"},"thumbnailUrl":"https:\/\/tramnghien.com\/wp-content\/uploads\/2024\/10\/tgs420_side-1.webp","datePublished":"2024-10-17T03:23:20+00:00","dateModified":"2025-02-03T07:03:21+00:00","description":"\u0ec0\u0e84\u0eb7\u0ec8\u0ead\u0e87 crusher \u0ec2\u0e81\u0e99 TGS \u0e96\u0eb7\u0e81\u0ead\u0ead\u0e81\u0ec1\u0e9a\u0e9a\u0ea1\u0eb2\u0ec0\u0e9b\u0eb1\u0e99\u0e9e\u0eb4\u0ec0\u0eaa\u0e94\u0ec0\u0e9e\u0eb7\u0ec8\u0ead\u0e88\u0eb1\u0e94\u0e81\u0eb2\u0e99\u0ea7\u0eb1\u0e94\u0eaa\u0eb0\u0e94\u0eb8\u0e9b\u0ec9\u0ead\u0e99\u0e82\u0eb0\u0eab\u0e99\u0eb2\u0e94\u0ec3\u0eab\u0e8d\u0ec8\u0ec3\u0e99\u0e82\u0eb1\u0ec9\u0e99\u0e95\u0ead\u0e99\u0e81\u0eb2\u0e99\u0e9a\u0eb5\u0e9a\u0e82\u0eb1\u0ec9\u0e99\u0eaa\u0ead\u0e87, \u0ec0\u0e8a\u0eb4\u0ec8\u0e87\u0ec0\u0e9b\u0eb1\u0e99\u0e97\u0eb2\u0e87\u0ec0\u0ea5\u0eb7\u0ead\u0e81\u0e97\u0eb5\u0ec8\u0ec0\u0eab\u0ea1\u0eb2\u0eb0\u0eaa\u0ebb\u0ea1\u0eaa\u0ecd\u0eb2\u0ea5\u0eb1\u0e9a\u0e97\u0ec8\u0eb2\u0e99.","breadcrumb":{"@id":"https:\/\/tramnghien.com\/may-nghien-con-tgs420\/#breadcrumb"},"inLanguage":"lo","potentialAction":[{"@type":"ReadAction","target":["https:\/\/tramnghien.com\/may-nghien-con-tgs420\/"]}]},{"@type":"ImageObject","inLanguage":"lo","@id":"https:\/\/tramnghien.com\/may-nghien-con-tgs420\/#primaryimage","url":"https:\/\/tramnghien.com\/wp-content\/uploads\/2024\/10\/tgs420_side-1.webp","contentUrl":"https:\/\/tramnghien.com\/wp-content\/uploads\/2024\/10\/tgs420_side-1.webp","width":800,"height":450,"caption":"M\u00e1y nghi\u1ec1n c\u00f4n TGS"},{"@type":"BreadcrumbList","@id":"https:\/\/tramnghien.com\/may-nghien-con-tgs420\/#breadcrumb","itemListElement":[{"@type":"ListItem","position":1,"name":"Home","item":"https:\/\/tramnghien.com\/"},{"@type":"ListItem","position":2,"name":"S\u1ea3n ph\u1ea9m","item":"https:\/\/tramnghien.com\/san-pham\/"},{"@type":"ListItem","position":3,"name":"M\u00e1y nghi\u1ec1n c\u00f4n TGS420"}]},{"@type":"WebSite","@id":"https:\/\/tramnghien.com\/#website","url":"https:\/\/tramnghien.com\/","name":"Nguyen Vinh - \u0ec0\u0e84\u0eb7\u0ec8\u0ead\u0e87\u0e9b\u0eb1\u0ec9\u0e99\u0eab\u0eb5\u0e99 &amp; \u0e8a\u0eb2\u0e8d\u0e97\u0ebd\u0ea1","description":"\u0ec0\u0e95\u0eb1\u0e81\u200b\u0ec2\u0e99\u200b\u0ec2\u0ea5\u200b\u0e8a\u0eb5 crusher \u0e8a\u0eb1\u0ec9\u0e99\u200b\u0e99\u0ecd\u0eb2\u200b\u0e82\u0ead\u0e87\u200b\u0eab\u0ea7\u0ebd\u0e94\u200b\u0e99\u0eb2\u0ea1","potentialAction":[{"@type":"SearchAction","target":{"@type":"EntryPoint","urlTemplate":"https:\/\/tramnghien.com\/?s={search_term_string}"},"query-input":{"@type":"PropertyValueSpecification","valueRequired":true,"valueName":"search_term_string"}}],"inLanguage":"lo"}]},"og_availability":"instock","product_availability":"instock","product_condition":"new"},"_links":{"self":[{"href":"https:\/\/tramnghien.com\/lo\/wp-json\/wp\/v2\/product\/1351","targetHints":{"allow":["GET"]}}],"collection":[{"href":"https:\/\/tramnghien.com\/lo\/wp-json\/wp\/v2\/product"}],"about":[{"href":"https:\/\/tramnghien.com\/lo\/wp-json\/wp\/v2\/types\/product"}],"wp:featuredmedia":[{"embeddable":true,"href":"https:\/\/tramnghien.com\/lo\/wp-json\/wp\/v2\/media\/1352"}],"wp:attachment":[{"href":"https:\/\/tramnghien.com\/lo\/wp-json\/wp\/v2\/media?parent=1351"}],"wp:term":[{"taxonomy":"product_brand","embeddable":true,"href":"https:\/\/tramnghien.com\/lo\/wp-json\/wp\/v2\/product_brand?post=1351"},{"taxonomy":"product_cat","embeddable":true,"href":"https:\/\/tramnghien.com\/lo\/wp-json\/wp\/v2\/product_cat?post=1351"},{"taxonomy":"product_tag","embeddable":true,"href":"https:\/\/tramnghien.com\/lo\/wp-json\/wp\/v2\/product_tag?post=1351"}],"curies":[{"name":"wp","href":"https:\/\/api.w.org\/{rel}","templated":true}]}}