{"id":1347,"date":"2024-10-17T03:21:25","date_gmt":"2024-10-17T03:21:25","guid":{"rendered":"https:\/\/tramnghien.com\/?post_type=product&#038;p=1347"},"modified":"2025-01-22T08:46:24","modified_gmt":"2025-01-22T08:46:24","slug":"may-nghien-con-tg1020","status":"publish","type":"product","link":"https:\/\/tramnghien.com\/lo\/may-nghien-con-tg1020\/","title":{"rendered":"\u0ec0\u0e84\u0eb7\u0ec8\u0ead\u0e87 crusher \u0ec2\u0e81\u0e99 TG1020"},"content":{"rendered":"<h3><strong>\u0ec3\u0edd\u0ec8 TG Cone Crusher: \u0e9b\u0eb0\u0eaa\u0eb4\u0e94\u0e97\u0eb4\u0e9e\u0eb2\u0e9a\u0eaa\u0eb9\u0e87\u0e94\u0ec9\u0ea7\u0e8d\u0e81\u0eb2\u0e99\u0ead\u0ead\u0e81\u0ec1\u0e9a\u0e9a Bronze Bushing<\/strong><\/h3>\n<p>Cedarapids TG1020 cone crusher series \u0ec0\u0e9b\u0eb1\u0e99\u0e97\u0eb2\u0e87\u0ec0\u0ea5\u0eb7\u0ead\u0e81\u0e97\u0eb5\u0ec8\u0ec0\u0eab\u0ea1\u0eb2\u0eb0\u0eaa\u0ebb\u0ea1\u0eaa\u0ecd\u0eb2\u0ea5\u0eb1\u0e9a\u0e84\u0ecd\u0eb2\u0eae\u0ec9\u0ead\u0e87\u0eaa\u0eb0\u0eab\u0ea1\u0eb1\u0e81 crusher \u0eab\u0ebc\u0eb2\u0e81\u0eab\u0ebc\u0eb2\u0e8d\u0e8a\u0eb0\u0e99\u0eb4\u0e94. \u0e81\u0eb2\u0e99\u0ead\u0ead\u0e81\u0ec1\u0e9a\u0e9a\u0e9e\u0eb8\u0ec8\u0ea1\u0ec4\u0ea1\u0ec9 bronze \u0e97\u0ebb\u0e99\u0e97\u0eb2\u0e99\u0ec3\u0eab\u0ec9\u0ea1\u0eb9\u0e99\u0e84\u0ec8\u0eb2\u0e97\u0eb5\u0ec8\u0e94\u0eb5\u0e97\u0eb5\u0ec8\u0eaa\u0eb8\u0e94\u0eaa\u0ecd\u0eb2\u0ea5\u0eb1\u0e9a\u0e84\u0ecd\u0eb2\u0eae\u0ec9\u0ead\u0e87\u0eaa\u0eb0\u0eab\u0ea1\u0eb1\u0e81\u0e81\u0eb2\u0e99\u0eab\u0e8d\u0eb2\u0e9a\u0e82\u0eb1\u0ec9\u0e99\u0eaa\u0ead\u0e87\u0ead\u0eb1\u0e99\u0e94\u0eb5, \u0e95\u0ead\u0e9a\u0eaa\u0eb0\u0eab\u0e99\u0ead\u0e87\u0e84\u0ea7\u0eb2\u0ea1\u0e95\u0ec9\u0ead\u0e87\u0e81\u0eb2\u0e99\u0e82\u0ead\u0e87\u0ead\u0eb8\u0e94\u0eaa\u0eb2\u0eab\u0eb0\u0e81\u0ecd\u0eb2.<\/p>\n<h4><strong>\u0e82\u0ecd\u0ec9\u0e94\u0eb5\u0e97\u0eb5\u0ec8\u0ec2\u0e94\u0e94\u0ec0\u0e94\u0eb1\u0ec8\u0e99\u0e82\u0ead\u0e87 TG cone crusher:<\/strong><\/h4>\n<ul>\n<li><strong>\u0e87\u0ec8\u0eb2\u0e8d\u0e97\u0eb5\u0ec8\u0e88\u0eb0\u0e95\u0eb1\u0ec9\u0e87\u0e84\u0ec8\u0eb2\u0ec1\u0ea5\u0eb0\u0e94\u0ecd\u0eb2\u0ec0\u0e99\u0eb5\u0e99\u0e81\u0eb2\u0e99\u0e9b\u0eb0\u0eaa\u0eb4\u0e94\u0e97\u0eb4\u0e9e\u0eb2\u0e9a<\/strong>:TG cone crusher \u0ead\u0eb0\u200b\u0e99\u0eb8\u200b\u0e8d\u0eb2\u0e94\u200b\u0ec3\u0eab\u0ec9\u200b\u0e9c\u0eb9\u0ec9\u200b\u0ec3\u0e8a\u0ec9\u200b\u0e97\u0eb5\u0ec8\u200b\u0e88\u0eb0\u200b\u0e9b\u0ec8\u0ebd\u0e99\u200b\u0ec1\u0e9b\u0e87\u200b\u0ec4\u0e94\u0ec9\u200b\u0ec0\u0ea5\u0eb7\u0ead\u0e81\u200b\u0ec0\u0ead\u0ebb\u0eb2\u200b\u0ea2\u0eb9\u0ec8\u200b\u0e95\u0eb2\u0ea1\u200b\u0ec2\u0e81\u0e99 crushing \u0ec1\u0ea5\u0eb0 eccentricity\u200b. \u0ec0\u0e9e\u0eb7\u0ec8\u0ead\u0e9a\u0eb1\u0e99\u0ea5\u0eb8\u0e81\u0eb2\u0e99\u0e9b\u0eb0\u0e95\u0eb4\u0e9a\u0eb1\u0e94\u0e97\u0eb5\u0ec8\u0e94\u0eb5\u0e97\u0eb5\u0ec8\u0eaa\u0eb8\u0e94\u0eaa\u0ecd\u0eb2\u0ea5\u0eb1\u0e9a\u0ec1\u0e95\u0ec8\u0ea5\u0eb0\u0e9b\u0eb0\u0ec0\u0e9e\u0e94\u0e82\u0ead\u0e87\u0ea7\u0eb1\u0e94\u0eaa\u0eb0\u0e94\u0eb8. \u0e99\u0eb5\u0ec9\u0ec0\u0eae\u0eb1\u0e94\u0ec3\u0eab\u0ec9\u0ec0\u0e84\u0eb7\u0ec8\u0ead\u0e87\u0eaa\u0eb2\u0ea1\u0eb2\u0e94\u0e9b\u0eb1\u0e9a\u0e95\u0ebb\u0ea7\u0ec0\u0e82\u0ebb\u0ec9\u0eb2\u0e81\u0eb1\u0e9a\u0e84\u0ea7\u0eb2\u0ea1\u0e95\u0ec9\u0ead\u0e87\u0e81\u0eb2\u0e99\u0e95\u0ec8\u0eb2\u0e87\u0ec6\u0ec4\u0e94\u0ec9\u0ea2\u0ec8\u0eb2\u0e87\u0e87\u0ec8\u0eb2\u0e8d\u0e94\u0eb2\u0e8d\u0ec1\u0ea5\u0eb0\u0e9b\u0eb0\u0eab\u0e8d\u0eb1\u0e94\u0ec0\u0ea7\u0ea5\u0eb2\u0e81\u0eb2\u0e99\u0e9b\u0eb1\u0e9a\u0e95\u0ebb\u0ea7.<\/li>\n<li><strong>\u0ea5\u0eb0\u0e94\u0eb1\u0e9a\u0e84\u0ea7\u0eb2\u0ea1\u0e81\u0ec9\u0ea7\u0eb2\u0e87\u0e82\u0ead\u0e87\u0e84\u0ecd\u0eb2\u0eae\u0ec9\u0ead\u0e87\u0eaa\u0eb0\u0eab\u0ea1\u0eb1\u0e81\u0e88\u0eb2\u0e81\u0eab\u0e8d\u0eb2\u0e9a\u0ec0\u0e9e\u0eb7\u0ec8\u0ead\u0e81\u0eb2\u0e99 grinding \u0e94\u0eb5<\/strong>: \u0e8a\u0eb8\u0e94 TG \u0e9e\u0ebb\u0e9a\u0e81\u0eb1\u0e9a\u0ea5\u0eb0\u0e94\u0eb1\u0e9a\u0e81\u0eb2\u0e99\u0e82\u0eb1\u0e94\u0eab\u0ebc\u0eb2\u0e8d. \u0e95\u0eb1\u0ec9\u0e87\u0ec1\u0e95\u0ec8\u0eab\u0e8d\u0eb2\u0e9a\u0eab\u0eb2\u0e9b\u0eb1\u0e9a\u0ec4\u0eab\u0ea1, \u0ea1\u0eb5\u0e81\u0eb2\u0e99\u0e9b\u0eb0\u0e95\u0eb4\u0e9a\u0eb1\u0e94\u0e97\u0eb5\u0ec8\u0ec0\u0eab\u0e99\u0eb7\u0ead\u0e81\u0ea7\u0ec8\u0eb2\u0ea2\u0ec8\u0eb2\u0e87\u0e95\u0ecd\u0ec8\u0ec0\u0e99\u0eb7\u0ec8\u0ead\u0e87, \u0eaa\u0ebb\u0ec8\u0e87\u0e9c\u0eb0\u0ea5\u0eb4\u0e94\u0e95\u0eb0\u0e9e\u0eb1\u0e99\u0e97\u0eb5\u0ec8\u0ea1\u0eb5\u0eae\u0eb9\u0e9a\u0eae\u0ec8\u0eb2\u0e87\u0e97\u0eb5\u0ec8\u0eaa\u0ead\u0e94\u0e84\u0ec8\u0ead\u0e87\u0ec1\u0ea5\u0eb0\u0ea1\u0eb5\u0e84\u0eb8\u0e99\u0e99\u0eb0\u0e9e\u0eb2\u0e9a\u0eaa\u0eb9\u0e87.<\/li>\n<li><strong>\u0e84\u0ec8\u0eb2\u0ec3\u0e8a\u0ec9\u0e88\u0ec8\u0eb2\u0e8d\u0e95\u0ec8\u0ecd\u0eb2\u0eaa\u0eb8\u0e94\u0e95\u0ecd\u0ec8\u0ec2\u0e95\u0e99<\/strong>: \u0e81\u0eb2\u0e99\u0ead\u0ead\u0e81\u0ec1\u0e9a\u0e9a\u0e97\u0eb5\u0ec8\u0eaa\u0eb0\u0eab\u0ebc\u0eb2\u0e94\u0ec1\u0ea5\u0eb0\u0e9b\u0eb0\u0eaa\u0eb4\u0e94\u0e97\u0eb4\u0e9e\u0eb2\u0e9a\u0e97\u0eb5\u0ec8\u0eab\u0ea1\u0eb1\u0ec9\u0e99\u0e84\u0ebb\u0e87. \u0e8a\u0ec8\u0ea7\u0e8d\u0ec3\u0eab\u0ec9\u0ec0\u0e84\u0eb7\u0ec8\u0ead\u0e87\u0e88\u0eb1\u0e81\u0e8a\u0eb8\u0e94 TG \u0ec0\u0e9e\u0eb5\u0ec8\u0ea1\u0e9b\u0eb0\u0eaa\u0eb4\u0e94\u0e97\u0eb4\u0e9e\u0eb2\u0e9a\u0e84\u0ec8\u0eb2\u0ec3\u0e8a\u0ec9\u0e88\u0ec8\u0eb2\u0e8d\u0ec3\u0e99\u0e81\u0eb2\u0e99\u0e94\u0ecd\u0eb2\u0ec0\u0e99\u0eb5\u0e99\u0e87\u0eb2\u0e99. \u0eab\u0ebc\u0eb8\u0e94\u0e9c\u0ec8\u0ead\u0e99\u0e84\u0ec8\u0eb2\u0ec3\u0e8a\u0ec9\u0e88\u0ec8\u0eb2\u0e8d\u0e95\u0ecd\u0ec8\u0ec2\u0e95\u0e99\u0e82\u0ead\u0e87\u0ea7\u0eb1\u0e94\u0eaa\u0eb0\u0e94\u0eb8\u0e97\u0eb5\u0ec8\u0e9b\u0eb8\u0e87\u0ec1\u0e95\u0ec8\u0e87.<\/li>\n<\/ul>\n<p>\u0e81\u0eb1\u0e9a\u0eaa\u0eb2\u0e8d\u0ec0\u0e84\u0eb7\u0ec8\u0ead\u0e87 <a href=\"https:\/\/tramnghien.com\/lo\/phan-biet-cac-loai-may-nghien-con\/\"  data-wpil-monitor-id=\"90\">crusher \u0ec2\u0e81\u0e99<\/a> TG1020\u200b, \u0e97\u0ec8\u0eb2\u0e99\u200b\u0e88\u0eb0\u200b\u0ec4\u0e94\u0ec9\u200b\u0eae\u0eb1\u0e9a\u200b\u0e9b\u0eb0\u200b\u0eaa\u0ebb\u0e9a\u200b\u0e81\u0eb2\u0e99\u200b\u0e9b\u0eb0\u200b\u0eaa\u0eb4\u0e94\u200b\u0e97\u0eb4\u200b\u0e9e\u0eb2\u0e9a\u200b\u0ec1\u0ea5\u0eb0\u200b\u0e9b\u0eb0\u200b\u0eaa\u0eb4\u0e94\u200b\u0e97\u0eb4\u200b\u0e9e\u0eb2\u0e9a\u200b\u0e97\u0eb5\u0ec8\u200b\u0e94\u0eb5\u0e81\u200b\u0ea7\u0ec8\u0eb2\u200b. \u0e84\u0ec8\u0eb2\u0ec3\u0e8a\u0ec9\u0e88\u0ec8\u0eb2\u0e8d\u0e97\u0eb5\u0ec8\u0eaa\u0ebb\u0ea1\u0ec0\u0eab\u0e94\u0eaa\u0ebb\u0ea1\u0e9c\u0ebb\u0e99\u0e84\u0eb7\u0e81\u0eb1\u0e99. \u0e97\u0eb2\u0e87\u0ec0\u0ea5\u0eb7\u0ead\u0e81\u0e97\u0eb5\u0ec8\u0eaa\u0ebb\u0ea1\u0e9a\u0eb9\u0e99\u0ec1\u0e9a\u0e9a\u0eaa\u0ecd\u0eb2\u0ea5\u0eb1\u0e9a\u0ec2\u0eae\u0e87\u0e87\u0eb2\u0e99\u0e97\u0eb5\u0ec8\u0e95\u0ec9\u0ead\u0e87\u0e81\u0eb2\u0e99\u0e84\u0ea7\u0eb2\u0ea1\u0eab\u0ea1\u0eb1\u0ec9\u0e99\u0e84\u0ebb\u0e87\u0ec1\u0ea5\u0eb0\u0e81\u0eb2\u0e99\u0e9b\u0eb0\u0eab\u0e8d\u0eb1\u0e94.<\/p>","protected":false},"excerpt":{"rendered":"<table class=\"has-fixed-layout\">\n<tbody>\n<tr>\n<td>\u0e82\u0eb0\u0edc\u0eb2\u0e94\u0ea1\u0ecd\u0ec0\u0e95\u0eb5<\/td>\n<td>1006 \u0ec1\u0eae\u0e87\u0ea1\u0ec9\u0eb2 \/ 750 kW<\/td>\n<\/tr>\n<tr>\n<td>\u0e82\u0eb0\u0edc\u0eb2\u0e94\u0ead\u0eb2\u0eab\u0eb2\u0e99\u0eaa\u0eb9\u0e87\u0eaa\u0eb8\u0e94<\/td>\n<td>1\u2032 2\u2033 \/ 355 \u0ea1\u0ea1<\/td>\n<\/tr>\n<tr>\n<td>\u0e99\u0ec9\u0eb3\u0edc\u0eb1\u0e81<\/td>\n<td>169,756 lbs \/ 77,000 kg<\/td>\n<\/tr>\n<tr>\n<td>\u0e8a\u0ec8\u0ea7\u0e87 CSS<\/td>\n<td>1\/2\u2033-2 3\/4\u2033 \/ 13-70 \u0ea1\u0ea1<\/td>\n<\/tr>\n<tr>\n<td>\u0e84\u0ea7\u0eb2\u0ea1\u0ead\u0eb2\u0e94\u0eaa\u0eb2\u0ea1\u0eb2\u0e94\u0eaa\u0eb9\u0e87\u0eaa\u0eb8\u0e94<\/td>\n<td>2315-2535 tph \/ 2100-2300 mtph<\/td>\n<\/tr>\n<\/tbody>\n<\/table>\n<p>&nbsp;<\/p>","protected":false},"featured_media":1348,"template":"","meta":[],"product_brand":[],"product_cat":[69,72],"product_tag":[82],"class_list":{"0":"post-1347","1":"product","2":"type-product","3":"status-publish","4":"has-post-thumbnail","6":"product_cat-may-nghien-con","7":"product_cat-may-nghien-sang-terex","8":"product_tag-may-nghien-con","10":"first","11":"instock","12":"shipping-taxable","13":"product-type-grouped"},"yoast_head":"<!-- This site is optimized with the Yoast SEO Premium plugin v24.6 (Yoast SEO v27.4) - https:\/\/yoast.com\/product\/yoast-seo-premium-wordpress\/ -->\n<title>M\u00e1y nghi\u1ec1n c\u00f4n TG1020 - Nguy\u1ec5n Vinh - M\u00e1y nghi\u1ec1n \u0111\u00e1 &amp; C\u00e1t nh\u00e2n t\u1ea1o<\/title>\n<meta name=\"description\" content=\"D\u00f2ng m\u00e1y nghi\u1ec1n c\u00f4n TG1020 c\u1ee7a Cedarapids l\u00e0 m\u1ed9t l\u1ef1a ch\u1ecdn l\u00fd t\u01b0\u1edfng cho c\u00e1c \u1ee9ng d\u1ee5ng nghi\u1ec1n \u0111a d\u1ea1ng b\u1ea1c l\u00f3t b\u1eb1ng \u0111\u1ed3ng b\u1ec1n b\u1ec9 mang \u0111\u1ebfn gi\u00e1 tr\u1ecb t\u1ed1i \u01b0u.\" \/>\n<meta name=\"robots\" content=\"index, follow, max-snippet:-1, max-image-preview:large, max-video-preview:-1\" \/>\n<link rel=\"canonical\" href=\"https:\/\/tramnghien.com\/lo\/may-nghien-con-tg1020\/\" \/>\n<meta property=\"og:locale\" content=\"en_US\" \/>\n<meta property=\"og:type\" content=\"article\" \/>\n<meta property=\"og:title\" content=\"M\u00e1y nghi\u1ec1n c\u00f4n TG1020\" \/>\n<meta property=\"og:description\" content=\"D\u00f2ng m\u00e1y nghi\u1ec1n c\u00f4n TG1020 c\u1ee7a Cedarapids l\u00e0 m\u1ed9t l\u1ef1a ch\u1ecdn l\u00fd t\u01b0\u1edfng cho c\u00e1c \u1ee9ng d\u1ee5ng nghi\u1ec1n \u0111a d\u1ea1ng b\u1ea1c l\u00f3t b\u1eb1ng \u0111\u1ed3ng b\u1ec1n b\u1ec9 mang \u0111\u1ebfn gi\u00e1 tr\u1ecb t\u1ed1i \u01b0u.\" \/>\n<meta property=\"og:url\" content=\"https:\/\/tramnghien.com\/lo\/may-nghien-con-tg1020\/\" \/>\n<meta property=\"og:site_name\" content=\"Nguy\u1ec5n Vinh - M\u00e1y nghi\u1ec1n \u0111\u00e1 &amp; C\u00e1t nh\u00e2n t\u1ea1o\" \/>\n<meta property=\"article:modified_time\" content=\"2025-01-22T08:46:24+00:00\" \/>\n<meta property=\"og:image\" content=\"https:\/\/tramnghien.com\/wp-content\/uploads\/2024\/10\/tg1020_side.png\" \/>\n\t<meta property=\"og:image:width\" content=\"800\" \/>\n\t<meta property=\"og:image:height\" content=\"450\" \/>\n\t<meta property=\"og:image:type\" content=\"image\/png\" \/>\n<meta name=\"twitter:card\" content=\"summary_large_image\" \/>\n<meta name=\"twitter:label1\" content=\"Availability\" \/>\n\t<meta name=\"twitter:data1\" content=\"In stock\" \/>\n<script type=\"application\/ld+json\" class=\"yoast-schema-graph\">{\"@context\":\"https:\\\/\\\/schema.org\",\"@graph\":[{\"@type\":\"WebPage\",\"@id\":\"https:\\\/\\\/tramnghien.com\\\/may-nghien-con-tg1020\\\/\",\"url\":\"https:\\\/\\\/tramnghien.com\\\/may-nghien-con-tg1020\\\/\",\"name\":\"M\u00e1y nghi\u1ec1n c\u00f4n TG1020 - Nguy\u1ec5n Vinh - M\u00e1y nghi\u1ec1n \u0111\u00e1 &amp; C\u00e1t nh\u00e2n t\u1ea1o\",\"isPartOf\":{\"@id\":\"https:\\\/\\\/tramnghien.com\\\/#website\"},\"primaryImageOfPage\":{\"@id\":\"https:\\\/\\\/tramnghien.com\\\/may-nghien-con-tg1020\\\/#primaryimage\"},\"image\":{\"@id\":\"https:\\\/\\\/tramnghien.com\\\/may-nghien-con-tg1020\\\/#primaryimage\"},\"thumbnailUrl\":\"https:\\\/\\\/tramnghien.com\\\/wp-content\\\/uploads\\\/2024\\\/10\\\/tg1020_side.png\",\"datePublished\":\"2024-10-17T03:21:25+00:00\",\"dateModified\":\"2025-01-22T08:46:24+00:00\",\"description\":\"D\u00f2ng m\u00e1y nghi\u1ec1n c\u00f4n TG1020 c\u1ee7a Cedarapids l\u00e0 m\u1ed9t l\u1ef1a ch\u1ecdn l\u00fd t\u01b0\u1edfng cho c\u00e1c \u1ee9ng d\u1ee5ng nghi\u1ec1n \u0111a d\u1ea1ng b\u1ea1c l\u00f3t b\u1eb1ng \u0111\u1ed3ng b\u1ec1n b\u1ec9 mang \u0111\u1ebfn gi\u00e1 tr\u1ecb t\u1ed1i \u01b0u.\",\"breadcrumb\":{\"@id\":\"https:\\\/\\\/tramnghien.com\\\/may-nghien-con-tg1020\\\/#breadcrumb\"},\"inLanguage\":\"lo\",\"potentialAction\":[{\"@type\":\"ReadAction\",\"target\":[\"https:\\\/\\\/tramnghien.com\\\/may-nghien-con-tg1020\\\/\"]}]},{\"@type\":\"ImageObject\",\"inLanguage\":\"lo\",\"@id\":\"https:\\\/\\\/tramnghien.com\\\/may-nghien-con-tg1020\\\/#primaryimage\",\"url\":\"https:\\\/\\\/tramnghien.com\\\/wp-content\\\/uploads\\\/2024\\\/10\\\/tg1020_side.png\",\"contentUrl\":\"https:\\\/\\\/tramnghien.com\\\/wp-content\\\/uploads\\\/2024\\\/10\\\/tg1020_side.png\",\"width\":800,\"height\":450,\"caption\":\"M\u00e1y nghi\u1ec1n c\u00f4n TG1020\"},{\"@type\":\"BreadcrumbList\",\"@id\":\"https:\\\/\\\/tramnghien.com\\\/may-nghien-con-tg1020\\\/#breadcrumb\",\"itemListElement\":[{\"@type\":\"ListItem\",\"position\":1,\"name\":\"Home\",\"item\":\"https:\\\/\\\/tramnghien.com\\\/\"},{\"@type\":\"ListItem\",\"position\":2,\"name\":\"S\u1ea3n ph\u1ea9m\",\"item\":\"https:\\\/\\\/tramnghien.com\\\/san-pham\\\/\"},{\"@type\":\"ListItem\",\"position\":3,\"name\":\"M\u00e1y nghi\u1ec1n c\u00f4n TG1020\"}]},{\"@type\":\"WebSite\",\"@id\":\"https:\\\/\\\/tramnghien.com\\\/#website\",\"url\":\"https:\\\/\\\/tramnghien.com\\\/\",\"name\":\"Nguy\u1ec5n Vinh - M\u00e1y nghi\u1ec1n \u0111\u00e1 &amp; C\u00e1t nh\u00e2n t\u1ea1o\",\"description\":\"D\u1eabn \u0111\u1ea7u c\u00f4ng ngh\u1ec7 m\u00e1y nghi\u1ec1n t\u1ea1i Vi\u1ec7t Nam\",\"potentialAction\":[{\"@type\":\"SearchAction\",\"target\":{\"@type\":\"EntryPoint\",\"urlTemplate\":\"https:\\\/\\\/tramnghien.com\\\/?s={search_term_string}\"},\"query-input\":{\"@type\":\"PropertyValueSpecification\",\"valueRequired\":true,\"valueName\":\"search_term_string\"}}],\"inLanguage\":\"lo\"}]}<\/script>\n<meta property=\"og:availability\" content=\"instock\" \/>\n<meta property=\"product:availability\" content=\"instock\" \/>\n<meta property=\"product:condition\" content=\"new\" \/>\n<!-- \/ Yoast SEO Premium plugin. -->","yoast_head_json":{"title":"TG1020 Cone Crusher - Nguyen Vinh - \u0ec1\u0e81\u0e99 Crusher &amp; Sand \u0e97\u0ebd\u0ea1","description":"Cedarapids TG1020 cone crusher series \u0ec0\u0e9b\u0eb1\u0e99\u0e97\u0eb2\u0e87\u0ec0\u0ea5\u0eb7\u0ead\u0e81\u0e97\u0eb5\u0ec8\u0ec0\u0eab\u0ea1\u0eb2\u0eb0\u0eaa\u0ebb\u0ea1\u0eaa\u0ecd\u0eb2\u0ea5\u0eb1\u0e9a\u0e81\u0eb2\u0e99\u0e99\u0ecd\u0eb2\u0ec3\u0e8a\u0ec9 crushing \u0ea5\u0eb0\u0e94\u0eb1\u0e9a\u0e84\u0ea7\u0eb2\u0ea1\u0e81\u0ec9\u0ea7\u0eb2\u0e87\u0e82\u0ead\u0e87\u0e9e\u0eb8\u0ec8\u0ea1\u0ec4\u0ea1\u0ec9 bronze \u0e97\u0ebb\u0e99\u0e97\u0eb2\u0e99\u0ec3\u0eab\u0ec9\u0ea1\u0eb9\u0e99\u0e84\u0ec8\u0eb2\u0e97\u0eb5\u0ec8\u0e94\u0eb5\u0e97\u0eb5\u0ec8\u0eaa\u0eb8\u0e94.","robots":{"index":"index","follow":"follow","max-snippet":"max-snippet:-1","max-image-preview":"max-image-preview:large","max-video-preview":"max-video-preview:-1"},"canonical":"https:\/\/tramnghien.com\/lo\/may-nghien-con-tg1020\/","og_locale":"en_US","og_type":"article","og_title":"M\u00e1y nghi\u1ec1n c\u00f4n TG1020","og_description":"D\u00f2ng m\u00e1y nghi\u1ec1n c\u00f4n TG1020 c\u1ee7a Cedarapids l\u00e0 m\u1ed9t l\u1ef1a ch\u1ecdn l\u00fd t\u01b0\u1edfng cho c\u00e1c \u1ee9ng d\u1ee5ng nghi\u1ec1n \u0111a d\u1ea1ng b\u1ea1c l\u00f3t b\u1eb1ng \u0111\u1ed3ng b\u1ec1n b\u1ec9 mang \u0111\u1ebfn gi\u00e1 tr\u1ecb t\u1ed1i \u01b0u.","og_url":"https:\/\/tramnghien.com\/lo\/may-nghien-con-tg1020\/","og_site_name":"Nguy\u1ec5n Vinh - M\u00e1y nghi\u1ec1n \u0111\u00e1 &amp; C\u00e1t nh\u00e2n t\u1ea1o","article_modified_time":"2025-01-22T08:46:24+00:00","og_image":[{"width":800,"height":450,"url":"https:\/\/tramnghien.com\/wp-content\/uploads\/2024\/10\/tg1020_side.png","type":"image\/png"}],"twitter_card":"summary_large_image","twitter_misc":{"Availability":"In stock"},"schema":{"@context":"https:\/\/schema.org","@graph":[{"@type":"WebPage","@id":"https:\/\/tramnghien.com\/may-nghien-con-tg1020\/","url":"https:\/\/tramnghien.com\/may-nghien-con-tg1020\/","name":"TG1020 Cone Crusher - Nguyen Vinh - \u0ec1\u0e81\u0e99 Crusher &amp; Sand \u0e97\u0ebd\u0ea1","isPartOf":{"@id":"https:\/\/tramnghien.com\/#website"},"primaryImageOfPage":{"@id":"https:\/\/tramnghien.com\/may-nghien-con-tg1020\/#primaryimage"},"image":{"@id":"https:\/\/tramnghien.com\/may-nghien-con-tg1020\/#primaryimage"},"thumbnailUrl":"https:\/\/tramnghien.com\/wp-content\/uploads\/2024\/10\/tg1020_side.png","datePublished":"2024-10-17T03:21:25+00:00","dateModified":"2025-01-22T08:46:24+00:00","description":"Cedarapids TG1020 cone crusher series \u0ec0\u0e9b\u0eb1\u0e99\u0e97\u0eb2\u0e87\u0ec0\u0ea5\u0eb7\u0ead\u0e81\u0e97\u0eb5\u0ec8\u0ec0\u0eab\u0ea1\u0eb2\u0eb0\u0eaa\u0ebb\u0ea1\u0eaa\u0ecd\u0eb2\u0ea5\u0eb1\u0e9a\u0e81\u0eb2\u0e99\u0e99\u0ecd\u0eb2\u0ec3\u0e8a\u0ec9 crushing \u0ea5\u0eb0\u0e94\u0eb1\u0e9a\u0e84\u0ea7\u0eb2\u0ea1\u0e81\u0ec9\u0ea7\u0eb2\u0e87\u0e82\u0ead\u0e87\u0e9e\u0eb8\u0ec8\u0ea1\u0ec4\u0ea1\u0ec9 bronze \u0e97\u0ebb\u0e99\u0e97\u0eb2\u0e99\u0ec3\u0eab\u0ec9\u0ea1\u0eb9\u0e99\u0e84\u0ec8\u0eb2\u0e97\u0eb5\u0ec8\u0e94\u0eb5\u0e97\u0eb5\u0ec8\u0eaa\u0eb8\u0e94.","breadcrumb":{"@id":"https:\/\/tramnghien.com\/may-nghien-con-tg1020\/#breadcrumb"},"inLanguage":"lo","potentialAction":[{"@type":"ReadAction","target":["https:\/\/tramnghien.com\/may-nghien-con-tg1020\/"]}]},{"@type":"ImageObject","inLanguage":"lo","@id":"https:\/\/tramnghien.com\/may-nghien-con-tg1020\/#primaryimage","url":"https:\/\/tramnghien.com\/wp-content\/uploads\/2024\/10\/tg1020_side.png","contentUrl":"https:\/\/tramnghien.com\/wp-content\/uploads\/2024\/10\/tg1020_side.png","width":800,"height":450,"caption":"M\u00e1y nghi\u1ec1n c\u00f4n TG1020"},{"@type":"BreadcrumbList","@id":"https:\/\/tramnghien.com\/may-nghien-con-tg1020\/#breadcrumb","itemListElement":[{"@type":"ListItem","position":1,"name":"Home","item":"https:\/\/tramnghien.com\/"},{"@type":"ListItem","position":2,"name":"S\u1ea3n ph\u1ea9m","item":"https:\/\/tramnghien.com\/san-pham\/"},{"@type":"ListItem","position":3,"name":"M\u00e1y nghi\u1ec1n c\u00f4n TG1020"}]},{"@type":"WebSite","@id":"https:\/\/tramnghien.com\/#website","url":"https:\/\/tramnghien.com\/","name":"Nguyen Vinh - \u0ec0\u0e84\u0eb7\u0ec8\u0ead\u0e87\u0e9b\u0eb1\u0ec9\u0e99\u0eab\u0eb5\u0e99 &amp; \u0e8a\u0eb2\u0e8d\u0e97\u0ebd\u0ea1","description":"\u0ec0\u0e95\u0eb1\u0e81\u200b\u0ec2\u0e99\u200b\u0ec2\u0ea5\u200b\u0e8a\u0eb5 crusher \u0e8a\u0eb1\u0ec9\u0e99\u200b\u0e99\u0ecd\u0eb2\u200b\u0e82\u0ead\u0e87\u200b\u0eab\u0ea7\u0ebd\u0e94\u200b\u0e99\u0eb2\u0ea1","potentialAction":[{"@type":"SearchAction","target":{"@type":"EntryPoint","urlTemplate":"https:\/\/tramnghien.com\/?s={search_term_string}"},"query-input":{"@type":"PropertyValueSpecification","valueRequired":true,"valueName":"search_term_string"}}],"inLanguage":"lo"}]},"og_availability":"instock","product_availability":"instock","product_condition":"new"},"_links":{"self":[{"href":"https:\/\/tramnghien.com\/lo\/wp-json\/wp\/v2\/product\/1347","targetHints":{"allow":["GET"]}}],"collection":[{"href":"https:\/\/tramnghien.com\/lo\/wp-json\/wp\/v2\/product"}],"about":[{"href":"https:\/\/tramnghien.com\/lo\/wp-json\/wp\/v2\/types\/product"}],"wp:featuredmedia":[{"embeddable":true,"href":"https:\/\/tramnghien.com\/lo\/wp-json\/wp\/v2\/media\/1348"}],"wp:attachment":[{"href":"https:\/\/tramnghien.com\/lo\/wp-json\/wp\/v2\/media?parent=1347"}],"wp:term":[{"taxonomy":"product_brand","embeddable":true,"href":"https:\/\/tramnghien.com\/lo\/wp-json\/wp\/v2\/product_brand?post=1347"},{"taxonomy":"product_cat","embeddable":true,"href":"https:\/\/tramnghien.com\/lo\/wp-json\/wp\/v2\/product_cat?post=1347"},{"taxonomy":"product_tag","embeddable":true,"href":"https:\/\/tramnghien.com\/lo\/wp-json\/wp\/v2\/product_tag?post=1347"}],"curies":[{"name":"wp","href":"https:\/\/api.w.org\/{rel}","templated":true}]}}