{"id":1332,"date":"2024-10-17T02:29:46","date_gmt":"2024-10-17T02:29:46","guid":{"rendered":"https:\/\/tramnghien.com\/?post_type=product&#038;p=1332"},"modified":"2025-02-13T14:31:03","modified_gmt":"2025-02-13T07:31:03","slug":"may-nghien-con-tc1150","status":"publish","type":"product","link":"https:\/\/tramnghien.com\/lo\/may-nghien-con-tc1150\/","title":{"rendered":"\u0ec0\u0e84\u0eb7\u0ec8\u0ead\u0e87 crusher \u0ec2\u0e81\u0e99 TC1150"},"content":{"rendered":"<p>TC1150 cone crusher \u0eaa\u0eb0\u0eab\u0e99\u0eb1\u0e9a\u0eaa\u0eb0\u0eab\u0e99\u0eb9\u0e99\u0e81\u0eb2\u0e99\u0eab\u0ebc\u0eb8\u0e94\u0e9c\u0ec8\u0ead\u0e99\u0e82\u0eb0\u0eab\u0e99\u0eb2\u0e94\u0e9b\u0eb0\u0eaa\u0eb4\u0e94\u0e97\u0eb4\u0e9e\u0eb2\u0e9a. \u0e9c\u0eb0\u0ea5\u0eb4\u0e94\u0e95\u0eb0\u0e9e\u0eb1\u0e99\u0e95\u0eb1\u0e99\u0ec1\u0ea1\u0ec8\u0e99\u0ec0\u0eab\u0ea1\u0eb2\u0eb0\u0eaa\u0ebb\u0ea1\u0e94\u0eb5\u0eaa\u0ecd\u0eb2\u0ea5\u0eb1\u0e9a\u0e81\u0eb2\u0e99\u0e9c\u0eb0\u0ea5\u0eb4\u0e94\u0e81\u0eb2\u0e99\u0ea5\u0ea7\u0e9a\u0ea5\u0ea7\u0ea1\u0ec1\u0ea5\u0eb0\u0e8a\u0eb1\u0ec9\u0e99\u0e8d\u0ec8\u0ead\u0e8d\u0e97\u0eb5\u0ec8\u0ea1\u0eb5\u0e84\u0eb8\u0e99\u0e99\u0eb0\u0e9e\u0eb2\u0e9a\u0eaa\u0eb9\u0e87.<\/p>\n<p>TC1000 \u0ea1\u0eb2\u0ec3\u0e99\u0eae\u0eb8\u0ec8\u0e99\u0eaa\u0eb1\u0ec9\u0e99\u0ec1\u0ea5\u0eb0\u0e8d\u0eb2\u0ea7, \u0ea1\u0eb5\u0e84\u0ea7\u0eb2\u0ea1\u0eaa\u0eb2\u0ea1\u0eb2\u0e94\u0eaa\u0eb9\u0e87\u0eaa\u0eb8\u0e94\u0e95\u0eb1\u0ec9\u0e87\u0ec1\u0e95\u0ec8 75-200 tph \u0ec1\u0ea5\u0eb0 95-240 tph.<\/p>\n<p>TC1300 \u0ec1\u0ea1\u0ec8\u0e99\u0ec0\u0e84\u0eb7\u0ec8\u0ead\u0e87\u0e88\u0eb1\u0e81. <a href=\"https:\/\/tramnghien.com\/lo\/phan-biet-cac-loai-may-nghien-con\/\"  data-wpil-monitor-id=\"87\">crusher \u0ec2\u0e81\u0e99<\/a> 300hp, \u0e84\u0ea7\u0eb2\u0ea1\u0ead\u0eb2\u0e94\u0eaa\u0eb2\u0ea1\u0eb2\u0e94\u0eaa\u0eb9\u0e87\u0eaa\u0eb8\u0e94\u0e88\u0eb2\u0e81 180-350 tph.<\/p>\n<p>TC1150 \u0e8d\u0eb1\u0e87\u0ec0\u0e9b\u0eb1\u0e99\u0ec0\u0e84\u0eb7\u0ec8\u0ead\u0e87\u0e88\u0eb1\u0e81. <a href=\"https:\/\/tramnghien.com\/lo\/%e0%ba%81%e0%ba%b2%e0%ba%99%e0%ba%9c%e0%ba%b0%e0%ba%a5%e0%ba%b4%e0%ba%94%e0%ba%94%e0%ba%b4%e0%ba%99%e0%ba%8a%e0%ba%b2%e0%ba%8d%e0%ba%97%e0%ba%bd%e0%ba%a1%e0%bb%81%e0%ba%a1%e0%bb%88%e0%ba%99%e0%bb%81\/\"  data-wpil-monitor-id=\"135\">crusher \u0ec2\u0e81\u0e99<\/a> 300hp, \u0e84\u0ea7\u0eb2\u0ea1\u0ead\u0eb2\u0e94\u0eaa\u0eb2\u0ea1\u0eb2\u0e94\u0eaa\u0eb9\u0e87\u0eaa\u0eb8\u0e94 165-320 tph.<\/p>\n<p>\u0e96\u0ec9\u0eb2\u0eab\u0eb2\u0e81\u0ea7\u0ec8\u0eb2\u0e97\u0ec8\u0eb2\u0e99\u0ea1\u0eb5\u0e84\u0ea7\u0eb2\u0ea1\u0eaa\u0ebb\u0e99\u0ec3\u0e88\u0ec3\u0e99\u0e9c\u0eb0\u0ea5\u0eb4\u0e94\u0e95\u0eb0\u0e9e\u0eb1\u0e99 crusher \u0ec2\u0e81\u0e99, \u0e81\u0eb0\u0ea5\u0eb8\u0e99\u0eb2\u0e95\u0eb4\u0e94\u0e95\u0ecd\u0ec8\u0e9e\u0ea7\u0e81\u0ec0\u0eae\u0ebb\u0eb2!<\/p>","protected":false},"excerpt":{"rendered":"<p>\u0e99\u0ec9\u0ecd\u0eb2\u0eab\u0e99\u0eb1\u0e81 31,360 lbs \/ 14,000 kg<\/p>\n<p>\u0ec0\u0eaa\u0eb1\u0ec9\u0e99\u0e9c\u0ec8\u0eb2\u0eaa\u0eb9\u0e99\u0e81\u0eb2\u0e87\u0eab\u0ebb\u0ea7 45\u2033 \/ 1150mm<\/p>\n<p>CSS Range5\/8-1 9\/16\u2033 \/ 16-40 \u0ea1\u0ea1<\/p>\n<p>\u0e84\u0ea7\u0eb2\u0ea1\u0ead\u0eb2\u0e94\u0eaa\u0eb2\u0ea1\u0eb2\u0e94 165-320 tph \/ 150-290 mtph<\/p>\n<p>\u0e82\u0eb0\u0edc\u0eb2\u0e94\u0ea1\u0ecd\u0ec0\u0e95\u0eb5 300 hp \/ 225 kW<\/p>","protected":false},"featured_media":1333,"template":"","meta":[],"product_brand":[],"product_cat":[69,72],"product_tag":[82],"class_list":{"0":"post-1332","1":"product","2":"type-product","3":"status-publish","4":"has-post-thumbnail","6":"product_cat-may-nghien-con","7":"product_cat-may-nghien-sang-terex","8":"product_tag-may-nghien-con","10":"first","11":"instock","12":"shipping-taxable","13":"product-type-grouped"},"yoast_head":"<!-- This site is optimized with the Yoast SEO Premium plugin v24.6 (Yoast SEO v27.4) - https:\/\/yoast.com\/product\/yoast-seo-premium-wordpress\/ -->\n<title>M\u00e1y nghi\u1ec1n c\u00f4n TC1150 - Nguy\u1ec5n Vinh - M\u00e1y nghi\u1ec1n \u0111\u00e1 &amp; C\u00e1t nh\u00e2n t\u1ea1o<\/title>\n<meta name=\"description\" content=\"M\u00e1y nghi\u1ec1n c\u00f4n TC h\u1ed7 tr\u1ee3 gi\u1ea3m k\u00edch th\u01b0\u1edbc hi\u1ec7u qu\u1ea3. S\u1ea3n ph\u1ea9m h\u00ecnh kh\u1ed1i \u0111\u00e1p \u1ee9ng t\u1ed1t cho s\u1ea3n xu\u1ea5t c\u1ed1t li\u1ec7u ch\u1ea5t l\u01b0\u1ee3ng cao v\u00e0 n\u1ec1n ph\u1ee5.\" \/>\n<meta name=\"robots\" content=\"index, follow, max-snippet:-1, max-image-preview:large, max-video-preview:-1\" \/>\n<link rel=\"canonical\" href=\"https:\/\/tramnghien.com\/lo\/may-nghien-con-tc1150\/\" \/>\n<meta property=\"og:locale\" content=\"en_US\" \/>\n<meta property=\"og:type\" content=\"article\" \/>\n<meta property=\"og:title\" content=\"M\u00e1y nghi\u1ec1n c\u00f4n TC1150\" \/>\n<meta property=\"og:description\" content=\"M\u00e1y nghi\u1ec1n c\u00f4n TC h\u1ed7 tr\u1ee3 gi\u1ea3m k\u00edch th\u01b0\u1edbc hi\u1ec7u qu\u1ea3. S\u1ea3n ph\u1ea9m h\u00ecnh kh\u1ed1i \u0111\u00e1p \u1ee9ng t\u1ed1t cho s\u1ea3n xu\u1ea5t c\u1ed1t li\u1ec7u ch\u1ea5t l\u01b0\u1ee3ng cao v\u00e0 n\u1ec1n ph\u1ee5.\" \/>\n<meta property=\"og:url\" content=\"https:\/\/tramnghien.com\/lo\/may-nghien-con-tc1150\/\" \/>\n<meta property=\"og:site_name\" content=\"Nguy\u1ec5n Vinh - M\u00e1y nghi\u1ec1n \u0111\u00e1 &amp; C\u00e1t nh\u00e2n t\u1ea1o\" \/>\n<meta property=\"article:modified_time\" content=\"2025-02-13T07:31:03+00:00\" \/>\n<meta property=\"og:image\" content=\"https:\/\/tramnghien.com\/wp-content\/uploads\/2024\/10\/tc1150.jpg\" \/>\n\t<meta property=\"og:image:width\" content=\"800\" \/>\n\t<meta property=\"og:image:height\" content=\"450\" \/>\n\t<meta property=\"og:image:type\" content=\"image\/jpeg\" \/>\n<meta name=\"twitter:card\" content=\"summary_large_image\" \/>\n<meta name=\"twitter:label1\" content=\"Availability\" \/>\n\t<meta name=\"twitter:data1\" content=\"In stock\" \/>\n<script type=\"application\/ld+json\" class=\"yoast-schema-graph\">{\"@context\":\"https:\\\/\\\/schema.org\",\"@graph\":[{\"@type\":\"WebPage\",\"@id\":\"https:\\\/\\\/tramnghien.com\\\/may-nghien-con-tc1150\\\/\",\"url\":\"https:\\\/\\\/tramnghien.com\\\/may-nghien-con-tc1150\\\/\",\"name\":\"M\u00e1y nghi\u1ec1n c\u00f4n TC1150 - Nguy\u1ec5n Vinh - M\u00e1y nghi\u1ec1n \u0111\u00e1 &amp; C\u00e1t nh\u00e2n t\u1ea1o\",\"isPartOf\":{\"@id\":\"https:\\\/\\\/tramnghien.com\\\/#website\"},\"primaryImageOfPage\":{\"@id\":\"https:\\\/\\\/tramnghien.com\\\/may-nghien-con-tc1150\\\/#primaryimage\"},\"image\":{\"@id\":\"https:\\\/\\\/tramnghien.com\\\/may-nghien-con-tc1150\\\/#primaryimage\"},\"thumbnailUrl\":\"https:\\\/\\\/tramnghien.com\\\/wp-content\\\/uploads\\\/2024\\\/10\\\/tc1150.jpg\",\"datePublished\":\"2024-10-17T02:29:46+00:00\",\"dateModified\":\"2025-02-13T07:31:03+00:00\",\"description\":\"M\u00e1y nghi\u1ec1n c\u00f4n TC h\u1ed7 tr\u1ee3 gi\u1ea3m k\u00edch th\u01b0\u1edbc hi\u1ec7u qu\u1ea3. S\u1ea3n ph\u1ea9m h\u00ecnh kh\u1ed1i \u0111\u00e1p \u1ee9ng t\u1ed1t cho s\u1ea3n xu\u1ea5t c\u1ed1t li\u1ec7u ch\u1ea5t l\u01b0\u1ee3ng cao v\u00e0 n\u1ec1n ph\u1ee5.\",\"breadcrumb\":{\"@id\":\"https:\\\/\\\/tramnghien.com\\\/may-nghien-con-tc1150\\\/#breadcrumb\"},\"inLanguage\":\"lo\",\"potentialAction\":[{\"@type\":\"ReadAction\",\"target\":[\"https:\\\/\\\/tramnghien.com\\\/may-nghien-con-tc1150\\\/\"]}]},{\"@type\":\"ImageObject\",\"inLanguage\":\"lo\",\"@id\":\"https:\\\/\\\/tramnghien.com\\\/may-nghien-con-tc1150\\\/#primaryimage\",\"url\":\"https:\\\/\\\/tramnghien.com\\\/wp-content\\\/uploads\\\/2024\\\/10\\\/tc1150.jpg\",\"contentUrl\":\"https:\\\/\\\/tramnghien.com\\\/wp-content\\\/uploads\\\/2024\\\/10\\\/tc1150.jpg\",\"width\":800,\"height\":450,\"caption\":\"M\u00e1y nghi\u1ec1n c\u00f4n TC1150\"},{\"@type\":\"BreadcrumbList\",\"@id\":\"https:\\\/\\\/tramnghien.com\\\/may-nghien-con-tc1150\\\/#breadcrumb\",\"itemListElement\":[{\"@type\":\"ListItem\",\"position\":1,\"name\":\"Home\",\"item\":\"https:\\\/\\\/tramnghien.com\\\/\"},{\"@type\":\"ListItem\",\"position\":2,\"name\":\"S\u1ea3n ph\u1ea9m\",\"item\":\"https:\\\/\\\/tramnghien.com\\\/san-pham\\\/\"},{\"@type\":\"ListItem\",\"position\":3,\"name\":\"M\u00e1y nghi\u1ec1n c\u00f4n TC1150\"}]},{\"@type\":\"WebSite\",\"@id\":\"https:\\\/\\\/tramnghien.com\\\/#website\",\"url\":\"https:\\\/\\\/tramnghien.com\\\/\",\"name\":\"Nguy\u1ec5n Vinh - M\u00e1y nghi\u1ec1n \u0111\u00e1 &amp; C\u00e1t nh\u00e2n t\u1ea1o\",\"description\":\"D\u1eabn \u0111\u1ea7u c\u00f4ng ngh\u1ec7 m\u00e1y nghi\u1ec1n t\u1ea1i Vi\u1ec7t Nam\",\"potentialAction\":[{\"@type\":\"SearchAction\",\"target\":{\"@type\":\"EntryPoint\",\"urlTemplate\":\"https:\\\/\\\/tramnghien.com\\\/?s={search_term_string}\"},\"query-input\":{\"@type\":\"PropertyValueSpecification\",\"valueRequired\":true,\"valueName\":\"search_term_string\"}}],\"inLanguage\":\"lo\"}]}<\/script>\n<meta property=\"og:availability\" content=\"instock\" \/>\n<meta property=\"product:availability\" content=\"instock\" \/>\n<meta property=\"product:condition\" content=\"new\" \/>\n<!-- \/ Yoast SEO Premium plugin. -->","yoast_head_json":{"title":"TC1150 Cone Crusher - Nguyen Vinh - Crusher \u0ec1\u0e81\u0e99 &amp; Sand \u0e97\u0ebd\u0ea1","description":"crusher cone TC \u0eaa\u0eb0\u0eab\u0e99\u0eb1\u0e9a\u0eaa\u0eb0\u0eab\u0e99\u0eb9\u0e99\u0e81\u0eb2\u0e99\u0eab\u0ebc\u0eb8\u0e94\u0e9c\u0ec8\u0ead\u0e99\u0e82\u0eb0\u0eab\u0e99\u0eb2\u0e94\u0e9b\u0eb0\u0eaa\u0eb4\u0e94\u0e97\u0eb4\u0e9e\u0eb2\u0e9a. \u0e9c\u0eb0\u0ea5\u0eb4\u0e94\u0e95\u0eb0\u0e9e\u0eb1\u0e99\u0e95\u0eb1\u0e99\u0ec1\u0ea1\u0ec8\u0e99\u0ec0\u0eab\u0ea1\u0eb2\u0eb0\u0eaa\u0ebb\u0ea1\u0e94\u0eb5\u0eaa\u0ecd\u0eb2\u0ea5\u0eb1\u0e9a\u0e81\u0eb2\u0e99\u0e9c\u0eb0\u0ea5\u0eb4\u0e94\u0e81\u0eb2\u0e99\u0ea5\u0ea7\u0e9a\u0ea5\u0ea7\u0ea1\u0ec1\u0ea5\u0eb0\u0e8a\u0eb1\u0ec9\u0e99\u0e8d\u0ec8\u0ead\u0e8d\u0e97\u0eb5\u0ec8\u0ea1\u0eb5\u0e84\u0eb8\u0e99\u0e99\u0eb0\u0e9e\u0eb2\u0e9a\u0eaa\u0eb9\u0e87.","robots":{"index":"index","follow":"follow","max-snippet":"max-snippet:-1","max-image-preview":"max-image-preview:large","max-video-preview":"max-video-preview:-1"},"canonical":"https:\/\/tramnghien.com\/lo\/may-nghien-con-tc1150\/","og_locale":"en_US","og_type":"article","og_title":"M\u00e1y nghi\u1ec1n c\u00f4n TC1150","og_description":"M\u00e1y nghi\u1ec1n c\u00f4n TC h\u1ed7 tr\u1ee3 gi\u1ea3m k\u00edch th\u01b0\u1edbc hi\u1ec7u qu\u1ea3. S\u1ea3n ph\u1ea9m h\u00ecnh kh\u1ed1i \u0111\u00e1p \u1ee9ng t\u1ed1t cho s\u1ea3n xu\u1ea5t c\u1ed1t li\u1ec7u ch\u1ea5t l\u01b0\u1ee3ng cao v\u00e0 n\u1ec1n ph\u1ee5.","og_url":"https:\/\/tramnghien.com\/lo\/may-nghien-con-tc1150\/","og_site_name":"Nguy\u1ec5n Vinh - M\u00e1y nghi\u1ec1n \u0111\u00e1 &amp; C\u00e1t nh\u00e2n t\u1ea1o","article_modified_time":"2025-02-13T07:31:03+00:00","og_image":[{"width":800,"height":450,"url":"https:\/\/tramnghien.com\/wp-content\/uploads\/2024\/10\/tc1150.jpg","type":"image\/jpeg"}],"twitter_card":"summary_large_image","twitter_misc":{"Availability":"In stock"},"schema":{"@context":"https:\/\/schema.org","@graph":[{"@type":"WebPage","@id":"https:\/\/tramnghien.com\/may-nghien-con-tc1150\/","url":"https:\/\/tramnghien.com\/may-nghien-con-tc1150\/","name":"TC1150 Cone Crusher - Nguyen Vinh - Crusher \u0ec1\u0e81\u0e99 &amp; Sand \u0e97\u0ebd\u0ea1","isPartOf":{"@id":"https:\/\/tramnghien.com\/#website"},"primaryImageOfPage":{"@id":"https:\/\/tramnghien.com\/may-nghien-con-tc1150\/#primaryimage"},"image":{"@id":"https:\/\/tramnghien.com\/may-nghien-con-tc1150\/#primaryimage"},"thumbnailUrl":"https:\/\/tramnghien.com\/wp-content\/uploads\/2024\/10\/tc1150.jpg","datePublished":"2024-10-17T02:29:46+00:00","dateModified":"2025-02-13T07:31:03+00:00","description":"crusher cone TC \u0eaa\u0eb0\u0eab\u0e99\u0eb1\u0e9a\u0eaa\u0eb0\u0eab\u0e99\u0eb9\u0e99\u0e81\u0eb2\u0e99\u0eab\u0ebc\u0eb8\u0e94\u0e9c\u0ec8\u0ead\u0e99\u0e82\u0eb0\u0eab\u0e99\u0eb2\u0e94\u0e9b\u0eb0\u0eaa\u0eb4\u0e94\u0e97\u0eb4\u0e9e\u0eb2\u0e9a. \u0e9c\u0eb0\u0ea5\u0eb4\u0e94\u0e95\u0eb0\u0e9e\u0eb1\u0e99\u0e95\u0eb1\u0e99\u0ec1\u0ea1\u0ec8\u0e99\u0ec0\u0eab\u0ea1\u0eb2\u0eb0\u0eaa\u0ebb\u0ea1\u0e94\u0eb5\u0eaa\u0ecd\u0eb2\u0ea5\u0eb1\u0e9a\u0e81\u0eb2\u0e99\u0e9c\u0eb0\u0ea5\u0eb4\u0e94\u0e81\u0eb2\u0e99\u0ea5\u0ea7\u0e9a\u0ea5\u0ea7\u0ea1\u0ec1\u0ea5\u0eb0\u0e8a\u0eb1\u0ec9\u0e99\u0e8d\u0ec8\u0ead\u0e8d\u0e97\u0eb5\u0ec8\u0ea1\u0eb5\u0e84\u0eb8\u0e99\u0e99\u0eb0\u0e9e\u0eb2\u0e9a\u0eaa\u0eb9\u0e87.","breadcrumb":{"@id":"https:\/\/tramnghien.com\/may-nghien-con-tc1150\/#breadcrumb"},"inLanguage":"lo","potentialAction":[{"@type":"ReadAction","target":["https:\/\/tramnghien.com\/may-nghien-con-tc1150\/"]}]},{"@type":"ImageObject","inLanguage":"lo","@id":"https:\/\/tramnghien.com\/may-nghien-con-tc1150\/#primaryimage","url":"https:\/\/tramnghien.com\/wp-content\/uploads\/2024\/10\/tc1150.jpg","contentUrl":"https:\/\/tramnghien.com\/wp-content\/uploads\/2024\/10\/tc1150.jpg","width":800,"height":450,"caption":"M\u00e1y nghi\u1ec1n c\u00f4n TC1150"},{"@type":"BreadcrumbList","@id":"https:\/\/tramnghien.com\/may-nghien-con-tc1150\/#breadcrumb","itemListElement":[{"@type":"ListItem","position":1,"name":"Home","item":"https:\/\/tramnghien.com\/"},{"@type":"ListItem","position":2,"name":"S\u1ea3n ph\u1ea9m","item":"https:\/\/tramnghien.com\/san-pham\/"},{"@type":"ListItem","position":3,"name":"M\u00e1y nghi\u1ec1n c\u00f4n TC1150"}]},{"@type":"WebSite","@id":"https:\/\/tramnghien.com\/#website","url":"https:\/\/tramnghien.com\/","name":"Nguyen Vinh - \u0ec0\u0e84\u0eb7\u0ec8\u0ead\u0e87\u0e9b\u0eb1\u0ec9\u0e99\u0eab\u0eb5\u0e99 &amp; \u0e8a\u0eb2\u0e8d\u0e97\u0ebd\u0ea1","description":"\u0ec0\u0e95\u0eb1\u0e81\u200b\u0ec2\u0e99\u200b\u0ec2\u0ea5\u200b\u0e8a\u0eb5 crusher \u0e8a\u0eb1\u0ec9\u0e99\u200b\u0e99\u0ecd\u0eb2\u200b\u0e82\u0ead\u0e87\u200b\u0eab\u0ea7\u0ebd\u0e94\u200b\u0e99\u0eb2\u0ea1","potentialAction":[{"@type":"SearchAction","target":{"@type":"EntryPoint","urlTemplate":"https:\/\/tramnghien.com\/?s={search_term_string}"},"query-input":{"@type":"PropertyValueSpecification","valueRequired":true,"valueName":"search_term_string"}}],"inLanguage":"lo"}]},"og_availability":"instock","product_availability":"instock","product_condition":"new"},"_links":{"self":[{"href":"https:\/\/tramnghien.com\/lo\/wp-json\/wp\/v2\/product\/1332","targetHints":{"allow":["GET"]}}],"collection":[{"href":"https:\/\/tramnghien.com\/lo\/wp-json\/wp\/v2\/product"}],"about":[{"href":"https:\/\/tramnghien.com\/lo\/wp-json\/wp\/v2\/types\/product"}],"wp:featuredmedia":[{"embeddable":true,"href":"https:\/\/tramnghien.com\/lo\/wp-json\/wp\/v2\/media\/1333"}],"wp:attachment":[{"href":"https:\/\/tramnghien.com\/lo\/wp-json\/wp\/v2\/media?parent=1332"}],"wp:term":[{"taxonomy":"product_brand","embeddable":true,"href":"https:\/\/tramnghien.com\/lo\/wp-json\/wp\/v2\/product_brand?post=1332"},{"taxonomy":"product_cat","embeddable":true,"href":"https:\/\/tramnghien.com\/lo\/wp-json\/wp\/v2\/product_cat?post=1332"},{"taxonomy":"product_tag","embeddable":true,"href":"https:\/\/tramnghien.com\/lo\/wp-json\/wp\/v2\/product_tag?post=1332"}],"curies":[{"name":"wp","href":"https:\/\/api.w.org\/{rel}","templated":true}]}}