{"id":1387,"date":"2024-10-17T04:09:25","date_gmt":"2024-10-17T04:09:25","guid":{"rendered":"https:\/\/tramnghien.com\/?post_type=product&#038;p=1387"},"modified":"2025-04-04T09:47:40","modified_gmt":"2025-04-04T02:47:40","slug":"may-rua-cat-nhan-tao-fm-hydro","status":"publish","type":"product","link":"https:\/\/tramnghien.com\/km\/may-rua-cat-nhan-tao-fm-hydro\/","title":{"rendered":"\u1798\u17c9\u17b6\u179f\u17ca\u17b8\u1793\u1794\u17c4\u1780\u1782\u1780\u17cb\u1781\u17d2\u179f\u17b6\u1785\u17cb\u179f\u17b7\u1794\u17d2\u1794\u1793\u17b7\u1798\u17d2\u1798\u17b7\u178f FM HYDRO"},"content":{"rendered":"<p style=\"text-align: justify;\">\u1798\u17c9\u17b6\u179f\u17ca\u17b8\u1793\u179b\u17b6\u1784\u1781\u17d2\u179f\u17b6\u1785\u17cb\u179f\u17b7\u1794\u17d2\u1794\u1793\u17b7\u1798\u17d2\u1798\u17b7\u178f FM 60 Hydro\u2122 ( FM HYDRO ) \u1782\u17ba\u1787\u17b6\u179a\u17c4\u1784\u1785\u1780\u17d2\u179a\u1785\u17b6\u178f\u17cb\u1790\u17d2\u1793\u17b6\u1780\u17cb\u1781\u17d2\u179f\u17b6\u1785\u17cb\u1796\u17c1\u1789\u179b\u17c1\u1789\u17d4 \u179c\u17b6\u179a\u17bd\u1798\u1794\u1789\u17d2\u1785\u17bc\u179b\u1782\u17d2\u1793\u17b6\u1793\u17bc\u179c\u1780\u17b6\u179a\u179b\u17b6\u1784\u1781\u17d2\u179f\u17b6\u1785\u17cb \u1793\u17b7\u1784\u1780\u17b6\u179a\u1785\u17b6\u178f\u17cb\u1790\u17d2\u1793\u17b6\u1780\u17cb\u179b\u17be\u179a\u1785\u1793\u17b6\u179f\u1798\u17d2\u1796\u17d0\u1793\u17d2\u1792\u1794\u1784\u17d2\u179a\u17bd\u1798\u1798\u17bd\u1799\u17d4 \u179c\u1784\u17cb\u1792\u17b6\u179a\u17b6\u179f\u17b6\u179f\u17d2\u178f\u17d2\u179a\u179a\u17bd\u1798\u1794\u1789\u17d2\u1785\u17bc\u179b\u1782\u17d2\u1793\u17b6\u1787\u17b6\u1798\u17bd\u1799\u17a7\u1794\u1780\u179a\u178e\u17cd\u1785\u17b6\u178f\u17cb\u1790\u17d2\u1793\u17b6\u1780\u17cb\u1794\u17b6\u178f\u179a\u17b6\u1794\u179f\u17d2\u1798\u17be\u17d4 \u17a2\u1793\u17bb\u1789\u17d2\u1789\u17b6\u178f\u17b1\u17d2\u1799\u179a\u17bb\u1780\u17d2\u1781\u1787\u17b6\u178f\u17b7 <a href=\"https:\/\/tramnghien.com\/km\/uu-nhuoc-diem-cua-cac-cong-nghe-xu-ly-nuoc-bun-thai\/\" data-wpil-monitor-id=\"6\">\u1795\u179b\u17b7\u178f\u1781\u17d2\u179f\u17b6\u1785\u17cb 2 \u1794\u17d2\u179a\u1797\u17c1\u1791<\/a> \u1799\u17c4\u1784\u178f\u17b6\u1798\u179f\u17d2\u178f\u1784\u17cb\u178a\u17b6\u179a\u1794\u17d2\u179a\u1797\u1796\u178f\u17c2\u1798\u17bd\u1799\u17d4<\/p>\n<p style=\"text-align: justify;\"><strong>\u1780\u17b6\u179a\u179a\u17c6\u179b\u17c1\u1785 \u1793\u17b7\u1784\u17a2\u178f\u17d2\u1790\u1794\u17d2\u179a\u1799\u17c4\u1787\u1793\u17cd\u1793\u17c3\u1798\u17c9\u17b6\u179f\u17ca\u17b8\u1793\u1794\u17c4\u1780\u1782\u1780\u17cb <a class=\"wpil_keyword_link\" title=\"\u1781\u17d2\u179f\u17b6\u1785\u17cb\u179f\u17b7\u1794\u17d2\u1794\u1793\u17b7\u1798\u17d2\u1798\u17b7\u178f\" href=\"https:\/\/tramnghien.com\/km\/%e1%9e%8f%e1%9e%be%e1%9e%81%e1%9f%92%e1%9e%9f%e1%9e%b6%e1%9e%85%e1%9f%8b%e1%9e%9f%e1%9e%b7%e1%9e%94%e1%9f%92%e1%9e%94%e1%9e%93%e1%9e%b7%e1%9e%98%e1%9f%92%e1%9e%98%e1%9e%b7%e1%9e%8f%e1%9e%87%e1%9e%b6\/\" data-wpil-keyword-link=\"linked\" data-wpil-monitor-id=\"45\">\u1781\u17d2\u179f\u17b6\u1785\u17cb\u179f\u17b7\u1794\u17d2\u1794\u1793\u17b7\u1798\u17d2\u1798\u17b7\u178f<\/a> :<\/strong><\/p>\n<ul class=\"wp-block-list\">\n<li style=\"text-align: justify;\">\u1794\u17d2\u179a\u1796\u17d0\u1793\u17d2\u1792\u1785\u17b6\u178f\u17cb\u1790\u17d2\u1793\u17b6\u1780\u17cb\u1792\u17b6\u179a\u17b6\u179f\u17b6\u179f\u17d2\u178f\u17d2\u179a\u178a\u17c2\u179b\u1782\u17d2\u179a\u1794\u17cb\u1782\u17d2\u179a\u1784\u178a\u17c4\u1799\u17a2\u17c1\u17a1\u17b7\u1785\u178f\u17d2\u179a\u17b7\u1785 \u1798\u17b6\u1793\u1794\u17d2\u179a\u179f\u17b7\u1791\u17d2\u1792\u1797\u17b6\u1796\u1780\u1798\u17d2\u1785\u17b6\u178f\u17cb\u1796\u1793\u17d2\u179b\u17ba \u17ac\u1797\u17b6\u1782\u179b\u17d2\u17a2\u17b7\u178f\u178f\u17bc\u1785\u17d7\u1785\u17c1\u1789\u1796\u17b8\u179f\u17d2\u1791\u17d2\u179a\u17b8\u1798\u1797\u1780\u17cb\u17d4 \u1780\u17cf\u1795\u17d2\u179b\u17b6\u179f\u17cb\u1791\u17b8\u1799\u17c9\u17b6\u1784\u17a0\u17c4\u1785\u178e\u17b6\u179f\u17cb\u1797\u17b6\u1782\u179b\u17d2\u17a2\u17b7\u178f\u1792\u17d2\u1784\u1793\u17cb \u17ac\u1782\u17d2\u179a\u17be\u1798\u17a1\u17be\u1784\u179b\u17be\u1780\u17b6\u179a\u17a0\u17c0\u179a\u17d4<\/li>\n<li style=\"text-align: justify;\">\u17a2\u17c1\u1780\u17d2\u179a\u1784\u17cb dewatering \u1794\u17d2\u179a\u17c1\u1780\u1784\u17cb\u1781\u17d2\u1796\u179f\u17cb\u1792\u17b6\u1793\u17b6\u1797\u17b6\u1796\u179f\u17d2\u1784\u17bd\u178f\u1795\u179b\u17b7\u178f\u1795\u179b\u17d4 \u17a2\u17b6\u1785\u200b\u179a\u17be\u200b\u1785\u17bc\u179b\u200b\u1794\u17b6\u1793\u200b\u1797\u17d2\u179b\u17b6\u1798\u17d7\u200b\u178a\u17be\u1798\u17d2\u1794\u17b8\u200b\u178a\u17b6\u1780\u17cb\u200b\u178a\u17bb\u17c6\u17d4<\/li>\n<li style=\"text-align: justify;\">\u1794\u17d2\u179a\u1796\u17d0\u1793\u17d2\u1792\u1782\u17d2\u179a\u1794\u17cb\u1782\u17d2\u179a\u1784\u17a2\u1782\u17d2\u1782\u17b7\u179f\u1793\u17b8\u17a2\u1793\u17bb\u1789\u17d2\u1789\u17b6\u178f\u17b1\u17d2\u1799\u1795\u17d2\u1791\u17bb\u1780\u179a\u17a0\u17bc\u178f\u178a\u179b\u17cb 5 \u1780\u17b6\u179a\u1780\u17c6\u178e\u178f\u17cb\u1795\u17d2\u179f\u17c1\u1784\u1782\u17d2\u1793\u17b6\u17d4 \u1787\u17bd\u1799\u1795\u17d2\u179b\u17b6\u179f\u17cb\u1794\u17d2\u178f\u17bc\u179a\u1794\u17c9\u17b6\u179a\u17c9\u17b6\u1798\u17c9\u17c2\u178f\u17d2\u179a\u1795\u179b\u17b7\u178f\u1795\u179b\u1799\u17c9\u17b6\u1784\u1786\u17b6\u1794\u17cb\u179a\u17a0\u17d0\u179f\u17d4<\/li>\n<\/ul>","protected":false},"excerpt":{"rendered":"<table class=\"has-fixed-layout\">\n<tbody>\n<tr>\n<td>\u17a2\u17c1\u1780\u17d2\u179a\u1784\u17cb<\/td>\n<td>8\u2032 x 4\u2032 \/ 2.4m x 1.2m<\/td>\n<\/tr>\n<\/tbody>\n<\/table>","protected":false},"featured_media":1388,"template":"","meta":[],"product_brand":[],"product_cat":[73],"product_tag":[80],"class_list":{"0":"post-1387","1":"product","2":"type-product","3":"status-publish","4":"has-post-thumbnail","6":"product_cat-may-rua-khoang-san-terex","7":"product_tag-may-rua-cat-nhan-tao","9":"first","10":"instock","11":"shipping-taxable","12":"product-type-grouped"},"yoast_head":"<!-- This site is optimized with the Yoast SEO Premium plugin v24.6 (Yoast SEO v27.4) - https:\/\/yoast.com\/product\/yoast-seo-premium-wordpress\/ -->\n<title>M\u00e1y r\u1eeda c\u00e1t nh\u00e2n t\u1ea1o FM HYDRO - Nguy\u1ec5n Vinh - M\u00e1y nghi\u1ec1n \u0111\u00e1 &amp; C\u00e1t nh\u00e2n t\u1ea1o<\/title>\n<meta name=\"description\" content=\"M\u00e1y r\u1eeda c\u00e1t nh\u00e2n t\u1ea1o FM 60 Hydro\u2122 t\u00edch h\u1ee3p gi\u1eb7t v\u00e0 ph\u00e2n lo\u1ea1i c\u00e1t trong m\u1ed9t thi\u1ebft k\u1ebf nh\u1ecf g\u1ecdn, gi\u00fap s\u1ea3n xu\u1ea5t 2 lo\u1ea1i c\u00e1t \u0111\u1ea1t chu\u1ea9n t\u1eeb m\u1ed9t ngu\u1ed3n c\u1ea5p li\u1ec7u,...\" \/>\n<meta name=\"robots\" content=\"index, follow, max-snippet:-1, max-image-preview:large, max-video-preview:-1\" \/>\n<link rel=\"canonical\" href=\"https:\/\/tramnghien.com\/km\/may-rua-cat-nhan-tao-fm-hydro\/\" \/>\n<meta property=\"og:locale\" content=\"en_US\" \/>\n<meta property=\"og:type\" content=\"article\" \/>\n<meta property=\"og:title\" content=\"M\u00e1y r\u1eeda c\u00e1t nh\u00e2n t\u1ea1o FM HYDRO\" \/>\n<meta property=\"og:description\" content=\"M\u00e1y r\u1eeda c\u00e1t nh\u00e2n t\u1ea1o FM 60 Hydro\u2122 t\u00edch h\u1ee3p gi\u1eb7t v\u00e0 ph\u00e2n lo\u1ea1i c\u00e1t trong m\u1ed9t thi\u1ebft k\u1ebf nh\u1ecf g\u1ecdn, gi\u00fap s\u1ea3n xu\u1ea5t 2 lo\u1ea1i c\u00e1t \u0111\u1ea1t chu\u1ea9n t\u1eeb m\u1ed9t ngu\u1ed3n c\u1ea5p li\u1ec7u,...\" \/>\n<meta property=\"og:url\" content=\"https:\/\/tramnghien.com\/km\/may-rua-cat-nhan-tao-fm-hydro\/\" \/>\n<meta property=\"og:site_name\" content=\"Nguy\u1ec5n Vinh - M\u00e1y nghi\u1ec1n \u0111\u00e1 &amp; C\u00e1t nh\u00e2n t\u1ea1o\" \/>\n<meta property=\"article:modified_time\" content=\"2025-04-04T02:47:40+00:00\" \/>\n<meta property=\"og:image\" content=\"https:\/\/tramnghien.com\/wp-content\/uploads\/2024\/10\/fm-hydro-applicationsf3a9a83908974b29b79f4a68f655f851.webp\" \/>\n\t<meta property=\"og:image:width\" content=\"770\" \/>\n\t<meta property=\"og:image:height\" content=\"384\" \/>\n\t<meta property=\"og:image:type\" content=\"image\/webp\" \/>\n<meta name=\"twitter:card\" content=\"summary_large_image\" \/>\n<meta name=\"twitter:label1\" content=\"Availability\" \/>\n\t<meta name=\"twitter:data1\" content=\"In stock\" \/>\n<script type=\"application\/ld+json\" class=\"yoast-schema-graph\">{\"@context\":\"https:\\\/\\\/schema.org\",\"@graph\":[{\"@type\":\"WebPage\",\"@id\":\"https:\\\/\\\/tramnghien.com\\\/may-rua-cat-nhan-tao-fm-hydro\\\/\",\"url\":\"https:\\\/\\\/tramnghien.com\\\/may-rua-cat-nhan-tao-fm-hydro\\\/\",\"name\":\"M\u00e1y r\u1eeda c\u00e1t nh\u00e2n t\u1ea1o FM HYDRO - Nguy\u1ec5n Vinh - M\u00e1y nghi\u1ec1n \u0111\u00e1 &amp; C\u00e1t nh\u00e2n t\u1ea1o\",\"isPartOf\":{\"@id\":\"https:\\\/\\\/tramnghien.com\\\/#website\"},\"primaryImageOfPage\":{\"@id\":\"https:\\\/\\\/tramnghien.com\\\/may-rua-cat-nhan-tao-fm-hydro\\\/#primaryimage\"},\"image\":{\"@id\":\"https:\\\/\\\/tramnghien.com\\\/may-rua-cat-nhan-tao-fm-hydro\\\/#primaryimage\"},\"thumbnailUrl\":\"https:\\\/\\\/tramnghien.com\\\/wp-content\\\/uploads\\\/2024\\\/10\\\/fm-hydro-applicationsf3a9a83908974b29b79f4a68f655f851.webp\",\"datePublished\":\"2024-10-17T04:09:25+00:00\",\"dateModified\":\"2025-04-04T02:47:40+00:00\",\"description\":\"M\u00e1y r\u1eeda c\u00e1t nh\u00e2n t\u1ea1o FM 60 Hydro\u2122 t\u00edch h\u1ee3p gi\u1eb7t v\u00e0 ph\u00e2n lo\u1ea1i c\u00e1t trong m\u1ed9t thi\u1ebft k\u1ebf nh\u1ecf g\u1ecdn, gi\u00fap s\u1ea3n xu\u1ea5t 2 lo\u1ea1i c\u00e1t \u0111\u1ea1t chu\u1ea9n t\u1eeb m\u1ed9t ngu\u1ed3n c\u1ea5p li\u1ec7u,...\",\"breadcrumb\":{\"@id\":\"https:\\\/\\\/tramnghien.com\\\/may-rua-cat-nhan-tao-fm-hydro\\\/#breadcrumb\"},\"inLanguage\":\"km\",\"potentialAction\":[{\"@type\":\"ReadAction\",\"target\":[\"https:\\\/\\\/tramnghien.com\\\/may-rua-cat-nhan-tao-fm-hydro\\\/\"]}]},{\"@type\":\"ImageObject\",\"inLanguage\":\"km\",\"@id\":\"https:\\\/\\\/tramnghien.com\\\/may-rua-cat-nhan-tao-fm-hydro\\\/#primaryimage\",\"url\":\"https:\\\/\\\/tramnghien.com\\\/wp-content\\\/uploads\\\/2024\\\/10\\\/fm-hydro-applicationsf3a9a83908974b29b79f4a68f655f851.webp\",\"contentUrl\":\"https:\\\/\\\/tramnghien.com\\\/wp-content\\\/uploads\\\/2024\\\/10\\\/fm-hydro-applicationsf3a9a83908974b29b79f4a68f655f851.webp\",\"width\":770,\"height\":384,\"caption\":\"m\u00e1y r\u1eeda c\u00e1t nh\u00e2n t\u1ea1o\"},{\"@type\":\"BreadcrumbList\",\"@id\":\"https:\\\/\\\/tramnghien.com\\\/may-rua-cat-nhan-tao-fm-hydro\\\/#breadcrumb\",\"itemListElement\":[{\"@type\":\"ListItem\",\"position\":1,\"name\":\"Home\",\"item\":\"https:\\\/\\\/tramnghien.com\\\/\"},{\"@type\":\"ListItem\",\"position\":2,\"name\":\"S\u1ea3n ph\u1ea9m\",\"item\":\"https:\\\/\\\/tramnghien.com\\\/san-pham\\\/\"},{\"@type\":\"ListItem\",\"position\":3,\"name\":\"M\u00e1y r\u1eeda c\u00e1t nh\u00e2n t\u1ea1o FM HYDRO\"}]},{\"@type\":\"WebSite\",\"@id\":\"https:\\\/\\\/tramnghien.com\\\/#website\",\"url\":\"https:\\\/\\\/tramnghien.com\\\/\",\"name\":\"Nguy\u1ec5n Vinh - M\u00e1y nghi\u1ec1n \u0111\u00e1 &amp; C\u00e1t nh\u00e2n t\u1ea1o\",\"description\":\"D\u1eabn \u0111\u1ea7u c\u00f4ng ngh\u1ec7 m\u00e1y nghi\u1ec1n t\u1ea1i Vi\u1ec7t Nam\",\"potentialAction\":[{\"@type\":\"SearchAction\",\"target\":{\"@type\":\"EntryPoint\",\"urlTemplate\":\"https:\\\/\\\/tramnghien.com\\\/?s={search_term_string}\"},\"query-input\":{\"@type\":\"PropertyValueSpecification\",\"valueRequired\":true,\"valueName\":\"search_term_string\"}}],\"inLanguage\":\"km\"}]}<\/script>\n<meta property=\"og:availability\" content=\"instock\" \/>\n<meta property=\"product:availability\" content=\"instock\" \/>\n<meta property=\"product:condition\" content=\"new\" \/>\n<!-- \/ Yoast SEO Premium plugin. -->","yoast_head_json":{"title":"FM HYDRO \u1798\u17c9\u17b6\u179f\u17ca\u17b8\u1793\u1794\u17c4\u1780\u1782\u1780\u17cb\u1781\u17d2\u179f\u17b6\u1785\u17cb\u179f\u17b7\u1794\u17d2\u1794\u1793\u17b7\u1798\u17d2\u1798\u17b7\u178f - \u1784\u17d2\u179c\u17c0\u1793 \u179c\u17b7\u1789 - \u1798\u17c9\u17b6\u179f\u17ca\u17b8\u1793\u1780\u17c6\u1791\u17c1\u1785\u1790\u17d2\u1798 \u1793\u17b7\u1784\u1781\u17d2\u179f\u17b6\u1785\u17cb\u179f\u17b7\u1794\u17d2\u1794\u1793\u17b7\u1798\u17d2\u1798\u17b7\u178f","description":"\u1798\u17c9\u17b6\u179f\u17ca\u17b8\u1793\u1794\u17bc\u1798\u1781\u17d2\u179f\u17b6\u1785\u17cb FM 60 Hydro\u2122 \u179a\u17bd\u1798\u1794\u1789\u17d2\u1785\u17bc\u179b\u1780\u17b6\u179a\u179b\u17b6\u1784\u1781\u17d2\u179f\u17b6\u1785\u17cb \u1793\u17b7\u1784\u1780\u17b6\u179a\u1785\u17b6\u178f\u17cb\u1790\u17d2\u1793\u17b6\u1780\u17cb\u1780\u17d2\u1793\u17bb\u1784\u1780\u17b6\u179a\u179a\u1785\u1793\u17b6\u1794\u1784\u17d2\u179a\u17bd\u1798 \u178a\u17c4\u1799\u1795\u179b\u17b7\u178f\u1780\u1798\u17d2\u179a\u17b7\u178f\u1781\u17d2\u179f\u17b6\u1785\u17cb\u179f\u17d2\u178f\u1784\u17cb\u178a\u17b6\u179a\u1796\u17b8\u179a\u1796\u17b8\u1785\u17c6\u178e\u17b8\u1798\u17bd\u1799 ...","robots":{"index":"index","follow":"follow","max-snippet":"max-snippet:-1","max-image-preview":"max-image-preview:large","max-video-preview":"max-video-preview:-1"},"canonical":"https:\/\/tramnghien.com\/km\/may-rua-cat-nhan-tao-fm-hydro\/","og_locale":"en_US","og_type":"article","og_title":"M\u00e1y r\u1eeda c\u00e1t nh\u00e2n t\u1ea1o FM HYDRO","og_description":"M\u00e1y r\u1eeda c\u00e1t nh\u00e2n t\u1ea1o FM 60 Hydro\u2122 t\u00edch h\u1ee3p gi\u1eb7t v\u00e0 ph\u00e2n lo\u1ea1i c\u00e1t trong m\u1ed9t thi\u1ebft k\u1ebf nh\u1ecf g\u1ecdn, gi\u00fap s\u1ea3n xu\u1ea5t 2 lo\u1ea1i c\u00e1t \u0111\u1ea1t chu\u1ea9n t\u1eeb m\u1ed9t ngu\u1ed3n c\u1ea5p li\u1ec7u,...","og_url":"https:\/\/tramnghien.com\/km\/may-rua-cat-nhan-tao-fm-hydro\/","og_site_name":"Nguy\u1ec5n Vinh - M\u00e1y nghi\u1ec1n \u0111\u00e1 &amp; C\u00e1t nh\u00e2n t\u1ea1o","article_modified_time":"2025-04-04T02:47:40+00:00","og_image":[{"width":770,"height":384,"url":"https:\/\/tramnghien.com\/wp-content\/uploads\/2024\/10\/fm-hydro-applicationsf3a9a83908974b29b79f4a68f655f851.webp","type":"image\/webp"}],"twitter_card":"summary_large_image","twitter_misc":{"Availability":"In stock"},"schema":{"@context":"https:\/\/schema.org","@graph":[{"@type":"WebPage","@id":"https:\/\/tramnghien.com\/may-rua-cat-nhan-tao-fm-hydro\/","url":"https:\/\/tramnghien.com\/may-rua-cat-nhan-tao-fm-hydro\/","name":"FM HYDRO \u1798\u17c9\u17b6\u179f\u17ca\u17b8\u1793\u1794\u17c4\u1780\u1782\u1780\u17cb\u1781\u17d2\u179f\u17b6\u1785\u17cb\u179f\u17b7\u1794\u17d2\u1794\u1793\u17b7\u1798\u17d2\u1798\u17b7\u178f - \u1784\u17d2\u179c\u17c0\u1793 \u179c\u17b7\u1789 - \u1798\u17c9\u17b6\u179f\u17ca\u17b8\u1793\u1780\u17c6\u1791\u17c1\u1785\u1790\u17d2\u1798 \u1793\u17b7\u1784\u1781\u17d2\u179f\u17b6\u1785\u17cb\u179f\u17b7\u1794\u17d2\u1794\u1793\u17b7\u1798\u17d2\u1798\u17b7\u178f","isPartOf":{"@id":"https:\/\/tramnghien.com\/#website"},"primaryImageOfPage":{"@id":"https:\/\/tramnghien.com\/may-rua-cat-nhan-tao-fm-hydro\/#primaryimage"},"image":{"@id":"https:\/\/tramnghien.com\/may-rua-cat-nhan-tao-fm-hydro\/#primaryimage"},"thumbnailUrl":"https:\/\/tramnghien.com\/wp-content\/uploads\/2024\/10\/fm-hydro-applicationsf3a9a83908974b29b79f4a68f655f851.webp","datePublished":"2024-10-17T04:09:25+00:00","dateModified":"2025-04-04T02:47:40+00:00","description":"\u1798\u17c9\u17b6\u179f\u17ca\u17b8\u1793\u1794\u17bc\u1798\u1781\u17d2\u179f\u17b6\u1785\u17cb FM 60 Hydro\u2122 \u179a\u17bd\u1798\u1794\u1789\u17d2\u1785\u17bc\u179b\u1780\u17b6\u179a\u179b\u17b6\u1784\u1781\u17d2\u179f\u17b6\u1785\u17cb \u1793\u17b7\u1784\u1780\u17b6\u179a\u1785\u17b6\u178f\u17cb\u1790\u17d2\u1793\u17b6\u1780\u17cb\u1780\u17d2\u1793\u17bb\u1784\u1780\u17b6\u179a\u179a\u1785\u1793\u17b6\u1794\u1784\u17d2\u179a\u17bd\u1798 \u178a\u17c4\u1799\u1795\u179b\u17b7\u178f\u1780\u1798\u17d2\u179a\u17b7\u178f\u1781\u17d2\u179f\u17b6\u1785\u17cb\u179f\u17d2\u178f\u1784\u17cb\u178a\u17b6\u179a\u1796\u17b8\u179a\u1796\u17b8\u1785\u17c6\u178e\u17b8\u1798\u17bd\u1799 ...","breadcrumb":{"@id":"https:\/\/tramnghien.com\/may-rua-cat-nhan-tao-fm-hydro\/#breadcrumb"},"inLanguage":"km","potentialAction":[{"@type":"ReadAction","target":["https:\/\/tramnghien.com\/may-rua-cat-nhan-tao-fm-hydro\/"]}]},{"@type":"ImageObject","inLanguage":"km","@id":"https:\/\/tramnghien.com\/may-rua-cat-nhan-tao-fm-hydro\/#primaryimage","url":"https:\/\/tramnghien.com\/wp-content\/uploads\/2024\/10\/fm-hydro-applicationsf3a9a83908974b29b79f4a68f655f851.webp","contentUrl":"https:\/\/tramnghien.com\/wp-content\/uploads\/2024\/10\/fm-hydro-applicationsf3a9a83908974b29b79f4a68f655f851.webp","width":770,"height":384,"caption":"m\u00e1y r\u1eeda c\u00e1t nh\u00e2n t\u1ea1o"},{"@type":"BreadcrumbList","@id":"https:\/\/tramnghien.com\/may-rua-cat-nhan-tao-fm-hydro\/#breadcrumb","itemListElement":[{"@type":"ListItem","position":1,"name":"Home","item":"https:\/\/tramnghien.com\/"},{"@type":"ListItem","position":2,"name":"S\u1ea3n ph\u1ea9m","item":"https:\/\/tramnghien.com\/san-pham\/"},{"@type":"ListItem","position":3,"name":"M\u00e1y r\u1eeda c\u00e1t nh\u00e2n t\u1ea1o FM HYDRO"}]},{"@type":"WebSite","@id":"https:\/\/tramnghien.com\/#website","url":"https:\/\/tramnghien.com\/","name":"\u1784\u17d2\u179c\u17c0\u1793 \u179c\u17b7\u1789 - \u1780\u17c6\u1791\u17c1\u1785\u1790\u17d2\u1798 \u1793\u17b7\u1784\u1781\u17d2\u179f\u17b6\u1785\u17cb\u179f\u17b7\u1794\u17d2\u1794\u1793\u17b7\u1798\u17d2\u1798\u17b7\u178f","description":"\u1794\u1785\u17d2\u1785\u17c1\u1780\u179c\u17b7\u1791\u17d2\u1799\u17b6\u1798\u17c9\u17b6\u179f\u17ca\u17b8\u1793\u1780\u17b7\u1793 \u1788\u17b6\u1793\u1798\u17bb\u1781\u1782\u17c1\u1793\u17c5\u1794\u17d2\u179a\u1791\u17c1\u179f\u179c\u17c0\u178f\u178e\u17b6\u1798","potentialAction":[{"@type":"SearchAction","target":{"@type":"EntryPoint","urlTemplate":"https:\/\/tramnghien.com\/?s={search_term_string}"},"query-input":{"@type":"PropertyValueSpecification","valueRequired":true,"valueName":"search_term_string"}}],"inLanguage":"km"}]},"og_availability":"instock","product_availability":"instock","product_condition":"new"},"_links":{"self":[{"href":"https:\/\/tramnghien.com\/km\/wp-json\/wp\/v2\/product\/1387","targetHints":{"allow":["GET"]}}],"collection":[{"href":"https:\/\/tramnghien.com\/km\/wp-json\/wp\/v2\/product"}],"about":[{"href":"https:\/\/tramnghien.com\/km\/wp-json\/wp\/v2\/types\/product"}],"wp:featuredmedia":[{"embeddable":true,"href":"https:\/\/tramnghien.com\/km\/wp-json\/wp\/v2\/media\/1388"}],"wp:attachment":[{"href":"https:\/\/tramnghien.com\/km\/wp-json\/wp\/v2\/media?parent=1387"}],"wp:term":[{"taxonomy":"product_brand","embeddable":true,"href":"https:\/\/tramnghien.com\/km\/wp-json\/wp\/v2\/product_brand?post=1387"},{"taxonomy":"product_cat","embeddable":true,"href":"https:\/\/tramnghien.com\/km\/wp-json\/wp\/v2\/product_cat?post=1387"},{"taxonomy":"product_tag","embeddable":true,"href":"https:\/\/tramnghien.com\/km\/wp-json\/wp\/v2\/product_tag?post=1387"}],"curies":[{"name":"wp","href":"https:\/\/api.w.org\/{rel}","templated":true}]}}