{"id":1383,"date":"2024-10-17T04:04:24","date_gmt":"2024-10-17T04:04:24","guid":{"rendered":"https:\/\/tramnghien.com\/?post_type=product&#038;p=1383"},"modified":"2025-01-21T10:14:31","modified_gmt":"2025-01-21T10:14:31","slug":"may-rua-cat-nhan-tao-fm-direct-feed","status":"publish","type":"product","link":"https:\/\/tramnghien.com\/km\/may-rua-cat-nhan-tao-fm-direct-feed\/","title":{"rendered":"FM DIRECT FEED \u1798\u17c9\u17b6\u179f\u17ca\u17b8\u1793\u1794\u17c4\u1780\u1782\u1780\u17cb\u1781\u17d2\u179f\u17b6\u1785\u17cb\u179f\u17b7\u1794\u17d2\u1794\u1793\u17b7\u1798\u17d2\u1798\u17b7\u178f"},"content":{"rendered":"<p style=\"text-align: justify;\">\u1798\u17c9\u17b6\u179f\u17ca\u17b8\u1793\u1794\u17c4\u1780\u1782\u1780\u17cb\u1781\u17d2\u179f\u17b6\u1785\u17cb\u179f\u17b7\u1794\u17d2\u1794\u1793\u17b7\u1798\u17d2\u1798\u17b7\u178f FM Direct Feed \u17a2\u1793\u17bb\u1789\u17d2\u1789\u17b6\u178f\u17b1\u17d2\u1799\u179b\u17b6\u1784\u179f\u1798\u17d2\u17a2\u17b6\u178f \u1793\u17b7\u1784\u1780\u17c2\u1785\u17d2\u1793\u17c3\u1781\u17d2\u179f\u17b6\u1785\u17cb\u1794\u17b6\u1793\u179b\u17d2\u17a2\u1794\u17c6\u1795\u17bb\u178f\u179b\u17be\u178f\u17c6\u1794\u1793\u17cb\u178f\u17bc\u1785\u17d7\u17d4 \u1782\u17d2\u179a\u17bf\u1784\u1794\u179a\u17b7\u1780\u17d2\u1781\u17b6\u179a\u1793\u17c1\u17c7\u1782\u17ba\u179f\u1798\u179a\u1798\u17d2\u1799\u179f\u1798\u17d2\u179a\u17b6\u1794\u17cb\u179f\u1798\u17d2\u1797\u17b6\u179a\u17c8\u178a\u17c2\u179b\u1794\u17b6\u1793\u1796\u17b7\u1793\u17b7\u178f\u17d2\u1799\u1787\u17b6\u1798\u17bb\u1793\u17d4<\/p>\n<p style=\"text-align: justify;\">\u1798\u17c9\u17b6\u179f\u17ca\u17b8\u1793\u1794\u17c4\u1780\u1782\u1780\u17cb\u1781\u17d2\u179f\u17b6\u1785\u17cb\u179f\u17b7\u1794\u17d2\u1794\u1793\u17b7\u1798\u17d2\u1798\u17b7\u178f FM Direct Feed \u1782\u17ba\u1787\u17b6\u17a7\u1794\u1780\u179a\u178e\u17cd\u179b\u17b6\u1784\u1781\u17d2\u179f\u17b6\u1785\u17cb\u178f\u17bc\u1785\u17d4 \u1794\u17d2\u179a\u178f\u17b7\u1794\u178f\u17d2\u178f\u17b7\u1780\u17b6\u179a\u1782\u17ba\u1795\u17d2\u17a2\u17c2\u1780\u179b\u17be\u179f\u1798\u17d2\u1797\u17b6\u179a\u17c8\u1796\u17b7\u1793\u17b7\u178f\u17d2\u1799\u179f\u17d2\u1784\u17bd\u178f\u178a\u17c2\u179b\u178f\u17d2\u179a\u17bc\u179c\u1794\u17b6\u1793\u1794\u1789\u17d2\u1785\u17bc\u179b\u1791\u17c5\u1780\u17d2\u1793\u17bb\u1784\u1794\u17d2\u179a\u17a2\u1794\u17cb\u1794\u17c4\u1780\u1782\u1780\u17cb\u17d4 \u1794\u17c6\u1796\u17b6\u1780\u17cb\u178a\u17c4\u1799\u179a\u1794\u17b6\u179a\u1794\u17b6\u1789\u17cb\u179f\u1798\u17d2\u1796\u17b6\u1792\u1781\u17d2\u1796\u179f\u17cb\u179f\u1798\u17d2\u179a\u17b6\u1794\u17cb\u1780\u17b6\u179a\u178f\u17d2\u179a\u17b6\u17c6\u1798\u17bb\u1793\u1798\u17bb\u1793\u1796\u17c1\u179b\u17a2\u1793\u17bb\u179c\u178f\u17d2\u178f\u1791\u17c5\u179b\u17be\u17a2\u17c1\u1780\u17d2\u179a\u1784\u17cb\u17d4<\/p>\n<p style=\"text-align: justify;\"><strong>\u1782\u17c6\u1793\u17bd\u179f\u1796\u178e\u17cc<\/strong><\/p>\n<ul class=\"wp-block-list\">\n<li style=\"text-align: justify;\">\u1794\u17d2\u179a\u17a0\u17c2\u179b <a href=\"https:\/\/tramnghien.com\/km\/uu-nhuoc-diem-cua-cac-cong-nghe-xu-ly-nuoc-bun-thai\/\"  data-wpil-monitor-id=\"7\">\u1795\u179b\u17b7\u178f\u200b\u1790\u17d2\u1798\u200b\u179b\u17b6\u1784\u200b\u17e1\u200b\u1794\u17d2\u179a\u1797\u17c1\u1791 \u1793\u17b7\u1784\u200b\u1781\u17d2\u179f\u17b6\u1785\u17cb\u200b\u17e1\u200b\u1794\u17d2\u179a\u1797\u17c1\u1791<\/a> (\u17ac\u178a\u17b8\u1781\u17d2\u179f\u17b6\u1785\u17cb\u179b\u17d2\u17a2 1 \u1793\u17b7\u1784\u1781\u17d2\u179f\u17b6\u1785\u17cb\u179b\u17d2\u17a2 1) \u17d4 \u1796\u17b8\u1794\u179a\u17b7\u1798\u17b6\u178e\u1796\u17b7\u1793\u17b7\u178f\u17d2\u1799\u179f\u17d2\u1784\u17bd\u178f\u178f\u17c2\u1798\u17bd\u1799\u17d4<\/li>\n<li style=\"text-align: justify;\">\u1794\u1784\u17d2\u1780\u17be\u1793\u1780\u17b6\u179a\u1784\u17be\u1794\u17a1\u17be\u1784\u179c\u17b7\u1789\u1793\u17c3\u179f\u1798\u17d2\u1797\u17b6\u179a\u17c8\u178a\u17c2\u179b\u17a2\u17b6\u1785\u179b\u1780\u17cb\u1794\u17b6\u1793\u17d4 \u178a\u17c4\u1799\u1799\u1780\u1797\u1780\u17cb \u1797\u17b6\u1796\u1798\u17b7\u1793\u1794\u179a\u17b7\u179f\u17bb\u1791\u17d2\u1792 \u1793\u17b7\u1784\u178a\u17b8\u17a5\u178a\u17d2\u178b\u178a\u17c2\u179b\u1798\u17b6\u1793\u1791\u17c6\u17a0\u17c6\u178f\u17bc\u1785\u1787\u17b6\u1784 75\u03bcm (200 mesh)\u17d4<\/li>\n<li style=\"text-align: justify;\">\u179a\u1785\u1793\u17b6\u179f\u1798\u17d2\u1796\u17d0\u1793\u17d2\u1792\u178a\u17c2\u1780\u179a\u17b9\u1784\u1798\u17b6\u17c6 \u1784\u17b6\u1799\u179f\u17d2\u179a\u17bd\u179b\u1780\u17d2\u1793\u17bb\u1784\u1780\u17b6\u179a\u1794\u17d2\u179a\u1798\u17bc\u179b\u1795\u17d2\u178f\u17bb\u17c6 \u1798\u17b6\u1793\u1795\u17d2\u179b\u17bc\u179c\u178a\u17be\u179a\u17d4 \u1795\u17d2\u179b\u17bc\u179c\u178a\u17c2\u1780\u179f\u17d0\u1784\u17d2\u1780\u179f\u17b8\u179f\u1798\u17d2\u179a\u17b6\u1794\u17cb\u1797\u17b6\u1796\u1784\u17b6\u1799\u179f\u17d2\u179a\u17bd\u179b\u17d4<\/li>\n<\/ul>","protected":false},"excerpt":{"rendered":"<table class=\"has-fixed-layout\">\n<tbody>\n<tr>\n<td>\u1794\u17d2\u179a\u179c\u17c2\u1784\u1798\u17c9\u17b6\u179f\u17ca\u17b8\u1793<\/td>\n<td>24\u2032 \/ 7.3 \u1798\u17c9\u17c2\u178f\u17d2\u179a<\/td>\n<\/tr>\n<tr>\n<td>\u1791\u1791\u17b9\u1784\u1798\u17c9\u17b6\u179f\u17ca\u17b8\u1793<\/td>\n<td>14\u2032 3\u2033 \/ 4.3 \u1798\u17c9\u17c2\u178f\u17d2\u179a<\/td>\n<\/tr>\n<tr>\n<td>\u1780\u1798\u17d2\u1796\u179f\u17cb\u1780\u17b6\u179a\u1784\u17b6\u179a<\/td>\n<td>24\u2032 2\u2033 \/ 7.4 \u1798\u17c9\u17c2\u178f\u17d2\u179a<\/td>\n<\/tr>\n<\/tbody>\n<\/table>","protected":false},"featured_media":1384,"template":"","meta":[],"product_brand":[],"product_cat":[73],"product_tag":[80],"class_list":{"0":"post-1383","1":"product","2":"type-product","3":"status-publish","4":"has-post-thumbnail","6":"product_cat-may-rua-khoang-san-terex","7":"product_tag-may-rua-cat-nhan-tao","9":"first","10":"instock","11":"shipping-taxable","12":"product-type-grouped"},"yoast_head":"<!-- This site is optimized with the Yoast SEO Premium plugin v24.6 (Yoast SEO v27.4) - https:\/\/yoast.com\/product\/yoast-seo-premium-wordpress\/ -->\n<title>M\u00e1y r\u1eeda c\u00e1t nh\u00e2n t\u1ea1o FM DIRECT FEED - Nguy\u1ec5n Vinh - M\u00e1y nghi\u1ec1n \u0111\u00e1 &amp; C\u00e1t nh\u00e2n t\u1ea1o<\/title>\n<meta name=\"description\" content=\"M\u00e1y r\u1eeda c\u00e1t nh\u00e2n t\u1ea1o FM Direct Feed cho ph\u00e9p r\u1eeda v\u00e0 x\u1eed l\u00fd c\u00e1t m\u1ed9t c\u00e1ch t\u1ed1i \u01b0u tr\u00ean di\u1ec7n t\u00edch nh\u1ecf. Thi\u1ebft b\u1ecb n\u00e0y ph\u00f9 h\u1ee3p v\u1edbi v\u1eadt li\u1ec7u \u0111\u00e3 \u0111\u01b0\u1ee3c s\u00e0ng l\u1ecdc tr\u01b0\u1edbc.\" \/>\n<meta name=\"robots\" content=\"index, follow, max-snippet:-1, max-image-preview:large, max-video-preview:-1\" \/>\n<link rel=\"canonical\" href=\"https:\/\/tramnghien.com\/km\/may-rua-cat-nhan-tao-fm-direct-feed\/\" \/>\n<meta property=\"og:locale\" content=\"en_US\" \/>\n<meta property=\"og:type\" content=\"article\" \/>\n<meta property=\"og:title\" content=\"M\u00e1y r\u1eeda c\u00e1t nh\u00e2n t\u1ea1o FM DIRECT FEED\" \/>\n<meta property=\"og:description\" content=\"M\u00e1y r\u1eeda c\u00e1t nh\u00e2n t\u1ea1o FM Direct Feed cho ph\u00e9p r\u1eeda v\u00e0 x\u1eed l\u00fd c\u00e1t m\u1ed9t c\u00e1ch t\u1ed1i \u01b0u tr\u00ean di\u1ec7n t\u00edch nh\u1ecf. Thi\u1ebft b\u1ecb n\u00e0y ph\u00f9 h\u1ee3p v\u1edbi v\u1eadt li\u1ec7u \u0111\u00e3 \u0111\u01b0\u1ee3c s\u00e0ng l\u1ecdc tr\u01b0\u1edbc.\" \/>\n<meta property=\"og:url\" content=\"https:\/\/tramnghien.com\/km\/may-rua-cat-nhan-tao-fm-direct-feed\/\" \/>\n<meta property=\"og:site_name\" content=\"Nguy\u1ec5n Vinh - M\u00e1y nghi\u1ec1n \u0111\u00e1 &amp; C\u00e1t nh\u00e2n t\u1ea1o\" \/>\n<meta property=\"article:modified_time\" content=\"2025-01-21T10:14:31+00:00\" \/>\n<meta property=\"og:image\" content=\"https:\/\/tramnghien.com\/wp-content\/uploads\/2024\/10\/fm-direct-feed-1.webp\" \/>\n\t<meta property=\"og:image:width\" content=\"770\" \/>\n\t<meta property=\"og:image:height\" content=\"384\" \/>\n\t<meta property=\"og:image:type\" content=\"image\/webp\" \/>\n<meta name=\"twitter:card\" content=\"summary_large_image\" \/>\n<meta name=\"twitter:label1\" content=\"Availability\" \/>\n\t<meta name=\"twitter:data1\" content=\"In stock\" \/>\n<script type=\"application\/ld+json\" class=\"yoast-schema-graph\">{\"@context\":\"https:\\\/\\\/schema.org\",\"@graph\":[{\"@type\":\"WebPage\",\"@id\":\"https:\\\/\\\/tramnghien.com\\\/may-rua-cat-nhan-tao-fm-direct-feed\\\/\",\"url\":\"https:\\\/\\\/tramnghien.com\\\/may-rua-cat-nhan-tao-fm-direct-feed\\\/\",\"name\":\"M\u00e1y r\u1eeda c\u00e1t nh\u00e2n t\u1ea1o FM DIRECT FEED - Nguy\u1ec5n Vinh - M\u00e1y nghi\u1ec1n \u0111\u00e1 &amp; C\u00e1t nh\u00e2n t\u1ea1o\",\"isPartOf\":{\"@id\":\"https:\\\/\\\/tramnghien.com\\\/#website\"},\"primaryImageOfPage\":{\"@id\":\"https:\\\/\\\/tramnghien.com\\\/may-rua-cat-nhan-tao-fm-direct-feed\\\/#primaryimage\"},\"image\":{\"@id\":\"https:\\\/\\\/tramnghien.com\\\/may-rua-cat-nhan-tao-fm-direct-feed\\\/#primaryimage\"},\"thumbnailUrl\":\"https:\\\/\\\/tramnghien.com\\\/wp-content\\\/uploads\\\/2024\\\/10\\\/fm-direct-feed-1.webp\",\"datePublished\":\"2024-10-17T04:04:24+00:00\",\"dateModified\":\"2025-01-21T10:14:31+00:00\",\"description\":\"M\u00e1y r\u1eeda c\u00e1t nh\u00e2n t\u1ea1o FM Direct Feed cho ph\u00e9p r\u1eeda v\u00e0 x\u1eed l\u00fd c\u00e1t m\u1ed9t c\u00e1ch t\u1ed1i \u01b0u tr\u00ean di\u1ec7n t\u00edch nh\u1ecf. Thi\u1ebft b\u1ecb n\u00e0y ph\u00f9 h\u1ee3p v\u1edbi v\u1eadt li\u1ec7u \u0111\u00e3 \u0111\u01b0\u1ee3c s\u00e0ng l\u1ecdc tr\u01b0\u1edbc.\",\"breadcrumb\":{\"@id\":\"https:\\\/\\\/tramnghien.com\\\/may-rua-cat-nhan-tao-fm-direct-feed\\\/#breadcrumb\"},\"inLanguage\":\"km\",\"potentialAction\":[{\"@type\":\"ReadAction\",\"target\":[\"https:\\\/\\\/tramnghien.com\\\/may-rua-cat-nhan-tao-fm-direct-feed\\\/\"]}]},{\"@type\":\"ImageObject\",\"inLanguage\":\"km\",\"@id\":\"https:\\\/\\\/tramnghien.com\\\/may-rua-cat-nhan-tao-fm-direct-feed\\\/#primaryimage\",\"url\":\"https:\\\/\\\/tramnghien.com\\\/wp-content\\\/uploads\\\/2024\\\/10\\\/fm-direct-feed-1.webp\",\"contentUrl\":\"https:\\\/\\\/tramnghien.com\\\/wp-content\\\/uploads\\\/2024\\\/10\\\/fm-direct-feed-1.webp\",\"width\":770,\"height\":384,\"caption\":\"M\u00e1y r\u1eeda c\u00e1t nh\u00e2n t\u1ea1o Fm Direct Feed\"},{\"@type\":\"BreadcrumbList\",\"@id\":\"https:\\\/\\\/tramnghien.com\\\/may-rua-cat-nhan-tao-fm-direct-feed\\\/#breadcrumb\",\"itemListElement\":[{\"@type\":\"ListItem\",\"position\":1,\"name\":\"Home\",\"item\":\"https:\\\/\\\/tramnghien.com\\\/\"},{\"@type\":\"ListItem\",\"position\":2,\"name\":\"S\u1ea3n ph\u1ea9m\",\"item\":\"https:\\\/\\\/tramnghien.com\\\/san-pham\\\/\"},{\"@type\":\"ListItem\",\"position\":3,\"name\":\"M\u00e1y r\u1eeda c\u00e1t nh\u00e2n t\u1ea1o FM DIRECT FEED\"}]},{\"@type\":\"WebSite\",\"@id\":\"https:\\\/\\\/tramnghien.com\\\/#website\",\"url\":\"https:\\\/\\\/tramnghien.com\\\/\",\"name\":\"Nguy\u1ec5n Vinh - M\u00e1y nghi\u1ec1n \u0111\u00e1 &amp; C\u00e1t nh\u00e2n t\u1ea1o\",\"description\":\"D\u1eabn \u0111\u1ea7u c\u00f4ng ngh\u1ec7 m\u00e1y nghi\u1ec1n t\u1ea1i Vi\u1ec7t Nam\",\"potentialAction\":[{\"@type\":\"SearchAction\",\"target\":{\"@type\":\"EntryPoint\",\"urlTemplate\":\"https:\\\/\\\/tramnghien.com\\\/?s={search_term_string}\"},\"query-input\":{\"@type\":\"PropertyValueSpecification\",\"valueRequired\":true,\"valueName\":\"search_term_string\"}}],\"inLanguage\":\"km\"}]}<\/script>\n<meta property=\"og:availability\" content=\"instock\" \/>\n<meta property=\"product:availability\" content=\"instock\" \/>\n<meta property=\"product:condition\" content=\"new\" \/>\n<!-- \/ Yoast SEO Premium plugin. -->","yoast_head_json":{"title":"FM DIRECT FEED \u1798\u17c9\u17b6\u179f\u17ca\u17b8\u1793\u1794\u17c4\u1780\u1782\u1780\u17cb\u1781\u17d2\u179f\u17b6\u1785\u17cb\u179f\u17b7\u1794\u17d2\u1794\u1793\u17b7\u1798\u17d2\u1798\u17b7\u178f - \u1784\u17d2\u179c\u17c0\u1793 \u179c\u17b7\u1789 - \u1798\u17c9\u17b6\u179f\u17ca\u17b8\u1793\u1780\u17c6\u1791\u17c1\u1785\u1790\u17d2\u1798 \u1793\u17b7\u1784\u1781\u17d2\u179f\u17b6\u1785\u17cb\u179f\u17b7\u1794\u17d2\u1794\u1793\u17b7\u1798\u17d2\u1798\u17b7\u178f","description":"\u1798\u17c9\u17b6\u179f\u17ca\u17b8\u1793\u1794\u17c4\u1780\u1782\u1780\u17cb\u1781\u17d2\u179f\u17b6\u1785\u17cb\u179f\u17b7\u1794\u17d2\u1794\u1793\u17b7\u1798\u17d2\u1798\u17b7\u178f FM Direct Feed \u17a2\u1793\u17bb\u1789\u17d2\u1789\u17b6\u178f\u17b1\u17d2\u1799\u179b\u17b6\u1784\u179f\u1798\u17d2\u17a2\u17b6\u178f \u1793\u17b7\u1784\u1780\u17c2\u1785\u17d2\u1793\u17c3\u1781\u17d2\u179f\u17b6\u1785\u17cb\u1794\u17b6\u1793\u179b\u17d2\u17a2\u1794\u17c6\u1795\u17bb\u178f\u179b\u17be\u178f\u17c6\u1794\u1793\u17cb\u178f\u17bc\u1785\u17d7\u17d4 \u1782\u17d2\u179a\u17bf\u1784\u1794\u179a\u17b7\u1780\u17d2\u1781\u17b6\u179a\u1793\u17c1\u17c7\u1782\u17ba\u179f\u1798\u179a\u1798\u17d2\u1799\u179f\u1798\u17d2\u179a\u17b6\u1794\u17cb\u179f\u1798\u17d2\u1797\u17b6\u179a\u17c8\u178a\u17c2\u179b\u1794\u17b6\u1793\u1796\u17b7\u1793\u17b7\u178f\u17d2\u1799\u1787\u17b6\u1798\u17bb\u1793\u17d4","robots":{"index":"index","follow":"follow","max-snippet":"max-snippet:-1","max-image-preview":"max-image-preview:large","max-video-preview":"max-video-preview:-1"},"canonical":"https:\/\/tramnghien.com\/km\/may-rua-cat-nhan-tao-fm-direct-feed\/","og_locale":"en_US","og_type":"article","og_title":"M\u00e1y r\u1eeda c\u00e1t nh\u00e2n t\u1ea1o FM DIRECT FEED","og_description":"M\u00e1y r\u1eeda c\u00e1t nh\u00e2n t\u1ea1o FM Direct Feed cho ph\u00e9p r\u1eeda v\u00e0 x\u1eed l\u00fd c\u00e1t m\u1ed9t c\u00e1ch t\u1ed1i \u01b0u tr\u00ean di\u1ec7n t\u00edch nh\u1ecf. Thi\u1ebft b\u1ecb n\u00e0y ph\u00f9 h\u1ee3p v\u1edbi v\u1eadt li\u1ec7u \u0111\u00e3 \u0111\u01b0\u1ee3c s\u00e0ng l\u1ecdc tr\u01b0\u1edbc.","og_url":"https:\/\/tramnghien.com\/km\/may-rua-cat-nhan-tao-fm-direct-feed\/","og_site_name":"Nguy\u1ec5n Vinh - M\u00e1y nghi\u1ec1n \u0111\u00e1 &amp; C\u00e1t nh\u00e2n t\u1ea1o","article_modified_time":"2025-01-21T10:14:31+00:00","og_image":[{"width":770,"height":384,"url":"https:\/\/tramnghien.com\/wp-content\/uploads\/2024\/10\/fm-direct-feed-1.webp","type":"image\/webp"}],"twitter_card":"summary_large_image","twitter_misc":{"Availability":"In stock"},"schema":{"@context":"https:\/\/schema.org","@graph":[{"@type":"WebPage","@id":"https:\/\/tramnghien.com\/may-rua-cat-nhan-tao-fm-direct-feed\/","url":"https:\/\/tramnghien.com\/may-rua-cat-nhan-tao-fm-direct-feed\/","name":"FM DIRECT FEED \u1798\u17c9\u17b6\u179f\u17ca\u17b8\u1793\u1794\u17c4\u1780\u1782\u1780\u17cb\u1781\u17d2\u179f\u17b6\u1785\u17cb\u179f\u17b7\u1794\u17d2\u1794\u1793\u17b7\u1798\u17d2\u1798\u17b7\u178f - \u1784\u17d2\u179c\u17c0\u1793 \u179c\u17b7\u1789 - \u1798\u17c9\u17b6\u179f\u17ca\u17b8\u1793\u1780\u17c6\u1791\u17c1\u1785\u1790\u17d2\u1798 \u1793\u17b7\u1784\u1781\u17d2\u179f\u17b6\u1785\u17cb\u179f\u17b7\u1794\u17d2\u1794\u1793\u17b7\u1798\u17d2\u1798\u17b7\u178f","isPartOf":{"@id":"https:\/\/tramnghien.com\/#website"},"primaryImageOfPage":{"@id":"https:\/\/tramnghien.com\/may-rua-cat-nhan-tao-fm-direct-feed\/#primaryimage"},"image":{"@id":"https:\/\/tramnghien.com\/may-rua-cat-nhan-tao-fm-direct-feed\/#primaryimage"},"thumbnailUrl":"https:\/\/tramnghien.com\/wp-content\/uploads\/2024\/10\/fm-direct-feed-1.webp","datePublished":"2024-10-17T04:04:24+00:00","dateModified":"2025-01-21T10:14:31+00:00","description":"\u1798\u17c9\u17b6\u179f\u17ca\u17b8\u1793\u1794\u17c4\u1780\u1782\u1780\u17cb\u1781\u17d2\u179f\u17b6\u1785\u17cb\u179f\u17b7\u1794\u17d2\u1794\u1793\u17b7\u1798\u17d2\u1798\u17b7\u178f FM Direct Feed \u17a2\u1793\u17bb\u1789\u17d2\u1789\u17b6\u178f\u17b1\u17d2\u1799\u179b\u17b6\u1784\u179f\u1798\u17d2\u17a2\u17b6\u178f \u1793\u17b7\u1784\u1780\u17c2\u1785\u17d2\u1793\u17c3\u1781\u17d2\u179f\u17b6\u1785\u17cb\u1794\u17b6\u1793\u179b\u17d2\u17a2\u1794\u17c6\u1795\u17bb\u178f\u179b\u17be\u178f\u17c6\u1794\u1793\u17cb\u178f\u17bc\u1785\u17d7\u17d4 \u1782\u17d2\u179a\u17bf\u1784\u1794\u179a\u17b7\u1780\u17d2\u1781\u17b6\u179a\u1793\u17c1\u17c7\u1782\u17ba\u179f\u1798\u179a\u1798\u17d2\u1799\u179f\u1798\u17d2\u179a\u17b6\u1794\u17cb\u179f\u1798\u17d2\u1797\u17b6\u179a\u17c8\u178a\u17c2\u179b\u1794\u17b6\u1793\u1796\u17b7\u1793\u17b7\u178f\u17d2\u1799\u1787\u17b6\u1798\u17bb\u1793\u17d4","breadcrumb":{"@id":"https:\/\/tramnghien.com\/may-rua-cat-nhan-tao-fm-direct-feed\/#breadcrumb"},"inLanguage":"km","potentialAction":[{"@type":"ReadAction","target":["https:\/\/tramnghien.com\/may-rua-cat-nhan-tao-fm-direct-feed\/"]}]},{"@type":"ImageObject","inLanguage":"km","@id":"https:\/\/tramnghien.com\/may-rua-cat-nhan-tao-fm-direct-feed\/#primaryimage","url":"https:\/\/tramnghien.com\/wp-content\/uploads\/2024\/10\/fm-direct-feed-1.webp","contentUrl":"https:\/\/tramnghien.com\/wp-content\/uploads\/2024\/10\/fm-direct-feed-1.webp","width":770,"height":384,"caption":"M\u00e1y r\u1eeda c\u00e1t nh\u00e2n t\u1ea1o Fm Direct Feed"},{"@type":"BreadcrumbList","@id":"https:\/\/tramnghien.com\/may-rua-cat-nhan-tao-fm-direct-feed\/#breadcrumb","itemListElement":[{"@type":"ListItem","position":1,"name":"Home","item":"https:\/\/tramnghien.com\/"},{"@type":"ListItem","position":2,"name":"S\u1ea3n ph\u1ea9m","item":"https:\/\/tramnghien.com\/san-pham\/"},{"@type":"ListItem","position":3,"name":"M\u00e1y r\u1eeda c\u00e1t nh\u00e2n t\u1ea1o FM DIRECT FEED"}]},{"@type":"WebSite","@id":"https:\/\/tramnghien.com\/#website","url":"https:\/\/tramnghien.com\/","name":"\u1784\u17d2\u179c\u17c0\u1793 \u179c\u17b7\u1789 - \u1780\u17c6\u1791\u17c1\u1785\u1790\u17d2\u1798 \u1793\u17b7\u1784\u1781\u17d2\u179f\u17b6\u1785\u17cb\u179f\u17b7\u1794\u17d2\u1794\u1793\u17b7\u1798\u17d2\u1798\u17b7\u178f","description":"\u1794\u1785\u17d2\u1785\u17c1\u1780\u179c\u17b7\u1791\u17d2\u1799\u17b6\u1798\u17c9\u17b6\u179f\u17ca\u17b8\u1793\u1780\u17b7\u1793 \u1788\u17b6\u1793\u1798\u17bb\u1781\u1782\u17c1\u1793\u17c5\u1794\u17d2\u179a\u1791\u17c1\u179f\u179c\u17c0\u178f\u178e\u17b6\u1798","potentialAction":[{"@type":"SearchAction","target":{"@type":"EntryPoint","urlTemplate":"https:\/\/tramnghien.com\/?s={search_term_string}"},"query-input":{"@type":"PropertyValueSpecification","valueRequired":true,"valueName":"search_term_string"}}],"inLanguage":"km"}]},"og_availability":"instock","product_availability":"instock","product_condition":"new"},"_links":{"self":[{"href":"https:\/\/tramnghien.com\/km\/wp-json\/wp\/v2\/product\/1383","targetHints":{"allow":["GET"]}}],"collection":[{"href":"https:\/\/tramnghien.com\/km\/wp-json\/wp\/v2\/product"}],"about":[{"href":"https:\/\/tramnghien.com\/km\/wp-json\/wp\/v2\/types\/product"}],"wp:featuredmedia":[{"embeddable":true,"href":"https:\/\/tramnghien.com\/km\/wp-json\/wp\/v2\/media\/1384"}],"wp:attachment":[{"href":"https:\/\/tramnghien.com\/km\/wp-json\/wp\/v2\/media?parent=1383"}],"wp:term":[{"taxonomy":"product_brand","embeddable":true,"href":"https:\/\/tramnghien.com\/km\/wp-json\/wp\/v2\/product_brand?post=1383"},{"taxonomy":"product_cat","embeddable":true,"href":"https:\/\/tramnghien.com\/km\/wp-json\/wp\/v2\/product_cat?post=1383"},{"taxonomy":"product_tag","embeddable":true,"href":"https:\/\/tramnghien.com\/km\/wp-json\/wp\/v2\/product_tag?post=1383"}],"curies":[{"name":"wp","href":"https:\/\/api.w.org\/{rel}","templated":true}]}}