{"id":1379,"date":"2024-10-17T04:02:41","date_gmt":"2024-10-17T04:02:41","guid":{"rendered":"https:\/\/tramnghien.com\/?post_type=product&#038;p=1379"},"modified":"2025-02-26T14:42:38","modified_gmt":"2025-02-26T07:42:38","slug":"may-rua-cat-nhan-tao-fm-pentium","status":"publish","type":"product","link":"https:\/\/tramnghien.com\/km\/may-rua-cat-nhan-tao-fm-pentium\/","title":{"rendered":"\u1798\u17c9\u17b6\u179f\u17ca\u17b8\u1793\u1794\u17c4\u1780\u1782\u1780\u17cb\u1781\u17d2\u179f\u17b6\u1785\u17cb\u179f\u17b7\u1794\u17d2\u1794\u1793\u17b7\u1798\u17d2\u1798\u17b7\u178f FM PENTIUM"},"content":{"rendered":"<h3><strong>\u179b\u1780\u17d2\u1781\u178e\u17c8\u1796\u17b7\u179f\u17c1\u179f\u179b\u17c1\u1785\u1792\u17d2\u179b\u17c4\u179a\u1794\u179f\u17cb\u1798\u17c9\u17b6\u179f\u17ca\u17b8\u1793\u1794\u17c4\u1780\u1782\u1780\u17cb\u1781\u17d2\u179f\u17b6\u1785\u17cb\u179f\u17b7\u1794\u17d2\u1794\u1793\u17b7\u1798\u17d2\u1798\u17b7\u178f FM PENTIUM\u17d6<\/strong><\/h3>\n<ul>\n<li><strong>\u1794\u17d2\u179a\u179f\u17b7\u1791\u17d2\u1792\u1797\u17b6\u1796\u1781\u17d2\u1796\u179f\u17cb\u17d4<\/strong>: \u1787\u17b6\u1798\u17bd\u1799\u1793\u17b9\u1784\u179f\u1798\u178f\u17d2\u1790\u1797\u17b6\u1796\u178a\u17c6\u178e\u17be\u179a\u1780\u17b6\u179a\u179a\u17a0\u17bc\u178f\u178a\u179b\u17cb 150 \u178f\u17c4\u1793\/\u1798\u17c9\u17c4\u1784\u17d4 \u179f\u1798\u17d2\u179a\u17b6\u1794\u17cb\u179f\u1798\u17d2\u1797\u17b6\u179a\u17c8\u178a\u17c2\u179b\u1794\u17b6\u1793\u1796\u17b7\u1793\u17b7\u178f\u17d2\u1799\u17d4 FM Pentium \u1792\u17b6\u1793\u17b6\u1790\u17b6\u178a\u17c6\u178e\u17be\u179a\u1780\u17b6\u179a\u179b\u17b6\u1784\u1781\u17d2\u179f\u17b6\u1785\u17cb\u1794\u17d2\u179a\u1796\u17d2\u179a\u17b9\u178f\u17d2\u178f\u1791\u17c5\u1794\u17b6\u1793\u179b\u17bf\u1793 \u1793\u17b7\u1784\u1798\u17b6\u1793\u1794\u17d2\u179a\u179f\u17b7\u1791\u17d2\u1792\u1797\u17b6\u1796\u17d4 \u17a7\u1794\u1780\u179a\u178e\u17cd\u1793\u17c1\u17c7\u1798\u17b6\u1793\u179f\u1798\u178f\u17d2\u1790\u1797\u17b6\u1796\u1795\u179b\u17b7\u178f\u1781\u17d2\u179f\u17b6\u1785\u17cb\u179f\u17d2\u17a2\u17b6\u178f\u179a\u17a0\u17bc\u178f\u178a\u179b\u17cb 120 \u178f\u17c4\u1793\u1780\u17d2\u1793\u17bb\u1784\u1798\u17bd\u1799\u1798\u17c9\u17c4\u1784\u17d4 \u1794\u17c6\u1796\u17c1\u1789\u178f\u1798\u17d2\u179a\u17bc\u179c\u1780\u17b6\u179a\u178a\u17cf\u17a2\u179f\u17d2\u1785\u17b6\u179a\u17d2\u1799 <a href=\"https:\/\/tramnghien.com\/km\/xu-ly-bun-thai-trong-san-xuat-cat-nhan-tao\/\"  data-wpil-monitor-id=\"55\">\u1793\u17c5\u1780\u17d2\u1793\u17bb\u1784\u1780\u17b6\u179a\u179f\u17b6\u1784\u179f\u1784\u17cb\u1793\u17b7\u1784\u1795\u179b\u17b7\u178f\u1780\u1798\u17d2\u1798<\/a> \u179f\u1798\u17d2\u1797\u17b6\u179a\u17c8\u17d4<\/li>\n<li><strong>\u1780\u17b6\u179a\u179a\u1785\u1793\u17b6\u1786\u17d2\u179b\u17b6\u178f\u179c\u17c3<\/strong>: FM Pentium \u178f\u17d2\u179a\u17bc\u179c\u1794\u17b6\u1793\u1794\u17c6\u1796\u17b6\u1780\u17cb\u178a\u17c4\u1799\u1792\u17bb\u1784\u1794\u17d2\u179a\u1798\u17bc\u179b \u179f\u17d2\u1793\u1794\u17cb\u179c\u17b8\u179f centrifugal \u179c\u1784\u17cb\u1792\u17b6\u179a\u17b6\u179f\u17b6\u179f\u17d2\u178f\u17d2\u179a \u17a2\u17c1\u1780\u17d2\u179a\u1784\u17cb dewatering \u17d4 \u1794\u1784\u17d2\u1780\u17be\u178f\u1794\u17d2\u179a\u1796\u17d0\u1793\u17d2\u1792\u179f\u1798\u1780\u17b6\u179b\u1780\u1798\u17d2\u1798 \u1793\u17b7\u1784\u1798\u17b6\u1793\u1794\u17d2\u179a\u179f\u17b7\u1791\u17d2\u1792\u1797\u17b6\u1796\u17d4 \u1780\u17b6\u179a\u179a\u1785\u1793\u17b6\u1793\u17c1\u17c7\u1794\u1784\u17d2\u1780\u17be\u1793\u179f\u1798\u178f\u17d2\u1790\u1797\u17b6\u1796\u179b\u17b6\u1784\u1781\u17d2\u179f\u17b6\u1785\u17cb\u17d4 \u1794\u1784\u17d2\u1780\u17be\u1793\u1794\u17d2\u179a\u179f\u17b7\u1791\u17d2\u1792\u1797\u17b6\u1796\u178a\u17c6\u178e\u17be\u179a\u1780\u17b6\u179a\u1794\u17c6\u1794\u17c2\u1780\u1791\u17b9\u1780 \u179f\u1793\u17d2\u179f\u17c6\u179f\u17c6\u1785\u17c3\u1796\u17c1\u179b\u179c\u17c1\u179b\u17b6 \u1793\u17b7\u1784\u1792\u1793\u1792\u17b6\u1793\u17d4<\/li>\n<li><strong>\u1797\u17b6\u1796\u1794\u178f\u17cb\u1794\u17c2\u1793<\/strong>\u17d6 FM Pentium \u17a2\u17b6\u1785\u1780\u17c2\u178f\u1798\u17d2\u179a\u17bc\u179c\u1794\u17b6\u1793\u1799\u17c9\u17b6\u1784\u1784\u17b6\u1799\u179f\u17d2\u179a\u17bd\u179b\u17d4 \u1787\u17bd\u1799\u178a\u17c4\u17c7\u179f\u17d2\u179a\u17b6\u1799\u179f\u1798\u17d2\u1797\u17b6\u179a\u17c8\u1787\u17b6\u1785\u17d2\u179a\u17be\u1793\u1794\u17d2\u179a\u1797\u17c1\u1791 \u1796\u17b8 <a href=\"https:\/\/tramnghien.com\/km\/may-nghien-cat-nhan-tao-vsi-cong-nghe-dot-pha-trong-san-xuat-cat\/\"  data-wpil-monitor-id=\"152\">\u1781\u17d2\u179f\u17b6\u1785\u17cb\u1792\u1798\u17d2\u1798\u1787\u17b6\u178f\u17b7<\/a> \u1791\u17c5\u1781\u17d2\u179f\u17b6\u1785\u17cb\u1793\u17c3\u1780\u17b6\u179a\u178a\u17b9\u1784\u1782\u17bb\u178e\u17d4 \u1794\u17c6\u1796\u17c1\u1789\u178f\u17b6\u1798\u178f\u1798\u17d2\u179a\u17bc\u179c\u1780\u17b6\u179a\u17a2\u178f\u17b7\u1790\u17b7\u1787\u1793\u1785\u1798\u17d2\u179a\u17bb\u17c7\u17d4 \u1793\u17c1\u17c7\u1787\u17bd\u1799 <a href=\"https:\/\/tramnghien.com\/km\/uu-nhuoc-diem-cua-cac-cong-nghe-xu-ly-nuoc-bun-thai\/\"  data-wpil-monitor-id=\"3\">\u17a2\u17b6\u1787\u17b8\u179c\u1780\u1798\u17d2\u1798\u1780\u17b6\u1793\u17cb\u178f\u17c2\u1798\u17b6\u1793\u1797\u17b6\u1796\u1794\u178f\u17cb\u1794\u17c2\u1793\u1780\u17d2\u1793\u17bb\u1784\u1795\u179b\u17b7\u178f\u1780\u1798\u17d2\u1798<\/a> \u1793\u17b7\u1784\u179f\u1793\u17d2\u179f\u17c6\u1780\u17b6\u179a\u1785\u17c6\u178e\u17b6\u1799\u179b\u17be\u1780\u17b6\u179a\u179c\u17b7\u1793\u17b7\u1799\u17c4\u1782\u17d4<\/li>\n<li><strong>\u1798\u17b7\u1793\u1794\u17c9\u17c7\u1796\u17b6\u179b\u17cb\u178a\u179b\u17cb\u1794\u179a\u17b7\u179f\u17d2\u1790\u17b6\u1793<\/strong>\u17d6 \u178a\u17c4\u1799\u1794\u17d2\u179a\u17be\u1794\u1785\u17d2\u1785\u17c1\u1780\u179c\u17b7\u1791\u17d2\u1799\u17b6\u1791\u17c6\u1793\u17be\u1794 FM Pentium \u1798\u17b7\u1793\u178f\u17d2\u179a\u17b9\u1798\u178f\u17c2\u1792\u17b6\u1793\u17b6\u1794\u17b6\u1793\u1793\u17bc\u179c\u1794\u17d2\u179a\u179f\u17b7\u1791\u17d2\u1792\u1797\u17b6\u1796\u1781\u17d2\u1796\u179f\u17cb\u1794\u17c9\u17bb\u178e\u17d2\u178e\u17c4\u17c7\u1791\u17c1 \u1794\u17c9\u17bb\u1793\u17d2\u178f\u17c2\u1790\u17c2\u1798\u1791\u17b6\u17c6\u1784\u1780\u17b6\u178f\u17cb\u1794\u1793\u17d2\u1790\u1799\u1795\u179b\u1794\u17c9\u17c7\u1796\u17b6\u179b\u17cb\u17a2\u179c\u17b7\u1787\u17d2\u1787\u1798\u17b6\u1793\u179b\u17be\u1794\u179a\u17b7\u179f\u17d2\u1790\u17b6\u1793\u1795\u1784\u178a\u17c2\u179a \u178a\u17c4\u1799\u179f\u17b6\u179a\u179f\u1798\u178f\u17d2\u1790\u1797\u17b6\u1796\u1794\u17d2\u179a\u17be\u1794\u17d2\u179a\u17b6\u179f\u17cb\u1791\u17b9\u1780\u17a1\u17be\u1784\u179c\u17b7\u1789\u1780\u17d2\u1793\u17bb\u1784\u17a2\u17c6\u17a1\u17bb\u1784\u1796\u17c1\u179b\u178a\u17c6\u178e\u17be\u179a\u1780\u17b6\u179a\u179b\u17b6\u1784\u1781\u17d2\u179f\u17b6\u1785\u17cb\u17d4<\/li>\n<\/ul>\n<h3><strong>\u178a\u17c6\u178e\u17c4\u17c7\u179f\u17d2\u179a\u17b6\u1799\u1795\u179b\u17b7\u178f\u1780\u1798\u17d2\u1798\u179b\u17d2\u17a2\u1794\u17c6\u1795\u17bb\u178f<\/strong><\/h3>\n<p>\u1787\u17b6\u1798\u17bd\u1799\u1793\u17b9\u1784 FM Pentium\u2122 \u17a2\u17b6\u1787\u17b8\u179c\u1780\u1798\u17d2\u1798\u179a\u1794\u179f\u17cb\u17a2\u17d2\u1793\u1780\u1791\u1791\u17bd\u179b\u1794\u17b6\u1793\u17a7\u1794\u1780\u179a\u178e\u17cd\u179f\u17d2\u1790\u17b6\u1793\u17b8\u1785\u17bb\u1784\u1780\u17d2\u179a\u17c4\u1799\u1794\u1784\u17d2\u17a2\u179f\u17cb\u17d4 \u179f\u1798\u17d2\u179a\u17b6\u1794\u17cb\u1780\u17b6\u179a\u179b\u17b6\u1784\u1791\u17b6\u17c6\u1784\u1781\u17d2\u179f\u17b6\u1785\u17cb\u1793\u17b7\u1784\u179f\u179a\u17bb\u1794\u17d4 \u1787\u17bd\u1799\u1794\u1784\u17d2\u1780\u17be\u1793\u1782\u17bb\u178e\u1797\u17b6\u1796\u1795\u179b\u17b7\u178f\u1795\u179b \u1793\u17b7\u1784\u1794\u1784\u17d2\u1780\u17be\u1793\u1794\u17d2\u179a\u179f\u17b7\u1791\u17d2\u1792\u1797\u17b6\u1796\u1795\u179b\u17b7\u178f\u1780\u1798\u17d2\u1798\u17d4 \u1780\u17b6\u179a\u179a\u17bd\u1798\u1794\u1789\u17d2\u1785\u17bc\u179b\u1782\u17d2\u1793\u17b6\u178a\u17cf\u179b\u17d2\u17a2\u17a5\u178f\u1781\u17d2\u1785\u17c4\u17c7\u1793\u17c3\u1794\u1785\u17d2\u1785\u17c1\u1780\u179c\u17b7\u1791\u17d2\u1799\u17b6\u1791\u17c6\u1793\u17be\u1794 \u1793\u17b7\u1784\u1780\u17b6\u179a\u179a\u1785\u1793\u17b6\u178a\u17cf\u1786\u17d2\u179b\u17b6\u178f\u179c\u17c3 \u1782\u17ba\u1787\u17b6\u1782\u1793\u17d2\u179b\u17b9\u17c7\u1793\u17c3\u1797\u17b6\u1796\u1787\u17c4\u1782\u1787\u17d0\u1799\u1793\u17c5\u1780\u17d2\u1793\u17bb\u1784\u17a7\u179f\u17d2\u179f\u17b6\u17a0\u1780\u1798\u17d2\u1798\u179f\u1798\u17d2\u1797\u17b6\u179a\u17c8\u179f\u17c6\u178e\u1784\u17cb\u1791\u17c6\u1793\u17be\u1794\u17d4<\/p>","protected":false},"excerpt":{"rendered":"<p style=\"text-align: justify;\">\u1798\u17c9\u17b6\u179f\u17ca\u17b8\u1793\u1794\u17c4\u1780\u1782\u1780\u17cb <a class=\"wpil_keyword_link\" href=\"https:\/\/tramnghien.com\/km\/%e1%9e%8f%e1%9e%be%e1%9e%81%e1%9f%92%e1%9e%9f%e1%9e%b6%e1%9e%85%e1%9f%8b%e1%9e%9f%e1%9e%b7%e1%9e%94%e1%9f%92%e1%9e%94%e1%9e%93%e1%9e%b7%e1%9e%98%e1%9f%92%e1%9e%98%e1%9e%b7%e1%9e%8f%e1%9e%87%e1%9e%b6\/\"   title=\"\u1781\u17d2\u179f\u17b6\u1785\u17cb\u179f\u17b7\u1794\u17d2\u1794\u1793\u17b7\u1798\u17d2\u1798\u17b7\u178f\" data-wpil-keyword-link=\"linked\"  data-wpil-monitor-id=\"44\">\u1781\u17d2\u179f\u17b6\u1785\u17cb\u179f\u17b7\u1794\u17d2\u1794\u1793\u17b7\u1798\u17d2\u1798\u17b7\u178f<\/a> FM Pentium \u1782\u17ba\u1787\u17b6\u178a\u17c6\u178e\u17c4\u17c7\u179f\u17d2\u179a\u17b6\u1799\u178a\u17cf\u179b\u17d2\u17a2\u1794\u17c6\u1795\u17bb\u178f\u17d4 \u179f\u17d0\u1780\u17d2\u178a\u17b7\u179f\u1798\u179f\u1798\u17d2\u179a\u17b6\u1794\u17cb\u1780\u17b6\u179a\u179b\u17b6\u1784\u1781\u17d2\u179f\u17b6\u1785\u17cb\u1793\u17b7\u1784\u1794\u17d2\u179a\u1798\u17bc\u179b\u1795\u17d2\u178f\u17bb\u17c6\u17d4<\/p>\n<p style=\"text-align: justify;\">\u1795\u17d2\u178f\u179b\u17cb\u1793\u17bc\u179c\u1794\u17d2\u179a\u179f\u17b7\u1791\u17d2\u1792\u1797\u17b6\u1796\u1781\u17d2\u1796\u179f\u17cb \u1793\u17b7\u1784\u1797\u17b6\u1796\u1787\u17bf\u1787\u17b6\u1780\u17cb\u1781\u17d2\u1796\u179f\u17cb\u17d4<\/p>\n<p style=\"text-align: justify;\">\u1794\u1784\u17d2\u1780\u17be\u178f\u17a1\u17be\u1784\u1793\u17c5\u179b\u17be\u1798\u17bc\u179b\u178a\u17d2\u178b\u17b6\u1793\u1787\u17c4\u1782\u1787\u17d0\u1799\u1793\u17c3\u179f\u17ca\u17c1\u179a\u17b8 Fines Master<\/p>","protected":false},"featured_media":1380,"template":"","meta":[],"product_brand":[],"product_cat":[73],"product_tag":[80],"class_list":{"0":"post-1379","1":"product","2":"type-product","3":"status-publish","4":"has-post-thumbnail","6":"product_cat-may-rua-khoang-san-terex","7":"product_tag-may-rua-cat-nhan-tao","9":"first","10":"instock","11":"shipping-taxable","12":"product-type-grouped"},"yoast_head":"<!-- This site is optimized with the Yoast SEO Premium plugin v24.6 (Yoast SEO v27.4) - https:\/\/yoast.com\/product\/yoast-seo-premium-wordpress\/ -->\n<title>M\u00e1y r\u1eeda c\u00e1t nh\u00e2n t\u1ea1o FM PENTIUM - Nguy\u1ec5n Vinh - M\u00e1y nghi\u1ec1n \u0111\u00e1 &amp; C\u00e1t nh\u00e2n t\u1ea1o<\/title>\n<meta name=\"description\" content=\"M\u00e1y r\u1eeda c\u00e1t nh\u00e2n t\u1ea1o FM PENTIUM l\u00e0 thi\u1ebft b\u1ecb t\u0129nh d\u00f9ng \u0111\u1ec3 r\u1eeda c\u00e1t v\u1edbi kh\u1ea3 n\u0103ng x\u1eed l\u00fd l\u00ean \u0111\u1ebfn 150 t\u1ea5n\/gi\u1edd v\u1eadt li\u1ec7u \u0111\u00e3 \u0111\u01b0\u1ee3c s\u00e0ng l\u1ecdc tr\u01b0\u1edbc, 120 t\u1ea5n c\u00e1t \/gi\u1edd\" \/>\n<meta name=\"robots\" content=\"index, follow, max-snippet:-1, max-image-preview:large, max-video-preview:-1\" \/>\n<link rel=\"canonical\" href=\"https:\/\/tramnghien.com\/km\/may-rua-cat-nhan-tao-fm-pentium\/\" \/>\n<meta property=\"og:locale\" content=\"en_US\" \/>\n<meta property=\"og:type\" content=\"article\" \/>\n<meta property=\"og:title\" content=\"M\u00e1y r\u1eeda c\u00e1t nh\u00e2n t\u1ea1o FM PENTIUM\" \/>\n<meta property=\"og:description\" content=\"M\u00e1y r\u1eeda c\u00e1t nh\u00e2n t\u1ea1o FM PENTIUM l\u00e0 thi\u1ebft b\u1ecb t\u0129nh d\u00f9ng \u0111\u1ec3 r\u1eeda c\u00e1t v\u1edbi kh\u1ea3 n\u0103ng x\u1eed l\u00fd l\u00ean \u0111\u1ebfn 150 t\u1ea5n\/gi\u1edd v\u1eadt li\u1ec7u \u0111\u00e3 \u0111\u01b0\u1ee3c s\u00e0ng l\u1ecdc tr\u01b0\u1edbc, 120 t\u1ea5n c\u00e1t \/gi\u1edd\" \/>\n<meta property=\"og:url\" content=\"https:\/\/tramnghien.com\/km\/may-rua-cat-nhan-tao-fm-pentium\/\" \/>\n<meta property=\"og:site_name\" content=\"Nguy\u1ec5n Vinh - M\u00e1y nghi\u1ec1n \u0111\u00e1 &amp; C\u00e1t nh\u00e2n t\u1ea1o\" \/>\n<meta property=\"article:modified_time\" content=\"2025-02-26T07:42:38+00:00\" \/>\n<meta property=\"og:image\" content=\"https:\/\/tramnghien.com\/wp-content\/uploads\/2024\/10\/FM_Pentium_2_800px.webp\" \/>\n\t<meta property=\"og:image:width\" content=\"800\" \/>\n\t<meta property=\"og:image:height\" content=\"450\" \/>\n\t<meta property=\"og:image:type\" content=\"image\/webp\" \/>\n<meta name=\"twitter:card\" content=\"summary_large_image\" \/>\n<meta name=\"twitter:label1\" content=\"Availability\" \/>\n\t<meta name=\"twitter:data1\" content=\"In stock\" \/>\n<script type=\"application\/ld+json\" class=\"yoast-schema-graph\">{\"@context\":\"https:\\\/\\\/schema.org\",\"@graph\":[{\"@type\":\"WebPage\",\"@id\":\"https:\\\/\\\/tramnghien.com\\\/may-rua-cat-nhan-tao-fm-pentium\\\/\",\"url\":\"https:\\\/\\\/tramnghien.com\\\/may-rua-cat-nhan-tao-fm-pentium\\\/\",\"name\":\"M\u00e1y r\u1eeda c\u00e1t nh\u00e2n t\u1ea1o FM PENTIUM - Nguy\u1ec5n Vinh - M\u00e1y nghi\u1ec1n \u0111\u00e1 &amp; C\u00e1t nh\u00e2n t\u1ea1o\",\"isPartOf\":{\"@id\":\"https:\\\/\\\/tramnghien.com\\\/#website\"},\"primaryImageOfPage\":{\"@id\":\"https:\\\/\\\/tramnghien.com\\\/may-rua-cat-nhan-tao-fm-pentium\\\/#primaryimage\"},\"image\":{\"@id\":\"https:\\\/\\\/tramnghien.com\\\/may-rua-cat-nhan-tao-fm-pentium\\\/#primaryimage\"},\"thumbnailUrl\":\"https:\\\/\\\/tramnghien.com\\\/wp-content\\\/uploads\\\/2024\\\/10\\\/FM_Pentium_2_800px.webp\",\"datePublished\":\"2024-10-17T04:02:41+00:00\",\"dateModified\":\"2025-02-26T07:42:38+00:00\",\"description\":\"M\u00e1y r\u1eeda c\u00e1t nh\u00e2n t\u1ea1o FM PENTIUM l\u00e0 thi\u1ebft b\u1ecb t\u0129nh d\u00f9ng \u0111\u1ec3 r\u1eeda c\u00e1t v\u1edbi kh\u1ea3 n\u0103ng x\u1eed l\u00fd l\u00ean \u0111\u1ebfn 150 t\u1ea5n\\\/gi\u1edd v\u1eadt li\u1ec7u \u0111\u00e3 \u0111\u01b0\u1ee3c s\u00e0ng l\u1ecdc tr\u01b0\u1edbc, 120 t\u1ea5n c\u00e1t \\\/gi\u1edd\",\"breadcrumb\":{\"@id\":\"https:\\\/\\\/tramnghien.com\\\/may-rua-cat-nhan-tao-fm-pentium\\\/#breadcrumb\"},\"inLanguage\":\"km\",\"potentialAction\":[{\"@type\":\"ReadAction\",\"target\":[\"https:\\\/\\\/tramnghien.com\\\/may-rua-cat-nhan-tao-fm-pentium\\\/\"]}]},{\"@type\":\"ImageObject\",\"inLanguage\":\"km\",\"@id\":\"https:\\\/\\\/tramnghien.com\\\/may-rua-cat-nhan-tao-fm-pentium\\\/#primaryimage\",\"url\":\"https:\\\/\\\/tramnghien.com\\\/wp-content\\\/uploads\\\/2024\\\/10\\\/FM_Pentium_2_800px.webp\",\"contentUrl\":\"https:\\\/\\\/tramnghien.com\\\/wp-content\\\/uploads\\\/2024\\\/10\\\/FM_Pentium_2_800px.webp\",\"width\":800,\"height\":450,\"caption\":\"M\u00e1y r\u1eeda c\u00e1t nh\u00e2n t\u1ea1o FM PENTIUM\"},{\"@type\":\"BreadcrumbList\",\"@id\":\"https:\\\/\\\/tramnghien.com\\\/may-rua-cat-nhan-tao-fm-pentium\\\/#breadcrumb\",\"itemListElement\":[{\"@type\":\"ListItem\",\"position\":1,\"name\":\"Home\",\"item\":\"https:\\\/\\\/tramnghien.com\\\/\"},{\"@type\":\"ListItem\",\"position\":2,\"name\":\"S\u1ea3n ph\u1ea9m\",\"item\":\"https:\\\/\\\/tramnghien.com\\\/san-pham\\\/\"},{\"@type\":\"ListItem\",\"position\":3,\"name\":\"M\u00e1y r\u1eeda c\u00e1t nh\u00e2n t\u1ea1o FM PENTIUM\"}]},{\"@type\":\"WebSite\",\"@id\":\"https:\\\/\\\/tramnghien.com\\\/#website\",\"url\":\"https:\\\/\\\/tramnghien.com\\\/\",\"name\":\"Nguy\u1ec5n Vinh - M\u00e1y nghi\u1ec1n \u0111\u00e1 &amp; C\u00e1t nh\u00e2n t\u1ea1o\",\"description\":\"D\u1eabn \u0111\u1ea7u c\u00f4ng ngh\u1ec7 m\u00e1y nghi\u1ec1n t\u1ea1i Vi\u1ec7t Nam\",\"potentialAction\":[{\"@type\":\"SearchAction\",\"target\":{\"@type\":\"EntryPoint\",\"urlTemplate\":\"https:\\\/\\\/tramnghien.com\\\/?s={search_term_string}\"},\"query-input\":{\"@type\":\"PropertyValueSpecification\",\"valueRequired\":true,\"valueName\":\"search_term_string\"}}],\"inLanguage\":\"km\"}]}<\/script>\n<meta property=\"og:availability\" content=\"instock\" \/>\n<meta property=\"product:availability\" content=\"instock\" \/>\n<meta property=\"product:condition\" content=\"new\" \/>\n<!-- \/ Yoast SEO Premium plugin. -->","yoast_head_json":{"title":"FM PENTIUM \u1798\u17c9\u17b6\u179f\u17ca\u17b8\u1793\u1794\u17c4\u1780\u1782\u1780\u17cb\u1781\u17d2\u179f\u17b6\u1785\u17cb\u179f\u17b7\u1794\u17d2\u1794\u1793\u17b7\u1798\u17d2\u1798\u17b7\u178f - \u1784\u17d2\u179c\u17c0\u1793 \u179c\u17b7\u1789 - \u1798\u17c9\u17b6\u179f\u17ca\u17b8\u1793\u1780\u17c6\u1791\u17c1\u1785\u1790\u17d2\u1798 \u1793\u17b7\u1784\u1781\u17d2\u179f\u17b6\u1785\u17cb\u179f\u17b7\u1794\u17d2\u1794\u1793\u17b7\u1798\u17d2\u1798\u17b7\u178f","description":"\u1798\u17c9\u17b6\u179f\u17ca\u17b8\u1793\u1794\u17c4\u1780\u1782\u1780\u17cb\u1781\u17d2\u179f\u17b6\u1785\u17cb\u179f\u17b7\u1794\u17d2\u1794\u1793\u17b7\u1798\u17d2\u1798\u17b7\u178f FM PENTIUM \u1782\u17ba\u1787\u17b6\u17a7\u1794\u1780\u179a\u178e\u17cd\u178b\u17b7\u178f\u17b7\u179c\u1793\u17d2\u178f\u179f\u1798\u17d2\u179a\u17b6\u1794\u17cb\u1780\u17b6\u179a\u179b\u17b6\u1784\u1781\u17d2\u179f\u17b6\u1785\u17cb\u178a\u17c2\u179b\u1798\u17b6\u1793\u179f\u1798\u178f\u17d2\u1790\u1797\u17b6\u1796\u178a\u17c6\u178e\u17be\u179a\u1780\u17b6\u179a\u179a\u17a0\u17bc\u178f\u178a\u179b\u17cb 150 \u178f\u17c4\u1793\/\u1798\u17c9\u17c4\u1784 \u1793\u17c3\u179f\u1798\u17d2\u1797\u17b6\u179a\u17c8\u178a\u17c2\u179b\u1794\u17b6\u1793\u1794\u1789\u17d2\u1785\u17b6\u17c6\u1784\u1798\u17bb\u1793 \u1781\u17d2\u179f\u17b6\u1785\u17cb 120 \u178f\u17c4\u1793\/\u1798\u17c9\u17c4\u1784","robots":{"index":"index","follow":"follow","max-snippet":"max-snippet:-1","max-image-preview":"max-image-preview:large","max-video-preview":"max-video-preview:-1"},"canonical":"https:\/\/tramnghien.com\/km\/may-rua-cat-nhan-tao-fm-pentium\/","og_locale":"en_US","og_type":"article","og_title":"M\u00e1y r\u1eeda c\u00e1t nh\u00e2n t\u1ea1o FM PENTIUM","og_description":"M\u00e1y r\u1eeda c\u00e1t nh\u00e2n t\u1ea1o FM PENTIUM l\u00e0 thi\u1ebft b\u1ecb t\u0129nh d\u00f9ng \u0111\u1ec3 r\u1eeda c\u00e1t v\u1edbi kh\u1ea3 n\u0103ng x\u1eed l\u00fd l\u00ean \u0111\u1ebfn 150 t\u1ea5n\/gi\u1edd v\u1eadt li\u1ec7u \u0111\u00e3 \u0111\u01b0\u1ee3c s\u00e0ng l\u1ecdc tr\u01b0\u1edbc, 120 t\u1ea5n c\u00e1t \/gi\u1edd","og_url":"https:\/\/tramnghien.com\/km\/may-rua-cat-nhan-tao-fm-pentium\/","og_site_name":"Nguy\u1ec5n Vinh - M\u00e1y nghi\u1ec1n \u0111\u00e1 &amp; C\u00e1t nh\u00e2n t\u1ea1o","article_modified_time":"2025-02-26T07:42:38+00:00","og_image":[{"width":800,"height":450,"url":"https:\/\/tramnghien.com\/wp-content\/uploads\/2024\/10\/FM_Pentium_2_800px.webp","type":"image\/webp"}],"twitter_card":"summary_large_image","twitter_misc":{"Availability":"In stock"},"schema":{"@context":"https:\/\/schema.org","@graph":[{"@type":"WebPage","@id":"https:\/\/tramnghien.com\/may-rua-cat-nhan-tao-fm-pentium\/","url":"https:\/\/tramnghien.com\/may-rua-cat-nhan-tao-fm-pentium\/","name":"FM PENTIUM \u1798\u17c9\u17b6\u179f\u17ca\u17b8\u1793\u1794\u17c4\u1780\u1782\u1780\u17cb\u1781\u17d2\u179f\u17b6\u1785\u17cb\u179f\u17b7\u1794\u17d2\u1794\u1793\u17b7\u1798\u17d2\u1798\u17b7\u178f - \u1784\u17d2\u179c\u17c0\u1793 \u179c\u17b7\u1789 - \u1798\u17c9\u17b6\u179f\u17ca\u17b8\u1793\u1780\u17c6\u1791\u17c1\u1785\u1790\u17d2\u1798 \u1793\u17b7\u1784\u1781\u17d2\u179f\u17b6\u1785\u17cb\u179f\u17b7\u1794\u17d2\u1794\u1793\u17b7\u1798\u17d2\u1798\u17b7\u178f","isPartOf":{"@id":"https:\/\/tramnghien.com\/#website"},"primaryImageOfPage":{"@id":"https:\/\/tramnghien.com\/may-rua-cat-nhan-tao-fm-pentium\/#primaryimage"},"image":{"@id":"https:\/\/tramnghien.com\/may-rua-cat-nhan-tao-fm-pentium\/#primaryimage"},"thumbnailUrl":"https:\/\/tramnghien.com\/wp-content\/uploads\/2024\/10\/FM_Pentium_2_800px.webp","datePublished":"2024-10-17T04:02:41+00:00","dateModified":"2025-02-26T07:42:38+00:00","description":"\u1798\u17c9\u17b6\u179f\u17ca\u17b8\u1793\u1794\u17c4\u1780\u1782\u1780\u17cb\u1781\u17d2\u179f\u17b6\u1785\u17cb\u179f\u17b7\u1794\u17d2\u1794\u1793\u17b7\u1798\u17d2\u1798\u17b7\u178f FM PENTIUM \u1782\u17ba\u1787\u17b6\u17a7\u1794\u1780\u179a\u178e\u17cd\u178b\u17b7\u178f\u17b7\u179c\u1793\u17d2\u178f\u179f\u1798\u17d2\u179a\u17b6\u1794\u17cb\u1780\u17b6\u179a\u179b\u17b6\u1784\u1781\u17d2\u179f\u17b6\u1785\u17cb\u178a\u17c2\u179b\u1798\u17b6\u1793\u179f\u1798\u178f\u17d2\u1790\u1797\u17b6\u1796\u178a\u17c6\u178e\u17be\u179a\u1780\u17b6\u179a\u179a\u17a0\u17bc\u178f\u178a\u179b\u17cb 150 \u178f\u17c4\u1793\/\u1798\u17c9\u17c4\u1784 \u1793\u17c3\u179f\u1798\u17d2\u1797\u17b6\u179a\u17c8\u178a\u17c2\u179b\u1794\u17b6\u1793\u1794\u1789\u17d2\u1785\u17b6\u17c6\u1784\u1798\u17bb\u1793 \u1781\u17d2\u179f\u17b6\u1785\u17cb 120 \u178f\u17c4\u1793\/\u1798\u17c9\u17c4\u1784","breadcrumb":{"@id":"https:\/\/tramnghien.com\/may-rua-cat-nhan-tao-fm-pentium\/#breadcrumb"},"inLanguage":"km","potentialAction":[{"@type":"ReadAction","target":["https:\/\/tramnghien.com\/may-rua-cat-nhan-tao-fm-pentium\/"]}]},{"@type":"ImageObject","inLanguage":"km","@id":"https:\/\/tramnghien.com\/may-rua-cat-nhan-tao-fm-pentium\/#primaryimage","url":"https:\/\/tramnghien.com\/wp-content\/uploads\/2024\/10\/FM_Pentium_2_800px.webp","contentUrl":"https:\/\/tramnghien.com\/wp-content\/uploads\/2024\/10\/FM_Pentium_2_800px.webp","width":800,"height":450,"caption":"M\u00e1y r\u1eeda c\u00e1t nh\u00e2n t\u1ea1o FM PENTIUM"},{"@type":"BreadcrumbList","@id":"https:\/\/tramnghien.com\/may-rua-cat-nhan-tao-fm-pentium\/#breadcrumb","itemListElement":[{"@type":"ListItem","position":1,"name":"Home","item":"https:\/\/tramnghien.com\/"},{"@type":"ListItem","position":2,"name":"S\u1ea3n ph\u1ea9m","item":"https:\/\/tramnghien.com\/san-pham\/"},{"@type":"ListItem","position":3,"name":"M\u00e1y r\u1eeda c\u00e1t nh\u00e2n t\u1ea1o FM PENTIUM"}]},{"@type":"WebSite","@id":"https:\/\/tramnghien.com\/#website","url":"https:\/\/tramnghien.com\/","name":"\u1784\u17d2\u179c\u17c0\u1793 \u179c\u17b7\u1789 - \u1780\u17c6\u1791\u17c1\u1785\u1790\u17d2\u1798 \u1793\u17b7\u1784\u1781\u17d2\u179f\u17b6\u1785\u17cb\u179f\u17b7\u1794\u17d2\u1794\u1793\u17b7\u1798\u17d2\u1798\u17b7\u178f","description":"\u1794\u1785\u17d2\u1785\u17c1\u1780\u179c\u17b7\u1791\u17d2\u1799\u17b6\u1798\u17c9\u17b6\u179f\u17ca\u17b8\u1793\u1780\u17b7\u1793 \u1788\u17b6\u1793\u1798\u17bb\u1781\u1782\u17c1\u1793\u17c5\u1794\u17d2\u179a\u1791\u17c1\u179f\u179c\u17c0\u178f\u178e\u17b6\u1798","potentialAction":[{"@type":"SearchAction","target":{"@type":"EntryPoint","urlTemplate":"https:\/\/tramnghien.com\/?s={search_term_string}"},"query-input":{"@type":"PropertyValueSpecification","valueRequired":true,"valueName":"search_term_string"}}],"inLanguage":"km"}]},"og_availability":"instock","product_availability":"instock","product_condition":"new"},"_links":{"self":[{"href":"https:\/\/tramnghien.com\/km\/wp-json\/wp\/v2\/product\/1379","targetHints":{"allow":["GET"]}}],"collection":[{"href":"https:\/\/tramnghien.com\/km\/wp-json\/wp\/v2\/product"}],"about":[{"href":"https:\/\/tramnghien.com\/km\/wp-json\/wp\/v2\/types\/product"}],"wp:featuredmedia":[{"embeddable":true,"href":"https:\/\/tramnghien.com\/km\/wp-json\/wp\/v2\/media\/1380"}],"wp:attachment":[{"href":"https:\/\/tramnghien.com\/km\/wp-json\/wp\/v2\/media?parent=1379"}],"wp:term":[{"taxonomy":"product_brand","embeddable":true,"href":"https:\/\/tramnghien.com\/km\/wp-json\/wp\/v2\/product_brand?post=1379"},{"taxonomy":"product_cat","embeddable":true,"href":"https:\/\/tramnghien.com\/km\/wp-json\/wp\/v2\/product_cat?post=1379"},{"taxonomy":"product_tag","embeddable":true,"href":"https:\/\/tramnghien.com\/km\/wp-json\/wp\/v2\/product_tag?post=1379"}],"curies":[{"name":"wp","href":"https:\/\/api.w.org\/{rel}","templated":true}]}}