{"id":1343,"date":"2024-10-17T03:21:03","date_gmt":"2024-10-17T03:21:03","guid":{"rendered":"https:\/\/tramnghien.com\/?post_type=product&#038;p=1343"},"modified":"2025-01-22T08:46:26","modified_gmt":"2025-01-22T08:46:26","slug":"may-nghien-con-tg820","status":"publish","type":"product","link":"https:\/\/tramnghien.com\/km\/may-nghien-con-tg820\/","title":{"rendered":"\u1798\u17c9\u17b6\u179f\u17ca\u17b8\u1793\u1780\u17c6\u1791\u17c1\u1785\u1780\u17c4\u178e TG820"},"content":{"rendered":"<p style=\"text-align: justify;\">\u1798\u17c9\u17b6\u179f\u17ca\u17b8\u1793\u1780\u17c6\u1791\u17c1\u1785\u1780\u17c4\u178e TG820 \u1787\u17b6\u1798\u17bd\u1799\u1793\u17b9\u1784\u1780\u17b6\u179a\u179a\u1785\u1793\u17b6\u1794\u17ca\u17bc\u179f\u179f\u17c6\u179a\u17b7\u1791\u17d2\u1792\u17d4 \u1787\u1798\u17d2\u179a\u17be\u179f\u178a\u17cf\u179b\u17d2\u17a2\u17a5\u178f\u1781\u17d2\u1785\u17c4\u17c7\u179f\u1798\u17d2\u179a\u17b6\u1794\u17cb\u179a\u17bb\u1780\u17d2\u1781\u1787\u17b6\u178f\u17b7\u178a\u17c2\u179b\u178f\u17d2\u179a\u17bc\u179c\u1780\u17b6\u179a\u178a\u17c6\u178e\u17c4\u17c7\u179f\u17d2\u179a\u17b6\u1799\u1780\u17b7\u1793\u1794\u17d2\u179a\u1780\u1794\u178a\u17c4\u1799\u1794\u17d2\u179a\u179f\u17b7\u1791\u17d2\u1792\u1797\u17b6\u1796 \u1793\u17b7\u1784\u179f\u1793\u17d2\u179f\u17c6\u179f\u17c6\u1785\u17c3\u17d4 \u1782\u17ba\u1787\u17b6\u1795\u179b\u17b7\u178f\u1795\u179b\u1793\u17c3\u1787\u17bd\u179a Cedarapids cone crusher \u178a\u17cf\u179b\u17d2\u1794\u17b8\u179b\u17d2\u1794\u17b6\u1789\u17d4 \u179f\u17ca\u17c1\u179a\u17b8 TG \u1795\u17d2\u178f\u179b\u17cb\u1793\u17bc\u179c\u1780\u17b6\u179a\u178a\u17c6\u17a1\u17be\u1784\u179a\u17a0\u17d0\u179f \u1793\u17b7\u1784\u1780\u17b6\u179a\u1794\u1784\u17d2\u1780\u17be\u1793\u1794\u17d2\u179a\u179f\u17b7\u1791\u17d2\u1792\u1797\u17b6\u1796\u179f\u1798\u17d2\u179a\u17b6\u1794\u17cb\u1787\u17bd\u179a\u178a\u17cf\u1792\u17c6\u1791\u17bc\u179b\u17b6\u1799\u1793\u17c3\u178f\u1798\u17d2\u179a\u17bc\u179c\u1780\u17b6\u179a\u1780\u1798\u17d2\u1798\u179c\u17b7\u1792\u17b8\u17d4<\/p>\n<p style=\"text-align: justify;\">\u179f\u17bc\u1798\u17a2\u179a\u1782\u17bb\u178e\u1785\u17c6\u1796\u17c4\u17c7\u1780\u17b6\u179a\u179a\u1785\u1793\u17b6\u178a\u17c2\u179b\u17a2\u17b6\u1785\u1794\u178f\u17cb\u1794\u17c2\u1793\u1794\u17b6\u1793 \u17a2\u17d2\u1793\u1780\u17a2\u17b6\u1785\u1787\u17d2\u179a\u17be\u179f\u179a\u17be\u179f\u17a2\u1784\u17d2\u1782\u1787\u17c6\u1793\u17bb\u17c6\u1787\u1798\u17d2\u179a\u17c7\u1780\u17b7\u1793\u178a\u17c2\u179b\u179f\u1798\u179a\u1798\u17d2\u1799 \u1793\u17b7\u1784 eccentricity \u17d4 \u1787\u17bd\u1799\u17b1\u17d2\u1799\u1798\u17c9\u17b6\u179f\u17ca\u17b8\u1793\u1786\u17d2\u179b\u17be\u1799\u178f\u1794\u1794\u17d2\u179a\u1780\u1794\u178a\u17c4\u1799\u1794\u17d2\u179a\u179f\u17b7\u1791\u17d2\u1792\u1797\u17b6\u1796\u1796\u17b8\u178a\u17c6\u178e\u17b6\u1780\u17cb\u1780\u17b6\u179b\u1793\u17c3\u1780\u17b6\u179a\u1780\u17b7\u1793\u179b\u17d2\u17a2\u17b7\u178f\u178a\u179b\u17cb\u1780\u1798\u17d2\u179a\u17b7\u178f\u1798\u1792\u17d2\u1799\u1798\u17d4 \u178a\u17c6\u178e\u17be\u179a\u1780\u17b6\u179a\u1798\u17c9\u17b6\u179f\u17ca\u17b8\u1793 <a href=\"https:\/\/tramnghien.com\/km\/phan-biet-cac-loai-may-nghien-con\/\"  data-wpil-monitor-id=\"91\">\u1798\u17c9\u17b6\u179f\u17ca\u17b8\u1793\u1780\u17b7\u1793\u1780\u17c4\u178e<\/a> TG820 excels \u178a\u17c2\u179b\u1795\u17d2\u178f\u179b\u17cb\u1793\u17bc\u179c\u1795\u179b\u17b7\u178f\u1795\u179b\u178a\u17c2\u179b\u1798\u17b6\u1793\u179a\u17bc\u1794\u179a\u17b6\u1784\u17af\u1780\u179f\u178e\u17d2\u178b\u17b6\u1793\u17d4 \u1780\u17b6\u178f\u17cb\u1794\u1793\u17d2\u1790\u1799\u1790\u17d2\u179b\u17c3\u178a\u17be\u1798\u1794\u17d2\u179a\u178f\u17b7\u1794\u178f\u17d2\u178f\u17b7\u1780\u17b6\u179a \u1793\u17b7\u1784\u1795\u17d2\u178f\u179b\u17cb\u178f\u1798\u17d2\u179b\u17c3\u17a2\u178f\u17b7\u1794\u179a\u1798\u17b6\u1780\u17d2\u1793\u17bb\u1784\u1798\u17bd\u1799\u178f\u17c4\u1793\u1793\u17c3\u179c\u178f\u17d2\u1790\u17bb\u1792\u17b6\u178f\u17bb\u178a\u17be\u1798\u17d4<\/p>","protected":false},"excerpt":{"rendered":"<table class=\"has-fixed-layout\">\n<tbody>\n<tr>\n<td>\u1791\u17c6\u17a0\u17c6\u1798\u17c9\u17bc\u1791\u17d0\u179a<\/td>\n<td>805 hp \/ 600 kW<\/td>\n<\/tr>\n<tr>\n<td>\u1791\u17c6\u17a0\u17c6\u1785\u17c6\u178e\u17b8\u17a2\u178f\u17b7\u1794\u179a\u1798\u17b6<\/td>\n<td>1\u2032 5\/8\u2033 \/ 320 \u1798\u17d4<\/td>\n<\/tr>\n<tr>\n<td>\u1791\u1798\u17d2\u1784\u1793\u17cb<\/td>\n<td>110,231 \u1795\u17c4\u1793 \/ 50,000 \u1782\u17b8\u17a1\u17bc\u1780\u17d2\u179a\u17b6\u1798<\/td>\n<\/tr>\n<tr>\n<td>\u1787\u17bd\u179a CSS<\/td>\n<td>1\/2\u2033-2 1\/2\u2033 \/ 13-64 \u1798\u17d4<\/td>\n<\/tr>\n<tr>\n<td>\u179f\u1798\u178f\u17d2\u1790\u1797\u17b6\u1796\u17a2\u178f\u17b7\u1794\u179a\u1798\u17b6<\/td>\n<td>1543-1709 tph \/ 1400-1550 mtph<\/td>\n<\/tr>\n<\/tbody>\n<\/table>","protected":false},"featured_media":1344,"template":"","meta":[],"product_brand":[],"product_cat":[69,72],"product_tag":[82],"class_list":{"0":"post-1343","1":"product","2":"type-product","3":"status-publish","4":"has-post-thumbnail","6":"product_cat-may-nghien-con","7":"product_cat-may-nghien-sang-terex","8":"product_tag-may-nghien-con","10":"first","11":"instock","12":"shipping-taxable","13":"product-type-grouped"},"yoast_head":"<!-- This site is optimized with the Yoast SEO Premium plugin v24.6 (Yoast SEO v27.4) - https:\/\/yoast.com\/product\/yoast-seo-premium-wordpress\/ -->\n<title>M\u00e1y nghi\u1ec1n c\u00f4n TG820 - Nguy\u1ec5n Vinh - M\u00e1y nghi\u1ec1n \u0111\u00e1 &amp; C\u00e1t nh\u00e2n t\u1ea1o<\/title>\n<meta name=\"description\" content=\"D\u00f2ng m\u00e1y nghi\u1ec1n c\u00f4n TG m\u1edbi, v\u1edbi thi\u1ebft k\u1ebf b\u1ea1c l\u00f3t b\u1eb1ng \u0111\u1ed3ng. L\u00e0 l\u1ef1a ch\u1ecdn ho\u00e0n h\u1ea3o cho c\u00e1c nh\u00e0 m\u00e1y c\u1ea7n gi\u1ea3i ph\u00e1p nghi\u1ec1n hi\u1ec7u qu\u1ea3 v\u00e0 kinh t\u1ebf.\" \/>\n<meta name=\"robots\" content=\"index, follow, max-snippet:-1, max-image-preview:large, max-video-preview:-1\" \/>\n<link rel=\"canonical\" href=\"https:\/\/tramnghien.com\/km\/may-nghien-con-tg820\/\" \/>\n<meta property=\"og:locale\" content=\"en_US\" \/>\n<meta property=\"og:type\" content=\"article\" \/>\n<meta property=\"og:title\" content=\"M\u00e1y nghi\u1ec1n c\u00f4n TG820\" \/>\n<meta property=\"og:description\" content=\"D\u00f2ng m\u00e1y nghi\u1ec1n c\u00f4n TG m\u1edbi, v\u1edbi thi\u1ebft k\u1ebf b\u1ea1c l\u00f3t b\u1eb1ng \u0111\u1ed3ng. L\u00e0 l\u1ef1a ch\u1ecdn ho\u00e0n h\u1ea3o cho c\u00e1c nh\u00e0 m\u00e1y c\u1ea7n gi\u1ea3i ph\u00e1p nghi\u1ec1n hi\u1ec7u qu\u1ea3 v\u00e0 kinh t\u1ebf.\" \/>\n<meta property=\"og:url\" content=\"https:\/\/tramnghien.com\/km\/may-nghien-con-tg820\/\" \/>\n<meta property=\"og:site_name\" content=\"Nguy\u1ec5n Vinh - M\u00e1y nghi\u1ec1n \u0111\u00e1 &amp; C\u00e1t nh\u00e2n t\u1ea1o\" \/>\n<meta property=\"article:modified_time\" content=\"2025-01-22T08:46:26+00:00\" \/>\n<meta property=\"og:image\" content=\"https:\/\/tramnghien.com\/wp-content\/uploads\/2024\/10\/tg820_side.png\" \/>\n\t<meta property=\"og:image:width\" content=\"800\" \/>\n\t<meta property=\"og:image:height\" content=\"450\" \/>\n\t<meta property=\"og:image:type\" content=\"image\/png\" \/>\n<meta name=\"twitter:card\" content=\"summary_large_image\" \/>\n<meta name=\"twitter:label1\" content=\"Availability\" \/>\n\t<meta name=\"twitter:data1\" content=\"In stock\" \/>\n<script type=\"application\/ld+json\" class=\"yoast-schema-graph\">{\"@context\":\"https:\\\/\\\/schema.org\",\"@graph\":[{\"@type\":\"WebPage\",\"@id\":\"https:\\\/\\\/tramnghien.com\\\/may-nghien-con-tg820\\\/\",\"url\":\"https:\\\/\\\/tramnghien.com\\\/may-nghien-con-tg820\\\/\",\"name\":\"M\u00e1y nghi\u1ec1n c\u00f4n TG820 - Nguy\u1ec5n Vinh - M\u00e1y nghi\u1ec1n \u0111\u00e1 &amp; C\u00e1t nh\u00e2n t\u1ea1o\",\"isPartOf\":{\"@id\":\"https:\\\/\\\/tramnghien.com\\\/#website\"},\"primaryImageOfPage\":{\"@id\":\"https:\\\/\\\/tramnghien.com\\\/may-nghien-con-tg820\\\/#primaryimage\"},\"image\":{\"@id\":\"https:\\\/\\\/tramnghien.com\\\/may-nghien-con-tg820\\\/#primaryimage\"},\"thumbnailUrl\":\"https:\\\/\\\/tramnghien.com\\\/wp-content\\\/uploads\\\/2024\\\/10\\\/tg820_side.png\",\"datePublished\":\"2024-10-17T03:21:03+00:00\",\"dateModified\":\"2025-01-22T08:46:26+00:00\",\"description\":\"D\u00f2ng m\u00e1y nghi\u1ec1n c\u00f4n TG m\u1edbi, v\u1edbi thi\u1ebft k\u1ebf b\u1ea1c l\u00f3t b\u1eb1ng \u0111\u1ed3ng. L\u00e0 l\u1ef1a ch\u1ecdn ho\u00e0n h\u1ea3o cho c\u00e1c nh\u00e0 m\u00e1y c\u1ea7n gi\u1ea3i ph\u00e1p nghi\u1ec1n hi\u1ec7u qu\u1ea3 v\u00e0 kinh t\u1ebf.\",\"breadcrumb\":{\"@id\":\"https:\\\/\\\/tramnghien.com\\\/may-nghien-con-tg820\\\/#breadcrumb\"},\"inLanguage\":\"km\",\"potentialAction\":[{\"@type\":\"ReadAction\",\"target\":[\"https:\\\/\\\/tramnghien.com\\\/may-nghien-con-tg820\\\/\"]}]},{\"@type\":\"ImageObject\",\"inLanguage\":\"km\",\"@id\":\"https:\\\/\\\/tramnghien.com\\\/may-nghien-con-tg820\\\/#primaryimage\",\"url\":\"https:\\\/\\\/tramnghien.com\\\/wp-content\\\/uploads\\\/2024\\\/10\\\/tg820_side.png\",\"contentUrl\":\"https:\\\/\\\/tramnghien.com\\\/wp-content\\\/uploads\\\/2024\\\/10\\\/tg820_side.png\",\"width\":800,\"height\":450,\"caption\":\"M\u00e1y nghi\u1ec1n c\u00f4n TG820\"},{\"@type\":\"BreadcrumbList\",\"@id\":\"https:\\\/\\\/tramnghien.com\\\/may-nghien-con-tg820\\\/#breadcrumb\",\"itemListElement\":[{\"@type\":\"ListItem\",\"position\":1,\"name\":\"Home\",\"item\":\"https:\\\/\\\/tramnghien.com\\\/\"},{\"@type\":\"ListItem\",\"position\":2,\"name\":\"S\u1ea3n ph\u1ea9m\",\"item\":\"https:\\\/\\\/tramnghien.com\\\/san-pham\\\/\"},{\"@type\":\"ListItem\",\"position\":3,\"name\":\"M\u00e1y nghi\u1ec1n c\u00f4n TG820\"}]},{\"@type\":\"WebSite\",\"@id\":\"https:\\\/\\\/tramnghien.com\\\/#website\",\"url\":\"https:\\\/\\\/tramnghien.com\\\/\",\"name\":\"Nguy\u1ec5n Vinh - M\u00e1y nghi\u1ec1n \u0111\u00e1 &amp; C\u00e1t nh\u00e2n t\u1ea1o\",\"description\":\"D\u1eabn \u0111\u1ea7u c\u00f4ng ngh\u1ec7 m\u00e1y nghi\u1ec1n t\u1ea1i Vi\u1ec7t Nam\",\"potentialAction\":[{\"@type\":\"SearchAction\",\"target\":{\"@type\":\"EntryPoint\",\"urlTemplate\":\"https:\\\/\\\/tramnghien.com\\\/?s={search_term_string}\"},\"query-input\":{\"@type\":\"PropertyValueSpecification\",\"valueRequired\":true,\"valueName\":\"search_term_string\"}}],\"inLanguage\":\"km\"}]}<\/script>\n<meta property=\"og:availability\" content=\"instock\" \/>\n<meta property=\"product:availability\" content=\"instock\" \/>\n<meta property=\"product:condition\" content=\"new\" \/>\n<!-- \/ Yoast SEO Premium plugin. -->","yoast_head_json":{"title":"TG820 Cone Crusher - Nguyen Vinh - \u1780\u1798\u17d2\u1791\u17c1\u1785\u1790\u17d2\u1798 \u1793\u17b7\u1784\u1781\u17d2\u179f\u17b6\u1785\u17cb\u179f\u17b7\u1794\u17d2\u1794\u1793\u17b7\u1798\u17d2\u1798\u17b7\u178f","description":"\u1798\u17c9\u17b6\u179f\u17ca\u17b8\u1793\u1780\u17c6\u1791\u17c1\u1785\u1780\u17c4\u178e\u179f\u17ca\u17c1\u179a\u17b8 TG \u179f\u17ca\u17c1\u179a\u17b8\u1790\u17d2\u1798\u17b8 \u1787\u17b6\u1798\u17bd\u1799\u1793\u17b9\u1784\u1780\u17b6\u179a\u179a\u1785\u1793\u17b6\u179f\u17c6\u1794\u1780\u1792\u17d2\u179c\u17be\u1796\u17b8\u179b\u1784\u17d2\u17a0\u17b7\u1793\u17d4 \u1787\u1798\u17d2\u179a\u17be\u179f\u178a\u17cf\u179b\u17d2\u17a2\u17a5\u178f\u1781\u17d2\u1785\u17c4\u17c7\u179f\u1798\u17d2\u179a\u17b6\u1794\u17cb\u179a\u17bb\u1780\u17d2\u1781\u1787\u17b6\u178f\u17b7\u178a\u17c2\u179b\u178f\u17d2\u179a\u17bc\u179c\u1780\u17b6\u179a\u178a\u17c6\u178e\u17c4\u17c7\u179f\u17d2\u179a\u17b6\u1799\u1780\u17b7\u1793\u1794\u17d2\u179a\u1780\u1794\u178a\u17c4\u1799\u1794\u17d2\u179a\u179f\u17b7\u1791\u17d2\u1792\u1797\u17b6\u1796 \u1793\u17b7\u1784\u179f\u1793\u17d2\u179f\u17c6\u179f\u17c6\u1785\u17c3\u17d4","robots":{"index":"index","follow":"follow","max-snippet":"max-snippet:-1","max-image-preview":"max-image-preview:large","max-video-preview":"max-video-preview:-1"},"canonical":"https:\/\/tramnghien.com\/km\/may-nghien-con-tg820\/","og_locale":"en_US","og_type":"article","og_title":"M\u00e1y nghi\u1ec1n c\u00f4n TG820","og_description":"D\u00f2ng m\u00e1y nghi\u1ec1n c\u00f4n TG m\u1edbi, v\u1edbi thi\u1ebft k\u1ebf b\u1ea1c l\u00f3t b\u1eb1ng \u0111\u1ed3ng. L\u00e0 l\u1ef1a ch\u1ecdn ho\u00e0n h\u1ea3o cho c\u00e1c nh\u00e0 m\u00e1y c\u1ea7n gi\u1ea3i ph\u00e1p nghi\u1ec1n hi\u1ec7u qu\u1ea3 v\u00e0 kinh t\u1ebf.","og_url":"https:\/\/tramnghien.com\/km\/may-nghien-con-tg820\/","og_site_name":"Nguy\u1ec5n Vinh - M\u00e1y nghi\u1ec1n \u0111\u00e1 &amp; C\u00e1t nh\u00e2n t\u1ea1o","article_modified_time":"2025-01-22T08:46:26+00:00","og_image":[{"width":800,"height":450,"url":"https:\/\/tramnghien.com\/wp-content\/uploads\/2024\/10\/tg820_side.png","type":"image\/png"}],"twitter_card":"summary_large_image","twitter_misc":{"Availability":"In stock"},"schema":{"@context":"https:\/\/schema.org","@graph":[{"@type":"WebPage","@id":"https:\/\/tramnghien.com\/may-nghien-con-tg820\/","url":"https:\/\/tramnghien.com\/may-nghien-con-tg820\/","name":"TG820 Cone Crusher - Nguyen Vinh - \u1780\u1798\u17d2\u1791\u17c1\u1785\u1790\u17d2\u1798 \u1793\u17b7\u1784\u1781\u17d2\u179f\u17b6\u1785\u17cb\u179f\u17b7\u1794\u17d2\u1794\u1793\u17b7\u1798\u17d2\u1798\u17b7\u178f","isPartOf":{"@id":"https:\/\/tramnghien.com\/#website"},"primaryImageOfPage":{"@id":"https:\/\/tramnghien.com\/may-nghien-con-tg820\/#primaryimage"},"image":{"@id":"https:\/\/tramnghien.com\/may-nghien-con-tg820\/#primaryimage"},"thumbnailUrl":"https:\/\/tramnghien.com\/wp-content\/uploads\/2024\/10\/tg820_side.png","datePublished":"2024-10-17T03:21:03+00:00","dateModified":"2025-01-22T08:46:26+00:00","description":"\u1798\u17c9\u17b6\u179f\u17ca\u17b8\u1793\u1780\u17c6\u1791\u17c1\u1785\u1780\u17c4\u178e\u179f\u17ca\u17c1\u179a\u17b8 TG \u179f\u17ca\u17c1\u179a\u17b8\u1790\u17d2\u1798\u17b8 \u1787\u17b6\u1798\u17bd\u1799\u1793\u17b9\u1784\u1780\u17b6\u179a\u179a\u1785\u1793\u17b6\u179f\u17c6\u1794\u1780\u1792\u17d2\u179c\u17be\u1796\u17b8\u179b\u1784\u17d2\u17a0\u17b7\u1793\u17d4 \u1787\u1798\u17d2\u179a\u17be\u179f\u178a\u17cf\u179b\u17d2\u17a2\u17a5\u178f\u1781\u17d2\u1785\u17c4\u17c7\u179f\u1798\u17d2\u179a\u17b6\u1794\u17cb\u179a\u17bb\u1780\u17d2\u1781\u1787\u17b6\u178f\u17b7\u178a\u17c2\u179b\u178f\u17d2\u179a\u17bc\u179c\u1780\u17b6\u179a\u178a\u17c6\u178e\u17c4\u17c7\u179f\u17d2\u179a\u17b6\u1799\u1780\u17b7\u1793\u1794\u17d2\u179a\u1780\u1794\u178a\u17c4\u1799\u1794\u17d2\u179a\u179f\u17b7\u1791\u17d2\u1792\u1797\u17b6\u1796 \u1793\u17b7\u1784\u179f\u1793\u17d2\u179f\u17c6\u179f\u17c6\u1785\u17c3\u17d4","breadcrumb":{"@id":"https:\/\/tramnghien.com\/may-nghien-con-tg820\/#breadcrumb"},"inLanguage":"km","potentialAction":[{"@type":"ReadAction","target":["https:\/\/tramnghien.com\/may-nghien-con-tg820\/"]}]},{"@type":"ImageObject","inLanguage":"km","@id":"https:\/\/tramnghien.com\/may-nghien-con-tg820\/#primaryimage","url":"https:\/\/tramnghien.com\/wp-content\/uploads\/2024\/10\/tg820_side.png","contentUrl":"https:\/\/tramnghien.com\/wp-content\/uploads\/2024\/10\/tg820_side.png","width":800,"height":450,"caption":"M\u00e1y nghi\u1ec1n c\u00f4n TG820"},{"@type":"BreadcrumbList","@id":"https:\/\/tramnghien.com\/may-nghien-con-tg820\/#breadcrumb","itemListElement":[{"@type":"ListItem","position":1,"name":"Home","item":"https:\/\/tramnghien.com\/"},{"@type":"ListItem","position":2,"name":"S\u1ea3n ph\u1ea9m","item":"https:\/\/tramnghien.com\/san-pham\/"},{"@type":"ListItem","position":3,"name":"M\u00e1y nghi\u1ec1n c\u00f4n TG820"}]},{"@type":"WebSite","@id":"https:\/\/tramnghien.com\/#website","url":"https:\/\/tramnghien.com\/","name":"\u1784\u17d2\u179c\u17c0\u1793 \u179c\u17b7\u1789 - \u1780\u17c6\u1791\u17c1\u1785\u1790\u17d2\u1798 \u1793\u17b7\u1784\u1781\u17d2\u179f\u17b6\u1785\u17cb\u179f\u17b7\u1794\u17d2\u1794\u1793\u17b7\u1798\u17d2\u1798\u17b7\u178f","description":"\u1794\u1785\u17d2\u1785\u17c1\u1780\u179c\u17b7\u1791\u17d2\u1799\u17b6\u1798\u17c9\u17b6\u179f\u17ca\u17b8\u1793\u1780\u17b7\u1793 \u1788\u17b6\u1793\u1798\u17bb\u1781\u1782\u17c1\u1793\u17c5\u1794\u17d2\u179a\u1791\u17c1\u179f\u179c\u17c0\u178f\u178e\u17b6\u1798","potentialAction":[{"@type":"SearchAction","target":{"@type":"EntryPoint","urlTemplate":"https:\/\/tramnghien.com\/?s={search_term_string}"},"query-input":{"@type":"PropertyValueSpecification","valueRequired":true,"valueName":"search_term_string"}}],"inLanguage":"km"}]},"og_availability":"instock","product_availability":"instock","product_condition":"new"},"_links":{"self":[{"href":"https:\/\/tramnghien.com\/km\/wp-json\/wp\/v2\/product\/1343","targetHints":{"allow":["GET"]}}],"collection":[{"href":"https:\/\/tramnghien.com\/km\/wp-json\/wp\/v2\/product"}],"about":[{"href":"https:\/\/tramnghien.com\/km\/wp-json\/wp\/v2\/types\/product"}],"wp:featuredmedia":[{"embeddable":true,"href":"https:\/\/tramnghien.com\/km\/wp-json\/wp\/v2\/media\/1344"}],"wp:attachment":[{"href":"https:\/\/tramnghien.com\/km\/wp-json\/wp\/v2\/media?parent=1343"}],"wp:term":[{"taxonomy":"product_brand","embeddable":true,"href":"https:\/\/tramnghien.com\/km\/wp-json\/wp\/v2\/product_brand?post=1343"},{"taxonomy":"product_cat","embeddable":true,"href":"https:\/\/tramnghien.com\/km\/wp-json\/wp\/v2\/product_cat?post=1343"},{"taxonomy":"product_tag","embeddable":true,"href":"https:\/\/tramnghien.com\/km\/wp-json\/wp\/v2\/product_tag?post=1343"}],"curies":[{"name":"wp","href":"https:\/\/api.w.org\/{rel}","templated":true}]}}