{"id":1327,"date":"2024-10-17T02:27:27","date_gmt":"2024-10-17T02:27:27","guid":{"rendered":"https:\/\/tramnghien.com\/?post_type=product&#038;p=1327"},"modified":"2025-01-22T08:50:34","modified_gmt":"2025-01-22T08:50:34","slug":"may-nghien-con-tc1000","status":"publish","type":"product","link":"https:\/\/tramnghien.com\/km\/may-nghien-con-tc1000\/","title":{"rendered":"\u1798\u17c9\u17b6\u179f\u17ca\u17b8\u1793\u1780\u17c6\u1791\u17c1\u1785\u1780\u17c4\u178e TC1000"},"content":{"rendered":"<p>\u1798\u17c9\u17b6\u179f\u17ca\u17b8\u1793\u1780\u17c6\u1791\u17c1\u1785\u1780\u17c4\u178e TC1000 \u1782\u17b6\u17c6\u1791\u17d2\u179a\u1780\u17b6\u179a\u1780\u17b6\u178f\u17cb\u1794\u1793\u17d2\u1790\u1799\u1791\u17c6\u17a0\u17c6\u1794\u17d2\u179a\u1780\u1794\u178a\u17c4\u1799\u1794\u17d2\u179a\u179f\u17b7\u1791\u17d2\u1792\u1797\u17b6\u1796\u17d4 \u1795\u179b\u17b7\u178f\u1795\u179b\u1794\u17d2\u179b\u17bb\u1780\u178f\u17d2\u179a\u17bc\u179c\u1794\u17b6\u1793\u179f\u1798\u1799\u17c9\u17b6\u1784\u179b\u17d2\u17a2\u179f\u1798\u17d2\u179a\u17b6\u1794\u17cb\u1780\u17b6\u179a\u1795\u179b\u17b7\u178f\u1793\u17c3\u1780\u17b6\u179a\u1794\u17d2\u179a\u1798\u17bc\u179b\u1795\u17d2\u178f\u17bb\u17c6\u1793\u17b7\u1784\u1790\u17d2\u1793\u17b6\u1780\u17cb\u179a\u1784\u178a\u17c2\u179b\u1798\u17b6\u1793\u1782\u17bb\u178e\u1797\u17b6\u1796\u1781\u17d2\u1796\u179f\u17cb\u17d4<\/p>\n<p>TC1000 \u1798\u17b6\u1793\u1793\u17c5\u1780\u17d2\u1793\u17bb\u1784\u1780\u17c6\u178e\u17c2\u1781\u17d2\u179b\u17b8 \u1793\u17b7\u1784\u179c\u17c2\u1784 \u178a\u17c2\u179b\u1798\u17b6\u1793\u179f\u1798\u178f\u17d2\u1790\u1797\u17b6\u1796\u17a2\u178f\u17b7\u1794\u179a\u1798\u17b6\u1785\u17b6\u1794\u17cb\u1796\u17b8 75-200 tph \u1793\u17b7\u1784 95-240 tph \u17d4<\/p>\n<p>TC1300 \u1782\u17ba\u1787\u17b6\u1798\u17c9\u17b6\u179f\u17ca\u17b8\u1793\u17d4 <a href=\"https:\/\/tramnghien.com\/km\/phan-biet-cac-loai-may-nghien-con\/\"  data-wpil-monitor-id=\"93\">\u1798\u17c9\u17b6\u179f\u17ca\u17b8\u1793\u1780\u17b7\u1793\u1780\u17c4\u178e<\/a> 300hp \u178a\u17c2\u179b\u1798\u17b6\u1793\u179f\u1798\u178f\u17d2\u1790\u1797\u17b6\u1796\u17a2\u178f\u17b7\u1794\u179a\u1798\u17b6\u1796\u17b8 180-350 tph \u17d4<\/p>\n<p>TC1150 \u1780\u17cf\u1787\u17b6\u1798\u17c9\u17b6\u179f\u17ca\u17b8\u1793\u1795\u1784\u178a\u17c2\u179a\u17d4 <a href=\"https:\/\/tramnghien.com\/km\/bao-duong-may-nghien-con-dung-cach-tang-tuoi-tho-thiet-bi\/\"  data-wpil-monitor-id=\"109\">\u1798\u17c9\u17b6\u179f\u17ca\u17b8\u1793\u1780\u17b7\u1793\u1780\u17c4\u178e<\/a> 300hp \u179f\u1798\u178f\u17d2\u1790\u1797\u17b6\u1796\u17a2\u178f\u17b7\u1794\u179a\u1798\u17b6 165-320 tph \u17d4<\/p>","protected":false},"excerpt":{"rendered":"<table class=\"has-fixed-layout\">\n<tbody>\n<tr>\n<td>\u1791\u1798\u17d2\u1784\u1793\u17cb<\/td>\n<td>22,040 \u1795\u17c4\u1793 \/ 10,000 \u1782\u17b8\u17a1\u17bc\u1780\u17d2\u179a\u17b6\u1798<\/td>\n<\/tr>\n<tr>\n<td>\u17a2\u1784\u17d2\u1780\u178f\u17cb\u1795\u17d2\u1785\u17b7\u178f\u1780\u17d2\u1794\u17b6\u179b<\/td>\n<td>40 \u17a2\u17ca\u17b8\u1789 \/ 1000 \u1798\u1798<\/td>\n<\/tr>\n<tr>\n<td>\u1787\u17bd\u179a CSS<\/td>\n<td>5\/8-1 1\/2\u2033 \/ 16-36 \u1798\u17d4<\/td>\n<\/tr>\n<tr>\n<td>\u179f\u1798\u178f\u17d2\u1790\u1797\u17b6\u1796<\/td>\n<td>75-240 tph \/ 70-200 mtph<\/td>\n<\/tr>\n<tr>\n<td>\u1791\u17c6\u17a0\u17c6\u1798\u17c9\u17bc\u1791\u17d0\u179a<\/td>\n<td>230\/170kW<\/td>\n<\/tr>\n<\/tbody>\n<\/table>","protected":false},"featured_media":1328,"template":"","meta":[],"product_brand":[],"product_cat":[69,72],"product_tag":[82],"class_list":{"0":"post-1327","1":"product","2":"type-product","3":"status-publish","4":"has-post-thumbnail","6":"product_cat-may-nghien-con","7":"product_cat-may-nghien-sang-terex","8":"product_tag-may-nghien-con","10":"first","11":"instock","12":"shipping-taxable","13":"product-type-grouped"},"yoast_head":"<!-- This site is optimized with the Yoast SEO Premium plugin v24.6 (Yoast SEO v27.4) - https:\/\/yoast.com\/product\/yoast-seo-premium-wordpress\/ -->\n<title>M\u00e1y nghi\u1ec1n c\u00f4n TC1000 - Nguy\u1ec5n Vinh - M\u00e1y nghi\u1ec1n \u0111\u00e1 &amp; C\u00e1t nh\u00e2n t\u1ea1o<\/title>\n<meta name=\"description\" content=\"M\u00e1y nghi\u1ec1n c\u00f4n TC1000 h\u1ed7 tr\u1ee3 gi\u1ea3m k\u00edch th\u01b0\u1edbc hi\u1ec7u qu\u1ea3. S\u1ea3n ph\u1ea9m h\u00ecnh kh\u1ed1i \u0111\u00e1p \u1ee9ng t\u1ed1t cho s\u1ea3n xu\u1ea5t c\u1ed1t li\u1ec7u ch\u1ea5t l\u01b0\u1ee3ng cao v\u00e0 n\u1ec1n ph\u1ee5.\" \/>\n<meta name=\"robots\" content=\"index, follow, max-snippet:-1, max-image-preview:large, max-video-preview:-1\" \/>\n<link rel=\"canonical\" href=\"https:\/\/tramnghien.com\/km\/may-nghien-con-tc1000\/\" \/>\n<meta property=\"og:locale\" content=\"en_US\" \/>\n<meta property=\"og:type\" content=\"article\" \/>\n<meta property=\"og:title\" content=\"M\u00e1y nghi\u1ec1n c\u00f4n TC1000\" \/>\n<meta property=\"og:description\" content=\"M\u00e1y nghi\u1ec1n c\u00f4n TC1000 h\u1ed7 tr\u1ee3 gi\u1ea3m k\u00edch th\u01b0\u1edbc hi\u1ec7u qu\u1ea3. S\u1ea3n ph\u1ea9m h\u00ecnh kh\u1ed1i \u0111\u00e1p \u1ee9ng t\u1ed1t cho s\u1ea3n xu\u1ea5t c\u1ed1t li\u1ec7u ch\u1ea5t l\u01b0\u1ee3ng cao v\u00e0 n\u1ec1n ph\u1ee5.\" \/>\n<meta property=\"og:url\" content=\"https:\/\/tramnghien.com\/km\/may-nghien-con-tc1000\/\" \/>\n<meta property=\"og:site_name\" content=\"Nguy\u1ec5n Vinh - M\u00e1y nghi\u1ec1n \u0111\u00e1 &amp; C\u00e1t nh\u00e2n t\u1ea1o\" \/>\n<meta property=\"article:modified_time\" content=\"2025-01-22T08:50:34+00:00\" \/>\n<meta property=\"og:image\" content=\"https:\/\/tramnghien.com\/wp-content\/uploads\/2024\/10\/tc1000.jpg\" \/>\n\t<meta property=\"og:image:width\" content=\"800\" \/>\n\t<meta property=\"og:image:height\" content=\"450\" \/>\n\t<meta property=\"og:image:type\" content=\"image\/jpeg\" \/>\n<meta name=\"twitter:card\" content=\"summary_large_image\" \/>\n<meta name=\"twitter:label1\" content=\"Availability\" \/>\n\t<meta name=\"twitter:data1\" content=\"In stock\" \/>\n<script type=\"application\/ld+json\" class=\"yoast-schema-graph\">{\"@context\":\"https:\\\/\\\/schema.org\",\"@graph\":[{\"@type\":\"WebPage\",\"@id\":\"https:\\\/\\\/tramnghien.com\\\/may-nghien-con-tc1000\\\/\",\"url\":\"https:\\\/\\\/tramnghien.com\\\/may-nghien-con-tc1000\\\/\",\"name\":\"M\u00e1y nghi\u1ec1n c\u00f4n TC1000 - Nguy\u1ec5n Vinh - M\u00e1y nghi\u1ec1n \u0111\u00e1 &amp; C\u00e1t nh\u00e2n t\u1ea1o\",\"isPartOf\":{\"@id\":\"https:\\\/\\\/tramnghien.com\\\/#website\"},\"primaryImageOfPage\":{\"@id\":\"https:\\\/\\\/tramnghien.com\\\/may-nghien-con-tc1000\\\/#primaryimage\"},\"image\":{\"@id\":\"https:\\\/\\\/tramnghien.com\\\/may-nghien-con-tc1000\\\/#primaryimage\"},\"thumbnailUrl\":\"https:\\\/\\\/tramnghien.com\\\/wp-content\\\/uploads\\\/2024\\\/10\\\/tc1000.jpg\",\"datePublished\":\"2024-10-17T02:27:27+00:00\",\"dateModified\":\"2025-01-22T08:50:34+00:00\",\"description\":\"M\u00e1y nghi\u1ec1n c\u00f4n TC1000 h\u1ed7 tr\u1ee3 gi\u1ea3m k\u00edch th\u01b0\u1edbc hi\u1ec7u qu\u1ea3. S\u1ea3n ph\u1ea9m h\u00ecnh kh\u1ed1i \u0111\u00e1p \u1ee9ng t\u1ed1t cho s\u1ea3n xu\u1ea5t c\u1ed1t li\u1ec7u ch\u1ea5t l\u01b0\u1ee3ng cao v\u00e0 n\u1ec1n ph\u1ee5.\",\"breadcrumb\":{\"@id\":\"https:\\\/\\\/tramnghien.com\\\/may-nghien-con-tc1000\\\/#breadcrumb\"},\"inLanguage\":\"km\",\"potentialAction\":[{\"@type\":\"ReadAction\",\"target\":[\"https:\\\/\\\/tramnghien.com\\\/may-nghien-con-tc1000\\\/\"]}]},{\"@type\":\"ImageObject\",\"inLanguage\":\"km\",\"@id\":\"https:\\\/\\\/tramnghien.com\\\/may-nghien-con-tc1000\\\/#primaryimage\",\"url\":\"https:\\\/\\\/tramnghien.com\\\/wp-content\\\/uploads\\\/2024\\\/10\\\/tc1000.jpg\",\"contentUrl\":\"https:\\\/\\\/tramnghien.com\\\/wp-content\\\/uploads\\\/2024\\\/10\\\/tc1000.jpg\",\"width\":800,\"height\":450,\"caption\":\"M\u00e1y nghi\u1ec1n c\u00f4n TC1000\"},{\"@type\":\"BreadcrumbList\",\"@id\":\"https:\\\/\\\/tramnghien.com\\\/may-nghien-con-tc1000\\\/#breadcrumb\",\"itemListElement\":[{\"@type\":\"ListItem\",\"position\":1,\"name\":\"Home\",\"item\":\"https:\\\/\\\/tramnghien.com\\\/\"},{\"@type\":\"ListItem\",\"position\":2,\"name\":\"S\u1ea3n ph\u1ea9m\",\"item\":\"https:\\\/\\\/tramnghien.com\\\/san-pham\\\/\"},{\"@type\":\"ListItem\",\"position\":3,\"name\":\"M\u00e1y nghi\u1ec1n c\u00f4n TC1000\"}]},{\"@type\":\"WebSite\",\"@id\":\"https:\\\/\\\/tramnghien.com\\\/#website\",\"url\":\"https:\\\/\\\/tramnghien.com\\\/\",\"name\":\"Nguy\u1ec5n Vinh - M\u00e1y nghi\u1ec1n \u0111\u00e1 &amp; C\u00e1t nh\u00e2n t\u1ea1o\",\"description\":\"D\u1eabn \u0111\u1ea7u c\u00f4ng ngh\u1ec7 m\u00e1y nghi\u1ec1n t\u1ea1i Vi\u1ec7t Nam\",\"potentialAction\":[{\"@type\":\"SearchAction\",\"target\":{\"@type\":\"EntryPoint\",\"urlTemplate\":\"https:\\\/\\\/tramnghien.com\\\/?s={search_term_string}\"},\"query-input\":{\"@type\":\"PropertyValueSpecification\",\"valueRequired\":true,\"valueName\":\"search_term_string\"}}],\"inLanguage\":\"km\"}]}<\/script>\n<meta property=\"og:availability\" content=\"instock\" \/>\n<meta property=\"product:availability\" content=\"instock\" \/>\n<meta property=\"product:condition\" content=\"new\" \/>\n<!-- \/ Yoast SEO Premium plugin. -->","yoast_head_json":{"title":"TC1000 Cone Crusher - Nguyen Vinh - \u1780\u1798\u17d2\u1791\u17c1\u1785\u1790\u17d2\u1798 \u1793\u17b7\u1784\u1781\u17d2\u179f\u17b6\u1785\u17cb\u179f\u17b7\u1794\u17d2\u1794\u1793\u17b7\u1798\u17d2\u1798\u17b7\u178f","description":"\u1798\u17c9\u17b6\u179f\u17ca\u17b8\u1793\u1780\u17c6\u1791\u17c1\u1785\u1780\u17c4\u178e TC1000 \u1782\u17b6\u17c6\u1791\u17d2\u179a\u1780\u17b6\u179a\u1780\u17b6\u178f\u17cb\u1794\u1793\u17d2\u1790\u1799\u1791\u17c6\u17a0\u17c6\u1794\u17d2\u179a\u1780\u1794\u178a\u17c4\u1799\u1794\u17d2\u179a\u179f\u17b7\u1791\u17d2\u1792\u1797\u17b6\u1796\u17d4 \u1795\u179b\u17b7\u178f\u1795\u179b\u1794\u17d2\u179b\u17bb\u1780\u178f\u17d2\u179a\u17bc\u179c\u1794\u17b6\u1793\u179f\u1798\u1799\u17c9\u17b6\u1784\u179b\u17d2\u17a2\u179f\u1798\u17d2\u179a\u17b6\u1794\u17cb\u1780\u17b6\u179a\u1795\u179b\u17b7\u178f\u1793\u17c3\u1780\u17b6\u179a\u1794\u17d2\u179a\u1798\u17bc\u179b\u1795\u17d2\u178f\u17bb\u17c6\u1793\u17b7\u1784\u1790\u17d2\u1793\u17b6\u1780\u17cb\u179a\u1784\u178a\u17c2\u179b\u1798\u17b6\u1793\u1782\u17bb\u178e\u1797\u17b6\u1796\u1781\u17d2\u1796\u179f\u17cb\u17d4","robots":{"index":"index","follow":"follow","max-snippet":"max-snippet:-1","max-image-preview":"max-image-preview:large","max-video-preview":"max-video-preview:-1"},"canonical":"https:\/\/tramnghien.com\/km\/may-nghien-con-tc1000\/","og_locale":"en_US","og_type":"article","og_title":"M\u00e1y nghi\u1ec1n c\u00f4n TC1000","og_description":"M\u00e1y nghi\u1ec1n c\u00f4n TC1000 h\u1ed7 tr\u1ee3 gi\u1ea3m k\u00edch th\u01b0\u1edbc hi\u1ec7u qu\u1ea3. S\u1ea3n ph\u1ea9m h\u00ecnh kh\u1ed1i \u0111\u00e1p \u1ee9ng t\u1ed1t cho s\u1ea3n xu\u1ea5t c\u1ed1t li\u1ec7u ch\u1ea5t l\u01b0\u1ee3ng cao v\u00e0 n\u1ec1n ph\u1ee5.","og_url":"https:\/\/tramnghien.com\/km\/may-nghien-con-tc1000\/","og_site_name":"Nguy\u1ec5n Vinh - M\u00e1y nghi\u1ec1n \u0111\u00e1 &amp; C\u00e1t nh\u00e2n t\u1ea1o","article_modified_time":"2025-01-22T08:50:34+00:00","og_image":[{"width":800,"height":450,"url":"https:\/\/tramnghien.com\/wp-content\/uploads\/2024\/10\/tc1000.jpg","type":"image\/jpeg"}],"twitter_card":"summary_large_image","twitter_misc":{"Availability":"In stock"},"schema":{"@context":"https:\/\/schema.org","@graph":[{"@type":"WebPage","@id":"https:\/\/tramnghien.com\/may-nghien-con-tc1000\/","url":"https:\/\/tramnghien.com\/may-nghien-con-tc1000\/","name":"TC1000 Cone Crusher - Nguyen Vinh - \u1780\u1798\u17d2\u1791\u17c1\u1785\u1790\u17d2\u1798 \u1793\u17b7\u1784\u1781\u17d2\u179f\u17b6\u1785\u17cb\u179f\u17b7\u1794\u17d2\u1794\u1793\u17b7\u1798\u17d2\u1798\u17b7\u178f","isPartOf":{"@id":"https:\/\/tramnghien.com\/#website"},"primaryImageOfPage":{"@id":"https:\/\/tramnghien.com\/may-nghien-con-tc1000\/#primaryimage"},"image":{"@id":"https:\/\/tramnghien.com\/may-nghien-con-tc1000\/#primaryimage"},"thumbnailUrl":"https:\/\/tramnghien.com\/wp-content\/uploads\/2024\/10\/tc1000.jpg","datePublished":"2024-10-17T02:27:27+00:00","dateModified":"2025-01-22T08:50:34+00:00","description":"\u1798\u17c9\u17b6\u179f\u17ca\u17b8\u1793\u1780\u17c6\u1791\u17c1\u1785\u1780\u17c4\u178e TC1000 \u1782\u17b6\u17c6\u1791\u17d2\u179a\u1780\u17b6\u179a\u1780\u17b6\u178f\u17cb\u1794\u1793\u17d2\u1790\u1799\u1791\u17c6\u17a0\u17c6\u1794\u17d2\u179a\u1780\u1794\u178a\u17c4\u1799\u1794\u17d2\u179a\u179f\u17b7\u1791\u17d2\u1792\u1797\u17b6\u1796\u17d4 \u1795\u179b\u17b7\u178f\u1795\u179b\u1794\u17d2\u179b\u17bb\u1780\u178f\u17d2\u179a\u17bc\u179c\u1794\u17b6\u1793\u179f\u1798\u1799\u17c9\u17b6\u1784\u179b\u17d2\u17a2\u179f\u1798\u17d2\u179a\u17b6\u1794\u17cb\u1780\u17b6\u179a\u1795\u179b\u17b7\u178f\u1793\u17c3\u1780\u17b6\u179a\u1794\u17d2\u179a\u1798\u17bc\u179b\u1795\u17d2\u178f\u17bb\u17c6\u1793\u17b7\u1784\u1790\u17d2\u1793\u17b6\u1780\u17cb\u179a\u1784\u178a\u17c2\u179b\u1798\u17b6\u1793\u1782\u17bb\u178e\u1797\u17b6\u1796\u1781\u17d2\u1796\u179f\u17cb\u17d4","breadcrumb":{"@id":"https:\/\/tramnghien.com\/may-nghien-con-tc1000\/#breadcrumb"},"inLanguage":"km","potentialAction":[{"@type":"ReadAction","target":["https:\/\/tramnghien.com\/may-nghien-con-tc1000\/"]}]},{"@type":"ImageObject","inLanguage":"km","@id":"https:\/\/tramnghien.com\/may-nghien-con-tc1000\/#primaryimage","url":"https:\/\/tramnghien.com\/wp-content\/uploads\/2024\/10\/tc1000.jpg","contentUrl":"https:\/\/tramnghien.com\/wp-content\/uploads\/2024\/10\/tc1000.jpg","width":800,"height":450,"caption":"M\u00e1y nghi\u1ec1n c\u00f4n TC1000"},{"@type":"BreadcrumbList","@id":"https:\/\/tramnghien.com\/may-nghien-con-tc1000\/#breadcrumb","itemListElement":[{"@type":"ListItem","position":1,"name":"Home","item":"https:\/\/tramnghien.com\/"},{"@type":"ListItem","position":2,"name":"S\u1ea3n ph\u1ea9m","item":"https:\/\/tramnghien.com\/san-pham\/"},{"@type":"ListItem","position":3,"name":"M\u00e1y nghi\u1ec1n c\u00f4n TC1000"}]},{"@type":"WebSite","@id":"https:\/\/tramnghien.com\/#website","url":"https:\/\/tramnghien.com\/","name":"\u1784\u17d2\u179c\u17c0\u1793 \u179c\u17b7\u1789 - \u1780\u17c6\u1791\u17c1\u1785\u1790\u17d2\u1798 \u1793\u17b7\u1784\u1781\u17d2\u179f\u17b6\u1785\u17cb\u179f\u17b7\u1794\u17d2\u1794\u1793\u17b7\u1798\u17d2\u1798\u17b7\u178f","description":"\u1794\u1785\u17d2\u1785\u17c1\u1780\u179c\u17b7\u1791\u17d2\u1799\u17b6\u1798\u17c9\u17b6\u179f\u17ca\u17b8\u1793\u1780\u17b7\u1793 \u1788\u17b6\u1793\u1798\u17bb\u1781\u1782\u17c1\u1793\u17c5\u1794\u17d2\u179a\u1791\u17c1\u179f\u179c\u17c0\u178f\u178e\u17b6\u1798","potentialAction":[{"@type":"SearchAction","target":{"@type":"EntryPoint","urlTemplate":"https:\/\/tramnghien.com\/?s={search_term_string}"},"query-input":{"@type":"PropertyValueSpecification","valueRequired":true,"valueName":"search_term_string"}}],"inLanguage":"km"}]},"og_availability":"instock","product_availability":"instock","product_condition":"new"},"_links":{"self":[{"href":"https:\/\/tramnghien.com\/km\/wp-json\/wp\/v2\/product\/1327","targetHints":{"allow":["GET"]}}],"collection":[{"href":"https:\/\/tramnghien.com\/km\/wp-json\/wp\/v2\/product"}],"about":[{"href":"https:\/\/tramnghien.com\/km\/wp-json\/wp\/v2\/types\/product"}],"wp:featuredmedia":[{"embeddable":true,"href":"https:\/\/tramnghien.com\/km\/wp-json\/wp\/v2\/media\/1328"}],"wp:attachment":[{"href":"https:\/\/tramnghien.com\/km\/wp-json\/wp\/v2\/media?parent=1327"}],"wp:term":[{"taxonomy":"product_brand","embeddable":true,"href":"https:\/\/tramnghien.com\/km\/wp-json\/wp\/v2\/product_brand?post=1327"},{"taxonomy":"product_cat","embeddable":true,"href":"https:\/\/tramnghien.com\/km\/wp-json\/wp\/v2\/product_cat?post=1327"},{"taxonomy":"product_tag","embeddable":true,"href":"https:\/\/tramnghien.com\/km\/wp-json\/wp\/v2\/product_tag?post=1327"}],"curies":[{"name":"wp","href":"https:\/\/api.w.org\/{rel}","templated":true}]}}