{"id":1276,"date":"2024-10-15T04:00:18","date_gmt":"2024-10-15T04:00:18","guid":{"rendered":"https:\/\/tramnghien.com\/?post_type=product&#038;p=1276"},"modified":"2024-10-28T07:50:24","modified_gmt":"2024-10-28T07:50:24","slug":"may-cau-di-dong-at40","status":"publish","type":"product","link":"https:\/\/tramnghien.com\/km\/may-cau-di-dong-at40\/","title":{"rendered":"\u17a7\u1794\u1780\u179a\u178e\u17cd\u179f\u17d2\u1791\u17bc\u1785\u1785\u179b\u17d0\u178f AT40"},"content":{"rendered":"<p>\u179a\u1790\u1799\u1793\u17d2\u178f\u179f\u17d2\u1791\u17bc\u1785\u1785\u179b\u17d0\u178f AT40 \u1782\u17ba\u1787\u17b6\u1780\u17b6\u179a\u1794\u1793\u17d2\u1790\u17c2\u1798\u1785\u17bb\u1784\u1780\u17d2\u179a\u17c4\u1799\u1794\u1784\u17d2\u17a2\u179f\u17cb\u179a\u1794\u179f\u17cb Franna \u178a\u17c2\u179b\u1798\u17b6\u1793\u179f\u1798\u178f\u17d2\u1790\u1797\u17b6\u1796\u179b\u17be\u1780\u17a2\u178f\u17b7\u1794\u179a\u1798\u17b6 40 \u178f\u17c4\u1793\u17d4 \u179c\u17b6\u179b\u17d2\u17a2\u17a5\u178f\u1781\u17d2\u1785\u17c4\u17c7\u1787\u17b6\u1798\u17bd\u1799\u1793\u17b9\u1784\u179f\u1798\u178f\u17d2\u1790\u1797\u17b6\u1796\u1795\u17d2\u1791\u17bb\u1780\u1781\u17d2\u1796\u179f\u17cb\u1787\u17b6\u1784\u179a\u1794\u179f\u17cb 44% \u1794\u17be\u1794\u17d2\u179a\u17c0\u1794\u1792\u17c0\u1794\u1791\u17c5\u1793\u17b9\u1784 MAC 25 \u17d4 \u1780\u17b6\u179a\u179a\u1785\u1793\u17b6\u17a2\u17d0\u1780\u17d2\u179f\u1794\u17b8\u1780\u17b6\u178f\u17cb\u1794\u1793\u17d2\u1790\u1799\u178f\u1798\u17d2\u179a\u17bc\u179c\u1780\u17b6\u179a\u179f\u1798\u17d2\u179a\u17b6\u1794\u17cb\u1791\u1798\u17d2\u1784\u1793\u17cb\u1794\u17d2\u179a\u1786\u17b6\u17c6\u1784\u178a\u17c2\u179b\u17a2\u17b6\u1785\u178a\u1780\u1785\u17c1\u1789\u1794\u17b6\u1793\u17d4 \u1794\u17d2\u179a\u1796\u17d0\u1793\u17d2\u1792\u1782\u17d2\u179a\u1794\u17cb\u1782\u17d2\u179a\u1784\u17a2\u17d0\u1780\u17d2\u179f\u1791\u17b8\u1794\u17b8\u179b\u17be\u1780\u17a2\u17d0\u1780\u17d2\u179f 3 \u1793\u17c5\u1796\u17c1\u179b\u1792\u17d2\u179c\u17be\u1780\u17b6\u179a\u1793\u17c5\u1780\u1793\u17d2\u179b\u17c2\u1784\u179f\u17c6\u178e\u1784\u17cb\u17d4 \u179b\u17d2\u1794\u17bf\u1793\u17a2\u178f\u17b7\u1794\u179a\u1798\u17b6\u1793\u17c5\u179b\u17be\u1795\u17d2\u179b\u17bc\u179c\u1782\u17ba\u179a\u17a0\u17bc\u178f\u178a\u179b\u17cb 75 \u1782\u17b8\u17a1\u17bc\u1798\u17c9\u17c2\u178f\u17d2\u179a\u1780\u17d2\u1793\u17bb\u1784\u1798\u17bd\u1799\u1798\u17c9\u17c4\u1784 \u178a\u17c2\u179b\u1787\u17bd\u1799\u1792\u17d2\u179c\u17be\u1785\u179b\u1793\u17b6\u1794\u17b6\u1793\u179b\u17bf\u1793 \u1793\u17b7\u1784\u179f\u17bb\u179c\u178f\u17d2\u1790\u17b7\u1797\u17b6\u1796\u17d4<\/p>\n<h3><strong>\u1790\u17b6\u1798\u179c\u1793\u17d2\u178f LMI (\u1794\u17c9\u17b6\u178f\u1784\u17cb)\u17d6<\/strong><\/h3>\n<p>\u1794\u17d2\u179a\u1796\u17d0\u1793\u17d2\u1792 Dynamic LMI \u1795\u17d2\u178f\u179b\u17cb\u1793\u17bc\u179c\u1780\u17b6\u179a\u1782\u178e\u1793\u17b6 &quot;\u1796\u17c1\u179b\u179c\u17c1\u179b\u17b6\u1796\u17b7\u178f&quot; \u1793\u17c3\u179f\u1798\u178f\u17d2\u1790\u1797\u17b6\u1796\u179c\u17b6\u1799\u178f\u1798\u17d2\u179b\u17c3\u17d4 \u179c\u17b6\u179c\u17b6\u1799\u178f\u1798\u17d2\u179b\u17c3\u1780\u17b6\u179a\u1780\u17c6\u178e\u178f\u17cb\u179a\u1785\u1793\u17b6\u179f\u1798\u17d2\u1796\u17d0\u1793\u17d2\u1792 \u1793\u17b7\u1784\u179f\u17d2\u1790\u17c1\u179a\u1797\u17b6\u1796\u179a\u1794\u179f\u17cb\u1798\u17c9\u17b6\u179f\u17ca\u17b8\u1793\u17d4 \u1782\u17bb\u178e\u1797\u17b6\u1796\u1794\u1784\u17d2\u17a0\u17b6\u1789\u1790\u17b6\u1798\u1796\u179b\u178f\u17d2\u179a\u17bc\u179c\u1794\u17b6\u1793\u1796\u1784\u17d2\u179a\u17b9\u1784 \u178a\u17c4\u1799\u179f\u17b6\u179a\u1780\u17b6\u179a\u179c\u17b6\u179f\u17cb\u1798\u17bb\u17c6\u179b\u17c6\u17a2\u17c0\u1784\u1780\u17b6\u1793\u17cb\u178f\u17c2\u178f\u17d2\u179a\u17b9\u1798\u178f\u17d2\u179a\u17bc\u179c\u17d4 \u1793\u17c5\u1796\u17c1\u179b\u1792\u17d2\u179c\u17be\u1780\u17b6\u179a\u1793\u17c5\u179b\u17be\u178a\u17b8\u179a\u178a\u17bb\u1794 \u1790\u17b6\u1798\u1796\u179b\u178a\u17c2\u179b\u1794\u17b6\u1793\u179c\u17b6\u1799\u178f\u1798\u17d2\u179b\u17c3\u178f\u17d2\u179a\u17bc\u179c\u1794\u17b6\u1793\u1792\u17d2\u179c\u17be\u1794\u1785\u17d2\u1785\u17bb\u1794\u17d2\u1794\u1793\u17d2\u1793\u1797\u17b6\u1796\u1787\u17b6\u1794\u1793\u17d2\u178f\u1794\u1793\u17d2\u1791\u17b6\u1794\u17cb\u17d4 Franna Dynamic LMI \u179b\u17c3\u178f\u1798\u17d2\u179a\u17bc\u179c\u1780\u17b6\u179a\u1780\u17b6\u178f\u17cb\u1794\u1793\u17d2\u1790\u1799\u1790\u17b6\u1798\u1796\u179b\u178a\u17c4\u1799\u179f\u17d2\u179c\u17d0\u1799\u1794\u17d2\u179a\u179c\u178f\u17d2\u178f\u17b7\u17d4<\/p>\n<h4><strong>\u179b\u1780\u17d2\u1781\u178e\u17c8\u179f\u17c6\u1781\u17b6\u1793\u17cb\u17d7\u17d6<\/strong><\/h4>\n<ul>\n<li>\u1780\u17c6\u178e\u178f\u17cb\u1780\u1798\u17d2\u1796\u179f\u17cb\u1780\u17b6\u179a\u1784\u17b6\u179a\u17a2\u178f\u17b7\u1794\u179a\u1798\u17b6\u178a\u17c4\u1799\u1794\u17d2\u179a\u178f\u17b7\u1794\u178f\u17d2\u178f\u17b7\u1780\u179a\u17d4<\/li>\n<li>\u1780\u17b6\u17c6\u1780\u17b6\u179a\u1784\u17b6\u179a\u17a2\u178f\u17b7\u1794\u179a\u1798\u17b6\u17d4<\/li>\n<li>\u179f\u1798\u17b6\u1798\u17b6\u178f\u17d2\u179a\u1790\u17b6\u1798\u1796\u179b\u178a\u17c2\u179b\u1794\u17b6\u1793\u179c\u17b6\u1799\u178f\u1798\u17d2\u179b\u17c3\u17d4<\/li>\n<\/ul>\n<p>\u179b\u1780\u17d2\u1781\u178e\u17c8\u1796\u17b7\u179f\u17c1\u179f\u1791\u17b6\u17c6\u1784\u1793\u17c1\u17c7\u1787\u17bd\u1799\u17b1\u17d2\u1799\u1798\u17c9\u17b6\u179f\u17ca\u17b8\u1793\u178a\u17c6\u178e\u17be\u179a\u1780\u17b6\u179a\u1780\u17b6\u1793\u17cb\u178f\u17c2\u1798\u17b6\u1793\u179f\u17bb\u179c\u178f\u17d2\u1790\u17b7\u1797\u17b6\u1796\u1780\u17d2\u1793\u17bb\u1784\u179f\u17d2\u1790\u17b6\u1793\u1797\u17b6\u1796\u179b\u17c6\u1794\u17b6\u1780\u17d4 \u1780\u17b6\u179a\u1792\u17d2\u179c\u17be\u17b1\u17d2\u1799\u1794\u17d2\u179a\u179f\u17be\u179a\u17a1\u17be\u1784\u1782\u17ba\u17a2\u17b6\u1785\u1792\u17d2\u179c\u17be\u1791\u17c5\u1794\u17b6\u1793\u179f\u1798\u17d2\u179a\u17b6\u1794\u17cb\u179a\u1790\u1799\u1793\u17d2\u178f\u179f\u17d2\u1791\u17bc\u1785 Franna \u1791\u17b6\u17c6\u1784\u17a2\u179f\u17cb\u178a\u17c4\u1799\u1794\u17d2\u179a\u17be\u1798\u17c9\u17b6\u179f\u17ca\u17b8\u1793 Mercedes \u17d4<\/p>","protected":false},"excerpt":{"rendered":"<table style=\"width: 213.688px;\">\n<tbody>\n<tr style=\"height: 36px;\">\n<td style=\"height: 36px; width: 79px;\"><img loading=\"lazy\" decoding=\"async\" class=\"wp-image-1465\" src=\"https:\/\/tramnghien.com\/wp-content\/uploads\/2024\/07\/website_spec-icons_boom-length.png.webp\" sizes=\"auto, (max-width: 30px) 100vw, 30px\" srcset=\"https:\/\/tramnghien.com\/wp-content\/uploads\/2024\/07\/website_spec-icons_boom-length.png.webp 30w, https:\/\/tramnghien.com\/wp-content\/uploads\/2024\/07\/website_spec-icons_boom-length-12x12.png.webp 12w\" alt=\"\" width=\"30\" height=\"30\" \/><\/td>\n<td style=\"height: 36px; width: 120.688px;\">\u17e1\u17e7,\u17e9 \u1798\u17c9\u17c2\u178f\u17d2\u179a<\/td>\n<\/tr>\n<tr style=\"height: 36px;\">\n<td style=\"height: 36px; width: 79px;\"><img loading=\"lazy\" decoding=\"async\" class=\"wp-image-1466\" src=\"https:\/\/tramnghien.com\/wp-content\/uploads\/2024\/07\/website_spec-Icons_lift-capacity.png.webp\" sizes=\"auto, (max-width: 30px) 100vw, 30px\" srcset=\"https:\/\/tramnghien.com\/wp-content\/uploads\/2024\/07\/website_spec-Icons_lift-capacity.png.webp 30w, https:\/\/tramnghien.com\/wp-content\/uploads\/2024\/07\/website_spec-Icons_lift-capacity-12x12.png.webp 12w\" alt=\"\" width=\"30\" height=\"30\" \/><\/td>\n<td style=\"height: 36px; width: 120.688px;\">\u17e2\u17e2 \u178f\u17c4\u1793<\/td>\n<\/tr>\n<\/tbody>\n<\/table>","protected":false},"featured_media":1278,"template":"","meta":[],"product_brand":[],"product_cat":[74],"product_tag":[84],"class_list":{"0":"post-1276","1":"product","2":"type-product","3":"status-publish","4":"has-post-thumbnail","6":"product_cat-may-can-cau-franna","7":"product_tag-can-cau-di-dong","9":"first","10":"instock","11":"shipping-taxable","12":"product-type-grouped"},"yoast_head":"<!-- This site is optimized with the Yoast SEO Premium plugin v24.6 (Yoast SEO v27.4) - https:\/\/yoast.com\/product\/yoast-seo-premium-wordpress\/ -->\n<title>M\u00e1y c\u1ea9u di \u0111\u1ed9ng AT40 - Nguy\u1ec5n Vinh - M\u00e1y nghi\u1ec1n \u0111\u00e1 &amp; C\u00e1t nh\u00e2n t\u1ea1o<\/title>\n<meta name=\"description\" content=\"M\u00e1y c\u1ea9u di \u0111\u1ed9ng AT40 l\u00e0 b\u1ed5 sung m\u1edbi nh\u1ea5t c\u1ee7a Franna v\u1edbi kh\u1ea3 n\u0103ng n\u00e2ng t\u1ed1i \u0111a 40 t\u1ea5n, t\u1ed1c \u0111\u1ed9 \u0111i \u0111\u01b0\u1eddng t\u1ed1i \u0111a l\u00ean \u0111\u1ebfn 75 km\/h, gi\u00fap di chuy\u1ec3n nhanh v\u00e0 an to\u00e0n\" \/>\n<meta name=\"robots\" content=\"index, follow, max-snippet:-1, max-image-preview:large, max-video-preview:-1\" \/>\n<link rel=\"canonical\" href=\"https:\/\/tramnghien.com\/km\/may-cau-di-dong-at40\/\" \/>\n<meta property=\"og:locale\" content=\"en_US\" \/>\n<meta property=\"og:type\" content=\"article\" \/>\n<meta property=\"og:title\" content=\"M\u00e1y c\u1ea9u di \u0111\u1ed9ng AT40\" \/>\n<meta property=\"og:description\" content=\"M\u00e1y c\u1ea9u di \u0111\u1ed9ng AT40 l\u00e0 b\u1ed5 sung m\u1edbi nh\u1ea5t c\u1ee7a Franna v\u1edbi kh\u1ea3 n\u0103ng n\u00e2ng t\u1ed1i \u0111a 40 t\u1ea5n, t\u1ed1c \u0111\u1ed9 \u0111i \u0111\u01b0\u1eddng t\u1ed1i \u0111a l\u00ean \u0111\u1ebfn 75 km\/h, gi\u00fap di chuy\u1ec3n nhanh v\u00e0 an to\u00e0n\" \/>\n<meta property=\"og:url\" content=\"https:\/\/tramnghien.com\/km\/may-cau-di-dong-at40\/\" \/>\n<meta property=\"og:site_name\" content=\"Nguy\u1ec5n Vinh - M\u00e1y nghi\u1ec1n \u0111\u00e1 &amp; C\u00e1t nh\u00e2n t\u1ea1o\" \/>\n<meta property=\"article:modified_time\" content=\"2024-10-28T07:50:24+00:00\" \/>\n<meta property=\"og:image\" content=\"https:\/\/tramnghien.com\/wp-content\/uploads\/2024\/10\/at-40.jpg\" \/>\n\t<meta property=\"og:image:width\" content=\"600\" \/>\n\t<meta property=\"og:image:height\" content=\"348\" \/>\n\t<meta property=\"og:image:type\" content=\"image\/jpeg\" \/>\n<meta name=\"twitter:card\" content=\"summary_large_image\" \/>\n<meta name=\"twitter:label1\" content=\"Availability\" \/>\n\t<meta name=\"twitter:data1\" content=\"In stock\" \/>\n<script type=\"application\/ld+json\" class=\"yoast-schema-graph\">{\"@context\":\"https:\\\/\\\/schema.org\",\"@graph\":[{\"@type\":\"WebPage\",\"@id\":\"https:\\\/\\\/tramnghien.com\\\/may-cau-di-dong-at40\\\/\",\"url\":\"https:\\\/\\\/tramnghien.com\\\/may-cau-di-dong-at40\\\/\",\"name\":\"M\u00e1y c\u1ea9u di \u0111\u1ed9ng AT40 - Nguy\u1ec5n Vinh - M\u00e1y nghi\u1ec1n \u0111\u00e1 &amp; C\u00e1t nh\u00e2n t\u1ea1o\",\"isPartOf\":{\"@id\":\"https:\\\/\\\/tramnghien.com\\\/#website\"},\"primaryImageOfPage\":{\"@id\":\"https:\\\/\\\/tramnghien.com\\\/may-cau-di-dong-at40\\\/#primaryimage\"},\"image\":{\"@id\":\"https:\\\/\\\/tramnghien.com\\\/may-cau-di-dong-at40\\\/#primaryimage\"},\"thumbnailUrl\":\"https:\\\/\\\/tramnghien.com\\\/wp-content\\\/uploads\\\/2024\\\/10\\\/at-40.jpg\",\"datePublished\":\"2024-10-15T04:00:18+00:00\",\"dateModified\":\"2024-10-28T07:50:24+00:00\",\"description\":\"M\u00e1y c\u1ea9u di \u0111\u1ed9ng AT40 l\u00e0 b\u1ed5 sung m\u1edbi nh\u1ea5t c\u1ee7a Franna v\u1edbi kh\u1ea3 n\u0103ng n\u00e2ng t\u1ed1i \u0111a 40 t\u1ea5n, t\u1ed1c \u0111\u1ed9 \u0111i \u0111\u01b0\u1eddng t\u1ed1i \u0111a l\u00ean \u0111\u1ebfn 75 km\\\/h, gi\u00fap di chuy\u1ec3n nhanh v\u00e0 an to\u00e0n\",\"breadcrumb\":{\"@id\":\"https:\\\/\\\/tramnghien.com\\\/may-cau-di-dong-at40\\\/#breadcrumb\"},\"inLanguage\":\"km\",\"potentialAction\":[{\"@type\":\"ReadAction\",\"target\":[\"https:\\\/\\\/tramnghien.com\\\/may-cau-di-dong-at40\\\/\"]}]},{\"@type\":\"ImageObject\",\"inLanguage\":\"km\",\"@id\":\"https:\\\/\\\/tramnghien.com\\\/may-cau-di-dong-at40\\\/#primaryimage\",\"url\":\"https:\\\/\\\/tramnghien.com\\\/wp-content\\\/uploads\\\/2024\\\/10\\\/at-40.jpg\",\"contentUrl\":\"https:\\\/\\\/tramnghien.com\\\/wp-content\\\/uploads\\\/2024\\\/10\\\/at-40.jpg\",\"width\":600,\"height\":348,\"caption\":\"M\u00e1y c\u1ea9u di \u0111\u1ed9ng AT40\"},{\"@type\":\"BreadcrumbList\",\"@id\":\"https:\\\/\\\/tramnghien.com\\\/may-cau-di-dong-at40\\\/#breadcrumb\",\"itemListElement\":[{\"@type\":\"ListItem\",\"position\":1,\"name\":\"Home\",\"item\":\"https:\\\/\\\/tramnghien.com\\\/\"},{\"@type\":\"ListItem\",\"position\":2,\"name\":\"S\u1ea3n ph\u1ea9m\",\"item\":\"https:\\\/\\\/tramnghien.com\\\/san-pham\\\/\"},{\"@type\":\"ListItem\",\"position\":3,\"name\":\"M\u00e1y c\u1ea9u di \u0111\u1ed9ng AT40\"}]},{\"@type\":\"WebSite\",\"@id\":\"https:\\\/\\\/tramnghien.com\\\/#website\",\"url\":\"https:\\\/\\\/tramnghien.com\\\/\",\"name\":\"Nguy\u1ec5n Vinh - M\u00e1y nghi\u1ec1n \u0111\u00e1 &amp; C\u00e1t nh\u00e2n t\u1ea1o\",\"description\":\"D\u1eabn \u0111\u1ea7u c\u00f4ng ngh\u1ec7 m\u00e1y nghi\u1ec1n t\u1ea1i Vi\u1ec7t Nam\",\"potentialAction\":[{\"@type\":\"SearchAction\",\"target\":{\"@type\":\"EntryPoint\",\"urlTemplate\":\"https:\\\/\\\/tramnghien.com\\\/?s={search_term_string}\"},\"query-input\":{\"@type\":\"PropertyValueSpecification\",\"valueRequired\":true,\"valueName\":\"search_term_string\"}}],\"inLanguage\":\"km\"}]}<\/script>\n<meta property=\"og:availability\" content=\"instock\" \/>\n<meta property=\"product:availability\" content=\"instock\" \/>\n<meta property=\"product:condition\" content=\"new\" \/>\n<!-- \/ Yoast SEO Premium plugin. -->","yoast_head_json":{"title":"\u179a\u1791\u17c1\u17c7\u179a\u17bb\u1789\u1785\u179b\u17d0\u178f AT40 - \u1784\u17d2\u179c\u17c0\u1793 \u179c\u17b7\u1789 - \u1780\u1798\u17d2\u1791\u17c1\u1785\u1790\u17d2\u1798 \u1793\u17b7\u1784\u1781\u17d2\u179f\u17b6\u1785\u17cb\u179f\u17b7\u1794\u17d2\u1794\u1793\u17b7\u1798\u17d2\u1798\u17b7\u178f","description":"\u179a\u1790\u1799\u1793\u17d2\u178f\u179f\u17d2\u1791\u17bc\u1785\u1785\u179b\u17d0\u178f AT40 \u1782\u17ba\u1787\u17b6\u1780\u17b6\u179a\u1794\u1793\u17d2\u1790\u17c2\u1798\u1785\u17bb\u1784\u1780\u17d2\u179a\u17c4\u1799\u1794\u1784\u17d2\u17a2\u179f\u17cb\u179a\u1794\u179f\u17cb Franna \u178a\u17c2\u179b\u1798\u17b6\u1793\u179f\u1798\u178f\u17d2\u1790\u1797\u17b6\u1796\u179b\u17be\u1780\u17a2\u178f\u17b7\u1794\u179a\u1798\u17b6 40 \u178f\u17c4\u1793 \u179b\u17d2\u1794\u17bf\u1793\u1795\u17d2\u179b\u17bc\u179c\u17a2\u178f\u17b7\u1794\u179a\u1798\u17b6\u179a\u17a0\u17bc\u178f\u178a\u179b\u17cb 75 \u1782\u17b8\u17a1\u17bc\u1798\u17c9\u17c2\u178f\u17d2\u179a\u1780\u17d2\u1793\u17bb\u1784\u1798\u17bd\u1799\u1798\u17c9\u17c4\u1784 \u178a\u17c2\u179b\u17a2\u1793\u17bb\u1789\u17d2\u1789\u17b6\u178f\u17b1\u17d2\u1799\u1798\u17b6\u1793\u1785\u179b\u1793\u17b6\u179b\u17bf\u1793 \u1793\u17b7\u1784\u179f\u17bb\u179c\u178f\u17d2\u1790\u17b7\u1797\u17b6\u1796\u17d4","robots":{"index":"index","follow":"follow","max-snippet":"max-snippet:-1","max-image-preview":"max-image-preview:large","max-video-preview":"max-video-preview:-1"},"canonical":"https:\/\/tramnghien.com\/km\/may-cau-di-dong-at40\/","og_locale":"en_US","og_type":"article","og_title":"M\u00e1y c\u1ea9u di \u0111\u1ed9ng AT40","og_description":"M\u00e1y c\u1ea9u di \u0111\u1ed9ng AT40 l\u00e0 b\u1ed5 sung m\u1edbi nh\u1ea5t c\u1ee7a Franna v\u1edbi kh\u1ea3 n\u0103ng n\u00e2ng t\u1ed1i \u0111a 40 t\u1ea5n, t\u1ed1c \u0111\u1ed9 \u0111i \u0111\u01b0\u1eddng t\u1ed1i \u0111a l\u00ean \u0111\u1ebfn 75 km\/h, gi\u00fap di chuy\u1ec3n nhanh v\u00e0 an to\u00e0n","og_url":"https:\/\/tramnghien.com\/km\/may-cau-di-dong-at40\/","og_site_name":"Nguy\u1ec5n Vinh - M\u00e1y nghi\u1ec1n \u0111\u00e1 &amp; C\u00e1t nh\u00e2n t\u1ea1o","article_modified_time":"2024-10-28T07:50:24+00:00","og_image":[{"width":600,"height":348,"url":"https:\/\/tramnghien.com\/wp-content\/uploads\/2024\/10\/at-40.jpg","type":"image\/jpeg"}],"twitter_card":"summary_large_image","twitter_misc":{"Availability":"In stock"},"schema":{"@context":"https:\/\/schema.org","@graph":[{"@type":"WebPage","@id":"https:\/\/tramnghien.com\/may-cau-di-dong-at40\/","url":"https:\/\/tramnghien.com\/may-cau-di-dong-at40\/","name":"\u179a\u1791\u17c1\u17c7\u179a\u17bb\u1789\u1785\u179b\u17d0\u178f AT40 - \u1784\u17d2\u179c\u17c0\u1793 \u179c\u17b7\u1789 - \u1780\u1798\u17d2\u1791\u17c1\u1785\u1790\u17d2\u1798 \u1793\u17b7\u1784\u1781\u17d2\u179f\u17b6\u1785\u17cb\u179f\u17b7\u1794\u17d2\u1794\u1793\u17b7\u1798\u17d2\u1798\u17b7\u178f","isPartOf":{"@id":"https:\/\/tramnghien.com\/#website"},"primaryImageOfPage":{"@id":"https:\/\/tramnghien.com\/may-cau-di-dong-at40\/#primaryimage"},"image":{"@id":"https:\/\/tramnghien.com\/may-cau-di-dong-at40\/#primaryimage"},"thumbnailUrl":"https:\/\/tramnghien.com\/wp-content\/uploads\/2024\/10\/at-40.jpg","datePublished":"2024-10-15T04:00:18+00:00","dateModified":"2024-10-28T07:50:24+00:00","description":"\u179a\u1790\u1799\u1793\u17d2\u178f\u179f\u17d2\u1791\u17bc\u1785\u1785\u179b\u17d0\u178f AT40 \u1782\u17ba\u1787\u17b6\u1780\u17b6\u179a\u1794\u1793\u17d2\u1790\u17c2\u1798\u1785\u17bb\u1784\u1780\u17d2\u179a\u17c4\u1799\u1794\u1784\u17d2\u17a2\u179f\u17cb\u179a\u1794\u179f\u17cb Franna \u178a\u17c2\u179b\u1798\u17b6\u1793\u179f\u1798\u178f\u17d2\u1790\u1797\u17b6\u1796\u179b\u17be\u1780\u17a2\u178f\u17b7\u1794\u179a\u1798\u17b6 40 \u178f\u17c4\u1793 \u179b\u17d2\u1794\u17bf\u1793\u1795\u17d2\u179b\u17bc\u179c\u17a2\u178f\u17b7\u1794\u179a\u1798\u17b6\u179a\u17a0\u17bc\u178f\u178a\u179b\u17cb 75 \u1782\u17b8\u17a1\u17bc\u1798\u17c9\u17c2\u178f\u17d2\u179a\u1780\u17d2\u1793\u17bb\u1784\u1798\u17bd\u1799\u1798\u17c9\u17c4\u1784 \u178a\u17c2\u179b\u17a2\u1793\u17bb\u1789\u17d2\u1789\u17b6\u178f\u17b1\u17d2\u1799\u1798\u17b6\u1793\u1785\u179b\u1793\u17b6\u179b\u17bf\u1793 \u1793\u17b7\u1784\u179f\u17bb\u179c\u178f\u17d2\u1790\u17b7\u1797\u17b6\u1796\u17d4","breadcrumb":{"@id":"https:\/\/tramnghien.com\/may-cau-di-dong-at40\/#breadcrumb"},"inLanguage":"km","potentialAction":[{"@type":"ReadAction","target":["https:\/\/tramnghien.com\/may-cau-di-dong-at40\/"]}]},{"@type":"ImageObject","inLanguage":"km","@id":"https:\/\/tramnghien.com\/may-cau-di-dong-at40\/#primaryimage","url":"https:\/\/tramnghien.com\/wp-content\/uploads\/2024\/10\/at-40.jpg","contentUrl":"https:\/\/tramnghien.com\/wp-content\/uploads\/2024\/10\/at-40.jpg","width":600,"height":348,"caption":"M\u00e1y c\u1ea9u di \u0111\u1ed9ng AT40"},{"@type":"BreadcrumbList","@id":"https:\/\/tramnghien.com\/may-cau-di-dong-at40\/#breadcrumb","itemListElement":[{"@type":"ListItem","position":1,"name":"Home","item":"https:\/\/tramnghien.com\/"},{"@type":"ListItem","position":2,"name":"S\u1ea3n ph\u1ea9m","item":"https:\/\/tramnghien.com\/san-pham\/"},{"@type":"ListItem","position":3,"name":"M\u00e1y c\u1ea9u di \u0111\u1ed9ng AT40"}]},{"@type":"WebSite","@id":"https:\/\/tramnghien.com\/#website","url":"https:\/\/tramnghien.com\/","name":"\u1784\u17d2\u179c\u17c0\u1793 \u179c\u17b7\u1789 - \u1780\u17c6\u1791\u17c1\u1785\u1790\u17d2\u1798 \u1793\u17b7\u1784\u1781\u17d2\u179f\u17b6\u1785\u17cb\u179f\u17b7\u1794\u17d2\u1794\u1793\u17b7\u1798\u17d2\u1798\u17b7\u178f","description":"\u1794\u1785\u17d2\u1785\u17c1\u1780\u179c\u17b7\u1791\u17d2\u1799\u17b6\u1798\u17c9\u17b6\u179f\u17ca\u17b8\u1793\u1780\u17b7\u1793 \u1788\u17b6\u1793\u1798\u17bb\u1781\u1782\u17c1\u1793\u17c5\u1794\u17d2\u179a\u1791\u17c1\u179f\u179c\u17c0\u178f\u178e\u17b6\u1798","potentialAction":[{"@type":"SearchAction","target":{"@type":"EntryPoint","urlTemplate":"https:\/\/tramnghien.com\/?s={search_term_string}"},"query-input":{"@type":"PropertyValueSpecification","valueRequired":true,"valueName":"search_term_string"}}],"inLanguage":"km"}]},"og_availability":"instock","product_availability":"instock","product_condition":"new"},"_links":{"self":[{"href":"https:\/\/tramnghien.com\/km\/wp-json\/wp\/v2\/product\/1276","targetHints":{"allow":["GET"]}}],"collection":[{"href":"https:\/\/tramnghien.com\/km\/wp-json\/wp\/v2\/product"}],"about":[{"href":"https:\/\/tramnghien.com\/km\/wp-json\/wp\/v2\/types\/product"}],"wp:featuredmedia":[{"embeddable":true,"href":"https:\/\/tramnghien.com\/km\/wp-json\/wp\/v2\/media\/1278"}],"wp:attachment":[{"href":"https:\/\/tramnghien.com\/km\/wp-json\/wp\/v2\/media?parent=1276"}],"wp:term":[{"taxonomy":"product_brand","embeddable":true,"href":"https:\/\/tramnghien.com\/km\/wp-json\/wp\/v2\/product_brand?post=1276"},{"taxonomy":"product_cat","embeddable":true,"href":"https:\/\/tramnghien.com\/km\/wp-json\/wp\/v2\/product_cat?post=1276"},{"taxonomy":"product_tag","embeddable":true,"href":"https:\/\/tramnghien.com\/km\/wp-json\/wp\/v2\/product_tag?post=1276"}],"curies":[{"name":"wp","href":"https:\/\/api.w.org\/{rel}","templated":true}]}}