{"id":1252,"date":"2024-10-15T02:32:11","date_gmt":"2024-10-15T02:32:11","guid":{"rendered":"https:\/\/tramnghien.com\/?post_type=product&#038;p=1252"},"modified":"2025-01-21T10:45:07","modified_gmt":"2025-01-21T10:45:07","slug":"may-nghien-ham-tinh-tj2440","status":"publish","type":"product","link":"https:\/\/tramnghien.com\/km\/may-nghien-ham-tinh-tj2440\/","title":{"rendered":"\u1798\u17c9\u17b6\u179f\u17ca\u17b8\u1793\u1780\u17b7\u1793\u1790\u17d2\u1782\u17b6\u1798\u178b\u17b7\u178f\u17b7\u179c\u1793\u17d2\u178f TJ2440"},"content":{"rendered":"<p><a href=\"https:\/\/tramnghien.com\/km\/products\/dong-may-nghien-ham-jw\/\">Cedarapids\u00ae TJ2440<\/a> \u1782\u17ba\u1787\u17b6\u1798\u17c9\u17b6\u179f\u17ca\u17b8\u1793\u1780\u17b7\u1793\u1790\u17d2\u1782\u17b6\u1798\u178f\u17c2\u1798\u17bd\u1799\u17d4 \u179a\u1785\u1793\u17b6\u17a1\u17be\u1784\u179f\u1798\u17d2\u179a\u17b6\u1794\u17cb\u1780\u17b6\u179a\u178a\u17c6\u17a1\u17be\u1784\u1794\u17b7\u1791\u1787\u17b7\u178f\u17d4 \u1781\u178e\u17c8\u1796\u17c1\u179b\u178a\u17c2\u179b\u179a\u1780\u17d2\u179f\u17b6\u1794\u17b6\u1793\u1793\u17bc\u179c\u1798\u17bb\u17c6\u1782\u17c0\u1794\u178a\u17cf\u179a\u17b9\u1784\u1798\u17b6\u17c6 \u1793\u17b7\u1784\u1780\u17b6\u179a\u1794\u17c9\u17c7\u1791\u1784\u17d2\u1782\u17b7\u1785\u17d4 \u1795\u17d2\u178f\u179b\u17cb\u1795\u179b\u17b7\u178f\u1797\u17b6\u1796\u17a2\u178f\u17b7\u1794\u179a\u1798\u17b6\u17d4 \u1785\u17d2\u179a\u1780\u1785\u17bc\u179b\u1792\u17c6\u1791\u17bc\u179b\u17b6\u1799 24&quot; x 40&quot; \u1785\u17d2\u179a\u1780\u1785\u17bc\u179b\u1792\u17c6\u1791\u17bc\u179b\u17b6\u1799\u17d4 \u178a\u1784\u17d2\u1780\u17c0\u1794\u178f\u17c2\u1798\u17bd\u1799\u1782\u17ba\u1787\u17b6\u1798\u17c9\u17b6\u179f\u17ca\u17b8\u1793 <a href=\"https:\/\/tramnghien.com\/km\/cau-tao-may-nghien-ham-tim-hieu-chi-tiet\/\"  data-wpil-monitor-id=\"79\">\u1798\u17c9\u17b6\u179f\u17ca\u17b8\u1793\u1780\u17b7\u1793\u1790\u17d2\u1782\u17b6\u1798<\/a> \u1780\u17b6\u179a\u179b\u17c3\u178f\u1798\u17d2\u179a\u17bc\u179c\u1792\u17b6\u179a\u17b6\u179f\u17b6\u179f\u17d2\u178f\u17d2\u179a\u1796\u17c1\u1789\u179b\u17c1\u1789\u17d4 TJ2440 \u1782\u17ba\u1787\u17b6\u1798\u17bb\u1781\u1784\u17b6\u179a\u178a\u17cf\u1798\u17b6\u1793\u17a5\u1791\u17d2\u1792\u17b7\u1796\u179b\u1798\u17bd\u1799\u17d4 \u1798\u17b6\u1793\u1795\u179b\u17b7\u178f\u1797\u17b6\u1796\u1785\u17d2\u179a\u17be\u1793\u1794\u17c6\u1795\u17bb\u178f\u1793\u17c5\u179b\u17be\u1791\u17b8\u1795\u17d2\u179f\u17b6\u179a\u1780\u17d2\u1793\u17bb\u1784\u1787\u17bd\u179a\u1791\u17c6\u17a0\u17c6\u179a\u1794\u179f\u17cb\u179c\u17b6\u17d4<\/p>\n<p>\u1790\u17d2\u1782\u17b6\u1798\u1782\u17ba\u1787\u17b6\u179a\u1785\u1793\u17b6\u179f\u1798\u17d2\u1796\u17d0\u1793\u17d2\u1792 welded \u1796\u17c1\u1789\u179b\u17c1\u1789\u1787\u17b6\u1798\u17bd\u1799\u1793\u17b9\u1784\u179f\u17ca\u17bb\u1798\u179f\u17d2\u179b\u17b6\u1794\u17cb\u1795\u17d2\u1793\u17c2\u1780\u1781\u17b6\u1784\u1798\u17bb\u1781, \u179f\u17ca\u17bb\u1798\u1781\u17b6\u1784\u1780\u17d2\u179a\u17c4\u1799\u1793\u17b7\u1784\u1798\u17c9\u17c4\u1793 swivel \u17d4 \u1797\u17b6\u1796\u1785\u17d2\u179a\u1794\u17bc\u1780\u1785\u17d2\u179a\u1794\u179b\u17cb\u178a\u17cf\u1792\u17c6 \u1793\u17b7\u1784\u1798\u17bb\u17c6\u1785\u17b6\u1793\u1798\u17d2\u1787\u17bb\u179b\u1785\u17c4\u178f <a href=\"https:\/\/tramnghien.com\/km\/uu-nhuoc-diem-cua-cac-cong-nghe-xu-ly-nuoc-bun-thai\/\"  data-wpil-monitor-id=\"19\">\u1794\u1784\u17d2\u1780\u17be\u178f\u178a\u17c6\u178e\u17be\u179a\u178a\u17cf\u17a2\u179f\u17d2\u1785\u17b6\u179a\u17d2\u1799\u1787\u17b6\u1794\u1793\u17d2\u178f\u1794\u1793\u17d2\u1791\u17b6\u1794\u17cb<\/a> \u1798\u17bb\u1781\u1784\u17b6\u179a \u178a\u17c2\u179b\u1794\u178e\u17d2\u178f\u17b6\u179b\u17b1\u17d2\u1799\u1798\u17b6\u1793\u1795\u179b\u17b7\u178f\u1797\u17b6\u1796\u1781\u17d2\u1796\u179f\u17cb \u1793\u17b7\u1784\u179f\u1798\u17b6\u1798\u17b6\u178f\u17d2\u179a\u1780\u17b6\u178f\u17cb\u1794\u1793\u17d2\u1790\u1799\u17d4<\/p>\n<p>\u1780\u1798\u17d2\u1798\u179c\u17b7\u1792\u17b8\u1792\u1798\u17d2\u1798\u178f\u17b6\u179f\u1798\u17d2\u179a\u17b6\u1794\u17cb\u1798\u17c9\u17b6\u179f\u17ca\u17b8\u1793 <a href=\"https:\/\/tramnghien.com\/km\/phan-biet-cac-loai-may-nghien-con\/\"  data-wpil-monitor-id=\"99\">\u1798\u17c9\u17b6\u179f\u17ca\u17b8\u1793\u1780\u17b7\u1793\u1790\u17d2\u1782\u17b6\u1798<\/a> \u1782\u17ba\u1780\u17b6\u179a\u1787\u17b8\u1780\u1799\u1780\u179a\u17c9\u17c2 \u1780\u17b6\u179a\u1787\u17b8\u1780\u1799\u1780\u179a\u17c9\u17c2 \u1793\u17b7\u1784\u1780\u17c2\u1785\u17d2\u1793\u17c3\u17a1\u17be\u1784\u179c\u17b7\u1789\u17d4<\/p>","protected":false},"excerpt":{"rendered":"<table class=\"has-fixed-layout\">\n<tbody>\n<tr>\n<td>\u1791\u1798\u17d2\u1784\u1793\u17cb<\/td>\n<td>26,914 \u1795\u17c4\u1793\u17d4 \/ 12,208 \u1782\u17b8\u17a1\u17bc\u1780\u17d2\u179a\u17b6\u1798<\/td>\n<\/tr>\n<tr>\n<td>\u1780\u17b6\u179a\u1794\u17be\u1780\u1785\u17c6\u178e\u17b8<\/td>\n<td>24 &quot;x40&quot; \/ 600mm x 1000mm<\/td>\n<\/tr>\n<tr>\n<td>\u1787\u17bd\u179a CSS<\/td>\n<td>1.6 &quot;- 5.7&quot; \/ 40-146 \u1798\u17d4<\/td>\n<\/tr>\n<tr>\n<td>\u179f\u1798\u178f\u17d2\u1790\u1797\u17b6\u1796<\/td>\n<td>220-320 tph \/ 200-290 mtph<\/td>\n<\/tr>\n<tr>\n<td>\u1791\u17c6\u17a0\u17c6\u1798\u17c9\u17bc\u1791\u17d0\u179a<\/td>\n<td>150hp \/ 110kW<\/td>\n<\/tr>\n<\/tbody>\n<\/table>","protected":false},"featured_media":1253,"template":"","meta":[],"product_brand":[],"product_cat":[24],"product_tag":[79],"class_list":{"0":"post-1252","1":"product","2":"type-product","3":"status-publish","4":"has-post-thumbnail","6":"product_cat-may-nghien-ham","7":"product_tag-may-nghien-ham","9":"first","10":"instock","11":"shipping-taxable","12":"product-type-grouped"},"yoast_head":"<!-- This site is optimized with the Yoast SEO Premium plugin v24.6 (Yoast SEO v27.4) - https:\/\/yoast.com\/product\/yoast-seo-premium-wordpress\/ -->\n<title>M\u00e1y nghi\u1ec1n h\u00e0m t\u0129nh TJ2440 - Nguy\u1ec5n Vinh - M\u00e1y nghi\u1ec1n \u0111\u00e1 &amp; C\u00e1t nh\u00e2n t\u1ea1o<\/title>\n<meta name=\"description\" content=\"Cedarapids\u00ae TJ2440 l\u00e0\u00a0m\u00e1y nghi\u1ec1n h\u00e0m\u00a0m\u1ed9t c\u1ea7n g\u1ea1t \u0111\u01b0\u1ee3c thi\u1ebft k\u1ebf nh\u1ecf g\u1ecdn, m\u1ea1nh m\u1ebd v\u00e0 n\u0103ng su\u1ea5t nh\u1ea5t tr\u00ean th\u1ecb tr\u01b0\u1eddng trong ph\u1ea1m vi k\u00edch th\u01b0\u1edbc c\u1ee7a n\u00f3.\" \/>\n<meta name=\"robots\" content=\"index, follow, max-snippet:-1, max-image-preview:large, max-video-preview:-1\" \/>\n<link rel=\"canonical\" href=\"https:\/\/tramnghien.com\/km\/may-nghien-ham-tinh-tj2440\/\" \/>\n<meta property=\"og:locale\" content=\"en_US\" \/>\n<meta property=\"og:type\" content=\"article\" \/>\n<meta property=\"og:title\" content=\"M\u00e1y nghi\u1ec1n h\u00e0m t\u0129nh TJ2440\" \/>\n<meta property=\"og:description\" content=\"Cedarapids\u00ae TJ2440 l\u00e0\u00a0m\u00e1y nghi\u1ec1n h\u00e0m\u00a0m\u1ed9t c\u1ea7n g\u1ea1t \u0111\u01b0\u1ee3c thi\u1ebft k\u1ebf nh\u1ecf g\u1ecdn, m\u1ea1nh m\u1ebd v\u00e0 n\u0103ng su\u1ea5t nh\u1ea5t tr\u00ean th\u1ecb tr\u01b0\u1eddng trong ph\u1ea1m vi k\u00edch th\u01b0\u1edbc c\u1ee7a n\u00f3.\" \/>\n<meta property=\"og:url\" content=\"https:\/\/tramnghien.com\/km\/may-nghien-ham-tinh-tj2440\/\" \/>\n<meta property=\"og:site_name\" content=\"Nguy\u1ec5n Vinh - M\u00e1y nghi\u1ec1n \u0111\u00e1 &amp; C\u00e1t nh\u00e2n t\u1ea1o\" \/>\n<meta property=\"article:modified_time\" content=\"2025-01-21T10:45:07+00:00\" \/>\n<meta property=\"og:image\" content=\"https:\/\/tramnghien.com\/wp-content\/uploads\/2024\/10\/tj2440-cedarapids-jaw-crusher.png\" \/>\n\t<meta property=\"og:image:width\" content=\"800\" \/>\n\t<meta property=\"og:image:height\" content=\"450\" \/>\n\t<meta property=\"og:image:type\" content=\"image\/png\" \/>\n<meta name=\"twitter:card\" content=\"summary_large_image\" \/>\n<meta name=\"twitter:label1\" content=\"Availability\" \/>\n\t<meta name=\"twitter:data1\" content=\"In stock\" \/>\n<script type=\"application\/ld+json\" class=\"yoast-schema-graph\">{\"@context\":\"https:\\\/\\\/schema.org\",\"@graph\":[{\"@type\":\"WebPage\",\"@id\":\"https:\\\/\\\/tramnghien.com\\\/may-nghien-ham-tinh-tj2440\\\/\",\"url\":\"https:\\\/\\\/tramnghien.com\\\/may-nghien-ham-tinh-tj2440\\\/\",\"name\":\"M\u00e1y nghi\u1ec1n h\u00e0m t\u0129nh TJ2440 - Nguy\u1ec5n Vinh - M\u00e1y nghi\u1ec1n \u0111\u00e1 &amp; C\u00e1t nh\u00e2n t\u1ea1o\",\"isPartOf\":{\"@id\":\"https:\\\/\\\/tramnghien.com\\\/#website\"},\"primaryImageOfPage\":{\"@id\":\"https:\\\/\\\/tramnghien.com\\\/may-nghien-ham-tinh-tj2440\\\/#primaryimage\"},\"image\":{\"@id\":\"https:\\\/\\\/tramnghien.com\\\/may-nghien-ham-tinh-tj2440\\\/#primaryimage\"},\"thumbnailUrl\":\"https:\\\/\\\/tramnghien.com\\\/wp-content\\\/uploads\\\/2024\\\/10\\\/tj2440-cedarapids-jaw-crusher.png\",\"datePublished\":\"2024-10-15T02:32:11+00:00\",\"dateModified\":\"2025-01-21T10:45:07+00:00\",\"description\":\"Cedarapids\u00ae TJ2440 l\u00e0\u00a0m\u00e1y nghi\u1ec1n h\u00e0m\u00a0m\u1ed9t c\u1ea7n g\u1ea1t \u0111\u01b0\u1ee3c thi\u1ebft k\u1ebf nh\u1ecf g\u1ecdn, m\u1ea1nh m\u1ebd v\u00e0 n\u0103ng su\u1ea5t nh\u1ea5t tr\u00ean th\u1ecb tr\u01b0\u1eddng trong ph\u1ea1m vi k\u00edch th\u01b0\u1edbc c\u1ee7a n\u00f3.\",\"breadcrumb\":{\"@id\":\"https:\\\/\\\/tramnghien.com\\\/may-nghien-ham-tinh-tj2440\\\/#breadcrumb\"},\"inLanguage\":\"km\",\"potentialAction\":[{\"@type\":\"ReadAction\",\"target\":[\"https:\\\/\\\/tramnghien.com\\\/may-nghien-ham-tinh-tj2440\\\/\"]}]},{\"@type\":\"ImageObject\",\"inLanguage\":\"km\",\"@id\":\"https:\\\/\\\/tramnghien.com\\\/may-nghien-ham-tinh-tj2440\\\/#primaryimage\",\"url\":\"https:\\\/\\\/tramnghien.com\\\/wp-content\\\/uploads\\\/2024\\\/10\\\/tj2440-cedarapids-jaw-crusher.png\",\"contentUrl\":\"https:\\\/\\\/tramnghien.com\\\/wp-content\\\/uploads\\\/2024\\\/10\\\/tj2440-cedarapids-jaw-crusher.png\",\"width\":800,\"height\":450,\"caption\":\"Tj2440 m\u00e1y nghi\u1ec1n h\u00e0m\"},{\"@type\":\"BreadcrumbList\",\"@id\":\"https:\\\/\\\/tramnghien.com\\\/may-nghien-ham-tinh-tj2440\\\/#breadcrumb\",\"itemListElement\":[{\"@type\":\"ListItem\",\"position\":1,\"name\":\"Home\",\"item\":\"https:\\\/\\\/tramnghien.com\\\/\"},{\"@type\":\"ListItem\",\"position\":2,\"name\":\"S\u1ea3n ph\u1ea9m\",\"item\":\"https:\\\/\\\/tramnghien.com\\\/san-pham\\\/\"},{\"@type\":\"ListItem\",\"position\":3,\"name\":\"M\u00e1y nghi\u1ec1n h\u00e0m t\u0129nh TJ2440\"}]},{\"@type\":\"WebSite\",\"@id\":\"https:\\\/\\\/tramnghien.com\\\/#website\",\"url\":\"https:\\\/\\\/tramnghien.com\\\/\",\"name\":\"Nguy\u1ec5n Vinh - M\u00e1y nghi\u1ec1n \u0111\u00e1 &amp; C\u00e1t nh\u00e2n t\u1ea1o\",\"description\":\"D\u1eabn \u0111\u1ea7u c\u00f4ng ngh\u1ec7 m\u00e1y nghi\u1ec1n t\u1ea1i Vi\u1ec7t Nam\",\"potentialAction\":[{\"@type\":\"SearchAction\",\"target\":{\"@type\":\"EntryPoint\",\"urlTemplate\":\"https:\\\/\\\/tramnghien.com\\\/?s={search_term_string}\"},\"query-input\":{\"@type\":\"PropertyValueSpecification\",\"valueRequired\":true,\"valueName\":\"search_term_string\"}}],\"inLanguage\":\"km\"}]}<\/script>\n<meta property=\"og:availability\" content=\"instock\" \/>\n<meta property=\"product:availability\" content=\"instock\" \/>\n<meta property=\"product:condition\" content=\"new\" \/>\n<!-- \/ Yoast SEO Premium plugin. -->","yoast_head_json":{"title":"TJ2440 \u1798\u17c9\u17b6\u179f\u17ca\u17b8\u1793\u1780\u17c6\u1791\u17c1\u1785\u1790\u17d2\u1782\u17b6\u1798\u178b\u17b7\u178f\u17b7\u179c\u1793\u17d2\u178f - \u1784\u17d2\u179c\u17c0\u1793 \u179c\u17b7\u1789 - \u1798\u17c9\u17b6\u179f\u17ca\u17b8\u1793\u1780\u17c6\u1791\u17c1\u1785\u1790\u17d2\u1798 \u1793\u17b7\u1784\u1781\u17d2\u179f\u17b6\u1785\u17cb\u179f\u17b7\u1794\u17d2\u1794\u1793\u17b7\u1798\u17d2\u1798\u17b7\u178f","description":"Cedarapids\u00ae TJ2440 \u1782\u17ba\u1787\u17b6\u1798\u17c9\u17b6\u179f\u17ca\u17b8\u1793\u1780\u17b7\u1793\u1790\u17d2\u1782\u17b6\u1798\u1791\u17c4\u179b\u178a\u17c2\u179b\u1798\u17b6\u1793\u1790\u17b6\u1798\u1796\u179b \u1793\u17b7\u1784\u1795\u179b\u17b7\u178f\u1797\u17b6\u1796\u1794\u17c6\u1795\u17bb\u178f\u1793\u17c5\u179b\u17be\u1791\u17b8\u1795\u17d2\u179f\u17b6\u179a\u1780\u17d2\u1793\u17bb\u1784\u1791\u17c6\u17a0\u17c6\u179a\u1794\u179f\u17cb\u179c\u17b6\u17d4","robots":{"index":"index","follow":"follow","max-snippet":"max-snippet:-1","max-image-preview":"max-image-preview:large","max-video-preview":"max-video-preview:-1"},"canonical":"https:\/\/tramnghien.com\/km\/may-nghien-ham-tinh-tj2440\/","og_locale":"en_US","og_type":"article","og_title":"M\u00e1y nghi\u1ec1n h\u00e0m t\u0129nh TJ2440","og_description":"Cedarapids\u00ae TJ2440 l\u00e0\u00a0m\u00e1y nghi\u1ec1n h\u00e0m\u00a0m\u1ed9t c\u1ea7n g\u1ea1t \u0111\u01b0\u1ee3c thi\u1ebft k\u1ebf nh\u1ecf g\u1ecdn, m\u1ea1nh m\u1ebd v\u00e0 n\u0103ng su\u1ea5t nh\u1ea5t tr\u00ean th\u1ecb tr\u01b0\u1eddng trong ph\u1ea1m vi k\u00edch th\u01b0\u1edbc c\u1ee7a n\u00f3.","og_url":"https:\/\/tramnghien.com\/km\/may-nghien-ham-tinh-tj2440\/","og_site_name":"Nguy\u1ec5n Vinh - M\u00e1y nghi\u1ec1n \u0111\u00e1 &amp; C\u00e1t nh\u00e2n t\u1ea1o","article_modified_time":"2025-01-21T10:45:07+00:00","og_image":[{"width":800,"height":450,"url":"https:\/\/tramnghien.com\/wp-content\/uploads\/2024\/10\/tj2440-cedarapids-jaw-crusher.png","type":"image\/png"}],"twitter_card":"summary_large_image","twitter_misc":{"Availability":"In stock"},"schema":{"@context":"https:\/\/schema.org","@graph":[{"@type":"WebPage","@id":"https:\/\/tramnghien.com\/may-nghien-ham-tinh-tj2440\/","url":"https:\/\/tramnghien.com\/may-nghien-ham-tinh-tj2440\/","name":"TJ2440 \u1798\u17c9\u17b6\u179f\u17ca\u17b8\u1793\u1780\u17c6\u1791\u17c1\u1785\u1790\u17d2\u1782\u17b6\u1798\u178b\u17b7\u178f\u17b7\u179c\u1793\u17d2\u178f - \u1784\u17d2\u179c\u17c0\u1793 \u179c\u17b7\u1789 - \u1798\u17c9\u17b6\u179f\u17ca\u17b8\u1793\u1780\u17c6\u1791\u17c1\u1785\u1790\u17d2\u1798 \u1793\u17b7\u1784\u1781\u17d2\u179f\u17b6\u1785\u17cb\u179f\u17b7\u1794\u17d2\u1794\u1793\u17b7\u1798\u17d2\u1798\u17b7\u178f","isPartOf":{"@id":"https:\/\/tramnghien.com\/#website"},"primaryImageOfPage":{"@id":"https:\/\/tramnghien.com\/may-nghien-ham-tinh-tj2440\/#primaryimage"},"image":{"@id":"https:\/\/tramnghien.com\/may-nghien-ham-tinh-tj2440\/#primaryimage"},"thumbnailUrl":"https:\/\/tramnghien.com\/wp-content\/uploads\/2024\/10\/tj2440-cedarapids-jaw-crusher.png","datePublished":"2024-10-15T02:32:11+00:00","dateModified":"2025-01-21T10:45:07+00:00","description":"Cedarapids\u00ae TJ2440 \u1782\u17ba\u1787\u17b6\u1798\u17c9\u17b6\u179f\u17ca\u17b8\u1793\u1780\u17b7\u1793\u1790\u17d2\u1782\u17b6\u1798\u1791\u17c4\u179b\u178a\u17c2\u179b\u1798\u17b6\u1793\u1790\u17b6\u1798\u1796\u179b \u1793\u17b7\u1784\u1795\u179b\u17b7\u178f\u1797\u17b6\u1796\u1794\u17c6\u1795\u17bb\u178f\u1793\u17c5\u179b\u17be\u1791\u17b8\u1795\u17d2\u179f\u17b6\u179a\u1780\u17d2\u1793\u17bb\u1784\u1791\u17c6\u17a0\u17c6\u179a\u1794\u179f\u17cb\u179c\u17b6\u17d4","breadcrumb":{"@id":"https:\/\/tramnghien.com\/may-nghien-ham-tinh-tj2440\/#breadcrumb"},"inLanguage":"km","potentialAction":[{"@type":"ReadAction","target":["https:\/\/tramnghien.com\/may-nghien-ham-tinh-tj2440\/"]}]},{"@type":"ImageObject","inLanguage":"km","@id":"https:\/\/tramnghien.com\/may-nghien-ham-tinh-tj2440\/#primaryimage","url":"https:\/\/tramnghien.com\/wp-content\/uploads\/2024\/10\/tj2440-cedarapids-jaw-crusher.png","contentUrl":"https:\/\/tramnghien.com\/wp-content\/uploads\/2024\/10\/tj2440-cedarapids-jaw-crusher.png","width":800,"height":450,"caption":"Tj2440 m\u00e1y nghi\u1ec1n h\u00e0m"},{"@type":"BreadcrumbList","@id":"https:\/\/tramnghien.com\/may-nghien-ham-tinh-tj2440\/#breadcrumb","itemListElement":[{"@type":"ListItem","position":1,"name":"Home","item":"https:\/\/tramnghien.com\/"},{"@type":"ListItem","position":2,"name":"S\u1ea3n ph\u1ea9m","item":"https:\/\/tramnghien.com\/san-pham\/"},{"@type":"ListItem","position":3,"name":"M\u00e1y nghi\u1ec1n h\u00e0m t\u0129nh TJ2440"}]},{"@type":"WebSite","@id":"https:\/\/tramnghien.com\/#website","url":"https:\/\/tramnghien.com\/","name":"\u1784\u17d2\u179c\u17c0\u1793 \u179c\u17b7\u1789 - \u1780\u17c6\u1791\u17c1\u1785\u1790\u17d2\u1798 \u1793\u17b7\u1784\u1781\u17d2\u179f\u17b6\u1785\u17cb\u179f\u17b7\u1794\u17d2\u1794\u1793\u17b7\u1798\u17d2\u1798\u17b7\u178f","description":"\u1794\u1785\u17d2\u1785\u17c1\u1780\u179c\u17b7\u1791\u17d2\u1799\u17b6\u1798\u17c9\u17b6\u179f\u17ca\u17b8\u1793\u1780\u17b7\u1793 \u1788\u17b6\u1793\u1798\u17bb\u1781\u1782\u17c1\u1793\u17c5\u1794\u17d2\u179a\u1791\u17c1\u179f\u179c\u17c0\u178f\u178e\u17b6\u1798","potentialAction":[{"@type":"SearchAction","target":{"@type":"EntryPoint","urlTemplate":"https:\/\/tramnghien.com\/?s={search_term_string}"},"query-input":{"@type":"PropertyValueSpecification","valueRequired":true,"valueName":"search_term_string"}}],"inLanguage":"km"}]},"og_availability":"instock","product_availability":"instock","product_condition":"new"},"_links":{"self":[{"href":"https:\/\/tramnghien.com\/km\/wp-json\/wp\/v2\/product\/1252","targetHints":{"allow":["GET"]}}],"collection":[{"href":"https:\/\/tramnghien.com\/km\/wp-json\/wp\/v2\/product"}],"about":[{"href":"https:\/\/tramnghien.com\/km\/wp-json\/wp\/v2\/types\/product"}],"wp:featuredmedia":[{"embeddable":true,"href":"https:\/\/tramnghien.com\/km\/wp-json\/wp\/v2\/media\/1253"}],"wp:attachment":[{"href":"https:\/\/tramnghien.com\/km\/wp-json\/wp\/v2\/media?parent=1252"}],"wp:term":[{"taxonomy":"product_brand","embeddable":true,"href":"https:\/\/tramnghien.com\/km\/wp-json\/wp\/v2\/product_brand?post=1252"},{"taxonomy":"product_cat","embeddable":true,"href":"https:\/\/tramnghien.com\/km\/wp-json\/wp\/v2\/product_cat?post=1252"},{"taxonomy":"product_tag","embeddable":true,"href":"https:\/\/tramnghien.com\/km\/wp-json\/wp\/v2\/product_tag?post=1252"}],"curies":[{"name":"wp","href":"https:\/\/api.w.org\/{rel}","templated":true}]}}