{"id":1251,"date":"2024-10-15T02:29:27","date_gmt":"2024-10-15T02:29:27","guid":{"rendered":"https:\/\/tramnghien.com\/?post_type=product&#038;p=1251"},"modified":"2025-01-21T10:42:13","modified_gmt":"2025-01-21T10:42:13","slug":"may-nghien-ham-jw55","status":"publish","type":"product","link":"https:\/\/tramnghien.com\/km\/may-nghien-ham-jw55\/","title":{"rendered":"\u1798\u17c9\u17b6\u179f\u17ca\u17b8\u1793\u1780\u17b7\u1793\u1790\u17d2\u1782\u17b6\u1798 JW55"},"content":{"rendered":"<p>Cedarapids JW55 jaw crusher \u1798\u17b6\u1793\u1780\u17b6\u179a\u179a\u1785\u1793\u17b6\u178a\u17cf\u179a\u17b9\u1784\u1798\u17b6\u17c6\u17d4 \u179f\u17d0\u1780\u17d2\u178f\u17b7\u179f\u1798\u179f\u1798\u17d2\u179a\u17b6\u1794\u17cb\u1794\u179a\u17b7\u1799\u17b6\u1780\u17b6\u179f\u1780\u17b6\u179a\u1784\u17b6\u179a\u1799\u17c9\u17b6\u1784\u1791\u17bc\u179b\u17c6\u1791\u17bc\u179b\u17b6\u1799 \u1785\u17b6\u1794\u17cb\u1796\u17b8\u1782\u1798\u17d2\u179a\u17c4\u1784\u179f\u17b6\u1784\u179f\u1784\u17cb\u179a\u17a0\u17bc\u178f\u178a\u179b\u17cb\u1780\u17b6\u179a\u1787\u17b8\u1780\u1799\u1780\u179a\u17c9\u17c2\u17d4 \u1787\u17b6\u1798\u17bd\u1799\u1793\u17b9\u1784\u1797\u17b6\u1796\u1794\u178f\u17cb\u1794\u17c2\u1793\u1781\u17d2\u1796\u179f\u17cb \u179f\u17ca\u17c1\u179a\u17b8\u1798\u17c9\u17b6\u179f\u17ca\u17b8\u1793\u1793\u17c1\u17c7\u17a2\u1793\u17bb\u1789\u17d2\u1789\u17b6\u178f\u17b1\u17d2\u1799\u1798\u17b6\u1793\u1785\u179b\u1793\u17b6\u1784\u17b6\u1799\u179f\u17d2\u179a\u17bd\u179b \u1793\u17b7\u1784\u1794\u17d2\u179a\u178f\u17b7\u1794\u178f\u17d2\u178f\u17b7\u1780\u17b6\u179a\u179f\u17b6\u1798\u1789\u17d2\u1789\u17d4 \u1794\u17c6\u1796\u17c1\u1789\u178f\u17b6\u1798\u178f\u1798\u17d2\u179a\u17bc\u179c\u1780\u17b6\u179a\u1780\u17b6\u179a\u17a2\u1793\u17bb\u179c\u178f\u17d2\u178f\u178a\u17cf\u178f\u17b9\u1784\u179a\u17c9\u17b9\u1784 \u1793\u17b7\u1784\u1797\u17b6\u1796\u1787\u17bf\u1787\u17b6\u1780\u17cb\u17d4<\/p>\n<p>\u1787\u17b6\u1796\u17b7\u179f\u17c1\u179f JW55 \u178f\u17d2\u179a\u17bc\u179c\u1794\u17b6\u1793\u1794\u17c6\u1796\u17b6\u1780\u17cb\u178a\u17c4\u1799\u1794\u17d2\u179a\u1796\u17d0\u1793\u17d2\u1792\u1797\u17d2\u1787\u17b6\u1794\u17cb\u1792\u17b6\u179a\u17b6\u179f\u17b6\u179f\u17d2\u178f\u17d2\u179a\u1780\u1798\u17d2\u179a\u17b7\u178f\u1781\u17d2\u1796\u179f\u17cb\u17d4 \u17a2\u1793\u17bb\u1789\u17d2\u1789\u17b6\u178f\u200b\u17b1\u17d2\u1799\u200b\u17a2\u17d2\u1793\u1780\u200b\u1794\u17d2\u179a\u17be\u200b\u1784\u17b6\u1799\u200b\u179f\u17d2\u179a\u17bd\u179b\u200b\u1780\u17c2\u200b\u179f\u1798\u17d2\u179a\u17bd\u179b\u200b\u1782\u1798\u17d2\u179b\u17b6\u178f\u200b\u1785\u17c6\u17a0\u17c0\u1784 (CSS) \u1799\u17c9\u17b6\u1784\u200b\u179a\u17a0\u17d0\u179f\u17d4 \u1793\u17c1\u17c7\u1794\u1784\u17d2\u1780\u17be\u1793\u1794\u17d2\u179a\u179f\u17b7\u1791\u17d2\u1792\u1797\u17b6\u1796\u178a\u17c6\u178e\u17be\u179a\u1780\u17b6\u179a\u1780\u17b7\u1793 \u1787\u17b6\u179b\u1791\u17d2\u1792\u1795\u179b\u1795\u179b\u17b7\u178f\u1795\u179b\u1798\u17b6\u1793\u1791\u17c6\u17a0\u17c6\u1785\u17d2\u1794\u17b6\u179f\u17cb\u179b\u17b6\u179f\u17cb\u17d4 \u178a\u17c4\u1799\u17a0\u17c1\u178f\u17bb\u1793\u17c1\u17c7 \u1780\u17b6\u179a\u1794\u1784\u17d2\u1780\u17be\u1793\u1794\u17d2\u179a\u179f\u17b7\u1791\u17d2\u1792\u1797\u17b6\u1796\u1780\u17b6\u179a\u1784\u17b6\u179a\u17d4<\/p>\n<p>\u1798\u17c9\u17b6\u179f\u17ca\u17b8\u1793\u1780\u17c6\u1791\u17c1\u1785 JW55 \u1798\u17b6\u1793\u179b\u1791\u17d2\u1792\u1797\u17b6\u1796\u178a\u17c6\u17a1\u17be\u1784\u1795\u17d2\u179f\u17c1\u1784\u17d7\u1782\u17d2\u1793\u17b6\u17d6 \u1793\u17c5\u179b\u17be\u1799\u17b6\u1793\u1787\u17c6\u1793\u17b7\u17c7\u178a\u17c2\u179b\u1798\u17b6\u1793\u1798\u17bc\u179b\u178a\u17d2\u178b\u17b6\u1793\u179b\u17be\u1795\u17d2\u179b\u17bc\u179c\u178a\u17c2\u1780 \u1791\u17bc\u179a\u179f\u17d0\u1796\u17d2\u1791\u1785\u179b\u17d0\u178f \u17ac\u179f\u17d2\u1790\u17b6\u1793\u17b8\u17d4 <a href=\"https:\/\/tramnghien.com\/km\/xu-ly-bun-thai-trong-san-xuat-cat-nhan-tao\/\"  data-wpil-monitor-id=\"65\">\u1794\u1784\u17d2\u1780\u17be\u178f\u1797\u17b6\u1796\u1794\u178f\u17cb\u1794\u17c2\u1793\u1780\u17d2\u1793\u17bb\u1784<\/a> \u1794\u17d2\u179b\u1784\u17cb\u17a7\u1794\u1780\u179a\u178e\u17cd \u1787\u17b6\u1798\u17bd\u1799\u1793\u17b9\u1784\u179f\u1798\u17b6\u179f\u1792\u17b6\u178f\u17bb\u1780\u17b6\u178f\u1796\u17d2\u179c\u1780\u17b7\u1785\u17d2\u1785\u1792\u17d2\u1784\u1793\u17cb JW55 \u1794\u17d2\u178f\u17c1\u1787\u17d2\u1789\u17b6\u1785\u17b7\u178f\u17d2\u178f\u178a\u17be\u1798\u17d2\u1794\u17b8\u1794\u17d2\u179a\u178f\u17b7\u1794\u178f\u17d2\u178f\u17b7\u1780\u17b6\u179a\u1794\u17d2\u179a\u1780\u1794\u178a\u17c4\u1799\u179f\u17d2\u1790\u17c1\u179a\u1797\u17b6\u1796\u179f\u1798\u17d2\u179a\u17b6\u1794\u17cb\u179a\u1799\u17c8\u1796\u17c1\u179b\u178a\u17cf\u1799\u17bc\u179a\u1798\u17bd\u1799\u17d4 \u1780\u17b6\u178f\u17cb\u1794\u1793\u17d2\u1790\u1799\u1780\u17b6\u179a\u1785\u17c6\u178e\u17b6\u1799\u179b\u17be\u1780\u17b6\u179a\u1790\u17c2\u1791\u17b6\u17c6 \u1793\u17b7\u1784\u1794\u1784\u17d2\u1780\u17be\u1793\u17a2\u17b6\u1799\u17bb\u179f\u17c1\u179c\u17b6\u1780\u1798\u17d2\u1798\u17d4 Cedarapids JW55 \u1798\u17b7\u1793\u178f\u17d2\u179a\u17b9\u1798\u178f\u17c2\u1787\u17b6\u178a\u17c6\u178e\u17c4\u17c7\u179f\u17d2\u179a\u17b6\u1799\u1780\u17c6\u1791\u17c1\u1785\u178a\u17c2\u179b\u1798\u17b6\u1793\u1794\u17d2\u179a\u179f\u17b7\u1791\u17d2\u1792\u1797\u17b6\u1796\u1794\u17c9\u17bb\u178e\u17d2\u178e\u17c4\u17c7\u1791\u17c1 \u1794\u17c9\u17bb\u1793\u17d2\u178f\u17c2\u1780\u17cf\u1787\u17b6\u1793\u17b7\u1798\u17b7\u178f\u17d2\u178f\u179f\u1789\u17d2\u1789\u17b6\u1793\u17c3\u1782\u17bb\u178e\u1797\u17b6\u1796 \u1793\u17b7\u1784\u1797\u17b6\u1796\u1792\u1793\u17cb\u1795\u1784\u178a\u17c2\u179a\u17d4 \u1780\u17b6\u179a\u1786\u17d2\u179b\u17be\u1799\u178f\u1794\u1787\u17b6\u17a2\u178f\u17b7\u1794\u179a\u1798\u17b6\u1785\u17c6\u1796\u17c4\u17c7\u178f\u1798\u17d2\u179a\u17bc\u179c\u1780\u17b6\u179a <a href=\"https:\/\/tramnghien.com\/km\/uu-nhuoc-diem-cua-cac-cong-nghe-xu-ly-nuoc-bun-thai\/\"  data-wpil-monitor-id=\"18\">\u1793\u17c3<\/a> \u17a2\u17b6\u1787\u17b8\u179c\u1780\u1798\u17d2\u1798<\/p>","protected":false},"excerpt":{"rendered":"<table class=\"has-fixed-layout\">\n<tbody>\n<tr>\n<td>\u1791\u1798\u17d2\u1784\u1793\u17cb<\/td>\n<td>57,860 \u1795\u17c4\u1793 \/ 26,250 \u1782\u17b8\u17a1\u17bc\u1780\u17d2\u179a\u17b6\u1798<\/td>\n<\/tr>\n<tr>\n<td>\u1780\u17b6\u179a\u1794\u17be\u1780\u1785\u17c6\u178e\u17b8<\/td>\n<td>32 \u00d7 55 \u17a2\u17ca\u17b8\u1789 \/ 820 \u00d7 1400 \u1798\u1798<\/td>\n<\/tr>\n<tr>\n<td>\u1787\u17bd\u179a CSS<\/td>\n<td>\u17e3.\u17e5-\u17e9 \u17a2\u17ca\u17b8\u1789 \/ \u17e8\u17e5-\u17e2\u17e2\u17e5 \u1798\u17d4<\/td>\n<\/tr>\n<tr>\n<td>\u179f\u1798\u178f\u17d2\u1790\u1797\u17b6\u1796<\/td>\n<td>255-760 tph \/ 230-680 mtph<\/td>\n<\/tr>\n<tr>\n<td>\u1791\u17c6\u17a0\u17c6\u1798\u17c9\u17bc\u1791\u17d0\u179a<\/td>\n<td>200 hp \/ 150 kW<\/td>\n<\/tr>\n<\/tbody>\n<\/table>","protected":false},"featured_media":1206,"template":"","meta":[],"product_brand":[],"product_cat":[24],"product_tag":[79],"class_list":{"0":"post-1251","1":"product","2":"type-product","3":"status-publish","4":"has-post-thumbnail","6":"product_cat-may-nghien-ham","7":"product_tag-may-nghien-ham","9":"first","10":"instock","11":"shipping-taxable","12":"product-type-grouped"},"yoast_head":"<!-- This site is optimized with the Yoast SEO Premium plugin v24.6 (Yoast SEO v27.4) - https:\/\/yoast.com\/product\/yoast-seo-premium-wordpress\/ -->\n<title>M\u00e1y nghi\u1ec1n h\u00e0m JW55 - Nguy\u1ec5n Vinh - M\u00e1y nghi\u1ec1n \u0111\u00e1 &amp; C\u00e1t nh\u00e2n t\u1ea1o<\/title>\n<meta name=\"description\" content=\"m\u00e1y nghi\u1ec1n h\u00e0m jw55 s\u1ea3n xu\u1ea5t \u0111\u1ed9c quy\u1ec1n b\u1edfi Terex, \u0111\u01b0\u1ee3c thi\u1ebft k\u1ebf \u0111\u1ec3 d\u1ec5 d\u00e0ng di chuy\u1ec3n v\u00e0 s\u1eed d\u1ee5ng. Thi\u1ebft k\u1ebf b\u1ec1n b\u1ec9 mang l\u1ea1i \u0111\u1ed9 tin c\u1eady cao, c\u00f4ng su\u1ea5t \u1ed5n \u0111\u1ecbnh.\" \/>\n<meta name=\"robots\" content=\"index, follow, max-snippet:-1, max-image-preview:large, max-video-preview:-1\" \/>\n<link rel=\"canonical\" href=\"https:\/\/tramnghien.com\/km\/may-nghien-ham-jw55\/\" \/>\n<meta property=\"og:locale\" content=\"en_US\" \/>\n<meta property=\"og:type\" content=\"article\" \/>\n<meta property=\"og:title\" content=\"M\u00e1y nghi\u1ec1n h\u00e0m JW55\" \/>\n<meta property=\"og:description\" content=\"m\u00e1y nghi\u1ec1n h\u00e0m jw55 s\u1ea3n xu\u1ea5t \u0111\u1ed9c quy\u1ec1n b\u1edfi Terex, \u0111\u01b0\u1ee3c thi\u1ebft k\u1ebf \u0111\u1ec3 d\u1ec5 d\u00e0ng di chuy\u1ec3n v\u00e0 s\u1eed d\u1ee5ng. Thi\u1ebft k\u1ebf b\u1ec1n b\u1ec9 mang l\u1ea1i \u0111\u1ed9 tin c\u1eady cao, c\u00f4ng su\u1ea5t \u1ed5n \u0111\u1ecbnh.\" \/>\n<meta property=\"og:url\" content=\"https:\/\/tramnghien.com\/km\/may-nghien-ham-jw55\/\" \/>\n<meta property=\"og:site_name\" content=\"Nguy\u1ec5n Vinh - M\u00e1y nghi\u1ec1n \u0111\u00e1 &amp; C\u00e1t nh\u00e2n t\u1ea1o\" \/>\n<meta property=\"article:modified_time\" content=\"2025-01-21T10:42:13+00:00\" \/>\n<meta property=\"og:image\" content=\"https:\/\/tramnghien.com\/wp-content\/uploads\/2024\/10\/jw55.jpg\" \/>\n\t<meta property=\"og:image:width\" content=\"800\" \/>\n\t<meta property=\"og:image:height\" content=\"450\" \/>\n\t<meta property=\"og:image:type\" content=\"image\/jpeg\" \/>\n<meta name=\"twitter:card\" content=\"summary_large_image\" \/>\n<meta name=\"twitter:label1\" content=\"Availability\" \/>\n\t<meta name=\"twitter:data1\" content=\"In stock\" \/>\n<script type=\"application\/ld+json\" class=\"yoast-schema-graph\">{\"@context\":\"https:\\\/\\\/schema.org\",\"@graph\":[{\"@type\":\"WebPage\",\"@id\":\"https:\\\/\\\/tramnghien.com\\\/may-nghien-ham-jw55\\\/\",\"url\":\"https:\\\/\\\/tramnghien.com\\\/may-nghien-ham-jw55\\\/\",\"name\":\"M\u00e1y nghi\u1ec1n h\u00e0m JW55 - Nguy\u1ec5n Vinh - M\u00e1y nghi\u1ec1n \u0111\u00e1 &amp; C\u00e1t nh\u00e2n t\u1ea1o\",\"isPartOf\":{\"@id\":\"https:\\\/\\\/tramnghien.com\\\/#website\"},\"primaryImageOfPage\":{\"@id\":\"https:\\\/\\\/tramnghien.com\\\/may-nghien-ham-jw55\\\/#primaryimage\"},\"image\":{\"@id\":\"https:\\\/\\\/tramnghien.com\\\/may-nghien-ham-jw55\\\/#primaryimage\"},\"thumbnailUrl\":\"https:\\\/\\\/tramnghien.com\\\/wp-content\\\/uploads\\\/2024\\\/10\\\/jw55.jpg\",\"datePublished\":\"2024-10-15T02:29:27+00:00\",\"dateModified\":\"2025-01-21T10:42:13+00:00\",\"description\":\"m\u00e1y nghi\u1ec1n h\u00e0m jw55 s\u1ea3n xu\u1ea5t \u0111\u1ed9c quy\u1ec1n b\u1edfi Terex, \u0111\u01b0\u1ee3c thi\u1ebft k\u1ebf \u0111\u1ec3 d\u1ec5 d\u00e0ng di chuy\u1ec3n v\u00e0 s\u1eed d\u1ee5ng. Thi\u1ebft k\u1ebf b\u1ec1n b\u1ec9 mang l\u1ea1i \u0111\u1ed9 tin c\u1eady cao, c\u00f4ng su\u1ea5t \u1ed5n \u0111\u1ecbnh.\",\"breadcrumb\":{\"@id\":\"https:\\\/\\\/tramnghien.com\\\/may-nghien-ham-jw55\\\/#breadcrumb\"},\"inLanguage\":\"km\",\"potentialAction\":[{\"@type\":\"ReadAction\",\"target\":[\"https:\\\/\\\/tramnghien.com\\\/may-nghien-ham-jw55\\\/\"]}]},{\"@type\":\"ImageObject\",\"inLanguage\":\"km\",\"@id\":\"https:\\\/\\\/tramnghien.com\\\/may-nghien-ham-jw55\\\/#primaryimage\",\"url\":\"https:\\\/\\\/tramnghien.com\\\/wp-content\\\/uploads\\\/2024\\\/10\\\/jw55.jpg\",\"contentUrl\":\"https:\\\/\\\/tramnghien.com\\\/wp-content\\\/uploads\\\/2024\\\/10\\\/jw55.jpg\",\"width\":800,\"height\":450,\"caption\":\"m\u00e1y nghi\u1ec1n h\u00e0m jw55\"},{\"@type\":\"BreadcrumbList\",\"@id\":\"https:\\\/\\\/tramnghien.com\\\/may-nghien-ham-jw55\\\/#breadcrumb\",\"itemListElement\":[{\"@type\":\"ListItem\",\"position\":1,\"name\":\"Home\",\"item\":\"https:\\\/\\\/tramnghien.com\\\/\"},{\"@type\":\"ListItem\",\"position\":2,\"name\":\"S\u1ea3n ph\u1ea9m\",\"item\":\"https:\\\/\\\/tramnghien.com\\\/san-pham\\\/\"},{\"@type\":\"ListItem\",\"position\":3,\"name\":\"M\u00e1y nghi\u1ec1n h\u00e0m JW55\"}]},{\"@type\":\"WebSite\",\"@id\":\"https:\\\/\\\/tramnghien.com\\\/#website\",\"url\":\"https:\\\/\\\/tramnghien.com\\\/\",\"name\":\"Nguy\u1ec5n Vinh - M\u00e1y nghi\u1ec1n \u0111\u00e1 &amp; C\u00e1t nh\u00e2n t\u1ea1o\",\"description\":\"D\u1eabn \u0111\u1ea7u c\u00f4ng ngh\u1ec7 m\u00e1y nghi\u1ec1n t\u1ea1i Vi\u1ec7t Nam\",\"potentialAction\":[{\"@type\":\"SearchAction\",\"target\":{\"@type\":\"EntryPoint\",\"urlTemplate\":\"https:\\\/\\\/tramnghien.com\\\/?s={search_term_string}\"},\"query-input\":{\"@type\":\"PropertyValueSpecification\",\"valueRequired\":true,\"valueName\":\"search_term_string\"}}],\"inLanguage\":\"km\"}]}<\/script>\n<meta property=\"og:availability\" content=\"instock\" \/>\n<meta property=\"product:availability\" content=\"instock\" \/>\n<meta property=\"product:condition\" content=\"new\" \/>\n<!-- \/ Yoast SEO Premium plugin. -->","yoast_head_json":{"title":"JW55 Jaw Crusher - Nguyen Vinh - \u1798\u17c9\u17b6\u179f\u17ca\u17b8\u1793\u1780\u17c6\u1791\u17c1\u1785\u1790\u17d2\u1798 \u1793\u17b7\u1784\u1781\u17d2\u179f\u17b6\u1785\u17cb\u179f\u17b7\u1794\u17d2\u1794\u1793\u17b7\u1798\u17d2\u1798\u17b7\u178f","description":"\u1798\u17c9\u17b6\u179f\u17ca\u17b8\u1793\u1780\u17b7\u1793\u1790\u17d2\u1782\u17b6\u1798 jw55 \u1795\u179b\u17b7\u178f\u1795\u17d2\u178f\u17b6\u1785\u17cb\u1798\u17bb\u1781\u178a\u17c4\u1799 Terex \u178f\u17d2\u179a\u17bc\u179c\u1794\u17b6\u1793\u179a\u1785\u1793\u17b6\u17a1\u17be\u1784\u179f\u1798\u17d2\u179a\u17b6\u1794\u17cb\u1785\u179b\u1793\u17b6 \u1793\u17b7\u1784\u1780\u17b6\u179a\u1794\u17d2\u179a\u17be\u1794\u17d2\u179a\u17b6\u179f\u17cb\u1799\u17c9\u17b6\u1784\u1784\u17b6\u1799\u179f\u17d2\u179a\u17bd\u179b\u17d4 \u1780\u17b6\u179a\u179a\u1785\u1793\u17b6\u1794\u17d2\u179a\u17be\u1794\u17d2\u179a\u17b6\u179f\u17cb\u1794\u17b6\u1793\u1799\u17bc\u179a\u1795\u17d2\u178f\u179b\u17cb\u1793\u17bc\u179c\u1797\u17b6\u1796\u1787\u17bf\u1787\u17b6\u1780\u17cb\u1781\u17d2\u1796\u179f\u17cb \u1793\u17b7\u1784\u178a\u17c6\u178e\u17be\u179a\u1780\u17b6\u179a\u1794\u17d2\u179a\u1780\u1794\u178a\u17c4\u1799\u179f\u17d2\u1790\u17c1\u179a\u1797\u17b6\u1796\u17d4","robots":{"index":"index","follow":"follow","max-snippet":"max-snippet:-1","max-image-preview":"max-image-preview:large","max-video-preview":"max-video-preview:-1"},"canonical":"https:\/\/tramnghien.com\/km\/may-nghien-ham-jw55\/","og_locale":"en_US","og_type":"article","og_title":"M\u00e1y nghi\u1ec1n h\u00e0m JW55","og_description":"m\u00e1y nghi\u1ec1n h\u00e0m jw55 s\u1ea3n xu\u1ea5t \u0111\u1ed9c quy\u1ec1n b\u1edfi Terex, \u0111\u01b0\u1ee3c thi\u1ebft k\u1ebf \u0111\u1ec3 d\u1ec5 d\u00e0ng di chuy\u1ec3n v\u00e0 s\u1eed d\u1ee5ng. Thi\u1ebft k\u1ebf b\u1ec1n b\u1ec9 mang l\u1ea1i \u0111\u1ed9 tin c\u1eady cao, c\u00f4ng su\u1ea5t \u1ed5n \u0111\u1ecbnh.","og_url":"https:\/\/tramnghien.com\/km\/may-nghien-ham-jw55\/","og_site_name":"Nguy\u1ec5n Vinh - M\u00e1y nghi\u1ec1n \u0111\u00e1 &amp; C\u00e1t nh\u00e2n t\u1ea1o","article_modified_time":"2025-01-21T10:42:13+00:00","og_image":[{"width":800,"height":450,"url":"https:\/\/tramnghien.com\/wp-content\/uploads\/2024\/10\/jw55.jpg","type":"image\/jpeg"}],"twitter_card":"summary_large_image","twitter_misc":{"Availability":"In stock"},"schema":{"@context":"https:\/\/schema.org","@graph":[{"@type":"WebPage","@id":"https:\/\/tramnghien.com\/may-nghien-ham-jw55\/","url":"https:\/\/tramnghien.com\/may-nghien-ham-jw55\/","name":"JW55 Jaw Crusher - Nguyen Vinh - \u1798\u17c9\u17b6\u179f\u17ca\u17b8\u1793\u1780\u17c6\u1791\u17c1\u1785\u1790\u17d2\u1798 \u1793\u17b7\u1784\u1781\u17d2\u179f\u17b6\u1785\u17cb\u179f\u17b7\u1794\u17d2\u1794\u1793\u17b7\u1798\u17d2\u1798\u17b7\u178f","isPartOf":{"@id":"https:\/\/tramnghien.com\/#website"},"primaryImageOfPage":{"@id":"https:\/\/tramnghien.com\/may-nghien-ham-jw55\/#primaryimage"},"image":{"@id":"https:\/\/tramnghien.com\/may-nghien-ham-jw55\/#primaryimage"},"thumbnailUrl":"https:\/\/tramnghien.com\/wp-content\/uploads\/2024\/10\/jw55.jpg","datePublished":"2024-10-15T02:29:27+00:00","dateModified":"2025-01-21T10:42:13+00:00","description":"\u1798\u17c9\u17b6\u179f\u17ca\u17b8\u1793\u1780\u17b7\u1793\u1790\u17d2\u1782\u17b6\u1798 jw55 \u1795\u179b\u17b7\u178f\u1795\u17d2\u178f\u17b6\u1785\u17cb\u1798\u17bb\u1781\u178a\u17c4\u1799 Terex \u178f\u17d2\u179a\u17bc\u179c\u1794\u17b6\u1793\u179a\u1785\u1793\u17b6\u17a1\u17be\u1784\u179f\u1798\u17d2\u179a\u17b6\u1794\u17cb\u1785\u179b\u1793\u17b6 \u1793\u17b7\u1784\u1780\u17b6\u179a\u1794\u17d2\u179a\u17be\u1794\u17d2\u179a\u17b6\u179f\u17cb\u1799\u17c9\u17b6\u1784\u1784\u17b6\u1799\u179f\u17d2\u179a\u17bd\u179b\u17d4 \u1780\u17b6\u179a\u179a\u1785\u1793\u17b6\u1794\u17d2\u179a\u17be\u1794\u17d2\u179a\u17b6\u179f\u17cb\u1794\u17b6\u1793\u1799\u17bc\u179a\u1795\u17d2\u178f\u179b\u17cb\u1793\u17bc\u179c\u1797\u17b6\u1796\u1787\u17bf\u1787\u17b6\u1780\u17cb\u1781\u17d2\u1796\u179f\u17cb \u1793\u17b7\u1784\u178a\u17c6\u178e\u17be\u179a\u1780\u17b6\u179a\u1794\u17d2\u179a\u1780\u1794\u178a\u17c4\u1799\u179f\u17d2\u1790\u17c1\u179a\u1797\u17b6\u1796\u17d4","breadcrumb":{"@id":"https:\/\/tramnghien.com\/may-nghien-ham-jw55\/#breadcrumb"},"inLanguage":"km","potentialAction":[{"@type":"ReadAction","target":["https:\/\/tramnghien.com\/may-nghien-ham-jw55\/"]}]},{"@type":"ImageObject","inLanguage":"km","@id":"https:\/\/tramnghien.com\/may-nghien-ham-jw55\/#primaryimage","url":"https:\/\/tramnghien.com\/wp-content\/uploads\/2024\/10\/jw55.jpg","contentUrl":"https:\/\/tramnghien.com\/wp-content\/uploads\/2024\/10\/jw55.jpg","width":800,"height":450,"caption":"m\u00e1y nghi\u1ec1n h\u00e0m jw55"},{"@type":"BreadcrumbList","@id":"https:\/\/tramnghien.com\/may-nghien-ham-jw55\/#breadcrumb","itemListElement":[{"@type":"ListItem","position":1,"name":"Home","item":"https:\/\/tramnghien.com\/"},{"@type":"ListItem","position":2,"name":"S\u1ea3n ph\u1ea9m","item":"https:\/\/tramnghien.com\/san-pham\/"},{"@type":"ListItem","position":3,"name":"M\u00e1y nghi\u1ec1n h\u00e0m JW55"}]},{"@type":"WebSite","@id":"https:\/\/tramnghien.com\/#website","url":"https:\/\/tramnghien.com\/","name":"\u1784\u17d2\u179c\u17c0\u1793 \u179c\u17b7\u1789 - \u1780\u17c6\u1791\u17c1\u1785\u1790\u17d2\u1798 \u1793\u17b7\u1784\u1781\u17d2\u179f\u17b6\u1785\u17cb\u179f\u17b7\u1794\u17d2\u1794\u1793\u17b7\u1798\u17d2\u1798\u17b7\u178f","description":"\u1794\u1785\u17d2\u1785\u17c1\u1780\u179c\u17b7\u1791\u17d2\u1799\u17b6\u1798\u17c9\u17b6\u179f\u17ca\u17b8\u1793\u1780\u17b7\u1793 \u1788\u17b6\u1793\u1798\u17bb\u1781\u1782\u17c1\u1793\u17c5\u1794\u17d2\u179a\u1791\u17c1\u179f\u179c\u17c0\u178f\u178e\u17b6\u1798","potentialAction":[{"@type":"SearchAction","target":{"@type":"EntryPoint","urlTemplate":"https:\/\/tramnghien.com\/?s={search_term_string}"},"query-input":{"@type":"PropertyValueSpecification","valueRequired":true,"valueName":"search_term_string"}}],"inLanguage":"km"}]},"og_availability":"instock","product_availability":"instock","product_condition":"new"},"_links":{"self":[{"href":"https:\/\/tramnghien.com\/km\/wp-json\/wp\/v2\/product\/1251","targetHints":{"allow":["GET"]}}],"collection":[{"href":"https:\/\/tramnghien.com\/km\/wp-json\/wp\/v2\/product"}],"about":[{"href":"https:\/\/tramnghien.com\/km\/wp-json\/wp\/v2\/types\/product"}],"wp:featuredmedia":[{"embeddable":true,"href":"https:\/\/tramnghien.com\/km\/wp-json\/wp\/v2\/media\/1206"}],"wp:attachment":[{"href":"https:\/\/tramnghien.com\/km\/wp-json\/wp\/v2\/media?parent=1251"}],"wp:term":[{"taxonomy":"product_brand","embeddable":true,"href":"https:\/\/tramnghien.com\/km\/wp-json\/wp\/v2\/product_brand?post=1251"},{"taxonomy":"product_cat","embeddable":true,"href":"https:\/\/tramnghien.com\/km\/wp-json\/wp\/v2\/product_cat?post=1251"},{"taxonomy":"product_tag","embeddable":true,"href":"https:\/\/tramnghien.com\/km\/wp-json\/wp\/v2\/product_tag?post=1251"}],"curies":[{"name":"wp","href":"https:\/\/api.w.org\/{rel}","templated":true}]}}