{"id":583,"date":"2019-08-25T15:09:16","date_gmt":"2019-08-25T15:09:16","guid":{"rendered":"https:\/\/tramnghien.com\/?page_id=583"},"modified":"2025-01-21T10:15:11","modified_gmt":"2025-01-21T10:15:11","slug":"lien-he","status":"publish","type":"page","link":"https:\/\/tramnghien.com\/km\/lien-he\/","title":{"rendered":"\u1791\u17c6\u1793\u17b6\u1780\u17cb\u1791\u17c6\u1793\u1784"},"content":{"rendered":"<section class=\"section\" id=\"section_2000269663\">\n\t\t<div class=\"bg section-bg fill bg-fill  bg-loaded\" >\n\n\t\t\t\n\t\t\t\n\t\t\t\n\n\t\t<\/div>\n\n\t\t\n\n\t\t<div class=\"section-content relative\">\n\t\t\t\n<div class=\"row\"  id=\"row-288600794\">\n\n\t<div id=\"col-942561812\" class=\"col small-12 large-12\"  >\n\t\t\t\t<div class=\"col-inner\"  >\n\t\t\t\n\t\t\t\n\t<div class=\"img has-hover x md-x lg-x y md-y lg-y\" id=\"image_1598775260\">\n\t\t\t\t\t\t\t\t<div class=\"img-inner image-cover dark\" style=\"padding-top:50%;\">\n\t\t\t<img loading=\"lazy\" decoding=\"async\" width=\"1020\" height=\"680\" src=\"https:\/\/tramnghien.com\/wp-content\/uploads\/2024\/10\/439025395_1232106251466229_4010952991358985855_n-1200x800.jpg\" class=\"attachment-large size-large\" alt=\"\u1798\u17c9\u17b6\u179f\u17ca\u17b8\u1793\u1780\u17c6\u1791\u17c1\u1785\u1780\u17c4\u178e Terex TC \u178a\u17b6\u1780\u17cb\u178f\u17b6\u17c6\u1784\u1794\u1784\u17d2\u17a0\u17b6\u1789\u1793\u17c5\u1796\u17b7\u1796\u17d0\u179a\u178e\u17cd\u179a\u17bb\u1780\u179a\u1780\u179a\u17c9\u17c2 - \u17a0\u17b6\u178e\u17bc\u1799\" srcset=\"https:\/\/tramnghien.com\/wp-content\/uploads\/2024\/10\/439025395_1232106251466229_4010952991358985855_n-1200x800.jpg 1200w, https:\/\/tramnghien.com\/wp-content\/uploads\/2024\/10\/439025395_1232106251466229_4010952991358985855_n-510x340.jpg 510w, https:\/\/tramnghien.com\/wp-content\/uploads\/2024\/10\/439025395_1232106251466229_4010952991358985855_n-600x400.jpg 600w, https:\/\/tramnghien.com\/wp-content\/uploads\/2024\/10\/439025395_1232106251466229_4010952991358985855_n-768x512.jpg 768w, https:\/\/tramnghien.com\/wp-content\/uploads\/2024\/10\/439025395_1232106251466229_4010952991358985855_n-1536x1024.jpg 1536w, https:\/\/tramnghien.com\/wp-content\/uploads\/2024\/10\/439025395_1232106251466229_4010952991358985855_n.jpg 2048w\" sizes=\"auto, (max-width: 1020px) 100vw, 1020px\" \/>\t\t\t\t\t\t\n\t\t\t\t\t<\/div>\n\t\t\t\t\t\t\t\t\n<style>\n#image_1598775260 {\n  width: 100%;\n}\n<\/style>\n\t<\/div>\n\t\n<p>&nbsp;<\/p>\n<h1><span style=\"color: #000080;\">\u179a\u17bd\u1785\u179a\u17b6\u179b\u17cb\u178a\u17be\u1798\u17d2\u1794\u17b8\u1794\u1798\u17d2\u179a\u17be 24\/7<\/span><\/h1>\n<p>\u1787\u17b6\u1798\u17bd\u1799\u1793\u17b9\u1784\u1794\u1791\u1796\u17b7\u179f\u17c4\u1792\u1793\u17cd\u1787\u17b6\u1784 25 \u1786\u17d2\u1793\u17b6\u17c6\u1793\u17c5\u1780\u17d2\u1793\u17bb\u1784\u179c\u17b7\u179f\u17d0\u1799\u1780\u17c6\u1791\u17c1\u1785\u179a\u17c9\u17c2 \u1793\u17b7\u1784\u1780\u17b6\u179a\u178f\u17d2\u179a\u17bd\u178f\u1796\u17b7\u1793\u17b7\u178f\u17d2\u1799 \u1793\u17b7\u1784\u179f\u1798\u17d2\u1797\u17b6\u179a\u179f\u17c6\u178e\u1784\u17cb\u17d4 \u1780\u17d2\u179a\u17bb\u1798\u17a0\u17ca\u17bb\u1793 Nguyen Vinh New Technology Co., Ltd. \u1794\u17b6\u1793\u17a2\u17c7\u17a2\u17b6\u1784\u1787\u17c6\u17a0\u179a\u179a\u1794\u179f\u17cb\u1781\u17d2\u179b\u17bd\u1793\u1793\u17c5\u1780\u17d2\u1793\u17bb\u1784\u17a7\u179f\u17d2\u179f\u17b6\u17a0\u1780\u1798\u17d2\u1798\u1793\u17c1\u17c7\u17d4 \u1799\u17be\u1784\u1798\u17b6\u1793\u1798\u17c4\u1791\u1793\u1797\u17b6\u1796\u1780\u17d2\u1793\u17bb\u1784\u1780\u17b6\u179a\u1795\u17d2\u178f\u179b\u17cb\u1787\u17bc\u1793\u1793\u17bc\u179c\u1781\u17d2\u179f\u17c2\u178a\u17c6\u178e\u17be\u179a\u1780\u17b6\u179a\u179a\u17c9\u17c2\u1780\u1798\u17d2\u179a\u17b7\u178f\u1781\u17d2\u1796\u179f\u17cb\u179a\u17b6\u1794\u17cb\u179a\u1799 \u1793\u17b7\u1784\u179f\u17ca\u17c1\u179a\u17b8\u1793\u17c3\u1794\u17d2\u179a\u1796\u17d0\u1793\u17d2\u1792 <a href=\"https:\/\/tramnghien.com\/km\/may-nghien-sang-terex\/\">\u1798\u17c9\u17b6\u179f\u17ca\u17b8\u1793\u1780\u17c6\u1791\u17c1\u1785\u1790\u17d2\u1798<\/a> \u1793\u17b7\u1784\u1788\u17b6\u1793\u1798\u17bb\u1781\u1782\u17c1\u1780\u17d2\u1793\u17bb\u1784\u1780\u17b6\u179a\u1794\u17bc\u1798\u1781\u17d2\u179f\u17b6\u1785\u17cb\u179f\u17b7\u1794\u17d2\u1794\u1793\u17b7\u1798\u17d2\u1798\u17b7\u178f\u1793\u17c5\u179c\u17c0\u178f\u178e\u17b6\u1798\u17d4<\/p>\n<p>\u1784\u17d2\u179c\u17c0\u1793 \u179c\u17b7\u1789 \u1798\u17b7\u1793\u1798\u17c2\u1793\u1782\u17d2\u179a\u17b6\u1793\u17cb\u178f\u17c2\u1787\u17b6\u17a2\u17d2\u1793\u1780\u1795\u17d2\u1782\u178f\u17cb\u1795\u17d2\u1782\u1784\u17cb\u1782\u17d2\u179a\u17bf\u1784\u1794\u179a\u17b7\u1780\u17d2\u1781\u17b6\u179a\u1791\u17c1\u17d4 \u1799\u17be\u1784\u1787\u17b6\u178a\u17c3\u1782\u17bc\u1799\u17bb\u1791\u17d2\u1792\u179f\u17b6\u179f\u17d2\u178f\u17d2\u179a\u178a\u17c2\u179b\u17a2\u1798\u178a\u17c6\u178e\u17be\u179a\u17a2\u178f\u17b7\u1790\u17b7\u1787\u1793\u1793\u17c5\u1782\u17d2\u179a\u1794\u17cb\u178a\u17c6\u178e\u17b6\u1780\u17cb\u1780\u17b6\u179b\u1793\u17c3\u1782\u1798\u17d2\u179a\u17c4\u1784\u17d4 \u1780\u17d2\u179a\u17bb\u1798\u179c\u17b7\u179f\u17d2\u179c\u1780\u179a\u178a\u17c2\u179b\u1798\u17b6\u1793\u1794\u1791\u1796\u17b7\u179f\u17c4\u1792\u1793\u17cd \u1793\u17b7\u1784\u17a2\u17d2\u1793\u1780\u1787\u17c6\u1793\u17b6\u1789\u179a\u1794\u179f\u17cb\u1799\u17be\u1784\u1794\u17d2\u178f\u17c1\u1787\u17d2\u1789\u17b6\u1795\u17d2\u178f\u179b\u17cb\u178a\u17c6\u178e\u17c4\u17c7\u179f\u17d2\u179a\u17b6\u1799\u179a\u1785\u1793\u17b6\u178a\u17cf\u179b\u17d2\u17a2\u1794\u17d2\u179a\u179f\u17be\u179a\u17d4 \u1787\u17bd\u1799\u17a2\u178f\u17b7\u1790\u17b7\u1787\u1793\u1794\u1784\u17d2\u1780\u17be\u1793\u1794\u17d2\u179a\u179f\u17b7\u1791\u17d2\u1792\u1797\u17b6\u1796\u1780\u17b6\u179a\u179c\u17b7\u1793\u17b7\u1799\u17c4\u1782 \u1793\u17b7\u1784\u1780\u17c2\u179b\u1798\u17d2\u17a2\u1782\u17bb\u178e\u1797\u17b6\u1796\u1795\u179b\u17b7\u178f\u1795\u179b\u17d4 \u1799\u17be\u1784\u1799\u179b\u17cb\u1790\u17b6\u1797\u17b6\u1796\u1787\u17c4\u1782\u1787\u17d0\u1799\u179a\u1794\u179f\u17cb\u17a2\u178f\u17b7\u1790\u17b7\u1787\u1793\u1782\u17ba\u1787\u17b6\u1797\u17b6\u1796\u1787\u17c4\u1782\u1787\u17d0\u1799\u179a\u1794\u179f\u17cb\u1799\u17be\u1784\u17d4<\/p>\n<p>\u1799\u17be\u1784\u1794\u17d2\u178f\u17c1\u1787\u17d2\u1789\u17b6\u1780\u17d2\u1793\u17bb\u1784\u1780\u17b6\u179a\u17a2\u1798\u178a\u17c6\u178e\u17be\u179a\u17a2\u178f\u17b7\u1790\u17b7\u1787\u1793\u179a\u1794\u179f\u17cb\u1799\u17be\u1784\u17d4 <a href=\"https:\/\/tramnghien.com\/km\/uu-nhuoc-diem-cua-cac-cong-nghe-xu-ly-nuoc-bun-thai\/\"  data-wpil-monitor-id=\"16\">\u1796\u17c1\u1789\u1798\u17bd\u1799\u179c\u178a\u17d2\u178f\u1787\u17b8\u179c\u17b7\u178f\u1795\u179b\u17b7\u178f\u1795\u179b<\/a> \u1795\u179b\u17b7\u178f\u1795\u179b \u1785\u17b6\u1794\u17cb\u1796\u17b8\u1780\u17b6\u179a\u179a\u1785\u1793\u17b6 \u1780\u17b6\u179a\u178a\u17c6\u17a1\u17be\u1784 \u179a\u17a0\u17bc\u178f\u178a\u179b\u17cb\u1780\u17b6\u179a\u1790\u17c2\u1791\u17b6\u17c6 \u1793\u17b7\u1784\u1780\u17b6\u179a\u1782\u17b6\u17c6\u1791\u17d2\u179a\u1795\u17d2\u1793\u17c2\u1780\u1794\u1785\u17d2\u1785\u17c1\u1780\u1791\u17c1\u179f\u1780\u17d2\u179a\u17c4\u1799\u1796\u17c1\u179b\u179b\u1780\u17cb\u17d4 \u1787\u17b6\u1798\u17bd\u1799\u1793\u17b9\u1784\u1785\u1780\u17d2\u1781\u17bb\u179c\u17b7\u179f\u17d0\u1799\u1799\u17bb\u1791\u17d2\u1792\u179f\u17b6\u179f\u17d2\u178f\u17d2\u179a \u1793\u17b7\u1784\u1791\u179f\u17d2\u179f\u1793\u179c\u17b7\u179f\u17d0\u1799\u17a2\u17b6\u1787\u17b8\u179c\u1780\u1798\u17d2\u1798\u1786\u17d2\u1796\u17c4\u17c7\u1791\u17c5\u179a\u1780\u1793\u17b7\u179a\u1793\u17d2\u178f\u179a\u1797\u17b6\u1796\u17d4 Nguyen Vinh \u1793\u17b9\u1784\u1780\u17d2\u179b\u17b6\u1799\u1787\u17b6\u1787\u1798\u17d2\u179a\u17be\u179f\u1780\u17c6\u1796\u17bc\u179b\u179f\u1798\u17d2\u179a\u17b6\u1794\u17cb\u17a2\u17d2\u1793\u1780\u178a\u17c2\u179b\u1780\u17c6\u1796\u17bb\u1784\u179f\u17d2\u179c\u17c2\u1784\u179a\u1780\u178a\u17c3\u1782\u17bc\u178a\u17c2\u179b\u17a2\u17b6\u1785\u1791\u17bb\u1780\u1785\u17b7\u178f\u17d2\u178f\u1794\u17b6\u1793\u17d4 <a href=\"https:\/\/tramnghien.com\/km\/xu-ly-bun-thai-trong-san-xuat-cat-nhan-tao\/\"  data-wpil-monitor-id=\"68\">\u1793\u17c5\u1780\u17d2\u1793\u17bb\u1784\u179c\u17b7\u179f\u17d0\u1799\u1780\u17c2\u1785\u17d2\u1793\u17c3\u179a\u17c9\u17c2<\/a> \u1793\u17b7\u1784\u179f\u1798\u17d2\u1797\u17b6\u179a\u179f\u17c6\u178e\u1784\u17cb\u17d4<\/p>\n<p>\u179f\u1798\u17d2\u179a\u17b6\u1794\u17cb\u1796\u17d0\u178f\u17cc\u1798\u17b6\u1793\u1794\u1793\u17d2\u1790\u17c2\u1798 \u179f\u17bc\u1798\u1791\u17b6\u1780\u17cb\u1791\u1784\u1798\u1780\u1799\u17be\u1784\u1781\u17d2\u1789\u17bb\u17c6\u17d4<\/p>\n<div class=\"row\"  id=\"row-287804542\">\n\n\t<div id=\"col-101063620\" class=\"col hide-for-small small-12 large-12\"  >\n\t\t\t\t<div class=\"col-inner\"  >\n\t\t\t\n\t\t\t\n\t\t<\/div>\n\t\t\t\t\t<\/div>\n\n\t\n<\/div>\n\t\t<\/div>\n\t\t\t\t\t<\/div>\n\n\t\n<\/div>\n<div class=\"row\"  id=\"row-90608117\">\n\n\t<div id=\"col-1916089555\" class=\"col row-lien-he div-no-padding medium-6 small-12 large-6\"  >\n\t\t\t\t<div class=\"col-inner\"  >\n\t\t\t\n\t\t\t\n<h3><span style=\"color: #000080;\">\u1780\u17d2\u179a\u17bb\u1798\u17a0\u17ca\u17bb\u1793 \u1784\u17d2\u179c\u17c0\u1793 \u179c\u17b8\u1789 \u178f\u17b7\u1785\u178e\u17bc\u17a1\u17bc\u1787\u17b8 \u179b\u17b8\u1798\u17b8\u178f\u1792\u17b8\u178f<\/span><\/h3>\n<p>\u17a2\u17b6\u179f\u17d0\u1799\u178a\u17d2\u178b\u17b6\u1793\u17d6 Lot H, The Zen Gamuda, Gamuda Garden, Tran Phu, Hoang Mai, Hanoi<\/p>\n<p>\u179a\u17c4\u1784\u1785\u1780\u17d2\u179a\u17d6 Km3, D. Phan Trong Tue \u179f\u17d2\u179a\u17bb\u1780 Thanh Tri \u1791\u17b8\u1780\u17d2\u179a\u17bb\u1784\u17a0\u17b6\u178e\u17bc\u1799<\/p>\n<p>\u1781\u17d2\u179f\u17c2\u1791\u17bc\u179a\u179f\u17d0\u1796\u17d2\u1791\u1791\u17b6\u1793\u17cb\u17a0\u17c1\u178f\u17bb\u1780\u17b6\u179a\u178e\u17cd\u17d6 <a href=\"tel:0936307866\">0936 307 866<\/a><\/p>\n<p>\u17a2\u17ca\u17b8\u1798\u17c2\u179b\u17d6 hoangngx82@gmail.com<\/p>\n<p>\u1782\u17c1\u17a0\u1791\u17c6\u1796\u17d0\u179a\u17d6 <a href=\"https:\/\/tramnghien.com\/km\/\">tramnghien.com<\/a><\/p>\n\n<div class=\"wpcf7 no-js\" id=\"wpcf7-f585-o1\" lang=\"vi\" dir=\"ltr\" data-wpcf7-id=\"585\">\n<div class=\"screen-reader-response\"><p role=\"status\" aria-live=\"polite\" aria-atomic=\"true\"><\/p> <ul><\/ul><\/div>\n<form action=\"\/km\/wp-json\/wp\/v2\/pages\/583#wpcf7-f585-o1\" method=\"post\" class=\"wpcf7-form init\" aria-label=\"\u1791\u1798\u17d2\u179a\u1784\u17cb\u1791\u17c6\u1793\u17b6\u1780\u17cb\u1791\u17c6\u1793\u1784\" novalidate=\"novalidate\" data-status=\"init\" data-trp-original-action=\"\/km\/wp-json\/wp\/v2\/pages\/583#wpcf7-f585-o1\">\n<fieldset class=\"hidden-fields-container\"><input type=\"hidden\" name=\"_wpcf7\" value=\"585\" \/><input type=\"hidden\" name=\"_wpcf7_version\" value=\"6.1.5\" \/><input type=\"hidden\" name=\"_wpcf7_locale\" value=\"vi\" \/><input type=\"hidden\" name=\"_wpcf7_unit_tag\" value=\"wpcf7-f585-o1\" \/><input type=\"hidden\" name=\"_wpcf7_container_post\" value=\"0\" \/><input type=\"hidden\" name=\"_wpcf7_posted_data_hash\" value=\"\" \/>\n<\/fieldset>\n<p><label class=\"label-ho-ten\"><br \/>\n<span class=\"wpcf7-form-control-wrap\" data-name=\"your-name\"><input size=\"40\" maxlength=\"400\" class=\"wpcf7-form-control wpcf7-text wpcf7-validates-as-required\" aria-required=\"true\" aria-invalid=\"false\" placeholder=\"\u1788\u17d2\u1798\u17c4\u17c7\u1796\u17c1\u1789\" value=\"\" type=\"text\" name=\"your-name\" \/><\/span> <\/label><br \/>\n<label><br \/>\n<span class=\"wpcf7-form-control-wrap\" data-name=\"your-phone\"><input size=\"40\" maxlength=\"400\" class=\"wpcf7-form-control wpcf7-tel wpcf7-validates-as-required wpcf7-text wpcf7-validates-as-tel\" aria-required=\"true\" aria-invalid=\"false\" placeholder=\"\u179b\u17c1\u1781\u1791\u17bc\u179a\u179f\u17d0\u1796\u17d2\u1791\" value=\"\" type=\"tel\" name=\"your-phone\" \/><\/span> <\/label><br \/>\n<label class=\"label-email\"><br \/>\n<span class=\"wpcf7-form-control-wrap\" data-name=\"your-email\"><input size=\"40\" maxlength=\"400\" class=\"wpcf7-form-control wpcf7-email wpcf7-validates-as-required wpcf7-text wpcf7-validates-as-email\" aria-required=\"true\" aria-invalid=\"false\" placeholder=\"\u17a2\u17ca\u17b8\u1798\u17c2\u179b\" value=\"\" type=\"email\" name=\"your-email\" \/><\/span> <\/label>\n<\/p>\n<p><label><br \/>\n<span class=\"wpcf7-form-control-wrap\" data-name=\"your-message\"><textarea cols=\"40\" rows=\"10\" maxlength=\"2000\" class=\"wpcf7-form-control wpcf7-textarea\" aria-invalid=\"false\" placeholder=\"\u1798\u17b6\u178f\u17b7\u1780\u17b6\" name=\"your-message\"><\/textarea><\/span> <\/label>\n<\/p>\n<p><input class=\"wpcf7-form-control wpcf7-submit has-spinner\" type=\"submit\" value=\"\u1795\u17d2\u1789\u17be\" \/>\n<\/p><div class=\"wpcf7-response-output\" aria-hidden=\"true\"><\/div>\n<input type=\"hidden\" name=\"trp-form-language\" value=\"km\"\/><\/form>\n<\/div>\n\n\t\t<\/div>\n\t\t\t\t\t<\/div>\n\n\t\n\n\t<div id=\"col-460811814\" class=\"col row-form div-no-padding hide-for-small medium-6 small-12 large-6\"  >\n\t\t\t\t<div class=\"col-inner\"  >\n\t\t\t\n\t\t\t\n<h3><span style=\"color: #000080;\">\u1795\u17c2\u1793\u1791\u17b8\u1791\u17c6\u1793\u17b6\u1780\u17cb\u1791\u17c6\u1793\u1784<\/span><\/h3>\n<p><iframe loading=\"lazy\" style=\"border: 0;\" src=\"https:\/\/www.google.com\/maps\/embed?pb=!1m14!1m8!1m3!1d3725.520257715108!2d105.8774502!3d20.9717725!3m2!1i1024!2i768!4f13.1!3m3!1m2!1s0x3135ae9cfbeb0f93%3A0x2a8272c2ca1ec8f5!2sChung%20C%C6%B0%20The%20Zen%20Gamuda!5e0!3m2!1svi!2s!4v1729246190726!5m2!1svi!2s\" width=\"100%\" height=\"600\" allowfullscreen=\"allowfullscreen\"><\/iframe><\/p>\n\t\t<\/div>\n\t\t\t\t\t<\/div>\n\n\t\n<\/div>\n\t\t<\/div>\n\n\t\t\n<style>\n#section_2000269663 {\n  padding-top: 8px;\n  padding-bottom: 8px;\n}\n#section_2000269663 .ux-shape-divider--top svg {\n  height: 150px;\n  --divider-top-width: 100%;\n}\n#section_2000269663 .ux-shape-divider--bottom svg {\n  height: 150px;\n  --divider-width: 100%;\n}\n<\/style>\n\t<\/section>","protected":false},"excerpt":{"rendered":"","protected":false},"author":1,"featured_media":1751,"parent":0,"menu_order":0,"comment_status":"closed","ping_status":"closed","template":"page-blank.php","meta":{"footnotes":""},"class_list":["post-583","page","type-page","status-publish","has-post-thumbnail","hentry"],"yoast_head":"<!-- This site is optimized with the Yoast SEO Premium plugin v24.6 (Yoast SEO v27.4) - https:\/\/yoast.com\/product\/yoast-seo-premium-wordpress\/ -->\n<title>Li\u00ean h\u1ec7 - Nguy\u1ec5n Vinh - M\u00e1y nghi\u1ec1n \u0111\u00e1 &amp; C\u00e1t nh\u00e2n t\u1ea1o<\/title>\n<meta name=\"description\" content=\"Li\u00ean h\u1ec7 v\u1edbi ch\u00fang t\u00f4i \u0111\u1ec3 nh\u1eadn t\u01b0 v\u1ea5n s\u1ea3n ph\u1ea9m v\u00e0 c\u00e1c th\u00f4ng tin m\u1edbi kh\u00e1c, Nguy\u1ec5n Vinh s\u1eb5n s\u00e0ng ph\u1ee5c v\u1ee5 nhu c\u1ea7u c\u1ee7a qu\u00fd kh\u00e1ch 24\/7\" \/>\n<meta name=\"robots\" content=\"index, follow, max-snippet:-1, max-image-preview:large, max-video-preview:-1\" \/>\n<link rel=\"canonical\" href=\"https:\/\/tramnghien.com\/km\/lien-he\/\" \/>\n<meta property=\"og:locale\" content=\"en_US\" \/>\n<meta property=\"og:type\" content=\"article\" \/>\n<meta property=\"og:title\" content=\"Li\u00ean h\u1ec7\" \/>\n<meta property=\"og:description\" content=\"Li\u00ean h\u1ec7 v\u1edbi ch\u00fang t\u00f4i \u0111\u1ec3 nh\u1eadn t\u01b0 v\u1ea5n s\u1ea3n ph\u1ea9m v\u00e0 c\u00e1c th\u00f4ng tin m\u1edbi kh\u00e1c, Nguy\u1ec5n Vinh s\u1eb5n s\u00e0ng ph\u1ee5c v\u1ee5 nhu c\u1ea7u c\u1ee7a qu\u00fd kh\u00e1ch 24\/7\" \/>\n<meta property=\"og:url\" content=\"https:\/\/tramnghien.com\/km\/lien-he\/\" \/>\n<meta property=\"og:site_name\" content=\"Nguy\u1ec5n Vinh - M\u00e1y nghi\u1ec1n \u0111\u00e1 &amp; C\u00e1t nh\u00e2n t\u1ea1o\" \/>\n<meta property=\"article:modified_time\" content=\"2025-01-21T10:15:11+00:00\" \/>\n<meta property=\"og:image\" content=\"https:\/\/tramnghien.com\/wp-content\/uploads\/2024\/11\/vlcsnap-2024-07-17-10h45m22s992-min.png\" \/>\n\t<meta property=\"og:image:width\" content=\"1920\" \/>\n\t<meta property=\"og:image:height\" content=\"1080\" \/>\n\t<meta property=\"og:image:type\" content=\"image\/png\" \/>\n<meta name=\"twitter:card\" content=\"summary_large_image\" \/>\n<meta name=\"twitter:label1\" content=\"Est. reading time\" \/>\n\t<meta name=\"twitter:data1\" content=\"2 \u1793\u17b6\u1791\u17b8\" \/>\n<script type=\"application\/ld+json\" class=\"yoast-schema-graph\">{\"@context\":\"https:\\\/\\\/schema.org\",\"@graph\":[{\"@type\":\"WebPage\",\"@id\":\"https:\\\/\\\/tramnghien.com\\\/lien-he\\\/\",\"url\":\"https:\\\/\\\/tramnghien.com\\\/lien-he\\\/\",\"name\":\"Li\u00ean h\u1ec7 - Nguy\u1ec5n Vinh - M\u00e1y nghi\u1ec1n \u0111\u00e1 &amp; C\u00e1t nh\u00e2n t\u1ea1o\",\"isPartOf\":{\"@id\":\"https:\\\/\\\/tramnghien.com\\\/#website\"},\"primaryImageOfPage\":{\"@id\":\"https:\\\/\\\/tramnghien.com\\\/lien-he\\\/#primaryimage\"},\"image\":{\"@id\":\"https:\\\/\\\/tramnghien.com\\\/lien-he\\\/#primaryimage\"},\"thumbnailUrl\":\"https:\\\/\\\/tramnghien.com\\\/wp-content\\\/uploads\\\/2024\\\/11\\\/vlcsnap-2024-07-17-10h45m22s992-min.png\",\"datePublished\":\"2019-08-25T15:09:16+00:00\",\"dateModified\":\"2025-01-21T10:15:11+00:00\",\"description\":\"Li\u00ean h\u1ec7 v\u1edbi ch\u00fang t\u00f4i \u0111\u1ec3 nh\u1eadn t\u01b0 v\u1ea5n s\u1ea3n ph\u1ea9m v\u00e0 c\u00e1c th\u00f4ng tin m\u1edbi kh\u00e1c, Nguy\u1ec5n Vinh s\u1eb5n s\u00e0ng ph\u1ee5c v\u1ee5 nhu c\u1ea7u c\u1ee7a qu\u00fd kh\u00e1ch 24\\\/7\",\"breadcrumb\":{\"@id\":\"https:\\\/\\\/tramnghien.com\\\/lien-he\\\/#breadcrumb\"},\"inLanguage\":\"km\",\"potentialAction\":[{\"@type\":\"ReadAction\",\"target\":[\"https:\\\/\\\/tramnghien.com\\\/lien-he\\\/\"]}]},{\"@type\":\"ImageObject\",\"inLanguage\":\"km\",\"@id\":\"https:\\\/\\\/tramnghien.com\\\/lien-he\\\/#primaryimage\",\"url\":\"https:\\\/\\\/tramnghien.com\\\/wp-content\\\/uploads\\\/2024\\\/11\\\/vlcsnap-2024-07-17-10h45m22s992-min.png\",\"contentUrl\":\"https:\\\/\\\/tramnghien.com\\\/wp-content\\\/uploads\\\/2024\\\/11\\\/vlcsnap-2024-07-17-10h45m22s992-min.png\",\"width\":1920,\"height\":1080,\"caption\":\"Vlcsnap 2024 07 17 10h45m22s992 Min\"},{\"@type\":\"BreadcrumbList\",\"@id\":\"https:\\\/\\\/tramnghien.com\\\/lien-he\\\/#breadcrumb\",\"itemListElement\":[{\"@type\":\"ListItem\",\"position\":1,\"name\":\"Home\",\"item\":\"https:\\\/\\\/tramnghien.com\\\/\"},{\"@type\":\"ListItem\",\"position\":2,\"name\":\"Li\u00ean h\u1ec7\"}]},{\"@type\":\"WebSite\",\"@id\":\"https:\\\/\\\/tramnghien.com\\\/#website\",\"url\":\"https:\\\/\\\/tramnghien.com\\\/\",\"name\":\"Nguy\u1ec5n Vinh - M\u00e1y nghi\u1ec1n \u0111\u00e1 &amp; C\u00e1t nh\u00e2n t\u1ea1o\",\"description\":\"D\u1eabn \u0111\u1ea7u c\u00f4ng ngh\u1ec7 m\u00e1y nghi\u1ec1n t\u1ea1i Vi\u1ec7t Nam\",\"potentialAction\":[{\"@type\":\"SearchAction\",\"target\":{\"@type\":\"EntryPoint\",\"urlTemplate\":\"https:\\\/\\\/tramnghien.com\\\/?s={search_term_string}\"},\"query-input\":{\"@type\":\"PropertyValueSpecification\",\"valueRequired\":true,\"valueName\":\"search_term_string\"}}],\"inLanguage\":\"km\"}]}<\/script>\n<!-- \/ Yoast SEO Premium plugin. -->","yoast_head_json":{"title":"\u1791\u17c6\u1793\u17b6\u1780\u17cb\u1791\u17c6\u1793\u1784 - \u1784\u17d2\u179c\u17c0\u1793 \u179c\u17b7\u1789 - \u1780\u1798\u17d2\u1791\u17c1\u1785\u1790\u17d2\u1798 &amp; \u1781\u17d2\u179f\u17b6\u1785\u17cb\u179f\u17b7\u1794\u17d2\u1794\u1793\u17b7\u1798\u17d2\u1798\u17b7\u178f","description":"\u1791\u17b6\u1780\u17cb\u1791\u1784\u1798\u1780\u1799\u17be\u1784\u179f\u1798\u17d2\u179a\u17b6\u1794\u17cb\u1780\u17b6\u179a\u178e\u17c2\u1793\u17b6\u17c6\u17a2\u17c6\u1796\u17b8\u1795\u179b\u17b7\u178f\u1795\u179b \u1793\u17b7\u1784\u1796\u17d0\u178f\u17cc\u1798\u17b6\u1793\u1790\u17d2\u1798\u17b8\u17d7\u1795\u17d2\u179f\u17c1\u1784\u1791\u17c0\u178f \u1784\u17d2\u179c\u17c0\u1793 \u179c\u17b7\u1789 \u178f\u17d2\u179a\u17c0\u1798\u1781\u17d2\u179b\u17bd\u1793\u1787\u17b6\u179f\u17d2\u179a\u17c1\u1785\u178a\u17be\u1798\u17d2\u1794\u17b8\u1794\u1798\u17d2\u179a\u17be\u178f\u1798\u17d2\u179a\u17bc\u179c\u1780\u17b6\u179a\u179a\u1794\u179f\u17cb\u17a2\u17d2\u1793\u1780 24\/7","robots":{"index":"index","follow":"follow","max-snippet":"max-snippet:-1","max-image-preview":"max-image-preview:large","max-video-preview":"max-video-preview:-1"},"canonical":"https:\/\/tramnghien.com\/km\/lien-he\/","og_locale":"en_US","og_type":"article","og_title":"Li\u00ean h\u1ec7","og_description":"Li\u00ean h\u1ec7 v\u1edbi ch\u00fang t\u00f4i \u0111\u1ec3 nh\u1eadn t\u01b0 v\u1ea5n s\u1ea3n ph\u1ea9m v\u00e0 c\u00e1c th\u00f4ng tin m\u1edbi kh\u00e1c, Nguy\u1ec5n Vinh s\u1eb5n s\u00e0ng ph\u1ee5c v\u1ee5 nhu c\u1ea7u c\u1ee7a qu\u00fd kh\u00e1ch 24\/7","og_url":"https:\/\/tramnghien.com\/km\/lien-he\/","og_site_name":"Nguy\u1ec5n Vinh - M\u00e1y nghi\u1ec1n \u0111\u00e1 &amp; C\u00e1t nh\u00e2n t\u1ea1o","article_modified_time":"2025-01-21T10:15:11+00:00","og_image":[{"width":1920,"height":1080,"url":"https:\/\/tramnghien.com\/wp-content\/uploads\/2024\/11\/vlcsnap-2024-07-17-10h45m22s992-min.png","type":"image\/png"}],"twitter_card":"summary_large_image","twitter_misc":{"Est. reading time":"2 \u1793\u17b6\u1791\u17b8"},"schema":{"@context":"https:\/\/schema.org","@graph":[{"@type":"WebPage","@id":"https:\/\/tramnghien.com\/lien-he\/","url":"https:\/\/tramnghien.com\/lien-he\/","name":"\u1791\u17c6\u1793\u17b6\u1780\u17cb\u1791\u17c6\u1793\u1784 - \u1784\u17d2\u179c\u17c0\u1793 \u179c\u17b7\u1789 - \u1780\u1798\u17d2\u1791\u17c1\u1785\u1790\u17d2\u1798 &amp; \u1781\u17d2\u179f\u17b6\u1785\u17cb\u179f\u17b7\u1794\u17d2\u1794\u1793\u17b7\u1798\u17d2\u1798\u17b7\u178f","isPartOf":{"@id":"https:\/\/tramnghien.com\/#website"},"primaryImageOfPage":{"@id":"https:\/\/tramnghien.com\/lien-he\/#primaryimage"},"image":{"@id":"https:\/\/tramnghien.com\/lien-he\/#primaryimage"},"thumbnailUrl":"https:\/\/tramnghien.com\/wp-content\/uploads\/2024\/11\/vlcsnap-2024-07-17-10h45m22s992-min.png","datePublished":"2019-08-25T15:09:16+00:00","dateModified":"2025-01-21T10:15:11+00:00","description":"\u1791\u17b6\u1780\u17cb\u1791\u1784\u1798\u1780\u1799\u17be\u1784\u179f\u1798\u17d2\u179a\u17b6\u1794\u17cb\u1780\u17b6\u179a\u178e\u17c2\u1793\u17b6\u17c6\u17a2\u17c6\u1796\u17b8\u1795\u179b\u17b7\u178f\u1795\u179b \u1793\u17b7\u1784\u1796\u17d0\u178f\u17cc\u1798\u17b6\u1793\u1790\u17d2\u1798\u17b8\u17d7\u1795\u17d2\u179f\u17c1\u1784\u1791\u17c0\u178f \u1784\u17d2\u179c\u17c0\u1793 \u179c\u17b7\u1789 \u178f\u17d2\u179a\u17c0\u1798\u1781\u17d2\u179b\u17bd\u1793\u1787\u17b6\u179f\u17d2\u179a\u17c1\u1785\u178a\u17be\u1798\u17d2\u1794\u17b8\u1794\u1798\u17d2\u179a\u17be\u178f\u1798\u17d2\u179a\u17bc\u179c\u1780\u17b6\u179a\u179a\u1794\u179f\u17cb\u17a2\u17d2\u1793\u1780 24\/7","breadcrumb":{"@id":"https:\/\/tramnghien.com\/lien-he\/#breadcrumb"},"inLanguage":"km","potentialAction":[{"@type":"ReadAction","target":["https:\/\/tramnghien.com\/lien-he\/"]}]},{"@type":"ImageObject","inLanguage":"km","@id":"https:\/\/tramnghien.com\/lien-he\/#primaryimage","url":"https:\/\/tramnghien.com\/wp-content\/uploads\/2024\/11\/vlcsnap-2024-07-17-10h45m22s992-min.png","contentUrl":"https:\/\/tramnghien.com\/wp-content\/uploads\/2024\/11\/vlcsnap-2024-07-17-10h45m22s992-min.png","width":1920,"height":1080,"caption":"Vlcsnap 2024 07 17 10h45m22s992 Min"},{"@type":"BreadcrumbList","@id":"https:\/\/tramnghien.com\/lien-he\/#breadcrumb","itemListElement":[{"@type":"ListItem","position":1,"name":"Home","item":"https:\/\/tramnghien.com\/"},{"@type":"ListItem","position":2,"name":"Li\u00ean h\u1ec7"}]},{"@type":"WebSite","@id":"https:\/\/tramnghien.com\/#website","url":"https:\/\/tramnghien.com\/","name":"\u1784\u17d2\u179c\u17c0\u1793 \u179c\u17b7\u1789 - \u1780\u17c6\u1791\u17c1\u1785\u1790\u17d2\u1798 \u1793\u17b7\u1784\u1781\u17d2\u179f\u17b6\u1785\u17cb\u179f\u17b7\u1794\u17d2\u1794\u1793\u17b7\u1798\u17d2\u1798\u17b7\u178f","description":"\u1794\u1785\u17d2\u1785\u17c1\u1780\u179c\u17b7\u1791\u17d2\u1799\u17b6\u1798\u17c9\u17b6\u179f\u17ca\u17b8\u1793\u1780\u17b7\u1793 \u1788\u17b6\u1793\u1798\u17bb\u1781\u1782\u17c1\u1793\u17c5\u1794\u17d2\u179a\u1791\u17c1\u179f\u179c\u17c0\u178f\u178e\u17b6\u1798","potentialAction":[{"@type":"SearchAction","target":{"@type":"EntryPoint","urlTemplate":"https:\/\/tramnghien.com\/?s={search_term_string}"},"query-input":{"@type":"PropertyValueSpecification","valueRequired":true,"valueName":"search_term_string"}}],"inLanguage":"km"}]}},"_links":{"self":[{"href":"https:\/\/tramnghien.com\/km\/wp-json\/wp\/v2\/pages\/583","targetHints":{"allow":["GET"]}}],"collection":[{"href":"https:\/\/tramnghien.com\/km\/wp-json\/wp\/v2\/pages"}],"about":[{"href":"https:\/\/tramnghien.com\/km\/wp-json\/wp\/v2\/types\/page"}],"author":[{"embeddable":true,"href":"https:\/\/tramnghien.com\/km\/wp-json\/wp\/v2\/users\/1"}],"replies":[{"embeddable":true,"href":"https:\/\/tramnghien.com\/km\/wp-json\/wp\/v2\/comments?post=583"}],"version-history":[{"count":16,"href":"https:\/\/tramnghien.com\/km\/wp-json\/wp\/v2\/pages\/583\/revisions"}],"predecessor-version":[{"id":1890,"href":"https:\/\/tramnghien.com\/km\/wp-json\/wp\/v2\/pages\/583\/revisions\/1890"}],"wp:featuredmedia":[{"embeddable":true,"href":"https:\/\/tramnghien.com\/km\/wp-json\/wp\/v2\/media\/1751"}],"wp:attachment":[{"href":"https:\/\/tramnghien.com\/km\/wp-json\/wp\/v2\/media?parent=583"}],"curies":[{"name":"wp","href":"https:\/\/api.w.org\/{rel}","templated":true}]}}