{"id":1385,"date":"2024-10-17T04:06:35","date_gmt":"2024-10-17T04:06:35","guid":{"rendered":"https:\/\/tramnghien.com\/?post_type=product&#038;p=1385"},"modified":"2025-01-21T10:41:52","modified_gmt":"2025-01-21T10:41:52","slug":"fm-compact-cat-fan-maker","status":"publish","type":"product","link":"https:\/\/tramnghien.com\/en\/fm-compact-cat-fan-maker\/","title":{"rendered":"FM COMPACT artificial sand washing machine"},"content":{"rendered":"<p style=\"text-align: justify;\">The Terex\u00ae FM Compact series of sand washing and reclamation equipment is designed to save costs and energy. It uses centrifugal force in cyclones to remove clay, silt and impurities from the sand. Bringing the sand to standard. The system combines a holding tank, centrifugal sludge pump, hydrocyclone filters and dewatering screens on the same chassis.<\/p>\n<p style=\"text-align: justify;\"><strong><a href=\"https:\/\/tramnghien.com\/en\/advantages-and-disadvantages-of-wastewater-treatment-technologies\/\"  data-wpil-monitor-id=\"4\">Highlights of artificial sand washing machine<\/a> FM Compact<\/strong><\/p>\n<ul class=\"wp-block-list\">\n<li style=\"text-align: justify;\">Can be reformed <a href=\"https:\/\/tramnghien.com\/en\/waste-treatment-in-artificial-sand-production\/\"  data-wpil-monitor-id=\"56\">create 1 or 2 types of sand<\/a> from wet material. Or use dry feed box directly.<\/li>\n<li style=\"text-align: justify;\">Optimizes material improvement. Can be used by removing silt, impurities and clay smaller than 75\u03bcm (200 mesh).<\/li>\n<li style=\"text-align: justify;\">Sturdy steel construction, easy to assemble. Comes with galvanized walkways and railings for easy movement.<\/li>\n<\/ul>","protected":false},"excerpt":{"rendered":"<table class=\"has-fixed-layout\">\n<tbody>\n<tr>\n<td>Motor Size<\/td>\n<td>74hp \/ 55kw<\/td>\n<\/tr>\n<\/tbody>\n<\/table>","protected":false},"featured_media":1390,"template":"","meta":[],"product_brand":[],"product_cat":[73],"product_tag":[80],"class_list":{"0":"post-1385","1":"product","2":"type-product","3":"status-publish","4":"has-post-thumbnail","6":"product_cat-may-rua-khoang-san-terex","7":"product_tag-may-rua-cat-nhan-tao","9":"first","10":"instock","11":"shipping-taxable","12":"product-type-grouped"},"yoast_head":"<!-- This site is optimized with the Yoast SEO Premium plugin v24.6 (Yoast SEO v27.4) - https:\/\/yoast.com\/product\/yoast-seo-premium-wordpress\/ -->\n<title>M\u00e1y r\u1eeda c\u00e1t nh\u00e2n t\u1ea1o FM COMPACT - Nguy\u1ec5n Vinh - M\u00e1y nghi\u1ec1n \u0111\u00e1 &amp; C\u00e1t nh\u00e2n t\u1ea1o<\/title>\n<meta name=\"description\" content=\"M\u00e1y r\u1eeda c\u00e1t nh\u00e2n t\u1ea1o FM Compact g\u1ed3m c\u00e1c thi\u1ebft b\u1ecb r\u1eeda v\u00e0 c\u1ea3i t\u1ea1o c\u00e1t \u0111\u01b0\u1ee3c thi\u1ebft k\u1ebf t\u1ed1i \u01b0u , s\u1eed d\u1ee5ng l\u1ef1c ly t\u00e2m \u0111\u1ec3 lo\u1ea1i b\u1ecf \u0111\u1ea5t s\u00e9t, b\u00f9n v\u00e0 t\u1ea1p ch\u1ea5t t\u1eeb c\u00e1t,...\" \/>\n<meta name=\"robots\" content=\"index, follow, max-snippet:-1, max-image-preview:large, max-video-preview:-1\" \/>\n<link rel=\"canonical\" href=\"https:\/\/tramnghien.com\/en\/fm-compact-cat-fan-maker\/\" \/>\n<meta property=\"og:locale\" content=\"en_US\" \/>\n<meta property=\"og:type\" content=\"article\" \/>\n<meta property=\"og:title\" content=\"M\u00e1y r\u1eeda c\u00e1t nh\u00e2n t\u1ea1o FM COMPACT\" \/>\n<meta property=\"og:description\" content=\"M\u00e1y r\u1eeda c\u00e1t nh\u00e2n t\u1ea1o FM Compact g\u1ed3m c\u00e1c thi\u1ebft b\u1ecb r\u1eeda v\u00e0 c\u1ea3i t\u1ea1o c\u00e1t \u0111\u01b0\u1ee3c thi\u1ebft k\u1ebf t\u1ed1i \u01b0u , s\u1eed d\u1ee5ng l\u1ef1c ly t\u00e2m \u0111\u1ec3 lo\u1ea1i b\u1ecf \u0111\u1ea5t s\u00e9t, b\u00f9n v\u00e0 t\u1ea1p ch\u1ea5t t\u1eeb c\u00e1t,...\" \/>\n<meta property=\"og:url\" content=\"https:\/\/tramnghien.com\/en\/fm-compact-cat-fan-maker\/\" \/>\n<meta property=\"og:site_name\" content=\"Nguy\u1ec5n Vinh - M\u00e1y nghi\u1ec1n \u0111\u00e1 &amp; C\u00e1t nh\u00e2n t\u1ea1o\" \/>\n<meta property=\"article:modified_time\" content=\"2025-01-21T10:41:52+00:00\" \/>\n<meta property=\"og:image\" content=\"https:\/\/tramnghien.com\/wp-content\/uploads\/2024\/10\/fm-200-c6a7047f136dc4678b635e03c7a4fb66e.webp\" \/>\n\t<meta property=\"og:image:width\" content=\"770\" \/>\n\t<meta property=\"og:image:height\" content=\"384\" \/>\n\t<meta property=\"og:image:type\" content=\"image\/webp\" \/>\n<meta name=\"twitter:card\" content=\"summary_large_image\" \/>\n<meta name=\"twitter:label1\" content=\"Availability\" \/>\n\t<meta name=\"twitter:data1\" content=\"In stock\" \/>\n<script type=\"application\/ld+json\" class=\"yoast-schema-graph\">{\"@context\":\"https:\\\/\\\/schema.org\",\"@graph\":[{\"@type\":\"WebPage\",\"@id\":\"https:\\\/\\\/tramnghien.com\\\/may-rua-cat-nhan-tao-fm-compact\\\/\",\"url\":\"https:\\\/\\\/tramnghien.com\\\/may-rua-cat-nhan-tao-fm-compact\\\/\",\"name\":\"M\u00e1y r\u1eeda c\u00e1t nh\u00e2n t\u1ea1o FM COMPACT - Nguy\u1ec5n Vinh - M\u00e1y nghi\u1ec1n \u0111\u00e1 &amp; C\u00e1t nh\u00e2n t\u1ea1o\",\"isPartOf\":{\"@id\":\"https:\\\/\\\/tramnghien.com\\\/#website\"},\"primaryImageOfPage\":{\"@id\":\"https:\\\/\\\/tramnghien.com\\\/may-rua-cat-nhan-tao-fm-compact\\\/#primaryimage\"},\"image\":{\"@id\":\"https:\\\/\\\/tramnghien.com\\\/may-rua-cat-nhan-tao-fm-compact\\\/#primaryimage\"},\"thumbnailUrl\":\"https:\\\/\\\/tramnghien.com\\\/wp-content\\\/uploads\\\/2024\\\/10\\\/fm-200-c6a7047f136dc4678b635e03c7a4fb66e.webp\",\"datePublished\":\"2024-10-17T04:06:35+00:00\",\"dateModified\":\"2025-01-21T10:41:52+00:00\",\"description\":\"M\u00e1y r\u1eeda c\u00e1t nh\u00e2n t\u1ea1o FM Compact g\u1ed3m c\u00e1c thi\u1ebft b\u1ecb r\u1eeda v\u00e0 c\u1ea3i t\u1ea1o c\u00e1t \u0111\u01b0\u1ee3c thi\u1ebft k\u1ebf t\u1ed1i \u01b0u , s\u1eed d\u1ee5ng l\u1ef1c ly t\u00e2m \u0111\u1ec3 lo\u1ea1i b\u1ecf \u0111\u1ea5t s\u00e9t, b\u00f9n v\u00e0 t\u1ea1p ch\u1ea5t t\u1eeb c\u00e1t,...\",\"breadcrumb\":{\"@id\":\"https:\\\/\\\/tramnghien.com\\\/may-rua-cat-nhan-tao-fm-compact\\\/#breadcrumb\"},\"inLanguage\":\"en-US\",\"potentialAction\":[{\"@type\":\"ReadAction\",\"target\":[\"https:\\\/\\\/tramnghien.com\\\/may-rua-cat-nhan-tao-fm-compact\\\/\"]}]},{\"@type\":\"ImageObject\",\"inLanguage\":\"en-US\",\"@id\":\"https:\\\/\\\/tramnghien.com\\\/may-rua-cat-nhan-tao-fm-compact\\\/#primaryimage\",\"url\":\"https:\\\/\\\/tramnghien.com\\\/wp-content\\\/uploads\\\/2024\\\/10\\\/fm-200-c6a7047f136dc4678b635e03c7a4fb66e.webp\",\"contentUrl\":\"https:\\\/\\\/tramnghien.com\\\/wp-content\\\/uploads\\\/2024\\\/10\\\/fm-200-c6a7047f136dc4678b635e03c7a4fb66e.webp\",\"width\":770,\"height\":384,\"caption\":\"m\u00e1y r\u1eeda c\u00e1t nh\u00e2n t\u1ea1o FM Compact\"},{\"@type\":\"BreadcrumbList\",\"@id\":\"https:\\\/\\\/tramnghien.com\\\/may-rua-cat-nhan-tao-fm-compact\\\/#breadcrumb\",\"itemListElement\":[{\"@type\":\"ListItem\",\"position\":1,\"name\":\"Home\",\"item\":\"https:\\\/\\\/tramnghien.com\\\/\"},{\"@type\":\"ListItem\",\"position\":2,\"name\":\"S\u1ea3n ph\u1ea9m\",\"item\":\"https:\\\/\\\/tramnghien.com\\\/san-pham\\\/\"},{\"@type\":\"ListItem\",\"position\":3,\"name\":\"M\u00e1y r\u1eeda c\u00e1t nh\u00e2n t\u1ea1o FM COMPACT\"}]},{\"@type\":\"WebSite\",\"@id\":\"https:\\\/\\\/tramnghien.com\\\/#website\",\"url\":\"https:\\\/\\\/tramnghien.com\\\/\",\"name\":\"Nguy\u1ec5n Vinh - M\u00e1y nghi\u1ec1n \u0111\u00e1 &amp; C\u00e1t nh\u00e2n t\u1ea1o\",\"description\":\"D\u1eabn \u0111\u1ea7u c\u00f4ng ngh\u1ec7 m\u00e1y nghi\u1ec1n t\u1ea1i Vi\u1ec7t Nam\",\"potentialAction\":[{\"@type\":\"SearchAction\",\"target\":{\"@type\":\"EntryPoint\",\"urlTemplate\":\"https:\\\/\\\/tramnghien.com\\\/?s={search_term_string}\"},\"query-input\":{\"@type\":\"PropertyValueSpecification\",\"valueRequired\":true,\"valueName\":\"search_term_string\"}}],\"inLanguage\":\"en-US\"}]}<\/script>\n<meta property=\"og:availability\" content=\"instock\" \/>\n<meta property=\"product:availability\" content=\"instock\" \/>\n<meta property=\"product:condition\" content=\"new\" \/>\n<!-- \/ Yoast SEO Premium plugin. -->","yoast_head_json":{"title":"FM COMPACT Artificial Sand Washing Machine - Nguyen Vinh - Stone Crusher &amp; Artificial Sand","description":"FM Compact artificial sand washing machine includes optimally designed sand washing and reclamation equipment, using centrifugal force to remove clay, mud and impurities from sand,...","robots":{"index":"index","follow":"follow","max-snippet":"max-snippet:-1","max-image-preview":"max-image-preview:large","max-video-preview":"max-video-preview:-1"},"canonical":"https:\/\/tramnghien.com\/en\/fm-compact-cat-fan-maker\/","og_locale":"en_US","og_type":"article","og_title":"M\u00e1y r\u1eeda c\u00e1t nh\u00e2n t\u1ea1o FM COMPACT","og_description":"M\u00e1y r\u1eeda c\u00e1t nh\u00e2n t\u1ea1o FM Compact g\u1ed3m c\u00e1c thi\u1ebft b\u1ecb r\u1eeda v\u00e0 c\u1ea3i t\u1ea1o c\u00e1t \u0111\u01b0\u1ee3c thi\u1ebft k\u1ebf t\u1ed1i \u01b0u , s\u1eed d\u1ee5ng l\u1ef1c ly t\u00e2m \u0111\u1ec3 lo\u1ea1i b\u1ecf \u0111\u1ea5t s\u00e9t, b\u00f9n v\u00e0 t\u1ea1p ch\u1ea5t t\u1eeb c\u00e1t,...","og_url":"https:\/\/tramnghien.com\/en\/fm-compact-cat-fan-maker\/","og_site_name":"Nguy\u1ec5n Vinh - M\u00e1y nghi\u1ec1n \u0111\u00e1 &amp; C\u00e1t nh\u00e2n t\u1ea1o","article_modified_time":"2025-01-21T10:41:52+00:00","og_image":[{"width":770,"height":384,"url":"https:\/\/tramnghien.com\/wp-content\/uploads\/2024\/10\/fm-200-c6a7047f136dc4678b635e03c7a4fb66e.webp","type":"image\/webp"}],"twitter_card":"summary_large_image","twitter_misc":{"Availability":"In stock"},"schema":{"@context":"https:\/\/schema.org","@graph":[{"@type":"WebPage","@id":"https:\/\/tramnghien.com\/may-rua-cat-nhan-tao-fm-compact\/","url":"https:\/\/tramnghien.com\/may-rua-cat-nhan-tao-fm-compact\/","name":"FM COMPACT Artificial Sand Washing Machine - Nguyen Vinh - Stone Crusher &amp; Artificial Sand","isPartOf":{"@id":"https:\/\/tramnghien.com\/#website"},"primaryImageOfPage":{"@id":"https:\/\/tramnghien.com\/may-rua-cat-nhan-tao-fm-compact\/#primaryimage"},"image":{"@id":"https:\/\/tramnghien.com\/may-rua-cat-nhan-tao-fm-compact\/#primaryimage"},"thumbnailUrl":"https:\/\/tramnghien.com\/wp-content\/uploads\/2024\/10\/fm-200-c6a7047f136dc4678b635e03c7a4fb66e.webp","datePublished":"2024-10-17T04:06:35+00:00","dateModified":"2025-01-21T10:41:52+00:00","description":"FM Compact artificial sand washing machine includes optimally designed sand washing and reclamation equipment, using centrifugal force to remove clay, mud and impurities from sand,...","breadcrumb":{"@id":"https:\/\/tramnghien.com\/may-rua-cat-nhan-tao-fm-compact\/#breadcrumb"},"inLanguage":"en-US","potentialAction":[{"@type":"ReadAction","target":["https:\/\/tramnghien.com\/may-rua-cat-nhan-tao-fm-compact\/"]}]},{"@type":"ImageObject","inLanguage":"en-US","@id":"https:\/\/tramnghien.com\/may-rua-cat-nhan-tao-fm-compact\/#primaryimage","url":"https:\/\/tramnghien.com\/wp-content\/uploads\/2024\/10\/fm-200-c6a7047f136dc4678b635e03c7a4fb66e.webp","contentUrl":"https:\/\/tramnghien.com\/wp-content\/uploads\/2024\/10\/fm-200-c6a7047f136dc4678b635e03c7a4fb66e.webp","width":770,"height":384,"caption":"m\u00e1y r\u1eeda c\u00e1t nh\u00e2n t\u1ea1o FM Compact"},{"@type":"BreadcrumbList","@id":"https:\/\/tramnghien.com\/may-rua-cat-nhan-tao-fm-compact\/#breadcrumb","itemListElement":[{"@type":"ListItem","position":1,"name":"Home","item":"https:\/\/tramnghien.com\/"},{"@type":"ListItem","position":2,"name":"S\u1ea3n ph\u1ea9m","item":"https:\/\/tramnghien.com\/san-pham\/"},{"@type":"ListItem","position":3,"name":"M\u00e1y r\u1eeda c\u00e1t nh\u00e2n t\u1ea1o FM COMPACT"}]},{"@type":"WebSite","@id":"https:\/\/tramnghien.com\/#website","url":"https:\/\/tramnghien.com\/","name":"Nguyen Vinh - Stone Crusher &amp; Artificial Sand","description":"Leading crusher technology in Vietnam","potentialAction":[{"@type":"SearchAction","target":{"@type":"EntryPoint","urlTemplate":"https:\/\/tramnghien.com\/?s={search_term_string}"},"query-input":{"@type":"PropertyValueSpecification","valueRequired":true,"valueName":"search_term_string"}}],"inLanguage":"en-US"}]},"og_availability":"instock","product_availability":"instock","product_condition":"new"},"_links":{"self":[{"href":"https:\/\/tramnghien.com\/en\/wp-json\/wp\/v2\/product\/1385","targetHints":{"allow":["GET"]}}],"collection":[{"href":"https:\/\/tramnghien.com\/en\/wp-json\/wp\/v2\/product"}],"about":[{"href":"https:\/\/tramnghien.com\/en\/wp-json\/wp\/v2\/types\/product"}],"wp:featuredmedia":[{"embeddable":true,"href":"https:\/\/tramnghien.com\/en\/wp-json\/wp\/v2\/media\/1390"}],"wp:attachment":[{"href":"https:\/\/tramnghien.com\/en\/wp-json\/wp\/v2\/media?parent=1385"}],"wp:term":[{"taxonomy":"product_brand","embeddable":true,"href":"https:\/\/tramnghien.com\/en\/wp-json\/wp\/v2\/product_brand?post=1385"},{"taxonomy":"product_cat","embeddable":true,"href":"https:\/\/tramnghien.com\/en\/wp-json\/wp\/v2\/product_cat?post=1385"},{"taxonomy":"product_tag","embeddable":true,"href":"https:\/\/tramnghien.com\/en\/wp-json\/wp\/v2\/product_tag?post=1385"}],"curies":[{"name":"wp","href":"https:\/\/api.w.org\/{rel}","templated":true}]}}