{"id":1377,"date":"2024-10-17T03:58:41","date_gmt":"2024-10-17T03:58:41","guid":{"rendered":"https:\/\/tramnghien.com\/?post_type=product&#038;p=1377"},"modified":"2025-01-21T10:42:34","modified_gmt":"2025-01-21T10:42:34","slug":"torrent-screen","status":"publish","type":"product","link":"https:\/\/tramnghien.com\/en\/torrent-screen\/","title":{"rendered":"Torrent Screen Horizontal Screening Machine"},"content":{"rendered":"<h2 class=\"wp-block-heading\"><strong>Torrent Screen<\/strong><\/h2>\n<p>Torrent Screen Horizontal Screening Machine is the product of over 50 years of experience. In the design, manufacture and installation of vibrating screens. We have built over 1400 units. Typical applications include sorting, screening, washing, trash removal, recycling, enrichment and dust removal.<\/p>\n<p>Torrent Screen horizontal screening machine is used <a href=\"https:\/\/tramnghien.com\/en\/advantages-and-disadvantages-of-wastewater-treatment-technologies\/\"  data-wpil-monitor-id=\"34\">in many industries<\/a> various industries. Including mining, quarrying, sand and gravel mines, cement plants, recycling and <a href=\"https:\/\/tramnghien.com\/en\/waste-treatment-in-artificial-sand-production\/\"  data-wpil-monitor-id=\"75\">manufacture<\/a> fertilizer.<\/p>","protected":false},"excerpt":{"rendered":"<p style=\"text-align: justify;\"><a href=\"https:\/\/tramnghien.com\/en\/terex-mps\/\">Terex MPS<\/a> There are a variety of screening crushers to suit almost any need. From coarse screening to dry or wet screening.<\/p>\n<p style=\"text-align: justify;\">We provide a variety of products for you to choose from. All are famous for their durable construction, aimed at professional aggregate manufacturers.<\/p>\n<table class=\"has-fixed-layout\">\n<tbody>\n<tr>\n<td>Working Dimensions<\/td>\n<td>3.9\u00d79.8\u2032 to 7.8\u00d723.6\u2032 mm 1, 2, 3 or 4 decks \/ 1200\u00d73000 to 2400\u00d77200 mm 1, 2, 3 or 4 decks<\/td>\n<\/tr>\n<\/tbody>\n<\/table>\n<p style=\"text-align: justify;\">","protected":false},"featured_media":1378,"template":"","meta":[],"product_brand":[],"product_cat":[71],"product_tag":[81],"class_list":{"0":"post-1377","1":"product","2":"type-product","3":"status-publish","4":"has-post-thumbnail","6":"product_cat-may-sang-ngang","7":"product_tag-may-sang-ngang","9":"first","10":"instock","11":"shipping-taxable","12":"product-type-grouped"},"yoast_head":"<!-- This site is optimized with the Yoast SEO Premium plugin v24.6 (Yoast SEO v27.4) - https:\/\/yoast.com\/product\/yoast-seo-premium-wordpress\/ -->\n<title>M\u00e1y s\u00e0ng ngang Torrent Screen - Nguy\u1ec5n Vinh - M\u00e1y nghi\u1ec1n \u0111\u00e1 &amp; C\u00e1t nh\u00e2n t\u1ea1o<\/title>\n<meta name=\"description\" content=\"M\u00e1y s\u00e0ng ngang Torrent Screen l\u00e0 s\u1ea3n ph\u1ea9m t\u1ed1i \u01b0u, \u1ee9ng d\u1ee5ng \u0111i\u1ec3n h\u00ecnh bao g\u1ed3m ph\u00e2n lo\u1ea1i, s\u00e0ng l\u1ecdc, r\u1eeda, lo\u1ea1i b\u1ecf r\u00e1c, t\u00e1i ch\u1ebf, l\u00e0m gi\u00e0u v\u00e0 kh\u1eed b\u1ee5i.\" \/>\n<meta name=\"robots\" content=\"index, follow, max-snippet:-1, max-image-preview:large, max-video-preview:-1\" \/>\n<link rel=\"canonical\" href=\"https:\/\/tramnghien.com\/en\/torrent-screen\/\" \/>\n<meta property=\"og:locale\" content=\"en_US\" \/>\n<meta property=\"og:type\" content=\"article\" \/>\n<meta property=\"og:title\" content=\"M\u00e1y s\u00e0ng ngang Torrent Screen\" \/>\n<meta property=\"og:description\" content=\"M\u00e1y s\u00e0ng ngang Torrent Screen l\u00e0 s\u1ea3n ph\u1ea9m t\u1ed1i \u01b0u, \u1ee9ng d\u1ee5ng \u0111i\u1ec3n h\u00ecnh bao g\u1ed3m ph\u00e2n lo\u1ea1i, s\u00e0ng l\u1ecdc, r\u1eeda, lo\u1ea1i b\u1ecf r\u00e1c, t\u00e1i ch\u1ebf, l\u00e0m gi\u00e0u v\u00e0 kh\u1eed b\u1ee5i.\" \/>\n<meta property=\"og:url\" content=\"https:\/\/tramnghien.com\/en\/torrent-screen\/\" \/>\n<meta property=\"og:site_name\" content=\"Nguy\u1ec5n Vinh - M\u00e1y nghi\u1ec1n \u0111\u00e1 &amp; C\u00e1t nh\u00e2n t\u1ea1o\" \/>\n<meta property=\"article:modified_time\" content=\"2025-01-21T10:42:34+00:00\" \/>\n<meta property=\"og:image\" content=\"https:\/\/tramnghien.com\/wp-content\/uploads\/2024\/10\/terex_jaques-torrent_screen.webp\" \/>\n\t<meta property=\"og:image:width\" content=\"800\" \/>\n\t<meta property=\"og:image:height\" content=\"600\" \/>\n\t<meta property=\"og:image:type\" content=\"image\/webp\" \/>\n<meta name=\"twitter:card\" content=\"summary_large_image\" \/>\n<meta name=\"twitter:label1\" content=\"Availability\" \/>\n\t<meta name=\"twitter:data1\" content=\"In stock\" \/>\n<script type=\"application\/ld+json\" class=\"yoast-schema-graph\">{\"@context\":\"https:\\\/\\\/schema.org\",\"@graph\":[{\"@type\":\"WebPage\",\"@id\":\"https:\\\/\\\/tramnghien.com\\\/may-sang-ngang-torrent-screen\\\/\",\"url\":\"https:\\\/\\\/tramnghien.com\\\/may-sang-ngang-torrent-screen\\\/\",\"name\":\"M\u00e1y s\u00e0ng ngang Torrent Screen - Nguy\u1ec5n Vinh - M\u00e1y nghi\u1ec1n \u0111\u00e1 &amp; C\u00e1t nh\u00e2n t\u1ea1o\",\"isPartOf\":{\"@id\":\"https:\\\/\\\/tramnghien.com\\\/#website\"},\"primaryImageOfPage\":{\"@id\":\"https:\\\/\\\/tramnghien.com\\\/may-sang-ngang-torrent-screen\\\/#primaryimage\"},\"image\":{\"@id\":\"https:\\\/\\\/tramnghien.com\\\/may-sang-ngang-torrent-screen\\\/#primaryimage\"},\"thumbnailUrl\":\"https:\\\/\\\/tramnghien.com\\\/wp-content\\\/uploads\\\/2024\\\/10\\\/terex_jaques-torrent_screen.webp\",\"datePublished\":\"2024-10-17T03:58:41+00:00\",\"dateModified\":\"2025-01-21T10:42:34+00:00\",\"description\":\"M\u00e1y s\u00e0ng ngang Torrent Screen l\u00e0 s\u1ea3n ph\u1ea9m t\u1ed1i \u01b0u, \u1ee9ng d\u1ee5ng \u0111i\u1ec3n h\u00ecnh bao g\u1ed3m ph\u00e2n lo\u1ea1i, s\u00e0ng l\u1ecdc, r\u1eeda, lo\u1ea1i b\u1ecf r\u00e1c, t\u00e1i ch\u1ebf, l\u00e0m gi\u00e0u v\u00e0 kh\u1eed b\u1ee5i.\",\"breadcrumb\":{\"@id\":\"https:\\\/\\\/tramnghien.com\\\/may-sang-ngang-torrent-screen\\\/#breadcrumb\"},\"inLanguage\":\"en-US\",\"potentialAction\":[{\"@type\":\"ReadAction\",\"target\":[\"https:\\\/\\\/tramnghien.com\\\/may-sang-ngang-torrent-screen\\\/\"]}]},{\"@type\":\"ImageObject\",\"inLanguage\":\"en-US\",\"@id\":\"https:\\\/\\\/tramnghien.com\\\/may-sang-ngang-torrent-screen\\\/#primaryimage\",\"url\":\"https:\\\/\\\/tramnghien.com\\\/wp-content\\\/uploads\\\/2024\\\/10\\\/terex_jaques-torrent_screen.webp\",\"contentUrl\":\"https:\\\/\\\/tramnghien.com\\\/wp-content\\\/uploads\\\/2024\\\/10\\\/terex_jaques-torrent_screen.webp\",\"width\":800,\"height\":600,\"caption\":\"M\u00e1y s\u00e0ng ngang Torrent Screen\"},{\"@type\":\"BreadcrumbList\",\"@id\":\"https:\\\/\\\/tramnghien.com\\\/may-sang-ngang-torrent-screen\\\/#breadcrumb\",\"itemListElement\":[{\"@type\":\"ListItem\",\"position\":1,\"name\":\"Home\",\"item\":\"https:\\\/\\\/tramnghien.com\\\/\"},{\"@type\":\"ListItem\",\"position\":2,\"name\":\"S\u1ea3n ph\u1ea9m\",\"item\":\"https:\\\/\\\/tramnghien.com\\\/san-pham\\\/\"},{\"@type\":\"ListItem\",\"position\":3,\"name\":\"M\u00e1y s\u00e0ng ngang Torrent Screen\"}]},{\"@type\":\"WebSite\",\"@id\":\"https:\\\/\\\/tramnghien.com\\\/#website\",\"url\":\"https:\\\/\\\/tramnghien.com\\\/\",\"name\":\"Nguy\u1ec5n Vinh - M\u00e1y nghi\u1ec1n \u0111\u00e1 &amp; C\u00e1t nh\u00e2n t\u1ea1o\",\"description\":\"D\u1eabn \u0111\u1ea7u c\u00f4ng ngh\u1ec7 m\u00e1y nghi\u1ec1n t\u1ea1i Vi\u1ec7t Nam\",\"potentialAction\":[{\"@type\":\"SearchAction\",\"target\":{\"@type\":\"EntryPoint\",\"urlTemplate\":\"https:\\\/\\\/tramnghien.com\\\/?s={search_term_string}\"},\"query-input\":{\"@type\":\"PropertyValueSpecification\",\"valueRequired\":true,\"valueName\":\"search_term_string\"}}],\"inLanguage\":\"en-US\"}]}<\/script>\n<meta property=\"og:availability\" content=\"instock\" \/>\n<meta property=\"product:availability\" content=\"instock\" \/>\n<meta property=\"product:condition\" content=\"new\" \/>\n<!-- \/ Yoast SEO Premium plugin. -->","yoast_head_json":{"title":"Torrent Screen Horizontal Screen - Nguyen Vinh - Stone Crusher &amp; Artificial Sand","description":"Torrent Screen horizontal screen is the optimal product, typical applications include classification, screening, washing, trash removal, recycling, enrichment and dust removal.","robots":{"index":"index","follow":"follow","max-snippet":"max-snippet:-1","max-image-preview":"max-image-preview:large","max-video-preview":"max-video-preview:-1"},"canonical":"https:\/\/tramnghien.com\/en\/torrent-screen\/","og_locale":"en_US","og_type":"article","og_title":"M\u00e1y s\u00e0ng ngang Torrent Screen","og_description":"M\u00e1y s\u00e0ng ngang Torrent Screen l\u00e0 s\u1ea3n ph\u1ea9m t\u1ed1i \u01b0u, \u1ee9ng d\u1ee5ng \u0111i\u1ec3n h\u00ecnh bao g\u1ed3m ph\u00e2n lo\u1ea1i, s\u00e0ng l\u1ecdc, r\u1eeda, lo\u1ea1i b\u1ecf r\u00e1c, t\u00e1i ch\u1ebf, l\u00e0m gi\u00e0u v\u00e0 kh\u1eed b\u1ee5i.","og_url":"https:\/\/tramnghien.com\/en\/torrent-screen\/","og_site_name":"Nguy\u1ec5n Vinh - M\u00e1y nghi\u1ec1n \u0111\u00e1 &amp; C\u00e1t nh\u00e2n t\u1ea1o","article_modified_time":"2025-01-21T10:42:34+00:00","og_image":[{"width":800,"height":600,"url":"https:\/\/tramnghien.com\/wp-content\/uploads\/2024\/10\/terex_jaques-torrent_screen.webp","type":"image\/webp"}],"twitter_card":"summary_large_image","twitter_misc":{"Availability":"In stock"},"schema":{"@context":"https:\/\/schema.org","@graph":[{"@type":"WebPage","@id":"https:\/\/tramnghien.com\/may-sang-ngang-torrent-screen\/","url":"https:\/\/tramnghien.com\/may-sang-ngang-torrent-screen\/","name":"Torrent Screen Horizontal Screen - Nguyen Vinh - Stone Crusher &amp; Artificial Sand","isPartOf":{"@id":"https:\/\/tramnghien.com\/#website"},"primaryImageOfPage":{"@id":"https:\/\/tramnghien.com\/may-sang-ngang-torrent-screen\/#primaryimage"},"image":{"@id":"https:\/\/tramnghien.com\/may-sang-ngang-torrent-screen\/#primaryimage"},"thumbnailUrl":"https:\/\/tramnghien.com\/wp-content\/uploads\/2024\/10\/terex_jaques-torrent_screen.webp","datePublished":"2024-10-17T03:58:41+00:00","dateModified":"2025-01-21T10:42:34+00:00","description":"Torrent Screen horizontal screen is the optimal product, typical applications include classification, screening, washing, trash removal, recycling, enrichment and dust removal.","breadcrumb":{"@id":"https:\/\/tramnghien.com\/may-sang-ngang-torrent-screen\/#breadcrumb"},"inLanguage":"en-US","potentialAction":[{"@type":"ReadAction","target":["https:\/\/tramnghien.com\/may-sang-ngang-torrent-screen\/"]}]},{"@type":"ImageObject","inLanguage":"en-US","@id":"https:\/\/tramnghien.com\/may-sang-ngang-torrent-screen\/#primaryimage","url":"https:\/\/tramnghien.com\/wp-content\/uploads\/2024\/10\/terex_jaques-torrent_screen.webp","contentUrl":"https:\/\/tramnghien.com\/wp-content\/uploads\/2024\/10\/terex_jaques-torrent_screen.webp","width":800,"height":600,"caption":"M\u00e1y s\u00e0ng ngang Torrent Screen"},{"@type":"BreadcrumbList","@id":"https:\/\/tramnghien.com\/may-sang-ngang-torrent-screen\/#breadcrumb","itemListElement":[{"@type":"ListItem","position":1,"name":"Home","item":"https:\/\/tramnghien.com\/"},{"@type":"ListItem","position":2,"name":"S\u1ea3n ph\u1ea9m","item":"https:\/\/tramnghien.com\/san-pham\/"},{"@type":"ListItem","position":3,"name":"M\u00e1y s\u00e0ng ngang Torrent Screen"}]},{"@type":"WebSite","@id":"https:\/\/tramnghien.com\/#website","url":"https:\/\/tramnghien.com\/","name":"Nguyen Vinh - Stone Crusher &amp; Artificial Sand","description":"Leading crusher technology in Vietnam","potentialAction":[{"@type":"SearchAction","target":{"@type":"EntryPoint","urlTemplate":"https:\/\/tramnghien.com\/?s={search_term_string}"},"query-input":{"@type":"PropertyValueSpecification","valueRequired":true,"valueName":"search_term_string"}}],"inLanguage":"en-US"}]},"og_availability":"instock","product_availability":"instock","product_condition":"new"},"_links":{"self":[{"href":"https:\/\/tramnghien.com\/en\/wp-json\/wp\/v2\/product\/1377","targetHints":{"allow":["GET"]}}],"collection":[{"href":"https:\/\/tramnghien.com\/en\/wp-json\/wp\/v2\/product"}],"about":[{"href":"https:\/\/tramnghien.com\/en\/wp-json\/wp\/v2\/types\/product"}],"wp:featuredmedia":[{"embeddable":true,"href":"https:\/\/tramnghien.com\/en\/wp-json\/wp\/v2\/media\/1378"}],"wp:attachment":[{"href":"https:\/\/tramnghien.com\/en\/wp-json\/wp\/v2\/media?parent=1377"}],"wp:term":[{"taxonomy":"product_brand","embeddable":true,"href":"https:\/\/tramnghien.com\/en\/wp-json\/wp\/v2\/product_brand?post=1377"},{"taxonomy":"product_cat","embeddable":true,"href":"https:\/\/tramnghien.com\/en\/wp-json\/wp\/v2\/product_cat?post=1377"},{"taxonomy":"product_tag","embeddable":true,"href":"https:\/\/tramnghien.com\/en\/wp-json\/wp\/v2\/product_tag?post=1377"}],"curies":[{"name":"wp","href":"https:\/\/api.w.org\/{rel}","templated":true}]}}