{"id":1375,"date":"2024-10-17T03:56:52","date_gmt":"2024-10-17T03:56:52","guid":{"rendered":"https:\/\/tramnghien.com\/?post_type=product&#038;p=1375"},"modified":"2025-01-21T10:42:31","modified_gmt":"2025-01-21T10:42:31","slug":"tsh-series-horizontal-switch","status":"publish","type":"product","link":"https:\/\/tramnghien.com\/en\/tsh-series-horizontal-switch\/","title":{"rendered":"TSH Series Horizontal Screening Machine"},"content":{"rendered":"<h3><strong>TSH Product Line: High Durability Horizontal Screen<\/strong><\/h3>\n<p>TSH Series Horizontal Screens are static screening equipment with powerful performance. Specially designed to meet the demanding requirements of the construction and mining industries. This product not only scores with its outstanding performance but also with its sturdy structure. Ensuring durability and optimum efficiency in all working conditions.<\/p>\n<h4><strong>Outstanding features of TSH Series horizontal screening machine:<\/strong><\/h4>\n<ul>\n<li><strong>Solid Structure<\/strong>: With a special load-bearing frame design and unique pyramidal crossbars. TSH horizontal screen ensures resistance to all impacts from harsh working environments. The three-layer reinforced parts provide absolute peace of mind for users. Allowing the device to operate durably without fear of damage.<\/li>\n<li><strong>High Performance<\/strong>: TSH Series is capable of handling various types of materials efficiently. From sand, stone, to minerals. Models with sizes of 5 x 14, 5 x 16 and 6 x 16 provide flexibility to users. Allows choosing the right size for production scale.<\/li>\n<li><strong>Save on Maintenance Costs<\/strong>: Thanks to its smart design and durable materials, the TSH horizontal screener helps to minimize maintenance and spare part replacement costs. This not only saves the business budget but also ensures that the production process is not interrupted.<\/li>\n<li><strong>Diverse Applications<\/strong>: TSH Series horizontal screening machine is suitable for many different fields. Including construction, mining, and <a href=\"https:\/\/tramnghien.com\/en\/waste-treatment-in-artificial-sand-production\/\"  data-wpil-monitor-id=\"74\">manufacture<\/a> materials. Thanks to this flexibility, the equipment can be easily adapted to a wide range of requirements and production processes.<\/li>\n<\/ul>\n<h4><strong>Conclude<\/strong><\/h4>\n<p>The TSH Series horizontal screen from Cedarapids is the perfect solution for those looking for a reliable and efficient screening equipment. With a combination of durable construction, high performance and cost-effectiveness. The TSH Series helps improve product quality. Helps businesses build a solid foundation for long-term development.<\/p>","protected":false},"excerpt":{"rendered":"<p>We offer a wide variety of products for you to choose from.<\/p>\n<p>All are renowned for their sturdy, home-oriented construction. <a href=\"https:\/\/tramnghien.com\/en\/advantages-and-disadvantages-of-wastewater-treatment-technologies\/\"  data-wpil-monitor-id=\"33\">manufacture<\/a> professional aggregate<\/p>\n<p>Working Dimensions5\u00d714\u2032 to 6\u00d716\u2032 2 deck \/ 1524\u00d74270 mm to 1830\u00d74880 mm 2 deck<\/p>","protected":false},"featured_media":1376,"template":"","meta":[],"product_brand":[],"product_cat":[72,71],"product_tag":[81],"class_list":{"0":"post-1375","1":"product","2":"type-product","3":"status-publish","4":"has-post-thumbnail","6":"product_cat-may-nghien-sang-terex","7":"product_cat-may-sang-ngang","8":"product_tag-may-sang-ngang","10":"first","11":"instock","12":"shipping-taxable","13":"product-type-grouped"},"yoast_head":"<!-- This site is optimized with the Yoast SEO Premium plugin v24.6 (Yoast SEO v27.5) - https:\/\/yoast.com\/product\/yoast-seo-premium-wordpress\/ -->\n<title>M\u00e1y s\u00e0ng ngang TSH Series - Nguy\u1ec5n Vinh - M\u00e1y nghi\u1ec1n \u0111\u00e1 &amp; C\u00e1t nh\u00e2n t\u1ea1o<\/title>\n<meta name=\"description\" content=\"M\u00e1y s\u00e0ng ngang TSH Series l\u00e0 thi\u1ebft b\u1ecb s\u00e0ng l\u1ecdc t\u0129nh, ho\u1ea1t \u0111\u1ed9ng m\u1ea1nh m\u1ebd, \u0111\u00e1p \u1ee9ng y\u00eau c\u1ea7u kh\u1eaft khe trong ng\u00e0nh x\u00e2y d\u1ef1ng v\u00e0 khai th\u00e1c kho\u00e1ng s\u1ea3n.\" \/>\n<meta name=\"robots\" content=\"index, follow, max-snippet:-1, max-image-preview:large, max-video-preview:-1\" \/>\n<link rel=\"canonical\" href=\"https:\/\/tramnghien.com\/en\/tsh-series-horizontal-switch\/\" \/>\n<meta property=\"og:locale\" content=\"en_US\" \/>\n<meta property=\"og:type\" content=\"article\" \/>\n<meta property=\"og:title\" content=\"M\u00e1y s\u00e0ng ngang TSH Series\" \/>\n<meta property=\"og:description\" content=\"M\u00e1y s\u00e0ng ngang TSH Series l\u00e0 thi\u1ebft b\u1ecb s\u00e0ng l\u1ecdc t\u0129nh, ho\u1ea1t \u0111\u1ed9ng m\u1ea1nh m\u1ebd, \u0111\u00e1p \u1ee9ng y\u00eau c\u1ea7u kh\u1eaft khe trong ng\u00e0nh x\u00e2y d\u1ef1ng v\u00e0 khai th\u00e1c kho\u00e1ng s\u1ea3n.\" \/>\n<meta property=\"og:url\" content=\"https:\/\/tramnghien.com\/en\/tsh-series-horizontal-switch\/\" \/>\n<meta property=\"og:site_name\" content=\"Nguy\u1ec5n Vinh - M\u00e1y nghi\u1ec1n \u0111\u00e1 &amp; C\u00e1t nh\u00e2n t\u1ea1o\" \/>\n<meta property=\"article:modified_time\" content=\"2025-01-21T10:42:31+00:00\" \/>\n<meta property=\"og:image\" content=\"https:\/\/tramnghien.com\/wp-content\/uploads\/2024\/10\/tsh-heavy-scalper.webp\" \/>\n\t<meta property=\"og:image:width\" content=\"800\" \/>\n\t<meta property=\"og:image:height\" content=\"374\" \/>\n\t<meta property=\"og:image:type\" content=\"image\/webp\" \/>\n<meta name=\"twitter:card\" content=\"summary_large_image\" \/>\n<meta name=\"twitter:label1\" content=\"Availability\" \/>\n\t<meta name=\"twitter:data1\" content=\"In stock\" \/>\n<script type=\"application\/ld+json\" class=\"yoast-schema-graph\">{\"@context\":\"https:\\\/\\\/schema.org\",\"@graph\":[{\"@type\":\"WebPage\",\"@id\":\"https:\\\/\\\/tramnghien.com\\\/may-sang-ngang-tsh-series\\\/\",\"url\":\"https:\\\/\\\/tramnghien.com\\\/may-sang-ngang-tsh-series\\\/\",\"name\":\"M\u00e1y s\u00e0ng ngang TSH Series - Nguy\u1ec5n Vinh - M\u00e1y nghi\u1ec1n \u0111\u00e1 &amp; C\u00e1t nh\u00e2n t\u1ea1o\",\"isPartOf\":{\"@id\":\"https:\\\/\\\/tramnghien.com\\\/#website\"},\"primaryImageOfPage\":{\"@id\":\"https:\\\/\\\/tramnghien.com\\\/may-sang-ngang-tsh-series\\\/#primaryimage\"},\"image\":{\"@id\":\"https:\\\/\\\/tramnghien.com\\\/may-sang-ngang-tsh-series\\\/#primaryimage\"},\"thumbnailUrl\":\"https:\\\/\\\/tramnghien.com\\\/wp-content\\\/uploads\\\/2024\\\/10\\\/tsh-heavy-scalper.webp\",\"datePublished\":\"2024-10-17T03:56:52+00:00\",\"dateModified\":\"2025-01-21T10:42:31+00:00\",\"description\":\"M\u00e1y s\u00e0ng ngang TSH Series l\u00e0 thi\u1ebft b\u1ecb s\u00e0ng l\u1ecdc t\u0129nh, ho\u1ea1t \u0111\u1ed9ng m\u1ea1nh m\u1ebd, \u0111\u00e1p \u1ee9ng y\u00eau c\u1ea7u kh\u1eaft khe trong ng\u00e0nh x\u00e2y d\u1ef1ng v\u00e0 khai th\u00e1c kho\u00e1ng s\u1ea3n.\",\"breadcrumb\":{\"@id\":\"https:\\\/\\\/tramnghien.com\\\/may-sang-ngang-tsh-series\\\/#breadcrumb\"},\"inLanguage\":\"en-US\",\"potentialAction\":[{\"@type\":\"ReadAction\",\"target\":[\"https:\\\/\\\/tramnghien.com\\\/may-sang-ngang-tsh-series\\\/\"]}]},{\"@type\":\"ImageObject\",\"inLanguage\":\"en-US\",\"@id\":\"https:\\\/\\\/tramnghien.com\\\/may-sang-ngang-tsh-series\\\/#primaryimage\",\"url\":\"https:\\\/\\\/tramnghien.com\\\/wp-content\\\/uploads\\\/2024\\\/10\\\/tsh-heavy-scalper.webp\",\"contentUrl\":\"https:\\\/\\\/tramnghien.com\\\/wp-content\\\/uploads\\\/2024\\\/10\\\/tsh-heavy-scalper.webp\",\"width\":800,\"height\":374,\"caption\":\"M\u00e1y s\u00e0ng ngang TSH\"},{\"@type\":\"BreadcrumbList\",\"@id\":\"https:\\\/\\\/tramnghien.com\\\/may-sang-ngang-tsh-series\\\/#breadcrumb\",\"itemListElement\":[{\"@type\":\"ListItem\",\"position\":1,\"name\":\"Home\",\"item\":\"https:\\\/\\\/tramnghien.com\\\/\"},{\"@type\":\"ListItem\",\"position\":2,\"name\":\"S\u1ea3n ph\u1ea9m\",\"item\":\"https:\\\/\\\/tramnghien.com\\\/san-pham\\\/\"},{\"@type\":\"ListItem\",\"position\":3,\"name\":\"M\u00e1y s\u00e0ng ngang TSH Series\"}]},{\"@type\":\"WebSite\",\"@id\":\"https:\\\/\\\/tramnghien.com\\\/#website\",\"url\":\"https:\\\/\\\/tramnghien.com\\\/\",\"name\":\"Nguy\u1ec5n Vinh - M\u00e1y nghi\u1ec1n \u0111\u00e1 &amp; C\u00e1t nh\u00e2n t\u1ea1o\",\"description\":\"D\u1eabn \u0111\u1ea7u c\u00f4ng ngh\u1ec7 m\u00e1y nghi\u1ec1n t\u1ea1i Vi\u1ec7t Nam\",\"potentialAction\":[{\"@type\":\"SearchAction\",\"target\":{\"@type\":\"EntryPoint\",\"urlTemplate\":\"https:\\\/\\\/tramnghien.com\\\/?s={search_term_string}\"},\"query-input\":{\"@type\":\"PropertyValueSpecification\",\"valueRequired\":true,\"valueName\":\"search_term_string\"}}],\"inLanguage\":\"en-US\"}]}<\/script>\n<meta property=\"og:availability\" content=\"instock\" \/>\n<meta property=\"product:availability\" content=\"instock\" \/>\n<meta property=\"product:condition\" content=\"new\" \/>\n<!-- \/ Yoast SEO Premium plugin. -->","yoast_head_json":{"title":"TSH Series Horizontal Screening Machine - Nguyen Vinh - Stone Crusher &amp; Artificial Sand","description":"TSH Series horizontal screen is a powerful, static screening equipment that meets the strict requirements in the construction and mining industries.","robots":{"index":"index","follow":"follow","max-snippet":"max-snippet:-1","max-image-preview":"max-image-preview:large","max-video-preview":"max-video-preview:-1"},"canonical":"https:\/\/tramnghien.com\/en\/tsh-series-horizontal-switch\/","og_locale":"en_US","og_type":"article","og_title":"M\u00e1y s\u00e0ng ngang TSH Series","og_description":"M\u00e1y s\u00e0ng ngang TSH Series l\u00e0 thi\u1ebft b\u1ecb s\u00e0ng l\u1ecdc t\u0129nh, ho\u1ea1t \u0111\u1ed9ng m\u1ea1nh m\u1ebd, \u0111\u00e1p \u1ee9ng y\u00eau c\u1ea7u kh\u1eaft khe trong ng\u00e0nh x\u00e2y d\u1ef1ng v\u00e0 khai th\u00e1c kho\u00e1ng s\u1ea3n.","og_url":"https:\/\/tramnghien.com\/en\/tsh-series-horizontal-switch\/","og_site_name":"Nguy\u1ec5n Vinh - M\u00e1y nghi\u1ec1n \u0111\u00e1 &amp; C\u00e1t nh\u00e2n t\u1ea1o","article_modified_time":"2025-01-21T10:42:31+00:00","og_image":[{"width":800,"height":374,"url":"https:\/\/tramnghien.com\/wp-content\/uploads\/2024\/10\/tsh-heavy-scalper.webp","type":"image\/webp"}],"twitter_card":"summary_large_image","twitter_misc":{"Availability":"In stock"},"schema":{"@context":"https:\/\/schema.org","@graph":[{"@type":"WebPage","@id":"https:\/\/tramnghien.com\/may-sang-ngang-tsh-series\/","url":"https:\/\/tramnghien.com\/may-sang-ngang-tsh-series\/","name":"TSH Series Horizontal Screening Machine - Nguyen Vinh - Stone Crusher &amp; Artificial Sand","isPartOf":{"@id":"https:\/\/tramnghien.com\/#website"},"primaryImageOfPage":{"@id":"https:\/\/tramnghien.com\/may-sang-ngang-tsh-series\/#primaryimage"},"image":{"@id":"https:\/\/tramnghien.com\/may-sang-ngang-tsh-series\/#primaryimage"},"thumbnailUrl":"https:\/\/tramnghien.com\/wp-content\/uploads\/2024\/10\/tsh-heavy-scalper.webp","datePublished":"2024-10-17T03:56:52+00:00","dateModified":"2025-01-21T10:42:31+00:00","description":"TSH Series horizontal screen is a powerful, static screening equipment that meets the strict requirements in the construction and mining industries.","breadcrumb":{"@id":"https:\/\/tramnghien.com\/may-sang-ngang-tsh-series\/#breadcrumb"},"inLanguage":"en-US","potentialAction":[{"@type":"ReadAction","target":["https:\/\/tramnghien.com\/may-sang-ngang-tsh-series\/"]}]},{"@type":"ImageObject","inLanguage":"en-US","@id":"https:\/\/tramnghien.com\/may-sang-ngang-tsh-series\/#primaryimage","url":"https:\/\/tramnghien.com\/wp-content\/uploads\/2024\/10\/tsh-heavy-scalper.webp","contentUrl":"https:\/\/tramnghien.com\/wp-content\/uploads\/2024\/10\/tsh-heavy-scalper.webp","width":800,"height":374,"caption":"M\u00e1y s\u00e0ng ngang TSH"},{"@type":"BreadcrumbList","@id":"https:\/\/tramnghien.com\/may-sang-ngang-tsh-series\/#breadcrumb","itemListElement":[{"@type":"ListItem","position":1,"name":"Home","item":"https:\/\/tramnghien.com\/"},{"@type":"ListItem","position":2,"name":"S\u1ea3n ph\u1ea9m","item":"https:\/\/tramnghien.com\/san-pham\/"},{"@type":"ListItem","position":3,"name":"M\u00e1y s\u00e0ng ngang TSH Series"}]},{"@type":"WebSite","@id":"https:\/\/tramnghien.com\/#website","url":"https:\/\/tramnghien.com\/","name":"Nguyen Vinh - Stone Crusher &amp; Artificial Sand","description":"Leading crusher technology in Vietnam","potentialAction":[{"@type":"SearchAction","target":{"@type":"EntryPoint","urlTemplate":"https:\/\/tramnghien.com\/?s={search_term_string}"},"query-input":{"@type":"PropertyValueSpecification","valueRequired":true,"valueName":"search_term_string"}}],"inLanguage":"en-US"}]},"og_availability":"instock","product_availability":"instock","product_condition":"new"},"_links":{"self":[{"href":"https:\/\/tramnghien.com\/en\/wp-json\/wp\/v2\/product\/1375","targetHints":{"allow":["GET"]}}],"collection":[{"href":"https:\/\/tramnghien.com\/en\/wp-json\/wp\/v2\/product"}],"about":[{"href":"https:\/\/tramnghien.com\/en\/wp-json\/wp\/v2\/types\/product"}],"wp:featuredmedia":[{"embeddable":true,"href":"https:\/\/tramnghien.com\/en\/wp-json\/wp\/v2\/media\/1376"}],"wp:attachment":[{"href":"https:\/\/tramnghien.com\/en\/wp-json\/wp\/v2\/media?parent=1375"}],"wp:term":[{"taxonomy":"product_brand","embeddable":true,"href":"https:\/\/tramnghien.com\/en\/wp-json\/wp\/v2\/product_brand?post=1375"},{"taxonomy":"product_cat","embeddable":true,"href":"https:\/\/tramnghien.com\/en\/wp-json\/wp\/v2\/product_cat?post=1375"},{"taxonomy":"product_tag","embeddable":true,"href":"https:\/\/tramnghien.com\/en\/wp-json\/wp\/v2\/product_tag?post=1375"}],"curies":[{"name":"wp","href":"https:\/\/api.w.org\/{rel}","templated":true}]}}