{"id":1373,"date":"2024-10-17T03:55:34","date_gmt":"2024-10-17T03:55:34","guid":{"rendered":"https:\/\/tramnghien.com\/?post_type=product&#038;p=1373"},"modified":"2025-01-21T10:42:28","modified_gmt":"2025-01-21T10:42:28","slug":"tsv-series-horizontal-switch","status":"publish","type":"product","link":"https:\/\/tramnghien.com\/en\/tsv-series-horizontal-switch\/","title":{"rendered":"TSV Series Horizontal Screening Machine"},"content":{"rendered":"<h3><strong>TSV Product Line: Revolutionary Horizontal Screening Machine\u00a0<\/strong><\/h3>\n<p>The TSV Series of horizontal screens represents a revolution in screening technology. It helps to improve productivity and handle applications that traditional horizontal screens cannot handle. With the combination of efficient elliptical motion and adjustable tilt. The TSV is capable of handling larger loads on the screen surface. Better meets the demanding requirements of the construction and mining industries.<\/p>\n<h4><strong>Outstanding Features of TSV Series Horizontal Screening Machine:<\/strong><\/h4>\n<ul>\n<li><strong>El-Jay\u2122 Movement Efficiency<\/strong>: Oval stroke motion technology with high g-force. Optimizes the screening process but also helps <a href=\"https:\/\/tramnghien.com\/en\/waste-treatment-in-artificial-sand-production\/\"  data-wpil-monitor-id=\"73\">manufacture<\/a> produce higher quality products. Thereby improving the performance of the entire production line.<\/li>\n<li><strong>Flexible Tilt Adjustment<\/strong>: The machine has the ability to adjust the tilt up to 10\u00b0 with 2.5\u00b0 adjustment steps. Allowing users to easily customize the device for each specific application. This helps to increase screening efficiency and improve the quality of output products.<\/li>\n<li><strong>Superior Durability<\/strong>: With steel reinforcement design in the \u201crock zone\u201d, TSV screener ensures industry-leading durability. High load capacity ensures stable operation under harsh working conditions.<\/li>\n<li><strong>Easy Maintenance<\/strong>: The intelligent design of TSV makes maintenance and component replacement simpler. Reduce production downtime and save costs for businesses.<\/li>\n<li><strong>Variety of Screen Sizes and Types<\/strong>: TSV screeners are available in a variety of screen sizes and surface configurations. From 5&#039; x 16&#039; to 8&#039; x 20&#039;, including two and three tiers. To suit most industry applications.<\/li>\n<\/ul>\n<h4><strong>Conclude<\/strong><\/h4>\n<p>TSV Series horizontal screener is not only an efficient solution for screening. But also a symbol <a href=\"https:\/\/tramnghien.com\/en\/advantages-and-disadvantages-of-wastewater-treatment-technologies\/\"  data-wpil-monitor-id=\"32\">of innovation and advancement in technology<\/a> construction equipment. With outstanding features in productivity, durability, and flexible adjustment, TSV affirms its position as the top choice for businesses in the industry. Investing in TSV screening machines is investing in sustainable development and long-term success in a fiercely competitive market.<\/p>","protected":false},"excerpt":{"rendered":"<p style=\"text-align: justify;\"><a href=\"https:\/\/tramnghien.com\/en\/terex-mps\/\">Terex MPS<\/a>\u00a0There are many mills and screens to suit almost every need, from coarse screening to dry or wet screening.<\/p>\n<p style=\"text-align: justify;\">We provide a variety of products for you to choose from. All are famous for their durable construction, aimed at professional aggregate manufacturers.<\/p>\n<table class=\"has-fixed-layout\">\n<tbody>\n<tr>\n<td>Working Dimensions<\/td>\n<td>5\u00d716\u2032 to 8\u00d720\u2032 2 or 3 decks \/ 1524\u00d74880 mm to 2438\u00d76096 mm 2 or 3 decks<\/td>\n<\/tr>\n<\/tbody>\n<\/table>\n<p style=\"text-align: justify;\">","protected":false},"featured_media":1374,"template":"","meta":[],"product_brand":[],"product_cat":[72,71],"product_tag":[81],"class_list":{"0":"post-1373","1":"product","2":"type-product","3":"status-publish","4":"has-post-thumbnail","6":"product_cat-may-nghien-sang-terex","7":"product_cat-may-sang-ngang","8":"product_tag-may-sang-ngang","10":"first","11":"instock","12":"shipping-taxable","13":"product-type-grouped"},"yoast_head":"<!-- This site is optimized with the Yoast SEO Premium plugin v24.6 (Yoast SEO v27.4) - https:\/\/yoast.com\/product\/yoast-seo-premium-wordpress\/ -->\n<title>M\u00e1y s\u00e0ng ngang TSV Series - Nguy\u1ec5n Vinh - M\u00e1y nghi\u1ec1n \u0111\u00e1 &amp; C\u00e1t nh\u00e2n t\u1ea1o<\/title>\n<meta name=\"description\" content=\"D\u00f2ng m\u00e1y s\u00e0ng ngang TSV Series k\u1ebft h\u1ee3p gi\u1eefa chuy\u1ec3n \u0111\u1ed9ng elip hi\u1ec7u qu\u1ea3 v\u00e0 \u0111\u1ed9 nghi\u00eang \u0111i\u1ec1u ch\u1ec9nh, \u0111\u00e1p \u1ee9ng c\u00e1c y\u00eau c\u1ea7u kh\u1eaft khe trong x\u00e2y d\u1ef1ng v\u00e0 khai th\u00e1c.\" \/>\n<meta name=\"robots\" content=\"index, follow, max-snippet:-1, max-image-preview:large, max-video-preview:-1\" \/>\n<link rel=\"canonical\" href=\"https:\/\/tramnghien.com\/en\/tsv-series-horizontal-switch\/\" \/>\n<meta property=\"og:locale\" content=\"en_US\" \/>\n<meta property=\"og:type\" content=\"article\" \/>\n<meta property=\"og:title\" content=\"M\u00e1y s\u00e0ng ngang TSV Series\" \/>\n<meta property=\"og:description\" content=\"D\u00f2ng m\u00e1y s\u00e0ng ngang TSV Series k\u1ebft h\u1ee3p gi\u1eefa chuy\u1ec3n \u0111\u1ed9ng elip hi\u1ec7u qu\u1ea3 v\u00e0 \u0111\u1ed9 nghi\u00eang \u0111i\u1ec1u ch\u1ec9nh, \u0111\u00e1p \u1ee9ng c\u00e1c y\u00eau c\u1ea7u kh\u1eaft khe trong x\u00e2y d\u1ef1ng v\u00e0 khai th\u00e1c.\" \/>\n<meta property=\"og:url\" content=\"https:\/\/tramnghien.com\/en\/tsv-series-horizontal-switch\/\" \/>\n<meta property=\"og:site_name\" content=\"Nguy\u1ec5n Vinh - M\u00e1y nghi\u1ec1n \u0111\u00e1 &amp; C\u00e1t nh\u00e2n t\u1ea1o\" \/>\n<meta property=\"article:modified_time\" content=\"2025-01-21T10:42:28+00:00\" \/>\n<meta property=\"og:image\" content=\"https:\/\/tramnghien.com\/wp-content\/uploads\/2024\/10\/lj-tsv6203_1-1.webp\" \/>\n\t<meta property=\"og:image:width\" content=\"800\" \/>\n\t<meta property=\"og:image:height\" content=\"450\" \/>\n\t<meta property=\"og:image:type\" content=\"image\/webp\" \/>\n<meta name=\"twitter:card\" content=\"summary_large_image\" \/>\n<meta name=\"twitter:label1\" content=\"Availability\" \/>\n\t<meta name=\"twitter:data1\" content=\"In stock\" \/>\n<script type=\"application\/ld+json\" class=\"yoast-schema-graph\">{\"@context\":\"https:\\\/\\\/schema.org\",\"@graph\":[{\"@type\":\"WebPage\",\"@id\":\"https:\\\/\\\/tramnghien.com\\\/may-sang-ngang-tsv-series\\\/\",\"url\":\"https:\\\/\\\/tramnghien.com\\\/may-sang-ngang-tsv-series\\\/\",\"name\":\"M\u00e1y s\u00e0ng ngang TSV Series - Nguy\u1ec5n Vinh - M\u00e1y nghi\u1ec1n \u0111\u00e1 &amp; C\u00e1t nh\u00e2n t\u1ea1o\",\"isPartOf\":{\"@id\":\"https:\\\/\\\/tramnghien.com\\\/#website\"},\"primaryImageOfPage\":{\"@id\":\"https:\\\/\\\/tramnghien.com\\\/may-sang-ngang-tsv-series\\\/#primaryimage\"},\"image\":{\"@id\":\"https:\\\/\\\/tramnghien.com\\\/may-sang-ngang-tsv-series\\\/#primaryimage\"},\"thumbnailUrl\":\"https:\\\/\\\/tramnghien.com\\\/wp-content\\\/uploads\\\/2024\\\/10\\\/lj-tsv6203_1-1.webp\",\"datePublished\":\"2024-10-17T03:55:34+00:00\",\"dateModified\":\"2025-01-21T10:42:28+00:00\",\"description\":\"D\u00f2ng m\u00e1y s\u00e0ng ngang TSV Series k\u1ebft h\u1ee3p gi\u1eefa chuy\u1ec3n \u0111\u1ed9ng elip hi\u1ec7u qu\u1ea3 v\u00e0 \u0111\u1ed9 nghi\u00eang \u0111i\u1ec1u ch\u1ec9nh, \u0111\u00e1p \u1ee9ng c\u00e1c y\u00eau c\u1ea7u kh\u1eaft khe trong x\u00e2y d\u1ef1ng v\u00e0 khai th\u00e1c.\",\"breadcrumb\":{\"@id\":\"https:\\\/\\\/tramnghien.com\\\/may-sang-ngang-tsv-series\\\/#breadcrumb\"},\"inLanguage\":\"en-US\",\"potentialAction\":[{\"@type\":\"ReadAction\",\"target\":[\"https:\\\/\\\/tramnghien.com\\\/may-sang-ngang-tsv-series\\\/\"]}]},{\"@type\":\"ImageObject\",\"inLanguage\":\"en-US\",\"@id\":\"https:\\\/\\\/tramnghien.com\\\/may-sang-ngang-tsv-series\\\/#primaryimage\",\"url\":\"https:\\\/\\\/tramnghien.com\\\/wp-content\\\/uploads\\\/2024\\\/10\\\/lj-tsv6203_1-1.webp\",\"contentUrl\":\"https:\\\/\\\/tramnghien.com\\\/wp-content\\\/uploads\\\/2024\\\/10\\\/lj-tsv6203_1-1.webp\",\"width\":800,\"height\":450,\"caption\":\"M\u00e1y s\u00e0ng ngang TSV Series\"},{\"@type\":\"BreadcrumbList\",\"@id\":\"https:\\\/\\\/tramnghien.com\\\/may-sang-ngang-tsv-series\\\/#breadcrumb\",\"itemListElement\":[{\"@type\":\"ListItem\",\"position\":1,\"name\":\"Home\",\"item\":\"https:\\\/\\\/tramnghien.com\\\/\"},{\"@type\":\"ListItem\",\"position\":2,\"name\":\"S\u1ea3n ph\u1ea9m\",\"item\":\"https:\\\/\\\/tramnghien.com\\\/san-pham\\\/\"},{\"@type\":\"ListItem\",\"position\":3,\"name\":\"M\u00e1y s\u00e0ng ngang TSV Series\"}]},{\"@type\":\"WebSite\",\"@id\":\"https:\\\/\\\/tramnghien.com\\\/#website\",\"url\":\"https:\\\/\\\/tramnghien.com\\\/\",\"name\":\"Nguy\u1ec5n Vinh - M\u00e1y nghi\u1ec1n \u0111\u00e1 &amp; C\u00e1t nh\u00e2n t\u1ea1o\",\"description\":\"D\u1eabn \u0111\u1ea7u c\u00f4ng ngh\u1ec7 m\u00e1y nghi\u1ec1n t\u1ea1i Vi\u1ec7t Nam\",\"potentialAction\":[{\"@type\":\"SearchAction\",\"target\":{\"@type\":\"EntryPoint\",\"urlTemplate\":\"https:\\\/\\\/tramnghien.com\\\/?s={search_term_string}\"},\"query-input\":{\"@type\":\"PropertyValueSpecification\",\"valueRequired\":true,\"valueName\":\"search_term_string\"}}],\"inLanguage\":\"en-US\"}]}<\/script>\n<meta property=\"og:availability\" content=\"instock\" \/>\n<meta property=\"product:availability\" content=\"instock\" \/>\n<meta property=\"product:condition\" content=\"new\" \/>\n<!-- \/ Yoast SEO Premium plugin. -->","yoast_head_json":{"title":"TSV Series Horizontal Screen - Nguyen Vinh - Stone Crusher &amp; Artificial Sand","description":"The TSV Series horizontal screen combines efficient elliptical motion and adjustable tilt, meeting the demanding requirements of construction and mining.","robots":{"index":"index","follow":"follow","max-snippet":"max-snippet:-1","max-image-preview":"max-image-preview:large","max-video-preview":"max-video-preview:-1"},"canonical":"https:\/\/tramnghien.com\/en\/tsv-series-horizontal-switch\/","og_locale":"en_US","og_type":"article","og_title":"M\u00e1y s\u00e0ng ngang TSV Series","og_description":"D\u00f2ng m\u00e1y s\u00e0ng ngang TSV Series k\u1ebft h\u1ee3p gi\u1eefa chuy\u1ec3n \u0111\u1ed9ng elip hi\u1ec7u qu\u1ea3 v\u00e0 \u0111\u1ed9 nghi\u00eang \u0111i\u1ec1u ch\u1ec9nh, \u0111\u00e1p \u1ee9ng c\u00e1c y\u00eau c\u1ea7u kh\u1eaft khe trong x\u00e2y d\u1ef1ng v\u00e0 khai th\u00e1c.","og_url":"https:\/\/tramnghien.com\/en\/tsv-series-horizontal-switch\/","og_site_name":"Nguy\u1ec5n Vinh - M\u00e1y nghi\u1ec1n \u0111\u00e1 &amp; C\u00e1t nh\u00e2n t\u1ea1o","article_modified_time":"2025-01-21T10:42:28+00:00","og_image":[{"width":800,"height":450,"url":"https:\/\/tramnghien.com\/wp-content\/uploads\/2024\/10\/lj-tsv6203_1-1.webp","type":"image\/webp"}],"twitter_card":"summary_large_image","twitter_misc":{"Availability":"In stock"},"schema":{"@context":"https:\/\/schema.org","@graph":[{"@type":"WebPage","@id":"https:\/\/tramnghien.com\/may-sang-ngang-tsv-series\/","url":"https:\/\/tramnghien.com\/may-sang-ngang-tsv-series\/","name":"TSV Series Horizontal Screen - Nguyen Vinh - Stone Crusher &amp; Artificial Sand","isPartOf":{"@id":"https:\/\/tramnghien.com\/#website"},"primaryImageOfPage":{"@id":"https:\/\/tramnghien.com\/may-sang-ngang-tsv-series\/#primaryimage"},"image":{"@id":"https:\/\/tramnghien.com\/may-sang-ngang-tsv-series\/#primaryimage"},"thumbnailUrl":"https:\/\/tramnghien.com\/wp-content\/uploads\/2024\/10\/lj-tsv6203_1-1.webp","datePublished":"2024-10-17T03:55:34+00:00","dateModified":"2025-01-21T10:42:28+00:00","description":"The TSV Series horizontal screen combines efficient elliptical motion and adjustable tilt, meeting the demanding requirements of construction and mining.","breadcrumb":{"@id":"https:\/\/tramnghien.com\/may-sang-ngang-tsv-series\/#breadcrumb"},"inLanguage":"en-US","potentialAction":[{"@type":"ReadAction","target":["https:\/\/tramnghien.com\/may-sang-ngang-tsv-series\/"]}]},{"@type":"ImageObject","inLanguage":"en-US","@id":"https:\/\/tramnghien.com\/may-sang-ngang-tsv-series\/#primaryimage","url":"https:\/\/tramnghien.com\/wp-content\/uploads\/2024\/10\/lj-tsv6203_1-1.webp","contentUrl":"https:\/\/tramnghien.com\/wp-content\/uploads\/2024\/10\/lj-tsv6203_1-1.webp","width":800,"height":450,"caption":"M\u00e1y s\u00e0ng ngang TSV Series"},{"@type":"BreadcrumbList","@id":"https:\/\/tramnghien.com\/may-sang-ngang-tsv-series\/#breadcrumb","itemListElement":[{"@type":"ListItem","position":1,"name":"Home","item":"https:\/\/tramnghien.com\/"},{"@type":"ListItem","position":2,"name":"S\u1ea3n ph\u1ea9m","item":"https:\/\/tramnghien.com\/san-pham\/"},{"@type":"ListItem","position":3,"name":"M\u00e1y s\u00e0ng ngang TSV Series"}]},{"@type":"WebSite","@id":"https:\/\/tramnghien.com\/#website","url":"https:\/\/tramnghien.com\/","name":"Nguyen Vinh - Stone Crusher &amp; Artificial Sand","description":"Leading crusher technology in Vietnam","potentialAction":[{"@type":"SearchAction","target":{"@type":"EntryPoint","urlTemplate":"https:\/\/tramnghien.com\/?s={search_term_string}"},"query-input":{"@type":"PropertyValueSpecification","valueRequired":true,"valueName":"search_term_string"}}],"inLanguage":"en-US"}]},"og_availability":"instock","product_availability":"instock","product_condition":"new"},"_links":{"self":[{"href":"https:\/\/tramnghien.com\/en\/wp-json\/wp\/v2\/product\/1373","targetHints":{"allow":["GET"]}}],"collection":[{"href":"https:\/\/tramnghien.com\/en\/wp-json\/wp\/v2\/product"}],"about":[{"href":"https:\/\/tramnghien.com\/en\/wp-json\/wp\/v2\/types\/product"}],"wp:featuredmedia":[{"embeddable":true,"href":"https:\/\/tramnghien.com\/en\/wp-json\/wp\/v2\/media\/1374"}],"wp:attachment":[{"href":"https:\/\/tramnghien.com\/en\/wp-json\/wp\/v2\/media?parent=1373"}],"wp:term":[{"taxonomy":"product_brand","embeddable":true,"href":"https:\/\/tramnghien.com\/en\/wp-json\/wp\/v2\/product_brand?post=1373"},{"taxonomy":"product_cat","embeddable":true,"href":"https:\/\/tramnghien.com\/en\/wp-json\/wp\/v2\/product_cat?post=1373"},{"taxonomy":"product_tag","embeddable":true,"href":"https:\/\/tramnghien.com\/en\/wp-json\/wp\/v2\/product_tag?post=1373"}],"curies":[{"name":"wp","href":"https:\/\/api.w.org\/{rel}","templated":true}]}}