{"id":1371,"date":"2024-10-17T03:54:10","date_gmt":"2024-10-17T03:54:10","guid":{"rendered":"https:\/\/tramnghien.com\/?post_type=product&#038;p=1371"},"modified":"2025-01-21T10:16:05","modified_gmt":"2025-01-21T10:16:05","slug":"oh-series-horizontal-switch","status":"publish","type":"product","link":"https:\/\/tramnghien.com\/en\/oh-series-horizontal-switch\/","title":{"rendered":"OH Series Horizontal Screening Machine"},"content":{"rendered":"<h3><strong>OH Series: Multi-purpose Horizontal Screening Machine<\/strong><\/h3>\n<p>OH Series Horizontal Screening Machine is designed for both stationary and mobile plant. It helps to keep loading height and traveling height to a minimum. It is widely used in various applications. In particular, OH Screening Machine is very effective in intermediate classification and final screening.<\/p>\n<h4><strong>Outstanding features of OH Series horizontal screening machine:<\/strong><\/h4>\n<ul>\n<li><strong>Space saving design<\/strong>: Compact screen reduces loading height. This is important for places with limited space.<\/li>\n<li><strong>High efficiency in many applications<\/strong>: The machine can handle a wide range of materials. It provides optimal performance for the screening process.<\/li>\n<li><strong>Variety of sieve sizes and types<\/strong>: The product line offers a variety of surface sizes and styles. Sizes range from a single 4&#039; x 8&#039; unit to a two 8&#039; x 20&#039; unit.<\/li>\n<li><strong>Easy to install and maintain<\/strong>: The machine&#039;s design allows for quick installation and easy maintenance. This reduces downtime and saves costs.<\/li>\n<\/ul>\n<h4><strong>Conclude<\/strong><\/h4>\n<p>The OH Series horizontal screen is the perfect solution for your business. With outstanding features and application flexibility, the OH Series meets your screening needs. Investing in an OH screen will help you improve your performance and achieve long-term success.<\/p>","protected":false},"excerpt":{"rendered":"<p><a href=\"https:\/\/tramnghien.com\/en\/terex-mps\/\">Terex MPS<\/a>\u00a0There are many mills and screens to suit almost every need, from coarse screening to dry or wet screening.<\/p>\n<p>We offer a wide range of products for you to choose from. All are renowned for their sturdy construction, home-oriented <a href=\"https:\/\/tramnghien.com\/en\/advantages-and-disadvantages-of-wastewater-treatment-technologies\/\"  data-wpil-monitor-id=\"31\">manufacture<\/a> professional aggregate<\/p>\n<table class=\"has-fixed-layout\">\n<tbody>\n<tr>\n<td>Working Dimensions<\/td>\n<td>4\u00d78&#039; to 8\u00d720&#039; 1 or 2 deck \/ 1219\u00d72438 to 2438\u00d76096 mm 1 or 2 deck<\/td>\n<\/tr>\n<\/tbody>\n<\/table>\n<p>&nbsp;<\/p>","protected":false},"featured_media":1372,"template":"","meta":[],"product_brand":[],"product_cat":[72,71],"product_tag":[81],"class_list":{"0":"post-1371","1":"product","2":"type-product","3":"status-publish","4":"has-post-thumbnail","6":"product_cat-may-nghien-sang-terex","7":"product_cat-may-sang-ngang","8":"product_tag-may-sang-ngang","10":"first","11":"instock","12":"shipping-taxable","13":"product-type-grouped"},"yoast_head":"<!-- This site is optimized with the Yoast SEO Premium plugin v24.6 (Yoast SEO v27.4) - https:\/\/yoast.com\/product\/yoast-seo-premium-wordpress\/ -->\n<title>M\u00e1y s\u00e0ng ngang OH Series - Nguy\u1ec5n Vinh - M\u00e1y nghi\u1ec1n \u0111\u00e1 &amp; C\u00e1t nh\u00e2n t\u1ea1o<\/title>\n<meta name=\"description\" content=\"M\u00e1y s\u00e0ng ngang OH Series \u0111\u01b0\u1ee3c thi\u1ebft k\u1ebf cho nh\u00e0 m\u00e1y t\u0129nh v\u00e0 di \u0111\u1ed9ng. \u0110\u1eb7c bi\u1ec7t, m\u00e1y s\u00e0ng OH r\u1ea5t hi\u1ec7u qu\u1ea3 trong ph\u00e2n lo\u1ea1i trung gian v\u00e0 s\u00e0ng l\u1ecdc ho\u00e0n thi\u1ec7n.\" \/>\n<meta name=\"robots\" content=\"index, follow, max-snippet:-1, max-image-preview:large, max-video-preview:-1\" \/>\n<link rel=\"canonical\" href=\"https:\/\/tramnghien.com\/en\/oh-series-horizontal-switch\/\" \/>\n<meta property=\"og:locale\" content=\"en_US\" \/>\n<meta property=\"og:type\" content=\"article\" \/>\n<meta property=\"og:title\" content=\"M\u00e1y s\u00e0ng ngang OH Series\" \/>\n<meta property=\"og:description\" content=\"M\u00e1y s\u00e0ng ngang OH Series \u0111\u01b0\u1ee3c thi\u1ebft k\u1ebf cho nh\u00e0 m\u00e1y t\u0129nh v\u00e0 di \u0111\u1ed9ng. \u0110\u1eb7c bi\u1ec7t, m\u00e1y s\u00e0ng OH r\u1ea5t hi\u1ec7u qu\u1ea3 trong ph\u00e2n lo\u1ea1i trung gian v\u00e0 s\u00e0ng l\u1ecdc ho\u00e0n thi\u1ec7n.\" \/>\n<meta property=\"og:url\" content=\"https:\/\/tramnghien.com\/en\/oh-series-horizontal-switch\/\" \/>\n<meta property=\"og:site_name\" content=\"Nguy\u1ec5n Vinh - M\u00e1y nghi\u1ec1n \u0111\u00e1 &amp; C\u00e1t nh\u00e2n t\u1ea1o\" \/>\n<meta property=\"article:modified_time\" content=\"2025-01-21T10:16:05+00:00\" \/>\n<meta property=\"og:image\" content=\"https:\/\/tramnghien.com\/wp-content\/uploads\/2024\/10\/simplicity_oh_series.webp\" \/>\n\t<meta property=\"og:image:width\" content=\"800\" \/>\n\t<meta property=\"og:image:height\" content=\"450\" \/>\n\t<meta property=\"og:image:type\" content=\"image\/webp\" \/>\n<meta name=\"twitter:card\" content=\"summary_large_image\" \/>\n<meta name=\"twitter:label1\" content=\"Availability\" \/>\n\t<meta name=\"twitter:data1\" content=\"In stock\" \/>\n<script type=\"application\/ld+json\" class=\"yoast-schema-graph\">{\"@context\":\"https:\\\/\\\/schema.org\",\"@graph\":[{\"@type\":\"WebPage\",\"@id\":\"https:\\\/\\\/tramnghien.com\\\/may-sang-ngang-oh-series\\\/\",\"url\":\"https:\\\/\\\/tramnghien.com\\\/may-sang-ngang-oh-series\\\/\",\"name\":\"M\u00e1y s\u00e0ng ngang OH Series - Nguy\u1ec5n Vinh - M\u00e1y nghi\u1ec1n \u0111\u00e1 &amp; C\u00e1t nh\u00e2n t\u1ea1o\",\"isPartOf\":{\"@id\":\"https:\\\/\\\/tramnghien.com\\\/#website\"},\"primaryImageOfPage\":{\"@id\":\"https:\\\/\\\/tramnghien.com\\\/may-sang-ngang-oh-series\\\/#primaryimage\"},\"image\":{\"@id\":\"https:\\\/\\\/tramnghien.com\\\/may-sang-ngang-oh-series\\\/#primaryimage\"},\"thumbnailUrl\":\"https:\\\/\\\/tramnghien.com\\\/wp-content\\\/uploads\\\/2024\\\/10\\\/simplicity_oh_series.webp\",\"datePublished\":\"2024-10-17T03:54:10+00:00\",\"dateModified\":\"2025-01-21T10:16:05+00:00\",\"description\":\"M\u00e1y s\u00e0ng ngang OH Series \u0111\u01b0\u1ee3c thi\u1ebft k\u1ebf cho nh\u00e0 m\u00e1y t\u0129nh v\u00e0 di \u0111\u1ed9ng. \u0110\u1eb7c bi\u1ec7t, m\u00e1y s\u00e0ng OH r\u1ea5t hi\u1ec7u qu\u1ea3 trong ph\u00e2n lo\u1ea1i trung gian v\u00e0 s\u00e0ng l\u1ecdc ho\u00e0n thi\u1ec7n.\",\"breadcrumb\":{\"@id\":\"https:\\\/\\\/tramnghien.com\\\/may-sang-ngang-oh-series\\\/#breadcrumb\"},\"inLanguage\":\"en-US\",\"potentialAction\":[{\"@type\":\"ReadAction\",\"target\":[\"https:\\\/\\\/tramnghien.com\\\/may-sang-ngang-oh-series\\\/\"]}]},{\"@type\":\"ImageObject\",\"inLanguage\":\"en-US\",\"@id\":\"https:\\\/\\\/tramnghien.com\\\/may-sang-ngang-oh-series\\\/#primaryimage\",\"url\":\"https:\\\/\\\/tramnghien.com\\\/wp-content\\\/uploads\\\/2024\\\/10\\\/simplicity_oh_series.webp\",\"contentUrl\":\"https:\\\/\\\/tramnghien.com\\\/wp-content\\\/uploads\\\/2024\\\/10\\\/simplicity_oh_series.webp\",\"width\":800,\"height\":450,\"caption\":\"M\u00e1y s\u00e0ng ngang OH Series\"},{\"@type\":\"BreadcrumbList\",\"@id\":\"https:\\\/\\\/tramnghien.com\\\/may-sang-ngang-oh-series\\\/#breadcrumb\",\"itemListElement\":[{\"@type\":\"ListItem\",\"position\":1,\"name\":\"Home\",\"item\":\"https:\\\/\\\/tramnghien.com\\\/\"},{\"@type\":\"ListItem\",\"position\":2,\"name\":\"S\u1ea3n ph\u1ea9m\",\"item\":\"https:\\\/\\\/tramnghien.com\\\/san-pham\\\/\"},{\"@type\":\"ListItem\",\"position\":3,\"name\":\"M\u00e1y s\u00e0ng ngang OH Series\"}]},{\"@type\":\"WebSite\",\"@id\":\"https:\\\/\\\/tramnghien.com\\\/#website\",\"url\":\"https:\\\/\\\/tramnghien.com\\\/\",\"name\":\"Nguy\u1ec5n Vinh - M\u00e1y nghi\u1ec1n \u0111\u00e1 &amp; C\u00e1t nh\u00e2n t\u1ea1o\",\"description\":\"D\u1eabn \u0111\u1ea7u c\u00f4ng ngh\u1ec7 m\u00e1y nghi\u1ec1n t\u1ea1i Vi\u1ec7t Nam\",\"potentialAction\":[{\"@type\":\"SearchAction\",\"target\":{\"@type\":\"EntryPoint\",\"urlTemplate\":\"https:\\\/\\\/tramnghien.com\\\/?s={search_term_string}\"},\"query-input\":{\"@type\":\"PropertyValueSpecification\",\"valueRequired\":true,\"valueName\":\"search_term_string\"}}],\"inLanguage\":\"en-US\"}]}<\/script>\n<meta property=\"og:availability\" content=\"instock\" \/>\n<meta property=\"product:availability\" content=\"instock\" \/>\n<meta property=\"product:condition\" content=\"new\" \/>\n<!-- \/ Yoast SEO Premium plugin. -->","yoast_head_json":{"title":"OH Series Horizontal Screening Machine - Nguyen Vinh - Stone Crusher &amp; Artificial Sand","description":"OH Series horizontal screening machine is designed for stationary and mobile plant. Especially, OH screening machine is very effective in intermediate classification and final screening.","robots":{"index":"index","follow":"follow","max-snippet":"max-snippet:-1","max-image-preview":"max-image-preview:large","max-video-preview":"max-video-preview:-1"},"canonical":"https:\/\/tramnghien.com\/en\/oh-series-horizontal-switch\/","og_locale":"en_US","og_type":"article","og_title":"M\u00e1y s\u00e0ng ngang OH Series","og_description":"M\u00e1y s\u00e0ng ngang OH Series \u0111\u01b0\u1ee3c thi\u1ebft k\u1ebf cho nh\u00e0 m\u00e1y t\u0129nh v\u00e0 di \u0111\u1ed9ng. \u0110\u1eb7c bi\u1ec7t, m\u00e1y s\u00e0ng OH r\u1ea5t hi\u1ec7u qu\u1ea3 trong ph\u00e2n lo\u1ea1i trung gian v\u00e0 s\u00e0ng l\u1ecdc ho\u00e0n thi\u1ec7n.","og_url":"https:\/\/tramnghien.com\/en\/oh-series-horizontal-switch\/","og_site_name":"Nguy\u1ec5n Vinh - M\u00e1y nghi\u1ec1n \u0111\u00e1 &amp; C\u00e1t nh\u00e2n t\u1ea1o","article_modified_time":"2025-01-21T10:16:05+00:00","og_image":[{"width":800,"height":450,"url":"https:\/\/tramnghien.com\/wp-content\/uploads\/2024\/10\/simplicity_oh_series.webp","type":"image\/webp"}],"twitter_card":"summary_large_image","twitter_misc":{"Availability":"In stock"},"schema":{"@context":"https:\/\/schema.org","@graph":[{"@type":"WebPage","@id":"https:\/\/tramnghien.com\/may-sang-ngang-oh-series\/","url":"https:\/\/tramnghien.com\/may-sang-ngang-oh-series\/","name":"OH Series Horizontal Screening Machine - Nguyen Vinh - Stone Crusher &amp; Artificial Sand","isPartOf":{"@id":"https:\/\/tramnghien.com\/#website"},"primaryImageOfPage":{"@id":"https:\/\/tramnghien.com\/may-sang-ngang-oh-series\/#primaryimage"},"image":{"@id":"https:\/\/tramnghien.com\/may-sang-ngang-oh-series\/#primaryimage"},"thumbnailUrl":"https:\/\/tramnghien.com\/wp-content\/uploads\/2024\/10\/simplicity_oh_series.webp","datePublished":"2024-10-17T03:54:10+00:00","dateModified":"2025-01-21T10:16:05+00:00","description":"OH Series horizontal screening machine is designed for stationary and mobile plant. Especially, OH screening machine is very effective in intermediate classification and final screening.","breadcrumb":{"@id":"https:\/\/tramnghien.com\/may-sang-ngang-oh-series\/#breadcrumb"},"inLanguage":"en-US","potentialAction":[{"@type":"ReadAction","target":["https:\/\/tramnghien.com\/may-sang-ngang-oh-series\/"]}]},{"@type":"ImageObject","inLanguage":"en-US","@id":"https:\/\/tramnghien.com\/may-sang-ngang-oh-series\/#primaryimage","url":"https:\/\/tramnghien.com\/wp-content\/uploads\/2024\/10\/simplicity_oh_series.webp","contentUrl":"https:\/\/tramnghien.com\/wp-content\/uploads\/2024\/10\/simplicity_oh_series.webp","width":800,"height":450,"caption":"M\u00e1y s\u00e0ng ngang OH Series"},{"@type":"BreadcrumbList","@id":"https:\/\/tramnghien.com\/may-sang-ngang-oh-series\/#breadcrumb","itemListElement":[{"@type":"ListItem","position":1,"name":"Home","item":"https:\/\/tramnghien.com\/"},{"@type":"ListItem","position":2,"name":"S\u1ea3n ph\u1ea9m","item":"https:\/\/tramnghien.com\/san-pham\/"},{"@type":"ListItem","position":3,"name":"M\u00e1y s\u00e0ng ngang OH Series"}]},{"@type":"WebSite","@id":"https:\/\/tramnghien.com\/#website","url":"https:\/\/tramnghien.com\/","name":"Nguyen Vinh - Stone Crusher &amp; Artificial Sand","description":"Leading crusher technology in Vietnam","potentialAction":[{"@type":"SearchAction","target":{"@type":"EntryPoint","urlTemplate":"https:\/\/tramnghien.com\/?s={search_term_string}"},"query-input":{"@type":"PropertyValueSpecification","valueRequired":true,"valueName":"search_term_string"}}],"inLanguage":"en-US"}]},"og_availability":"instock","product_availability":"instock","product_condition":"new"},"_links":{"self":[{"href":"https:\/\/tramnghien.com\/en\/wp-json\/wp\/v2\/product\/1371","targetHints":{"allow":["GET"]}}],"collection":[{"href":"https:\/\/tramnghien.com\/en\/wp-json\/wp\/v2\/product"}],"about":[{"href":"https:\/\/tramnghien.com\/en\/wp-json\/wp\/v2\/types\/product"}],"wp:featuredmedia":[{"embeddable":true,"href":"https:\/\/tramnghien.com\/en\/wp-json\/wp\/v2\/media\/1372"}],"wp:attachment":[{"href":"https:\/\/tramnghien.com\/en\/wp-json\/wp\/v2\/media?parent=1371"}],"wp:term":[{"taxonomy":"product_brand","embeddable":true,"href":"https:\/\/tramnghien.com\/en\/wp-json\/wp\/v2\/product_brand?post=1371"},{"taxonomy":"product_cat","embeddable":true,"href":"https:\/\/tramnghien.com\/en\/wp-json\/wp\/v2\/product_cat?post=1371"},{"taxonomy":"product_tag","embeddable":true,"href":"https:\/\/tramnghien.com\/en\/wp-json\/wp\/v2\/product_tag?post=1371"}],"curies":[{"name":"wp","href":"https:\/\/api.w.org\/{rel}","templated":true}]}}