{"id":1369,"date":"2024-10-17T03:52:32","date_gmt":"2024-10-17T03:52:32","guid":{"rendered":"https:\/\/tramnghien.com\/?post_type=product&#038;p=1369"},"modified":"2025-01-21T10:42:26","modified_gmt":"2025-01-21T10:42:26","slug":"es-series-horizontal-switch","status":"publish","type":"product","link":"https:\/\/tramnghien.com\/en\/es-series-horizontal-switch\/","title":{"rendered":"ES Series Horizontal Screening Machine"},"content":{"rendered":"<h3><strong>ES Series: Revolutionary Horizontal Screeners<\/strong><\/h3>\n<p>The ES Series horizontal screeners offer innovation in screening technology. They increase production and handle applications that traditional horizontal screens cannot handle. They combine the efficient El-Jay\u2122 oval stroke motion with adjustable tilt. This allows the machine to handle larger loads on the screen surface.<\/p>\n<h4><strong>Outstanding features of ES Series horizontal screening machine:<\/strong><\/h4>\n<ul>\n<li><strong>Superior durability<\/strong>: The new design uses more steel in the \u201crock zone\u201d. This ensures the machine operates durably and efficiently under harsh conditions.<\/li>\n<li><strong>Innovative features<\/strong>: The ES Series screeners feature many patent-pending features. These improvements enhance <a href=\"https:\/\/tramnghien.com\/en\/waste-treatment-in-artificial-sand-production\/\"  data-wpil-monitor-id=\"72\">manufacture<\/a> and performance.<\/li>\n<li><strong>Flexible adjustment capabilities<\/strong>: The machine has the ability to adjust up to 10\u00b0 in 2.5\u00b0 steps. This helps the user to optimize the device according to specific needs.<\/li>\n<li><strong>Increase efficiency<\/strong>: Optional bottom surface screens enhance screening performance. This ensures high quality output.<\/li>\n<\/ul>\n<h4><strong>Conclude<\/strong><\/h4>\n<p>ES Series horizontal screening machine is the first choice for enterprises in the industry. With many outstanding features and flexible processing capacity, ES Series meets diverse screening needs. Investing in ES screening machine is investing in sustainable development and long-term success.<\/p>","protected":false},"excerpt":{"rendered":"<p><a href=\"https:\/\/tramnghien.com\/en\/terex-mps\/\">Terex MPS<\/a>\u00a0There are many mills and screens to suit almost every need, from coarse screening to dry or wet screening.<\/p>\n<p>We offer a wide range of products for you to choose from. All are renowned for their sturdy construction, home-oriented <a href=\"https:\/\/tramnghien.com\/en\/advantages-and-disadvantages-of-wastewater-treatment-technologies\/\"  data-wpil-monitor-id=\"30\">manufacture<\/a> professional aggregate<\/p>\n<table class=\"has-fixed-layout\">\n<tbody>\n<tr>\n<td>Working Dimensions<\/td>\n<td>5\u00d716\u2033 to 8\u00d720\u2033 2 or 3 decks \/ 1524\u00d74880 to 2438\u00d76096 mm 2 or 3 decks<\/td>\n<\/tr>\n<\/tbody>\n<\/table>","protected":false},"featured_media":1370,"template":"","meta":[],"product_brand":[],"product_cat":[72,71],"product_tag":[81],"class_list":{"0":"post-1369","1":"product","2":"type-product","3":"status-publish","4":"has-post-thumbnail","6":"product_cat-may-nghien-sang-terex","7":"product_cat-may-sang-ngang","8":"product_tag-may-sang-ngang","10":"first","11":"instock","12":"shipping-taxable","13":"product-type-grouped"},"yoast_head":"<!-- This site is optimized with the Yoast SEO Premium plugin v24.6 (Yoast SEO v27.5) - https:\/\/yoast.com\/product\/yoast-seo-premium-wordpress\/ -->\n<title>M\u00e1y s\u00e0ng ngang ES Series - Nguy\u1ec5n Vinh - M\u00e1y nghi\u1ec1n \u0111\u00e1 &amp; C\u00e1t nh\u00e2n t\u1ea1o<\/title>\n<meta name=\"description\" content=\"D\u00f2ng m\u00e1y s\u00e0ng ngang ES Series t\u0103ng c\u01b0\u1eddng s\u1ea3n xu\u1ea5t, k\u1ebft h\u1ee3p chuy\u1ec3n \u0111\u1ed9ng oval stroke El-Jay\u2122 hi\u1ec7u qu\u1ea3 v\u1edbi \u0111\u1ed9 nghi\u00eang \u0111i\u1ec1u ch\u1ec9nh.\" \/>\n<meta name=\"robots\" content=\"index, follow, max-snippet:-1, max-image-preview:large, max-video-preview:-1\" \/>\n<link rel=\"canonical\" href=\"https:\/\/tramnghien.com\/en\/es-series-horizontal-switch\/\" \/>\n<meta property=\"og:locale\" content=\"en_US\" \/>\n<meta property=\"og:type\" content=\"article\" \/>\n<meta property=\"og:title\" content=\"M\u00e1y s\u00e0ng ngang ES Series\" \/>\n<meta property=\"og:description\" content=\"D\u00f2ng m\u00e1y s\u00e0ng ngang ES Series t\u0103ng c\u01b0\u1eddng s\u1ea3n xu\u1ea5t, k\u1ebft h\u1ee3p chuy\u1ec3n \u0111\u1ed9ng oval stroke El-Jay\u2122 hi\u1ec7u qu\u1ea3 v\u1edbi \u0111\u1ed9 nghi\u00eang \u0111i\u1ec1u ch\u1ec9nh.\" \/>\n<meta property=\"og:url\" content=\"https:\/\/tramnghien.com\/en\/es-series-horizontal-switch\/\" \/>\n<meta property=\"og:site_name\" content=\"Nguy\u1ec5n Vinh - M\u00e1y nghi\u1ec1n \u0111\u00e1 &amp; C\u00e1t nh\u00e2n t\u1ea1o\" \/>\n<meta property=\"article:modified_time\" content=\"2025-01-21T10:42:26+00:00\" \/>\n<meta property=\"og:image\" content=\"https:\/\/tramnghien.com\/wp-content\/uploads\/2024\/10\/simplicity_es_series.webp\" \/>\n\t<meta property=\"og:image:width\" content=\"800\" \/>\n\t<meta property=\"og:image:height\" content=\"450\" \/>\n\t<meta property=\"og:image:type\" content=\"image\/webp\" \/>\n<meta name=\"twitter:card\" content=\"summary_large_image\" \/>\n<meta name=\"twitter:label1\" content=\"Availability\" \/>\n\t<meta name=\"twitter:data1\" content=\"In stock\" \/>\n<script type=\"application\/ld+json\" class=\"yoast-schema-graph\">{\"@context\":\"https:\\\/\\\/schema.org\",\"@graph\":[{\"@type\":\"WebPage\",\"@id\":\"https:\\\/\\\/tramnghien.com\\\/may-sang-ngang-es-series\\\/\",\"url\":\"https:\\\/\\\/tramnghien.com\\\/may-sang-ngang-es-series\\\/\",\"name\":\"M\u00e1y s\u00e0ng ngang ES Series - Nguy\u1ec5n Vinh - M\u00e1y nghi\u1ec1n \u0111\u00e1 &amp; C\u00e1t nh\u00e2n t\u1ea1o\",\"isPartOf\":{\"@id\":\"https:\\\/\\\/tramnghien.com\\\/#website\"},\"primaryImageOfPage\":{\"@id\":\"https:\\\/\\\/tramnghien.com\\\/may-sang-ngang-es-series\\\/#primaryimage\"},\"image\":{\"@id\":\"https:\\\/\\\/tramnghien.com\\\/may-sang-ngang-es-series\\\/#primaryimage\"},\"thumbnailUrl\":\"https:\\\/\\\/tramnghien.com\\\/wp-content\\\/uploads\\\/2024\\\/10\\\/simplicity_es_series.webp\",\"datePublished\":\"2024-10-17T03:52:32+00:00\",\"dateModified\":\"2025-01-21T10:42:26+00:00\",\"description\":\"D\u00f2ng m\u00e1y s\u00e0ng ngang ES Series t\u0103ng c\u01b0\u1eddng s\u1ea3n xu\u1ea5t, k\u1ebft h\u1ee3p chuy\u1ec3n \u0111\u1ed9ng oval stroke El-Jay\u2122 hi\u1ec7u qu\u1ea3 v\u1edbi \u0111\u1ed9 nghi\u00eang \u0111i\u1ec1u ch\u1ec9nh.\",\"breadcrumb\":{\"@id\":\"https:\\\/\\\/tramnghien.com\\\/may-sang-ngang-es-series\\\/#breadcrumb\"},\"inLanguage\":\"en-US\",\"potentialAction\":[{\"@type\":\"ReadAction\",\"target\":[\"https:\\\/\\\/tramnghien.com\\\/may-sang-ngang-es-series\\\/\"]}]},{\"@type\":\"ImageObject\",\"inLanguage\":\"en-US\",\"@id\":\"https:\\\/\\\/tramnghien.com\\\/may-sang-ngang-es-series\\\/#primaryimage\",\"url\":\"https:\\\/\\\/tramnghien.com\\\/wp-content\\\/uploads\\\/2024\\\/10\\\/simplicity_es_series.webp\",\"contentUrl\":\"https:\\\/\\\/tramnghien.com\\\/wp-content\\\/uploads\\\/2024\\\/10\\\/simplicity_es_series.webp\",\"width\":800,\"height\":450,\"caption\":\"M\u00e1y s\u00e0ng ngang ES Series\"},{\"@type\":\"BreadcrumbList\",\"@id\":\"https:\\\/\\\/tramnghien.com\\\/may-sang-ngang-es-series\\\/#breadcrumb\",\"itemListElement\":[{\"@type\":\"ListItem\",\"position\":1,\"name\":\"Home\",\"item\":\"https:\\\/\\\/tramnghien.com\\\/\"},{\"@type\":\"ListItem\",\"position\":2,\"name\":\"S\u1ea3n ph\u1ea9m\",\"item\":\"https:\\\/\\\/tramnghien.com\\\/san-pham\\\/\"},{\"@type\":\"ListItem\",\"position\":3,\"name\":\"M\u00e1y s\u00e0ng ngang ES Series\"}]},{\"@type\":\"WebSite\",\"@id\":\"https:\\\/\\\/tramnghien.com\\\/#website\",\"url\":\"https:\\\/\\\/tramnghien.com\\\/\",\"name\":\"Nguy\u1ec5n Vinh - M\u00e1y nghi\u1ec1n \u0111\u00e1 &amp; C\u00e1t nh\u00e2n t\u1ea1o\",\"description\":\"D\u1eabn \u0111\u1ea7u c\u00f4ng ngh\u1ec7 m\u00e1y nghi\u1ec1n t\u1ea1i Vi\u1ec7t Nam\",\"potentialAction\":[{\"@type\":\"SearchAction\",\"target\":{\"@type\":\"EntryPoint\",\"urlTemplate\":\"https:\\\/\\\/tramnghien.com\\\/?s={search_term_string}\"},\"query-input\":{\"@type\":\"PropertyValueSpecification\",\"valueRequired\":true,\"valueName\":\"search_term_string\"}}],\"inLanguage\":\"en-US\"}]}<\/script>\n<meta property=\"og:availability\" content=\"instock\" \/>\n<meta property=\"product:availability\" content=\"instock\" \/>\n<meta property=\"product:condition\" content=\"new\" \/>\n<!-- \/ Yoast SEO Premium plugin. -->","yoast_head_json":{"title":"ES Series Horizontal Screen - Nguyen Vinh - Stone Crusher &amp; Artificial Sand","description":"The ES Series horizontal screeners increase production, combining efficient El-Jay\u2122 oval stroke motion with adjustable tilt.","robots":{"index":"index","follow":"follow","max-snippet":"max-snippet:-1","max-image-preview":"max-image-preview:large","max-video-preview":"max-video-preview:-1"},"canonical":"https:\/\/tramnghien.com\/en\/es-series-horizontal-switch\/","og_locale":"en_US","og_type":"article","og_title":"M\u00e1y s\u00e0ng ngang ES Series","og_description":"D\u00f2ng m\u00e1y s\u00e0ng ngang ES Series t\u0103ng c\u01b0\u1eddng s\u1ea3n xu\u1ea5t, k\u1ebft h\u1ee3p chuy\u1ec3n \u0111\u1ed9ng oval stroke El-Jay\u2122 hi\u1ec7u qu\u1ea3 v\u1edbi \u0111\u1ed9 nghi\u00eang \u0111i\u1ec1u ch\u1ec9nh.","og_url":"https:\/\/tramnghien.com\/en\/es-series-horizontal-switch\/","og_site_name":"Nguy\u1ec5n Vinh - M\u00e1y nghi\u1ec1n \u0111\u00e1 &amp; C\u00e1t nh\u00e2n t\u1ea1o","article_modified_time":"2025-01-21T10:42:26+00:00","og_image":[{"width":800,"height":450,"url":"https:\/\/tramnghien.com\/wp-content\/uploads\/2024\/10\/simplicity_es_series.webp","type":"image\/webp"}],"twitter_card":"summary_large_image","twitter_misc":{"Availability":"In stock"},"schema":{"@context":"https:\/\/schema.org","@graph":[{"@type":"WebPage","@id":"https:\/\/tramnghien.com\/may-sang-ngang-es-series\/","url":"https:\/\/tramnghien.com\/may-sang-ngang-es-series\/","name":"ES Series Horizontal Screen - Nguyen Vinh - Stone Crusher &amp; Artificial Sand","isPartOf":{"@id":"https:\/\/tramnghien.com\/#website"},"primaryImageOfPage":{"@id":"https:\/\/tramnghien.com\/may-sang-ngang-es-series\/#primaryimage"},"image":{"@id":"https:\/\/tramnghien.com\/may-sang-ngang-es-series\/#primaryimage"},"thumbnailUrl":"https:\/\/tramnghien.com\/wp-content\/uploads\/2024\/10\/simplicity_es_series.webp","datePublished":"2024-10-17T03:52:32+00:00","dateModified":"2025-01-21T10:42:26+00:00","description":"The ES Series horizontal screeners increase production, combining efficient El-Jay\u2122 oval stroke motion with adjustable tilt.","breadcrumb":{"@id":"https:\/\/tramnghien.com\/may-sang-ngang-es-series\/#breadcrumb"},"inLanguage":"en-US","potentialAction":[{"@type":"ReadAction","target":["https:\/\/tramnghien.com\/may-sang-ngang-es-series\/"]}]},{"@type":"ImageObject","inLanguage":"en-US","@id":"https:\/\/tramnghien.com\/may-sang-ngang-es-series\/#primaryimage","url":"https:\/\/tramnghien.com\/wp-content\/uploads\/2024\/10\/simplicity_es_series.webp","contentUrl":"https:\/\/tramnghien.com\/wp-content\/uploads\/2024\/10\/simplicity_es_series.webp","width":800,"height":450,"caption":"M\u00e1y s\u00e0ng ngang ES Series"},{"@type":"BreadcrumbList","@id":"https:\/\/tramnghien.com\/may-sang-ngang-es-series\/#breadcrumb","itemListElement":[{"@type":"ListItem","position":1,"name":"Home","item":"https:\/\/tramnghien.com\/"},{"@type":"ListItem","position":2,"name":"S\u1ea3n ph\u1ea9m","item":"https:\/\/tramnghien.com\/san-pham\/"},{"@type":"ListItem","position":3,"name":"M\u00e1y s\u00e0ng ngang ES Series"}]},{"@type":"WebSite","@id":"https:\/\/tramnghien.com\/#website","url":"https:\/\/tramnghien.com\/","name":"Nguyen Vinh - Stone Crusher &amp; Artificial Sand","description":"Leading crusher technology in Vietnam","potentialAction":[{"@type":"SearchAction","target":{"@type":"EntryPoint","urlTemplate":"https:\/\/tramnghien.com\/?s={search_term_string}"},"query-input":{"@type":"PropertyValueSpecification","valueRequired":true,"valueName":"search_term_string"}}],"inLanguage":"en-US"}]},"og_availability":"instock","product_availability":"instock","product_condition":"new"},"_links":{"self":[{"href":"https:\/\/tramnghien.com\/en\/wp-json\/wp\/v2\/product\/1369","targetHints":{"allow":["GET"]}}],"collection":[{"href":"https:\/\/tramnghien.com\/en\/wp-json\/wp\/v2\/product"}],"about":[{"href":"https:\/\/tramnghien.com\/en\/wp-json\/wp\/v2\/types\/product"}],"wp:featuredmedia":[{"embeddable":true,"href":"https:\/\/tramnghien.com\/en\/wp-json\/wp\/v2\/media\/1370"}],"wp:attachment":[{"href":"https:\/\/tramnghien.com\/en\/wp-json\/wp\/v2\/media?parent=1369"}],"wp:term":[{"taxonomy":"product_brand","embeddable":true,"href":"https:\/\/tramnghien.com\/en\/wp-json\/wp\/v2\/product_brand?post=1369"},{"taxonomy":"product_cat","embeddable":true,"href":"https:\/\/tramnghien.com\/en\/wp-json\/wp\/v2\/product_cat?post=1369"},{"taxonomy":"product_tag","embeddable":true,"href":"https:\/\/tramnghien.com\/en\/wp-json\/wp\/v2\/product_tag?post=1369"}],"curies":[{"name":"wp","href":"https:\/\/api.w.org\/{rel}","templated":true}]}}