{"id":1366,"date":"2024-10-17T03:47:47","date_gmt":"2024-10-17T03:47:47","guid":{"rendered":"https:\/\/tramnghien.com\/?post_type=product&#038;p=1366"},"modified":"2025-01-21T10:15:57","modified_gmt":"2025-01-21T10:15:57","slug":"fb-series-horizontal-switch","status":"publish","type":"product","link":"https:\/\/tramnghien.com\/en\/fb-series-horizontal-switch\/","title":{"rendered":"FB Series Horizontal Screening Machine"},"content":{"rendered":"<div class=\"flex max-w-full flex-col flex-grow\">\n<div class=\"min-h-8 text-message flex w-full flex-col items-end gap-2 whitespace-normal break-words [.text-message+&amp;]:mt-5\" dir=\"auto\" data-message-author-role=\"assistant\" data-message-id=\"71c26fff-a5c0-4854-a152-8f402b66c8cf\" data-message-model-slug=\"gpt-4o\">\n<div class=\"flex w-full flex-col gap-1 empty:hidden first:pt-[3px]\">\n<div class=\"markdown prose w-full break-words dark:prose-invert dark\">\n<h3><strong>D\u00f2ng s\u1ea3n ph\u1ea9m FB: M\u00e0n h\u00ecnh dao \u0111\u1ed9ng b\u1ed1n \u1ed5 bi<\/strong><\/h3>\n<p>M\u00e1y s\u00e0ng ngang FB Series s\u1eed d\u1ee5ng c\u00f4ng ngh\u1ec7 b\u1ed1n \u1ed5 bi Simplicity\u00ae. K\u1ebft h\u1ee3p v\u1edbi tr\u1ee5c l\u1ec7ch t\u00e2m c\u00e2n b\u1eb1ng. Thi\u1ebft k\u1ebf n\u00e0y gi\u00fap t\u1ea1o chuy\u1ec3n \u0111\u1ed9ng d\u01b0\u01a1ng m\u01b0\u1ee3t m\u00e0, \u0111\u1ea3m b\u1ea3o khung v\u00e0 c\u1ea5u tr\u00fac t\u1ea7ng lu\u00f4n ho\u1ea1t \u0111\u1ed9ng \u1ed5n \u0111\u1ecbnh.<\/p>\n<h4><strong>\u0110\u1eb7c \u0111i\u1ec3m n\u1ed5i b\u1eadt c\u1ee7a m\u00e1y s\u00e0ng ngang FB Series:<\/strong><\/h4>\n<ul>\n<li><strong>Tr\u1ee5c c\u00e2n b\u1eb1ng ch\u00ednh x\u00e1c<\/strong>: Tr\u1ee5c \u0111\u01b0\u1ee3c gia c\u00f4ng ch\u00ednh x\u00e1c nh\u1eb1m cung c\u1ea5p \u0111\u1ed9 c\u00e2n b\u1eb1ng tuy\u1ec7t \u0111\u1ed1i. \u0110i\u1ec1u n\u00e0y gi\u00fap m\u00e1y \u0111\u1ea1t hi\u1ec7u su\u1ea5t cao v\u00e0 gi\u1ea3m thi\u1ec3u rung l\u1eafc khi v\u1eadn h\u00e0nh.<\/li>\n<li><strong>Linh ho\u1ea1t trong l\u1eafp \u0111\u1eb7t<\/strong>: M\u00e1y c\u00f3 th\u1ec3 l\u1eafp \u0111\u1eb7t theo hai ph\u01b0\u01a1ng ph\u00e1p, ho\u1eb7c l\u00e0 h\u1ed7 tr\u1ee3 t\u1eeb khung b\u00ean d\u01b0\u1edbi, ho\u1eb7c treo b\u1eb1ng c\u00e1c thanh\/c\u00e1p. C\u00e1ch l\u1eafp \u0111\u1eb7t linh ho\u1ea1t n\u00e0y ph\u00f9 h\u1ee3p v\u1edbi nhi\u1ec1u c\u1ea5u tr\u00fac nh\u00e0 m\u00e1y.<\/li>\n<li><strong>Hi\u1ec7u qu\u1ea3 rung gi\u1ea3m t\u1ed1i \u01b0u<\/strong>: Tr\u1ee5c c\u00e2n b\u1eb1ng duy tr\u00ec hi\u1ec7u qu\u1ea3 ho\u1ea1t \u0111\u1ed9ng t\u1ed1i \u0111a. \u0110\u1ed3ng th\u1eddi, m\u00e1y gi\u1ea3m \u0111\u00e1ng k\u1ec3 s\u1ef1 truy\u1ec1n rung \u0111\u1ed9ng \u0111\u1ebfn c\u00e1c c\u1ea5u tr\u00fac h\u1ed7 tr\u1ee3 xung quanh.<\/li>\n<\/ul>\n<h4><strong>K\u1ebft lu\u1eadn<\/strong><\/h4>\n<p>M\u00e0n h\u00ecnh dao \u0111\u1ed9ng FB Series l\u00e0 gi\u1ea3i ph\u00e1p l\u00fd t\u01b0\u1edfng cho doanh nghi\u1ec7p c\u1ea7n s\u00e0ng l\u1ecdc ch\u1ea5t l\u01b0\u1ee3ng cao v\u00e0 \u0111\u1ed9 \u1ed5n \u0111\u1ecbnh. V\u1edbi thi\u1ebft k\u1ebf tr\u1ee5c c\u00e2n b\u1eb1ng v\u00e0 linh ho\u1ea1t trong l\u1eafp \u0111\u1eb7t. FB Series mang l\u1ea1i hi\u1ec7u su\u1ea5t t\u1ed1i \u01b0u, \u0111\u1ed3ng th\u1eddi gi\u1ea3m thi\u1ec3u rung \u0111\u1ed9ng \u0111\u1ebfn m\u00f4i tr\u01b0\u1eddng xung quanh.<\/p>\n<\/div>\n<\/div>\n<\/div>\n<\/div>\n","protected":false},"excerpt":{"rendered":"<p style=\"text-align: justify;\"><a href=\"https:\/\/tramnghien.com\/en\/terex-mps\/\">Terex MPS<\/a>\u00a0There are many mills and screens to suit almost every need, from coarse screening to dry or wet screening.<\/p>\n<p style=\"text-align: justify;\">We offer a wide range of products for you to choose from. All are renowned for their sturdy construction, home-oriented <a href=\"https:\/\/tramnghien.com\/en\/advantages-and-disadvantages-of-wastewater-treatment-technologies\/\"  data-wpil-monitor-id=\"29\">manufacture<\/a> professional aggregate<\/p>\n<table class=\"has-fixed-layout\">\n<tbody>\n<tr>\n<td>Working Dimensions<\/td>\n<td>3\u00d76&#039; to 8\u00d720&#039; 1, 2 or 3 decks \/ 914\u00d71828 to 2438\u00d76096 mm 1, 2 or 3 decks<\/td>\n<\/tr>\n<\/tbody>\n<\/table>\n<p>&nbsp;<\/p>","protected":false},"featured_media":1367,"template":"","meta":[],"product_brand":[],"product_cat":[72,71],"product_tag":[81],"class_list":{"0":"post-1366","1":"product","2":"type-product","3":"status-publish","4":"has-post-thumbnail","6":"product_cat-may-nghien-sang-terex","7":"product_cat-may-sang-ngang","8":"product_tag-may-sang-ngang","10":"first","11":"instock","12":"shipping-taxable","13":"product-type-grouped"},"yoast_head":"<!-- This site is optimized with the Yoast SEO Premium plugin v24.6 (Yoast SEO v27.4) - https:\/\/yoast.com\/product\/yoast-seo-premium-wordpress\/ -->\n<title>M\u00e1y s\u00e0ng ngang FB Series - Nguy\u1ec5n Vinh - M\u00e1y nghi\u1ec1n \u0111\u00e1 &amp; C\u00e1t nh\u00e2n t\u1ea1o<\/title>\n<meta name=\"description\" content=\"M\u00e1y s\u00e0ng ngang FB s\u1eed d\u1ee5ng c\u00f4ng ngh\u1ec7 b\u1ed1n \u1ed5 bi Simplicity\u00ae, k\u1ebft h\u1ee3p v\u1edbi tr\u1ee5c l\u1ec7ch t\u00e2m c\u00e2n b\u1eb1ng, t\u1ea1o chuy\u1ec3n \u0111\u1ed9ng d\u01b0\u01a1ng m\u01b0\u1ee3t m\u00e0, \u0111\u1ea3m b\u1ea3o lu\u00f4n ho\u1ea1t \u0111\u1ed9ng \u1ed5n \u0111\u1ecbnh.\" \/>\n<meta name=\"robots\" content=\"index, follow, max-snippet:-1, max-image-preview:large, max-video-preview:-1\" \/>\n<link rel=\"canonical\" href=\"https:\/\/tramnghien.com\/en\/fb-series-horizontal-switch\/\" \/>\n<meta property=\"og:locale\" content=\"en_US\" \/>\n<meta property=\"og:type\" content=\"article\" \/>\n<meta property=\"og:title\" content=\"M\u00e1y s\u00e0ng ngang FB Series\" \/>\n<meta property=\"og:description\" content=\"M\u00e1y s\u00e0ng ngang FB s\u1eed d\u1ee5ng c\u00f4ng ngh\u1ec7 b\u1ed1n \u1ed5 bi Simplicity\u00ae, k\u1ebft h\u1ee3p v\u1edbi tr\u1ee5c l\u1ec7ch t\u00e2m c\u00e2n b\u1eb1ng, t\u1ea1o chuy\u1ec3n \u0111\u1ed9ng d\u01b0\u01a1ng m\u01b0\u1ee3t m\u00e0, \u0111\u1ea3m b\u1ea3o lu\u00f4n ho\u1ea1t \u0111\u1ed9ng \u1ed5n \u0111\u1ecbnh.\" \/>\n<meta property=\"og:url\" content=\"https:\/\/tramnghien.com\/en\/fb-series-horizontal-switch\/\" \/>\n<meta property=\"og:site_name\" content=\"Nguy\u1ec5n Vinh - M\u00e1y nghi\u1ec1n \u0111\u00e1 &amp; C\u00e1t nh\u00e2n t\u1ea1o\" \/>\n<meta property=\"article:modified_time\" content=\"2025-01-21T10:15:57+00:00\" \/>\n<meta property=\"og:image\" content=\"https:\/\/tramnghien.com\/wp-content\/uploads\/2024\/10\/simplicity_fb_series.webp\" \/>\n\t<meta property=\"og:image:width\" content=\"800\" \/>\n\t<meta property=\"og:image:height\" content=\"450\" \/>\n\t<meta property=\"og:image:type\" content=\"image\/webp\" \/>\n<meta name=\"twitter:card\" content=\"summary_large_image\" \/>\n<meta name=\"twitter:label1\" content=\"Availability\" \/>\n\t<meta name=\"twitter:data1\" content=\"In stock\" \/>\n<script type=\"application\/ld+json\" class=\"yoast-schema-graph\">{\"@context\":\"https:\\\/\\\/schema.org\",\"@graph\":[{\"@type\":\"WebPage\",\"@id\":\"https:\\\/\\\/tramnghien.com\\\/may-sang-ngang-fb-series\\\/\",\"url\":\"https:\\\/\\\/tramnghien.com\\\/may-sang-ngang-fb-series\\\/\",\"name\":\"M\u00e1y s\u00e0ng ngang FB Series - Nguy\u1ec5n Vinh - M\u00e1y nghi\u1ec1n \u0111\u00e1 &amp; C\u00e1t nh\u00e2n t\u1ea1o\",\"isPartOf\":{\"@id\":\"https:\\\/\\\/tramnghien.com\\\/#website\"},\"primaryImageOfPage\":{\"@id\":\"https:\\\/\\\/tramnghien.com\\\/may-sang-ngang-fb-series\\\/#primaryimage\"},\"image\":{\"@id\":\"https:\\\/\\\/tramnghien.com\\\/may-sang-ngang-fb-series\\\/#primaryimage\"},\"thumbnailUrl\":\"https:\\\/\\\/tramnghien.com\\\/wp-content\\\/uploads\\\/2024\\\/10\\\/simplicity_fb_series.webp\",\"datePublished\":\"2024-10-17T03:47:47+00:00\",\"dateModified\":\"2025-01-21T10:15:57+00:00\",\"description\":\"M\u00e1y s\u00e0ng ngang FB s\u1eed d\u1ee5ng c\u00f4ng ngh\u1ec7 b\u1ed1n \u1ed5 bi Simplicity\u00ae, k\u1ebft h\u1ee3p v\u1edbi tr\u1ee5c l\u1ec7ch t\u00e2m c\u00e2n b\u1eb1ng, t\u1ea1o chuy\u1ec3n \u0111\u1ed9ng d\u01b0\u01a1ng m\u01b0\u1ee3t m\u00e0, \u0111\u1ea3m b\u1ea3o lu\u00f4n ho\u1ea1t \u0111\u1ed9ng \u1ed5n \u0111\u1ecbnh.\",\"breadcrumb\":{\"@id\":\"https:\\\/\\\/tramnghien.com\\\/may-sang-ngang-fb-series\\\/#breadcrumb\"},\"inLanguage\":\"en-US\",\"potentialAction\":[{\"@type\":\"ReadAction\",\"target\":[\"https:\\\/\\\/tramnghien.com\\\/may-sang-ngang-fb-series\\\/\"]}]},{\"@type\":\"ImageObject\",\"inLanguage\":\"en-US\",\"@id\":\"https:\\\/\\\/tramnghien.com\\\/may-sang-ngang-fb-series\\\/#primaryimage\",\"url\":\"https:\\\/\\\/tramnghien.com\\\/wp-content\\\/uploads\\\/2024\\\/10\\\/simplicity_fb_series.webp\",\"contentUrl\":\"https:\\\/\\\/tramnghien.com\\\/wp-content\\\/uploads\\\/2024\\\/10\\\/simplicity_fb_series.webp\",\"width\":800,\"height\":450,\"caption\":\"M\u00e1y s\u00e0ng ngang FB\"},{\"@type\":\"BreadcrumbList\",\"@id\":\"https:\\\/\\\/tramnghien.com\\\/may-sang-ngang-fb-series\\\/#breadcrumb\",\"itemListElement\":[{\"@type\":\"ListItem\",\"position\":1,\"name\":\"Home\",\"item\":\"https:\\\/\\\/tramnghien.com\\\/\"},{\"@type\":\"ListItem\",\"position\":2,\"name\":\"S\u1ea3n ph\u1ea9m\",\"item\":\"https:\\\/\\\/tramnghien.com\\\/san-pham\\\/\"},{\"@type\":\"ListItem\",\"position\":3,\"name\":\"M\u00e1y s\u00e0ng ngang FB Series\"}]},{\"@type\":\"WebSite\",\"@id\":\"https:\\\/\\\/tramnghien.com\\\/#website\",\"url\":\"https:\\\/\\\/tramnghien.com\\\/\",\"name\":\"Nguy\u1ec5n Vinh - M\u00e1y nghi\u1ec1n \u0111\u00e1 &amp; C\u00e1t nh\u00e2n t\u1ea1o\",\"description\":\"D\u1eabn \u0111\u1ea7u c\u00f4ng ngh\u1ec7 m\u00e1y nghi\u1ec1n t\u1ea1i Vi\u1ec7t Nam\",\"potentialAction\":[{\"@type\":\"SearchAction\",\"target\":{\"@type\":\"EntryPoint\",\"urlTemplate\":\"https:\\\/\\\/tramnghien.com\\\/?s={search_term_string}\"},\"query-input\":{\"@type\":\"PropertyValueSpecification\",\"valueRequired\":true,\"valueName\":\"search_term_string\"}}],\"inLanguage\":\"en-US\"}]}<\/script>\n<meta property=\"og:availability\" content=\"instock\" \/>\n<meta property=\"product:availability\" content=\"instock\" \/>\n<meta property=\"product:condition\" content=\"new\" \/>\n<!-- \/ Yoast SEO Premium plugin. -->","yoast_head_json":{"title":"FB Series Horizontal Screen - Nguyen Vinh - Stone Crusher &amp; Artificial Sand","description":"The FB horizontal screener uses Simplicity\u00ae four-bearing technology, combined with a balanced eccentric shaft, creating smooth positive motion, ensuring stable operation at all times.","robots":{"index":"index","follow":"follow","max-snippet":"max-snippet:-1","max-image-preview":"max-image-preview:large","max-video-preview":"max-video-preview:-1"},"canonical":"https:\/\/tramnghien.com\/en\/fb-series-horizontal-switch\/","og_locale":"en_US","og_type":"article","og_title":"M\u00e1y s\u00e0ng ngang FB Series","og_description":"M\u00e1y s\u00e0ng ngang FB s\u1eed d\u1ee5ng c\u00f4ng ngh\u1ec7 b\u1ed1n \u1ed5 bi Simplicity\u00ae, k\u1ebft h\u1ee3p v\u1edbi tr\u1ee5c l\u1ec7ch t\u00e2m c\u00e2n b\u1eb1ng, t\u1ea1o chuy\u1ec3n \u0111\u1ed9ng d\u01b0\u01a1ng m\u01b0\u1ee3t m\u00e0, \u0111\u1ea3m b\u1ea3o lu\u00f4n ho\u1ea1t \u0111\u1ed9ng \u1ed5n \u0111\u1ecbnh.","og_url":"https:\/\/tramnghien.com\/en\/fb-series-horizontal-switch\/","og_site_name":"Nguy\u1ec5n Vinh - M\u00e1y nghi\u1ec1n \u0111\u00e1 &amp; C\u00e1t nh\u00e2n t\u1ea1o","article_modified_time":"2025-01-21T10:15:57+00:00","og_image":[{"width":800,"height":450,"url":"https:\/\/tramnghien.com\/wp-content\/uploads\/2024\/10\/simplicity_fb_series.webp","type":"image\/webp"}],"twitter_card":"summary_large_image","twitter_misc":{"Availability":"In stock"},"schema":{"@context":"https:\/\/schema.org","@graph":[{"@type":"WebPage","@id":"https:\/\/tramnghien.com\/may-sang-ngang-fb-series\/","url":"https:\/\/tramnghien.com\/may-sang-ngang-fb-series\/","name":"FB Series Horizontal Screen - Nguyen Vinh - Stone Crusher &amp; Artificial Sand","isPartOf":{"@id":"https:\/\/tramnghien.com\/#website"},"primaryImageOfPage":{"@id":"https:\/\/tramnghien.com\/may-sang-ngang-fb-series\/#primaryimage"},"image":{"@id":"https:\/\/tramnghien.com\/may-sang-ngang-fb-series\/#primaryimage"},"thumbnailUrl":"https:\/\/tramnghien.com\/wp-content\/uploads\/2024\/10\/simplicity_fb_series.webp","datePublished":"2024-10-17T03:47:47+00:00","dateModified":"2025-01-21T10:15:57+00:00","description":"The FB horizontal screener uses Simplicity\u00ae four-bearing technology, combined with a balanced eccentric shaft, creating smooth positive motion, ensuring stable operation at all times.","breadcrumb":{"@id":"https:\/\/tramnghien.com\/may-sang-ngang-fb-series\/#breadcrumb"},"inLanguage":"en-US","potentialAction":[{"@type":"ReadAction","target":["https:\/\/tramnghien.com\/may-sang-ngang-fb-series\/"]}]},{"@type":"ImageObject","inLanguage":"en-US","@id":"https:\/\/tramnghien.com\/may-sang-ngang-fb-series\/#primaryimage","url":"https:\/\/tramnghien.com\/wp-content\/uploads\/2024\/10\/simplicity_fb_series.webp","contentUrl":"https:\/\/tramnghien.com\/wp-content\/uploads\/2024\/10\/simplicity_fb_series.webp","width":800,"height":450,"caption":"M\u00e1y s\u00e0ng ngang FB"},{"@type":"BreadcrumbList","@id":"https:\/\/tramnghien.com\/may-sang-ngang-fb-series\/#breadcrumb","itemListElement":[{"@type":"ListItem","position":1,"name":"Home","item":"https:\/\/tramnghien.com\/"},{"@type":"ListItem","position":2,"name":"S\u1ea3n ph\u1ea9m","item":"https:\/\/tramnghien.com\/san-pham\/"},{"@type":"ListItem","position":3,"name":"M\u00e1y s\u00e0ng ngang FB Series"}]},{"@type":"WebSite","@id":"https:\/\/tramnghien.com\/#website","url":"https:\/\/tramnghien.com\/","name":"Nguyen Vinh - Stone Crusher &amp; Artificial Sand","description":"Leading crusher technology in Vietnam","potentialAction":[{"@type":"SearchAction","target":{"@type":"EntryPoint","urlTemplate":"https:\/\/tramnghien.com\/?s={search_term_string}"},"query-input":{"@type":"PropertyValueSpecification","valueRequired":true,"valueName":"search_term_string"}}],"inLanguage":"en-US"}]},"og_availability":"instock","product_availability":"instock","product_condition":"new"},"_links":{"self":[{"href":"https:\/\/tramnghien.com\/en\/wp-json\/wp\/v2\/product\/1366","targetHints":{"allow":["GET"]}}],"collection":[{"href":"https:\/\/tramnghien.com\/en\/wp-json\/wp\/v2\/product"}],"about":[{"href":"https:\/\/tramnghien.com\/en\/wp-json\/wp\/v2\/types\/product"}],"wp:featuredmedia":[{"embeddable":true,"href":"https:\/\/tramnghien.com\/en\/wp-json\/wp\/v2\/media\/1367"}],"wp:attachment":[{"href":"https:\/\/tramnghien.com\/en\/wp-json\/wp\/v2\/media?parent=1366"}],"wp:term":[{"taxonomy":"product_brand","embeddable":true,"href":"https:\/\/tramnghien.com\/en\/wp-json\/wp\/v2\/product_brand?post=1366"},{"taxonomy":"product_cat","embeddable":true,"href":"https:\/\/tramnghien.com\/en\/wp-json\/wp\/v2\/product_cat?post=1366"},{"taxonomy":"product_tag","embeddable":true,"href":"https:\/\/tramnghien.com\/en\/wp-json\/wp\/v2\/product_tag?post=1366"}],"curies":[{"name":"wp","href":"https:\/\/api.w.org\/{rel}","templated":true}]}}