{"id":1365,"date":"2024-10-17T03:47:30","date_gmt":"2024-10-17T03:47:30","guid":{"rendered":"https:\/\/tramnghien.com\/?post_type=product&#038;p=1365"},"modified":"2025-01-21T10:42:24","modified_gmt":"2025-01-21T10:42:24","slug":"fm-series-horizontal-converter","status":"publish","type":"product","link":"https:\/\/tramnghien.com\/en\/fm-series-horizontal-converter\/","title":{"rendered":"FM Series Horizontal Screening Machine"},"content":{"rendered":"<h3><strong>FM Product Line: Multi-function vibrating screen<\/strong><\/h3>\n<p>FM Series Horizontal Screening Machine is designed for both stationary and mobile use. It delivers high performance. It uses a vibration motor with adjustable power.<\/p>\n<h4><strong>Outstanding features of the FM Series Horizontal Screening Machine:<\/strong><\/h4>\n<ul>\n<li><strong>Flexible capacity<\/strong>: The adjustable power vibration motor enables the machine to work efficiently in a variety of applications. This helps to increase productivity and output quality.<\/li>\n<li><strong>Diverse applications<\/strong>: FM Series is capable of working in many different fields. Applications include dust reduction, chip size classification, production <a href=\"https:\/\/tramnghien.com\/en\/advantages-and-disadvantages-of-wastewater-treatment-technologies\/\"  data-wpil-monitor-id=\"28\">dry sand and industrial products<\/a> industry<\/li>\n<li><strong>Flexible size<\/strong>: The unit is available in a variety of sizes from 6\u2032 x 12\u2032 to 6\u2032 x 18\u2032. You can choose a single or double-step unit to suit your needs. <a href=\"https:\/\/tramnghien.com\/en\/waste-treatment-in-artificial-sand-production\/\"  data-wpil-monitor-id=\"71\">manufacture<\/a> mine<\/li>\n<\/ul>\n<h4><strong>Conclude<\/strong><\/h4>\n<p>FM Series vibrating screen is the perfect solution. Especially for businesses that need a versatile and efficient device. With flexible adjustment and wide application. FM Series helps optimize production processes and meet market demands. Investing in this product line will improve your productivity and operational efficiency.<\/p>","protected":false},"excerpt":{"rendered":"<p><a href=\"https:\/\/tramnghien.com\/en\/terex-mps\/\">Terex MPS<\/a>\u00a0There are many mills and screens to suit almost every need, from coarse screening to dry or wet screening.<\/p>\n<p>We provide a variety of products for you to choose from. All are famous for their durable construction, aimed at professional aggregate manufacturers.<\/p>\n<p>The FM Series are available in 6\u2032 x 12\u2032 to 6\u2032 x 18\u2032 in 1 or 2 deck units.<\/p>\n<p>&nbsp;<\/p>","protected":false},"featured_media":1368,"template":"","meta":[],"product_brand":[],"product_cat":[72,71],"product_tag":[81],"class_list":{"0":"post-1365","1":"product","2":"type-product","3":"status-publish","4":"has-post-thumbnail","6":"product_cat-may-nghien-sang-terex","7":"product_cat-may-sang-ngang","8":"product_tag-may-sang-ngang","10":"first","11":"instock","12":"shipping-taxable","13":"product-type-grouped"},"yoast_head":"<!-- This site is optimized with the Yoast SEO Premium plugin v24.6 (Yoast SEO v27.5) - https:\/\/yoast.com\/product\/yoast-seo-premium-wordpress\/ -->\n<title>M\u00e1y s\u00e0ng ngang FM Series - Nguy\u1ec5n Vinh - M\u00e1y nghi\u1ec1n \u0111\u00e1 &amp; C\u00e1t nh\u00e2n t\u1ea1o<\/title>\n<meta name=\"description\" content=\"M\u00e1y s\u00e0ng ngang FM Series \u0111\u01b0\u1ee3c thi\u1ebft k\u1ebf mang l\u1ea1i hi\u1ec7u su\u1ea5t cao. Thi\u1ebft b\u1ecb n\u00e0y s\u1eed d\u1ee5ng \u0111\u1ed9ng c\u01a1 rung c\u00f3 c\u00f4ng su\u1ea5t \u0111i\u1ec1u ch\u1ec9nh, k\u1ebft h\u1ee3p v\u1edbi h\u1ec7 th\u1ed1ng c\u0103ng \u0111\u1ed9c l\u1eadp.\" \/>\n<meta name=\"robots\" content=\"index, follow, max-snippet:-1, max-image-preview:large, max-video-preview:-1\" \/>\n<link rel=\"canonical\" href=\"https:\/\/tramnghien.com\/en\/fm-series-horizontal-converter\/\" \/>\n<meta property=\"og:locale\" content=\"en_US\" \/>\n<meta property=\"og:type\" content=\"article\" \/>\n<meta property=\"og:title\" content=\"M\u00e1y s\u00e0ng ngang FM Series\" \/>\n<meta property=\"og:description\" content=\"M\u00e1y s\u00e0ng ngang FM Series \u0111\u01b0\u1ee3c thi\u1ebft k\u1ebf mang l\u1ea1i hi\u1ec7u su\u1ea5t cao. Thi\u1ebft b\u1ecb n\u00e0y s\u1eed d\u1ee5ng \u0111\u1ed9ng c\u01a1 rung c\u00f3 c\u00f4ng su\u1ea5t \u0111i\u1ec1u ch\u1ec9nh, k\u1ebft h\u1ee3p v\u1edbi h\u1ec7 th\u1ed1ng c\u0103ng \u0111\u1ed9c l\u1eadp.\" \/>\n<meta property=\"og:url\" content=\"https:\/\/tramnghien.com\/en\/fm-series-horizontal-converter\/\" \/>\n<meta property=\"og:site_name\" content=\"Nguy\u1ec5n Vinh - M\u00e1y nghi\u1ec1n \u0111\u00e1 &amp; C\u00e1t nh\u00e2n t\u1ea1o\" \/>\n<meta property=\"article:modified_time\" content=\"2025-01-21T10:42:24+00:00\" \/>\n<meta property=\"og:image\" content=\"https:\/\/tramnghien.com\/wp-content\/uploads\/2024\/10\/simplicity_fm_series.webp\" \/>\n\t<meta property=\"og:image:width\" content=\"800\" \/>\n\t<meta property=\"og:image:height\" content=\"450\" \/>\n\t<meta property=\"og:image:type\" content=\"image\/webp\" \/>\n<meta name=\"twitter:card\" content=\"summary_large_image\" \/>\n<meta name=\"twitter:label1\" content=\"Availability\" \/>\n\t<meta name=\"twitter:data1\" content=\"In stock\" \/>\n<script type=\"application\/ld+json\" class=\"yoast-schema-graph\">{\"@context\":\"https:\\\/\\\/schema.org\",\"@graph\":[{\"@type\":\"WebPage\",\"@id\":\"https:\\\/\\\/tramnghien.com\\\/may-sang-ngang-fm-series\\\/\",\"url\":\"https:\\\/\\\/tramnghien.com\\\/may-sang-ngang-fm-series\\\/\",\"name\":\"M\u00e1y s\u00e0ng ngang FM Series - Nguy\u1ec5n Vinh - M\u00e1y nghi\u1ec1n \u0111\u00e1 &amp; C\u00e1t nh\u00e2n t\u1ea1o\",\"isPartOf\":{\"@id\":\"https:\\\/\\\/tramnghien.com\\\/#website\"},\"primaryImageOfPage\":{\"@id\":\"https:\\\/\\\/tramnghien.com\\\/may-sang-ngang-fm-series\\\/#primaryimage\"},\"image\":{\"@id\":\"https:\\\/\\\/tramnghien.com\\\/may-sang-ngang-fm-series\\\/#primaryimage\"},\"thumbnailUrl\":\"https:\\\/\\\/tramnghien.com\\\/wp-content\\\/uploads\\\/2024\\\/10\\\/simplicity_fm_series.webp\",\"datePublished\":\"2024-10-17T03:47:30+00:00\",\"dateModified\":\"2025-01-21T10:42:24+00:00\",\"description\":\"M\u00e1y s\u00e0ng ngang FM Series \u0111\u01b0\u1ee3c thi\u1ebft k\u1ebf mang l\u1ea1i hi\u1ec7u su\u1ea5t cao. Thi\u1ebft b\u1ecb n\u00e0y s\u1eed d\u1ee5ng \u0111\u1ed9ng c\u01a1 rung c\u00f3 c\u00f4ng su\u1ea5t \u0111i\u1ec1u ch\u1ec9nh, k\u1ebft h\u1ee3p v\u1edbi h\u1ec7 th\u1ed1ng c\u0103ng \u0111\u1ed9c l\u1eadp.\",\"breadcrumb\":{\"@id\":\"https:\\\/\\\/tramnghien.com\\\/may-sang-ngang-fm-series\\\/#breadcrumb\"},\"inLanguage\":\"en-US\",\"potentialAction\":[{\"@type\":\"ReadAction\",\"target\":[\"https:\\\/\\\/tramnghien.com\\\/may-sang-ngang-fm-series\\\/\"]}]},{\"@type\":\"ImageObject\",\"inLanguage\":\"en-US\",\"@id\":\"https:\\\/\\\/tramnghien.com\\\/may-sang-ngang-fm-series\\\/#primaryimage\",\"url\":\"https:\\\/\\\/tramnghien.com\\\/wp-content\\\/uploads\\\/2024\\\/10\\\/simplicity_fm_series.webp\",\"contentUrl\":\"https:\\\/\\\/tramnghien.com\\\/wp-content\\\/uploads\\\/2024\\\/10\\\/simplicity_fm_series.webp\",\"width\":800,\"height\":450,\"caption\":\"M\u00e1y s\u00e0ng ngang FM\"},{\"@type\":\"BreadcrumbList\",\"@id\":\"https:\\\/\\\/tramnghien.com\\\/may-sang-ngang-fm-series\\\/#breadcrumb\",\"itemListElement\":[{\"@type\":\"ListItem\",\"position\":1,\"name\":\"Home\",\"item\":\"https:\\\/\\\/tramnghien.com\\\/\"},{\"@type\":\"ListItem\",\"position\":2,\"name\":\"S\u1ea3n ph\u1ea9m\",\"item\":\"https:\\\/\\\/tramnghien.com\\\/san-pham\\\/\"},{\"@type\":\"ListItem\",\"position\":3,\"name\":\"M\u00e1y s\u00e0ng ngang FM Series\"}]},{\"@type\":\"WebSite\",\"@id\":\"https:\\\/\\\/tramnghien.com\\\/#website\",\"url\":\"https:\\\/\\\/tramnghien.com\\\/\",\"name\":\"Nguy\u1ec5n Vinh - M\u00e1y nghi\u1ec1n \u0111\u00e1 &amp; C\u00e1t nh\u00e2n t\u1ea1o\",\"description\":\"D\u1eabn \u0111\u1ea7u c\u00f4ng ngh\u1ec7 m\u00e1y nghi\u1ec1n t\u1ea1i Vi\u1ec7t Nam\",\"potentialAction\":[{\"@type\":\"SearchAction\",\"target\":{\"@type\":\"EntryPoint\",\"urlTemplate\":\"https:\\\/\\\/tramnghien.com\\\/?s={search_term_string}\"},\"query-input\":{\"@type\":\"PropertyValueSpecification\",\"valueRequired\":true,\"valueName\":\"search_term_string\"}}],\"inLanguage\":\"en-US\"}]}<\/script>\n<meta property=\"og:availability\" content=\"instock\" \/>\n<meta property=\"product:availability\" content=\"instock\" \/>\n<meta property=\"product:condition\" content=\"new\" \/>\n<!-- \/ Yoast SEO Premium plugin. -->","yoast_head_json":{"title":"FM Series Horizontal Screen - Nguyen Vinh - Stone Crusher &amp; Artificial Sand","description":"FM Series horizontal screen is designed for high efficiency. This equipment uses adjustable power vibrating motor, combined with independent tensioning system.","robots":{"index":"index","follow":"follow","max-snippet":"max-snippet:-1","max-image-preview":"max-image-preview:large","max-video-preview":"max-video-preview:-1"},"canonical":"https:\/\/tramnghien.com\/en\/fm-series-horizontal-converter\/","og_locale":"en_US","og_type":"article","og_title":"M\u00e1y s\u00e0ng ngang FM Series","og_description":"M\u00e1y s\u00e0ng ngang FM Series \u0111\u01b0\u1ee3c thi\u1ebft k\u1ebf mang l\u1ea1i hi\u1ec7u su\u1ea5t cao. Thi\u1ebft b\u1ecb n\u00e0y s\u1eed d\u1ee5ng \u0111\u1ed9ng c\u01a1 rung c\u00f3 c\u00f4ng su\u1ea5t \u0111i\u1ec1u ch\u1ec9nh, k\u1ebft h\u1ee3p v\u1edbi h\u1ec7 th\u1ed1ng c\u0103ng \u0111\u1ed9c l\u1eadp.","og_url":"https:\/\/tramnghien.com\/en\/fm-series-horizontal-converter\/","og_site_name":"Nguy\u1ec5n Vinh - M\u00e1y nghi\u1ec1n \u0111\u00e1 &amp; C\u00e1t nh\u00e2n t\u1ea1o","article_modified_time":"2025-01-21T10:42:24+00:00","og_image":[{"width":800,"height":450,"url":"https:\/\/tramnghien.com\/wp-content\/uploads\/2024\/10\/simplicity_fm_series.webp","type":"image\/webp"}],"twitter_card":"summary_large_image","twitter_misc":{"Availability":"In stock"},"schema":{"@context":"https:\/\/schema.org","@graph":[{"@type":"WebPage","@id":"https:\/\/tramnghien.com\/may-sang-ngang-fm-series\/","url":"https:\/\/tramnghien.com\/may-sang-ngang-fm-series\/","name":"FM Series Horizontal Screen - Nguyen Vinh - Stone Crusher &amp; Artificial Sand","isPartOf":{"@id":"https:\/\/tramnghien.com\/#website"},"primaryImageOfPage":{"@id":"https:\/\/tramnghien.com\/may-sang-ngang-fm-series\/#primaryimage"},"image":{"@id":"https:\/\/tramnghien.com\/may-sang-ngang-fm-series\/#primaryimage"},"thumbnailUrl":"https:\/\/tramnghien.com\/wp-content\/uploads\/2024\/10\/simplicity_fm_series.webp","datePublished":"2024-10-17T03:47:30+00:00","dateModified":"2025-01-21T10:42:24+00:00","description":"FM Series horizontal screen is designed for high efficiency. This equipment uses adjustable power vibrating motor, combined with independent tensioning system.","breadcrumb":{"@id":"https:\/\/tramnghien.com\/may-sang-ngang-fm-series\/#breadcrumb"},"inLanguage":"en-US","potentialAction":[{"@type":"ReadAction","target":["https:\/\/tramnghien.com\/may-sang-ngang-fm-series\/"]}]},{"@type":"ImageObject","inLanguage":"en-US","@id":"https:\/\/tramnghien.com\/may-sang-ngang-fm-series\/#primaryimage","url":"https:\/\/tramnghien.com\/wp-content\/uploads\/2024\/10\/simplicity_fm_series.webp","contentUrl":"https:\/\/tramnghien.com\/wp-content\/uploads\/2024\/10\/simplicity_fm_series.webp","width":800,"height":450,"caption":"M\u00e1y s\u00e0ng ngang FM"},{"@type":"BreadcrumbList","@id":"https:\/\/tramnghien.com\/may-sang-ngang-fm-series\/#breadcrumb","itemListElement":[{"@type":"ListItem","position":1,"name":"Home","item":"https:\/\/tramnghien.com\/"},{"@type":"ListItem","position":2,"name":"S\u1ea3n ph\u1ea9m","item":"https:\/\/tramnghien.com\/san-pham\/"},{"@type":"ListItem","position":3,"name":"M\u00e1y s\u00e0ng ngang FM Series"}]},{"@type":"WebSite","@id":"https:\/\/tramnghien.com\/#website","url":"https:\/\/tramnghien.com\/","name":"Nguyen Vinh - Stone Crusher &amp; Artificial Sand","description":"Leading crusher technology in Vietnam","potentialAction":[{"@type":"SearchAction","target":{"@type":"EntryPoint","urlTemplate":"https:\/\/tramnghien.com\/?s={search_term_string}"},"query-input":{"@type":"PropertyValueSpecification","valueRequired":true,"valueName":"search_term_string"}}],"inLanguage":"en-US"}]},"og_availability":"instock","product_availability":"instock","product_condition":"new"},"_links":{"self":[{"href":"https:\/\/tramnghien.com\/en\/wp-json\/wp\/v2\/product\/1365","targetHints":{"allow":["GET"]}}],"collection":[{"href":"https:\/\/tramnghien.com\/en\/wp-json\/wp\/v2\/product"}],"about":[{"href":"https:\/\/tramnghien.com\/en\/wp-json\/wp\/v2\/types\/product"}],"wp:featuredmedia":[{"embeddable":true,"href":"https:\/\/tramnghien.com\/en\/wp-json\/wp\/v2\/media\/1368"}],"wp:attachment":[{"href":"https:\/\/tramnghien.com\/en\/wp-json\/wp\/v2\/media?parent=1365"}],"wp:term":[{"taxonomy":"product_brand","embeddable":true,"href":"https:\/\/tramnghien.com\/en\/wp-json\/wp\/v2\/product_brand?post=1365"},{"taxonomy":"product_cat","embeddable":true,"href":"https:\/\/tramnghien.com\/en\/wp-json\/wp\/v2\/product_cat?post=1365"},{"taxonomy":"product_tag","embeddable":true,"href":"https:\/\/tramnghien.com\/en\/wp-json\/wp\/v2\/product_tag?post=1365"}],"curies":[{"name":"wp","href":"https:\/\/api.w.org\/{rel}","templated":true}]}}