{"id":1360,"date":"2024-10-17T03:35:20","date_gmt":"2024-10-17T03:35:20","guid":{"rendered":"https:\/\/tramnghien.com\/?post_type=product&#038;p=1360"},"modified":"2025-01-21T10:42:07","modified_gmt":"2025-01-21T10:42:07","slug":"horizontal-switch-si-series","status":"publish","type":"product","link":"https:\/\/tramnghien.com\/en\/horizontal-switch-si-series\/","title":{"rendered":"SI Series Horizontal Screening Machine"},"content":{"rendered":"<h3><strong>ES Series: Intelligent Crusher and Screener<\/strong><\/h3>\n<p>ES Series crusher and screener is intelligently designed. Bringing optimal performance to the production process. With large overall area and wide distance between floors. This equipment supports easy maintenance and quick media change.<\/p>\n<h4><strong>Outstanding features of ES Series crusher and screener:<\/strong><\/h4>\n<ul>\n<li><strong>Powerful drive mechanism<\/strong>: The equipment is built with high performance drive mechanism. Combined with oversized bearings. This gives the machine the ability to handle large amounts of material and operate stably in many conditions.<\/li>\n<li><strong>Diverse applications<\/strong>: ES Series has both wet and dry screening capabilities. Suitable for various applications in the industry. You can flexibly use the machine for <a href=\"https:\/\/tramnghien.com\/en\/advantages-and-disadvantages-of-wastewater-treatment-technologies\/\"  data-wpil-monitor-id=\"27\">production needs<\/a> different.<\/li>\n<li><strong>Flexible adjustment<\/strong>: These machines are equipped with the ability to adjust the stroke and speed. This allows you to customize the machine according to the specific requirements of each application. Improve work efficiency.<\/li>\n<\/ul>\n<h4><strong>Conclude<\/strong><\/h4>\n<p>The ES Series crusher and screener is the ideal choice for businesses. Especially when a powerful and flexible equipment is needed. With intelligent design and diverse adjustment features. The ES Series helps to optimize the process. <a href=\"https:\/\/tramnghien.com\/en\/waste-treatment-in-artificial-sand-production\/\"  data-wpil-monitor-id=\"62\">production and meet the strict requirements in<\/a> industry. Investing in this product line will bring you long-term benefits.<\/p>","protected":false},"excerpt":{"rendered":"<p style=\"text-align: justify;\"><a href=\"https:\/\/tramnghien.com\/en\/terex-mps\/\">Terex MPS<\/a>\u00a0There are many mills and screens to suit almost every need, from coarse screening to dry or wet screening.<\/p>\n<p style=\"text-align: justify;\">We provide a variety of products for you to choose from. All are famous for their durable construction, aimed at professional aggregate manufacturers.<\/p>\n<table class=\"has-fixed-layout\">\n<tbody>\n<tr>\n<td>Working Dimensions<\/td>\n<td>6&#039;x20\u2032 2 or 3 deck \/ 8&#039;x20\u2032 2 or 3 deck \/ 1829\u00d76096 mm 2 or 3 deck \/ 2438\u00d76096 mm 2 or 3 deck<\/td>\n<\/tr>\n<\/tbody>\n<\/table>","protected":false},"featured_media":1361,"template":"","meta":[],"product_brand":[],"product_cat":[72,71],"product_tag":[81],"class_list":{"0":"post-1360","1":"product","2":"type-product","3":"status-publish","4":"has-post-thumbnail","6":"product_cat-may-nghien-sang-terex","7":"product_cat-may-sang-ngang","8":"product_tag-may-sang-ngang","10":"first","11":"instock","12":"shipping-taxable","13":"product-type-grouped"},"yoast_head":"<!-- This site is optimized with the Yoast SEO Premium plugin v24.6 (Yoast SEO v27.4) - https:\/\/yoast.com\/product\/yoast-seo-premium-wordpress\/ -->\n<title>M\u00e1y s\u00e0ng ngang SI Series - Nguy\u1ec5n Vinh - M\u00e1y nghi\u1ec1n \u0111\u00e1 &amp; C\u00e1t nh\u00e2n t\u1ea1o<\/title>\n<meta name=\"description\" content=\"M\u00e1y nghi\u1ec1n s\u00e0ng ES Series \u0111\u01b0\u1ee3c thi\u1ebft k\u1ebf th\u00f4ng minh, mang l\u1ea1i hi\u1ec7u su\u1ea5t t\u1ed1i \u01b0u , h\u1ed7 tr\u1ee3 b\u1ea3o tr\u00ec d\u1ec5 d\u00e0ng v\u00e0 nhanh ch\u00f3ng thay \u0111\u1ed5i ph\u01b0\u01a1ng ti\u1ec7n.\" \/>\n<meta name=\"robots\" content=\"index, follow, max-snippet:-1, max-image-preview:large, max-video-preview:-1\" \/>\n<link rel=\"canonical\" href=\"https:\/\/tramnghien.com\/en\/horizontal-switch-si-series\/\" \/>\n<meta property=\"og:locale\" content=\"en_US\" \/>\n<meta property=\"og:type\" content=\"article\" \/>\n<meta property=\"og:title\" content=\"M\u00e1y s\u00e0ng ngang SI Series\" \/>\n<meta property=\"og:description\" content=\"M\u00e1y nghi\u1ec1n s\u00e0ng ES Series \u0111\u01b0\u1ee3c thi\u1ebft k\u1ebf th\u00f4ng minh, mang l\u1ea1i hi\u1ec7u su\u1ea5t t\u1ed1i \u01b0u , h\u1ed7 tr\u1ee3 b\u1ea3o tr\u00ec d\u1ec5 d\u00e0ng v\u00e0 nhanh ch\u00f3ng thay \u0111\u1ed5i ph\u01b0\u01a1ng ti\u1ec7n.\" \/>\n<meta property=\"og:url\" content=\"https:\/\/tramnghien.com\/en\/horizontal-switch-si-series\/\" \/>\n<meta property=\"og:site_name\" content=\"Nguy\u1ec5n Vinh - M\u00e1y nghi\u1ec1n \u0111\u00e1 &amp; C\u00e1t nh\u00e2n t\u1ea1o\" \/>\n<meta property=\"article:modified_time\" content=\"2025-01-21T10:42:07+00:00\" \/>\n<meta property=\"og:image\" content=\"https:\/\/tramnghien.com\/wp-content\/uploads\/2024\/10\/si-series.webp\" \/>\n\t<meta property=\"og:image:width\" content=\"800\" \/>\n\t<meta property=\"og:image:height\" content=\"450\" \/>\n\t<meta property=\"og:image:type\" content=\"image\/webp\" \/>\n<meta name=\"twitter:card\" content=\"summary_large_image\" \/>\n<meta name=\"twitter:label1\" content=\"Availability\" \/>\n\t<meta name=\"twitter:data1\" content=\"In stock\" \/>\n<script type=\"application\/ld+json\" class=\"yoast-schema-graph\">{\"@context\":\"https:\\\/\\\/schema.org\",\"@graph\":[{\"@type\":\"WebPage\",\"@id\":\"https:\\\/\\\/tramnghien.com\\\/may-sang-ngang-si-series\\\/\",\"url\":\"https:\\\/\\\/tramnghien.com\\\/may-sang-ngang-si-series\\\/\",\"name\":\"M\u00e1y s\u00e0ng ngang SI Series - Nguy\u1ec5n Vinh - M\u00e1y nghi\u1ec1n \u0111\u00e1 &amp; C\u00e1t nh\u00e2n t\u1ea1o\",\"isPartOf\":{\"@id\":\"https:\\\/\\\/tramnghien.com\\\/#website\"},\"primaryImageOfPage\":{\"@id\":\"https:\\\/\\\/tramnghien.com\\\/may-sang-ngang-si-series\\\/#primaryimage\"},\"image\":{\"@id\":\"https:\\\/\\\/tramnghien.com\\\/may-sang-ngang-si-series\\\/#primaryimage\"},\"thumbnailUrl\":\"https:\\\/\\\/tramnghien.com\\\/wp-content\\\/uploads\\\/2024\\\/10\\\/si-series.webp\",\"datePublished\":\"2024-10-17T03:35:20+00:00\",\"dateModified\":\"2025-01-21T10:42:07+00:00\",\"description\":\"M\u00e1y nghi\u1ec1n s\u00e0ng ES Series \u0111\u01b0\u1ee3c thi\u1ebft k\u1ebf th\u00f4ng minh, mang l\u1ea1i hi\u1ec7u su\u1ea5t t\u1ed1i \u01b0u , h\u1ed7 tr\u1ee3 b\u1ea3o tr\u00ec d\u1ec5 d\u00e0ng v\u00e0 nhanh ch\u00f3ng thay \u0111\u1ed5i ph\u01b0\u01a1ng ti\u1ec7n.\",\"breadcrumb\":{\"@id\":\"https:\\\/\\\/tramnghien.com\\\/may-sang-ngang-si-series\\\/#breadcrumb\"},\"inLanguage\":\"en-US\",\"potentialAction\":[{\"@type\":\"ReadAction\",\"target\":[\"https:\\\/\\\/tramnghien.com\\\/may-sang-ngang-si-series\\\/\"]}]},{\"@type\":\"ImageObject\",\"inLanguage\":\"en-US\",\"@id\":\"https:\\\/\\\/tramnghien.com\\\/may-sang-ngang-si-series\\\/#primaryimage\",\"url\":\"https:\\\/\\\/tramnghien.com\\\/wp-content\\\/uploads\\\/2024\\\/10\\\/si-series.webp\",\"contentUrl\":\"https:\\\/\\\/tramnghien.com\\\/wp-content\\\/uploads\\\/2024\\\/10\\\/si-series.webp\",\"width\":800,\"height\":450,\"caption\":\"M\u00e1y s\u00e0ng ngang SI Series\"},{\"@type\":\"BreadcrumbList\",\"@id\":\"https:\\\/\\\/tramnghien.com\\\/may-sang-ngang-si-series\\\/#breadcrumb\",\"itemListElement\":[{\"@type\":\"ListItem\",\"position\":1,\"name\":\"Home\",\"item\":\"https:\\\/\\\/tramnghien.com\\\/\"},{\"@type\":\"ListItem\",\"position\":2,\"name\":\"S\u1ea3n ph\u1ea9m\",\"item\":\"https:\\\/\\\/tramnghien.com\\\/san-pham\\\/\"},{\"@type\":\"ListItem\",\"position\":3,\"name\":\"M\u00e1y s\u00e0ng ngang SI Series\"}]},{\"@type\":\"WebSite\",\"@id\":\"https:\\\/\\\/tramnghien.com\\\/#website\",\"url\":\"https:\\\/\\\/tramnghien.com\\\/\",\"name\":\"Nguy\u1ec5n Vinh - M\u00e1y nghi\u1ec1n \u0111\u00e1 &amp; C\u00e1t nh\u00e2n t\u1ea1o\",\"description\":\"D\u1eabn \u0111\u1ea7u c\u00f4ng ngh\u1ec7 m\u00e1y nghi\u1ec1n t\u1ea1i Vi\u1ec7t Nam\",\"potentialAction\":[{\"@type\":\"SearchAction\",\"target\":{\"@type\":\"EntryPoint\",\"urlTemplate\":\"https:\\\/\\\/tramnghien.com\\\/?s={search_term_string}\"},\"query-input\":{\"@type\":\"PropertyValueSpecification\",\"valueRequired\":true,\"valueName\":\"search_term_string\"}}],\"inLanguage\":\"en-US\"}]}<\/script>\n<meta property=\"og:availability\" content=\"instock\" \/>\n<meta property=\"product:availability\" content=\"instock\" \/>\n<meta property=\"product:condition\" content=\"new\" \/>\n<!-- \/ Yoast SEO Premium plugin. -->","yoast_head_json":{"title":"SI Series Horizontal Screen - Nguyen Vinh - Stone Crusher &amp; Artificial Sand","description":"The ES Series crusher and screener is intelligently designed to deliver optimum performance, support easy maintenance and quick media changeover.","robots":{"index":"index","follow":"follow","max-snippet":"max-snippet:-1","max-image-preview":"max-image-preview:large","max-video-preview":"max-video-preview:-1"},"canonical":"https:\/\/tramnghien.com\/en\/horizontal-switch-si-series\/","og_locale":"en_US","og_type":"article","og_title":"M\u00e1y s\u00e0ng ngang SI Series","og_description":"M\u00e1y nghi\u1ec1n s\u00e0ng ES Series \u0111\u01b0\u1ee3c thi\u1ebft k\u1ebf th\u00f4ng minh, mang l\u1ea1i hi\u1ec7u su\u1ea5t t\u1ed1i \u01b0u , h\u1ed7 tr\u1ee3 b\u1ea3o tr\u00ec d\u1ec5 d\u00e0ng v\u00e0 nhanh ch\u00f3ng thay \u0111\u1ed5i ph\u01b0\u01a1ng ti\u1ec7n.","og_url":"https:\/\/tramnghien.com\/en\/horizontal-switch-si-series\/","og_site_name":"Nguy\u1ec5n Vinh - M\u00e1y nghi\u1ec1n \u0111\u00e1 &amp; C\u00e1t nh\u00e2n t\u1ea1o","article_modified_time":"2025-01-21T10:42:07+00:00","og_image":[{"width":800,"height":450,"url":"https:\/\/tramnghien.com\/wp-content\/uploads\/2024\/10\/si-series.webp","type":"image\/webp"}],"twitter_card":"summary_large_image","twitter_misc":{"Availability":"In stock"},"schema":{"@context":"https:\/\/schema.org","@graph":[{"@type":"WebPage","@id":"https:\/\/tramnghien.com\/may-sang-ngang-si-series\/","url":"https:\/\/tramnghien.com\/may-sang-ngang-si-series\/","name":"SI Series Horizontal Screen - Nguyen Vinh - Stone Crusher &amp; Artificial Sand","isPartOf":{"@id":"https:\/\/tramnghien.com\/#website"},"primaryImageOfPage":{"@id":"https:\/\/tramnghien.com\/may-sang-ngang-si-series\/#primaryimage"},"image":{"@id":"https:\/\/tramnghien.com\/may-sang-ngang-si-series\/#primaryimage"},"thumbnailUrl":"https:\/\/tramnghien.com\/wp-content\/uploads\/2024\/10\/si-series.webp","datePublished":"2024-10-17T03:35:20+00:00","dateModified":"2025-01-21T10:42:07+00:00","description":"The ES Series crusher and screener is intelligently designed to deliver optimum performance, support easy maintenance and quick media changeover.","breadcrumb":{"@id":"https:\/\/tramnghien.com\/may-sang-ngang-si-series\/#breadcrumb"},"inLanguage":"en-US","potentialAction":[{"@type":"ReadAction","target":["https:\/\/tramnghien.com\/may-sang-ngang-si-series\/"]}]},{"@type":"ImageObject","inLanguage":"en-US","@id":"https:\/\/tramnghien.com\/may-sang-ngang-si-series\/#primaryimage","url":"https:\/\/tramnghien.com\/wp-content\/uploads\/2024\/10\/si-series.webp","contentUrl":"https:\/\/tramnghien.com\/wp-content\/uploads\/2024\/10\/si-series.webp","width":800,"height":450,"caption":"M\u00e1y s\u00e0ng ngang SI Series"},{"@type":"BreadcrumbList","@id":"https:\/\/tramnghien.com\/may-sang-ngang-si-series\/#breadcrumb","itemListElement":[{"@type":"ListItem","position":1,"name":"Home","item":"https:\/\/tramnghien.com\/"},{"@type":"ListItem","position":2,"name":"S\u1ea3n ph\u1ea9m","item":"https:\/\/tramnghien.com\/san-pham\/"},{"@type":"ListItem","position":3,"name":"M\u00e1y s\u00e0ng ngang SI Series"}]},{"@type":"WebSite","@id":"https:\/\/tramnghien.com\/#website","url":"https:\/\/tramnghien.com\/","name":"Nguyen Vinh - Stone Crusher &amp; Artificial Sand","description":"Leading crusher technology in Vietnam","potentialAction":[{"@type":"SearchAction","target":{"@type":"EntryPoint","urlTemplate":"https:\/\/tramnghien.com\/?s={search_term_string}"},"query-input":{"@type":"PropertyValueSpecification","valueRequired":true,"valueName":"search_term_string"}}],"inLanguage":"en-US"}]},"og_availability":"instock","product_availability":"instock","product_condition":"new"},"_links":{"self":[{"href":"https:\/\/tramnghien.com\/en\/wp-json\/wp\/v2\/product\/1360","targetHints":{"allow":["GET"]}}],"collection":[{"href":"https:\/\/tramnghien.com\/en\/wp-json\/wp\/v2\/product"}],"about":[{"href":"https:\/\/tramnghien.com\/en\/wp-json\/wp\/v2\/types\/product"}],"wp:featuredmedia":[{"embeddable":true,"href":"https:\/\/tramnghien.com\/en\/wp-json\/wp\/v2\/media\/1361"}],"wp:attachment":[{"href":"https:\/\/tramnghien.com\/en\/wp-json\/wp\/v2\/media?parent=1360"}],"wp:term":[{"taxonomy":"product_brand","embeddable":true,"href":"https:\/\/tramnghien.com\/en\/wp-json\/wp\/v2\/product_brand?post=1360"},{"taxonomy":"product_cat","embeddable":true,"href":"https:\/\/tramnghien.com\/en\/wp-json\/wp\/v2\/product_cat?post=1360"},{"taxonomy":"product_tag","embeddable":true,"href":"https:\/\/tramnghien.com\/en\/wp-json\/wp\/v2\/product_tag?post=1360"}],"curies":[{"name":"wp","href":"https:\/\/api.w.org\/{rel}","templated":true}]}}