{"id":1334,"date":"2024-10-17T03:11:44","date_gmt":"2024-10-17T03:11:44","guid":{"rendered":"https:\/\/tramnghien.com\/?post_type=product&#038;p=1334"},"modified":"2025-01-21T10:15:33","modified_gmt":"2025-01-21T10:15:33","slug":"ham-grinder","status":"publish","type":"product","link":"https:\/\/tramnghien.com\/en\/ham-grinder\/","title":{"rendered":"ST47 single jaw crusher"},"content":{"rendered":"<p style=\"text-align: justify;\">Terex\u00ae Jaques Single Toggle Jaw Crusher has a large feeding hole design. Optimize productivity, reduce operating costs. The machine is made of low carbon steel, reinforced ribs, increasing durability and stability. The equipment operates continuously with high reliability, suitable for mining, quarrying and recycling.<\/p>\n<p style=\"text-align: justify;\">Self-selected double row roller bearings, heavy duty, ensure long service life. Bearing housing is easy to disassemble, convenient for quick maintenance. Jaw surface can be reversed to optimize service life and crushing efficiency.<\/p>\n<p style=\"text-align: justify;\">Used in mining ore, rock, gravel and recycled concrete, the machine is suitable for the toughest jobs. The machine design brings outstanding efficiency and durability to <a href=\"https:\/\/tramnghien.com\/en\/advantages-and-disadvantages-of-wastewater-treatment-technologies\/\"  data-wpil-monitor-id=\"22\">public applications<\/a> heavy karma<\/p>","protected":false},"excerpt":{"rendered":"<table class=\"has-fixed-layout\">\n<tbody>\n<tr>\n<td>Weight<\/td>\n<td>81,550 lbs \/ 37,068 kg<\/td>\n<\/tr>\n<tr>\n<td>Feed Opening<\/td>\n<td>36\u00d748\u2033 \/ 914\u00d71219 mm<\/td>\n<\/tr>\n<tr>\n<td>Motor Size<\/td>\n<td>200 hp \/ 150 kW<\/td>\n<\/tr>\n<\/tbody>\n<\/table>","protected":false},"featured_media":1336,"template":"","meta":[],"product_brand":[],"product_cat":[24,72],"product_tag":[79],"class_list":{"0":"post-1334","1":"product","2":"type-product","3":"status-publish","4":"has-post-thumbnail","6":"product_cat-may-nghien-ham","7":"product_cat-may-nghien-sang-terex","8":"product_tag-may-nghien-ham","10":"first","11":"instock","12":"shipping-taxable","13":"product-type-grouped"},"yoast_head":"<!-- This site is optimized with the Yoast SEO Premium plugin v24.6 (Yoast SEO v27.4) - https:\/\/yoast.com\/product\/yoast-seo-premium-wordpress\/ -->\n<title>M\u00e1y nghi\u1ec1n h\u00e0m \u0111\u01a1n ST47 - Nguy\u1ec5n Vinh - M\u00e1y nghi\u1ec1n \u0111\u00e1 &amp; C\u00e1t nh\u00e2n t\u1ea1o<\/title>\n<meta name=\"description\" content=\"M\u00e1y nghi\u1ec1n h\u00e0m \u0111\u01a1n ST47 Terex\u00ae c\u00f3 thi\u1ebft k\u1ebf l\u1ed7 n\u1ea1p li\u1ec7u l\u1edbn, t\u1ed1i \u01b0u n\u0103ng su\u1ea5t, gi\u1ea3m chi ph\u00ed v\u1eadn h\u00e0nh, ph\u00f9 h\u1ee3p cho khai th\u00e1c m\u1ecf, khai th\u00e1c \u0111\u00e1 v\u00e0 t\u00e1i ch\u1ebf.\" \/>\n<meta name=\"robots\" content=\"index, follow, max-snippet:-1, max-image-preview:large, max-video-preview:-1\" \/>\n<link rel=\"canonical\" href=\"https:\/\/tramnghien.com\/en\/ham-grinder\/\" \/>\n<meta property=\"og:locale\" content=\"en_US\" \/>\n<meta property=\"og:type\" content=\"article\" \/>\n<meta property=\"og:title\" content=\"M\u00e1y nghi\u1ec1n h\u00e0m \u0111\u01a1n ST47\" \/>\n<meta property=\"og:description\" content=\"M\u00e1y nghi\u1ec1n h\u00e0m \u0111\u01a1n ST47 Terex\u00ae c\u00f3 thi\u1ebft k\u1ebf l\u1ed7 n\u1ea1p li\u1ec7u l\u1edbn, t\u1ed1i \u01b0u n\u0103ng su\u1ea5t, gi\u1ea3m chi ph\u00ed v\u1eadn h\u00e0nh, ph\u00f9 h\u1ee3p cho khai th\u00e1c m\u1ecf, khai th\u00e1c \u0111\u00e1 v\u00e0 t\u00e1i ch\u1ebf.\" \/>\n<meta property=\"og:url\" content=\"https:\/\/tramnghien.com\/en\/ham-grinder\/\" \/>\n<meta property=\"og:site_name\" content=\"Nguy\u1ec5n Vinh - M\u00e1y nghi\u1ec1n \u0111\u00e1 &amp; C\u00e1t nh\u00e2n t\u1ea1o\" \/>\n<meta property=\"article:modified_time\" content=\"2025-01-21T10:15:33+00:00\" \/>\n<meta property=\"og:image\" content=\"https:\/\/tramnghien.com\/wp-content\/uploads\/2024\/10\/st60.jpg\" \/>\n\t<meta property=\"og:image:width\" content=\"800\" \/>\n\t<meta property=\"og:image:height\" content=\"450\" \/>\n\t<meta property=\"og:image:type\" content=\"image\/jpeg\" \/>\n<meta name=\"twitter:card\" content=\"summary_large_image\" \/>\n<meta name=\"twitter:label1\" content=\"Availability\" \/>\n\t<meta name=\"twitter:data1\" content=\"In stock\" \/>\n<script type=\"application\/ld+json\" class=\"yoast-schema-graph\">{\"@context\":\"https:\\\/\\\/schema.org\",\"@graph\":[{\"@type\":\"WebPage\",\"@id\":\"https:\\\/\\\/tramnghien.com\\\/may-nghien-ham-don\\\/\",\"url\":\"https:\\\/\\\/tramnghien.com\\\/may-nghien-ham-don\\\/\",\"name\":\"M\u00e1y nghi\u1ec1n h\u00e0m \u0111\u01a1n ST47 - Nguy\u1ec5n Vinh - M\u00e1y nghi\u1ec1n \u0111\u00e1 &amp; C\u00e1t nh\u00e2n t\u1ea1o\",\"isPartOf\":{\"@id\":\"https:\\\/\\\/tramnghien.com\\\/#website\"},\"primaryImageOfPage\":{\"@id\":\"https:\\\/\\\/tramnghien.com\\\/may-nghien-ham-don\\\/#primaryimage\"},\"image\":{\"@id\":\"https:\\\/\\\/tramnghien.com\\\/may-nghien-ham-don\\\/#primaryimage\"},\"thumbnailUrl\":\"https:\\\/\\\/tramnghien.com\\\/wp-content\\\/uploads\\\/2024\\\/10\\\/st60.jpg\",\"datePublished\":\"2024-10-17T03:11:44+00:00\",\"dateModified\":\"2025-01-21T10:15:33+00:00\",\"description\":\"M\u00e1y nghi\u1ec1n h\u00e0m \u0111\u01a1n ST47 Terex\u00ae c\u00f3 thi\u1ebft k\u1ebf l\u1ed7 n\u1ea1p li\u1ec7u l\u1edbn, t\u1ed1i \u01b0u n\u0103ng su\u1ea5t, gi\u1ea3m chi ph\u00ed v\u1eadn h\u00e0nh, ph\u00f9 h\u1ee3p cho khai th\u00e1c m\u1ecf, khai th\u00e1c \u0111\u00e1 v\u00e0 t\u00e1i ch\u1ebf.\",\"breadcrumb\":{\"@id\":\"https:\\\/\\\/tramnghien.com\\\/may-nghien-ham-don\\\/#breadcrumb\"},\"inLanguage\":\"en-US\",\"potentialAction\":[{\"@type\":\"ReadAction\",\"target\":[\"https:\\\/\\\/tramnghien.com\\\/may-nghien-ham-don\\\/\"]}]},{\"@type\":\"ImageObject\",\"inLanguage\":\"en-US\",\"@id\":\"https:\\\/\\\/tramnghien.com\\\/may-nghien-ham-don\\\/#primaryimage\",\"url\":\"https:\\\/\\\/tramnghien.com\\\/wp-content\\\/uploads\\\/2024\\\/10\\\/st60.jpg\",\"contentUrl\":\"https:\\\/\\\/tramnghien.com\\\/wp-content\\\/uploads\\\/2024\\\/10\\\/st60.jpg\",\"width\":800,\"height\":450,\"caption\":\"M\u00e1y nghi\u1ec1n h\u00e0m \u0111\u01a1n ST47\"},{\"@type\":\"BreadcrumbList\",\"@id\":\"https:\\\/\\\/tramnghien.com\\\/may-nghien-ham-don\\\/#breadcrumb\",\"itemListElement\":[{\"@type\":\"ListItem\",\"position\":1,\"name\":\"Home\",\"item\":\"https:\\\/\\\/tramnghien.com\\\/\"},{\"@type\":\"ListItem\",\"position\":2,\"name\":\"S\u1ea3n ph\u1ea9m\",\"item\":\"https:\\\/\\\/tramnghien.com\\\/san-pham\\\/\"},{\"@type\":\"ListItem\",\"position\":3,\"name\":\"M\u00e1y nghi\u1ec1n h\u00e0m \u0111\u01a1n ST47\"}]},{\"@type\":\"WebSite\",\"@id\":\"https:\\\/\\\/tramnghien.com\\\/#website\",\"url\":\"https:\\\/\\\/tramnghien.com\\\/\",\"name\":\"Nguy\u1ec5n Vinh - M\u00e1y nghi\u1ec1n \u0111\u00e1 &amp; C\u00e1t nh\u00e2n t\u1ea1o\",\"description\":\"D\u1eabn \u0111\u1ea7u c\u00f4ng ngh\u1ec7 m\u00e1y nghi\u1ec1n t\u1ea1i Vi\u1ec7t Nam\",\"potentialAction\":[{\"@type\":\"SearchAction\",\"target\":{\"@type\":\"EntryPoint\",\"urlTemplate\":\"https:\\\/\\\/tramnghien.com\\\/?s={search_term_string}\"},\"query-input\":{\"@type\":\"PropertyValueSpecification\",\"valueRequired\":true,\"valueName\":\"search_term_string\"}}],\"inLanguage\":\"en-US\"}]}<\/script>\n<meta property=\"og:availability\" content=\"instock\" \/>\n<meta property=\"product:availability\" content=\"instock\" \/>\n<meta property=\"product:condition\" content=\"new\" \/>\n<!-- \/ Yoast SEO Premium plugin. -->","yoast_head_json":{"title":"ST47 Single Jaw Crusher - Nguyen Vinh - Stone Crusher &amp; Artificial Sand","description":"The Terex\u00ae ST47 single jaw crusher has a large feeding hole design, optimizing productivity, reducing operating costs, suitable for mining, quarrying and recycling.","robots":{"index":"index","follow":"follow","max-snippet":"max-snippet:-1","max-image-preview":"max-image-preview:large","max-video-preview":"max-video-preview:-1"},"canonical":"https:\/\/tramnghien.com\/en\/ham-grinder\/","og_locale":"en_US","og_type":"article","og_title":"M\u00e1y nghi\u1ec1n h\u00e0m \u0111\u01a1n ST47","og_description":"M\u00e1y nghi\u1ec1n h\u00e0m \u0111\u01a1n ST47 Terex\u00ae c\u00f3 thi\u1ebft k\u1ebf l\u1ed7 n\u1ea1p li\u1ec7u l\u1edbn, t\u1ed1i \u01b0u n\u0103ng su\u1ea5t, gi\u1ea3m chi ph\u00ed v\u1eadn h\u00e0nh, ph\u00f9 h\u1ee3p cho khai th\u00e1c m\u1ecf, khai th\u00e1c \u0111\u00e1 v\u00e0 t\u00e1i ch\u1ebf.","og_url":"https:\/\/tramnghien.com\/en\/ham-grinder\/","og_site_name":"Nguy\u1ec5n Vinh - M\u00e1y nghi\u1ec1n \u0111\u00e1 &amp; C\u00e1t nh\u00e2n t\u1ea1o","article_modified_time":"2025-01-21T10:15:33+00:00","og_image":[{"width":800,"height":450,"url":"https:\/\/tramnghien.com\/wp-content\/uploads\/2024\/10\/st60.jpg","type":"image\/jpeg"}],"twitter_card":"summary_large_image","twitter_misc":{"Availability":"In stock"},"schema":{"@context":"https:\/\/schema.org","@graph":[{"@type":"WebPage","@id":"https:\/\/tramnghien.com\/may-nghien-ham-don\/","url":"https:\/\/tramnghien.com\/may-nghien-ham-don\/","name":"ST47 Single Jaw Crusher - Nguyen Vinh - Stone Crusher &amp; Artificial Sand","isPartOf":{"@id":"https:\/\/tramnghien.com\/#website"},"primaryImageOfPage":{"@id":"https:\/\/tramnghien.com\/may-nghien-ham-don\/#primaryimage"},"image":{"@id":"https:\/\/tramnghien.com\/may-nghien-ham-don\/#primaryimage"},"thumbnailUrl":"https:\/\/tramnghien.com\/wp-content\/uploads\/2024\/10\/st60.jpg","datePublished":"2024-10-17T03:11:44+00:00","dateModified":"2025-01-21T10:15:33+00:00","description":"The Terex\u00ae ST47 single jaw crusher has a large feeding hole design, optimizing productivity, reducing operating costs, suitable for mining, quarrying and recycling.","breadcrumb":{"@id":"https:\/\/tramnghien.com\/may-nghien-ham-don\/#breadcrumb"},"inLanguage":"en-US","potentialAction":[{"@type":"ReadAction","target":["https:\/\/tramnghien.com\/may-nghien-ham-don\/"]}]},{"@type":"ImageObject","inLanguage":"en-US","@id":"https:\/\/tramnghien.com\/may-nghien-ham-don\/#primaryimage","url":"https:\/\/tramnghien.com\/wp-content\/uploads\/2024\/10\/st60.jpg","contentUrl":"https:\/\/tramnghien.com\/wp-content\/uploads\/2024\/10\/st60.jpg","width":800,"height":450,"caption":"M\u00e1y nghi\u1ec1n h\u00e0m \u0111\u01a1n ST47"},{"@type":"BreadcrumbList","@id":"https:\/\/tramnghien.com\/may-nghien-ham-don\/#breadcrumb","itemListElement":[{"@type":"ListItem","position":1,"name":"Home","item":"https:\/\/tramnghien.com\/"},{"@type":"ListItem","position":2,"name":"S\u1ea3n ph\u1ea9m","item":"https:\/\/tramnghien.com\/san-pham\/"},{"@type":"ListItem","position":3,"name":"M\u00e1y nghi\u1ec1n h\u00e0m \u0111\u01a1n ST47"}]},{"@type":"WebSite","@id":"https:\/\/tramnghien.com\/#website","url":"https:\/\/tramnghien.com\/","name":"Nguyen Vinh - Stone Crusher &amp; Artificial Sand","description":"Leading crusher technology in Vietnam","potentialAction":[{"@type":"SearchAction","target":{"@type":"EntryPoint","urlTemplate":"https:\/\/tramnghien.com\/?s={search_term_string}"},"query-input":{"@type":"PropertyValueSpecification","valueRequired":true,"valueName":"search_term_string"}}],"inLanguage":"en-US"}]},"og_availability":"instock","product_availability":"instock","product_condition":"new"},"_links":{"self":[{"href":"https:\/\/tramnghien.com\/en\/wp-json\/wp\/v2\/product\/1334","targetHints":{"allow":["GET"]}}],"collection":[{"href":"https:\/\/tramnghien.com\/en\/wp-json\/wp\/v2\/product"}],"about":[{"href":"https:\/\/tramnghien.com\/en\/wp-json\/wp\/v2\/types\/product"}],"wp:featuredmedia":[{"embeddable":true,"href":"https:\/\/tramnghien.com\/en\/wp-json\/wp\/v2\/media\/1336"}],"wp:attachment":[{"href":"https:\/\/tramnghien.com\/en\/wp-json\/wp\/v2\/media?parent=1334"}],"wp:term":[{"taxonomy":"product_brand","embeddable":true,"href":"https:\/\/tramnghien.com\/en\/wp-json\/wp\/v2\/product_brand?post=1334"},{"taxonomy":"product_cat","embeddable":true,"href":"https:\/\/tramnghien.com\/en\/wp-json\/wp\/v2\/product_cat?post=1334"},{"taxonomy":"product_tag","embeddable":true,"href":"https:\/\/tramnghien.com\/en\/wp-json\/wp\/v2\/product_tag?post=1334"}],"curies":[{"name":"wp","href":"https:\/\/api.w.org\/{rel}","templated":true}]}}